{"id":59203,"date":"2026-03-05T13:52:36","date_gmt":"2026-03-05T12:52:36","guid":{"rendered":"https:\/\/hello-suns.com\/?post_type=product&#038;p=59203"},"modified":"2026-03-05T14:20:52","modified_gmt":"2026-03-05T13:20:52","slug":"fiave-chairs","status":"publish","type":"product","link":"https:\/\/hello-suns.com\/us\/products\/fiave-chairs\/","title":{"rendered":"Fiav\u00e8"},"content":{"rendered":"<h2 style=\"font-weight: 400;\"><span class=\"TextRun SCXW101622718 BCX4\" lang=\"NL-NL\" xml:lang=\"NL-NL\" data-contrast=\"none\"><span class=\"NormalTextRun SCXW101622718 BCX4\">Made to last<\/span><\/span><\/h2>\n<p><span data-contrast=\"none\">The dining chair brings Fiave&#8217;s signature design to the dining table. Elegant in line, rich in detail and made for comfortable dining. <\/span><\/p>\n<p>&nbsp;<\/p>\n","protected":false},"excerpt":{"rendered":"<h3 style=\"font-weight: 400;\"><span class=\"TextRun SCXW124010419 BCX4\" lang=\"NL-NL\" xml:lang=\"NL-NL\" data-contrast=\"none\"><span class=\"NormalTextRun SCXW124010419 BCX4\">Light design, great in appearance<\/span><\/span><\/h3>\n<p><span data-contrast=\"none\">The Fiave dining chair combines sophisticated design with everyday comfort. The continuous tube forms the recognizable frame and creates a soft, rounded line that is not only aesthetically strong but also pleasing to the touch. The subtly woven ropework gives the chair texture and depth, while the generous seat and back cushion ensure relaxed seating even during long dinners. <\/span><\/p>\n<p><span data-contrast=\"none\">Thanks to the lightweight aluminum frame, the chair is strong and low maintenance. Ideal for outdoor use all season long. <\/span><\/p>\n<p><span data-contrast=\"none\">The dining chair combines well with various SUNS tables, from compact to generous. Within the Fiave series it also fits seamlessly with the lounge set, sofa set and low dining variants. So you create one consistent style in your garden or on your terrace, with different settings that reinforce each other. A chair that invites you to sit down. And to stay seated. <\/span><\/p>\n<p>&nbsp;<\/p>\n","protected":false},"featured_media":59226,"comment_status":"closed","ping_status":"closed","template":"","meta":{"_acf_changed":false},"product_brand":[],"product_cat":[295],"product_tag":[],"material":[],"class_list":{"0":"post-59203","1":"product","2":"type-product","3":"status-publish","4":"has-post-thumbnail","6":"product_cat-chairs-us","8":"first","9":"instock","10":"shipping-taxable","11":"product-type-simple"},"acf":[],"yoast_head":"<!-- This site is optimized with the Yoast SEO plugin v26.8 - https:\/\/yoast.com\/product\/yoast-seo-wordpress\/ -->\n<title>Discover Fiav\u00e8 chair | SUNS Outdoor Lifestyle<\/title>\n<meta name=\"description\" content=\"Looking for Fiav\u00e8 chair? SUNS offers high quality Fiav\u00e8 bar chairs that combine durability and design perfect for in a modern outdoor space.\" \/>\n<meta name=\"robots\" content=\"index, follow, max-snippet:-1, max-image-preview:large, max-video-preview:-1\" \/>\n<link rel=\"canonical\" href=\"https:\/\/hello-suns.com\/us\/products\/fiave-chairs\/\" \/>\n<meta property=\"og:locale\" content=\"en_US\" \/>\n<meta property=\"og:type\" content=\"article\" \/>\n<meta property=\"og:title\" content=\"Discover Fiav\u00e8 chair | SUNS Outdoor Lifestyle\" \/>\n<meta property=\"og:description\" content=\"Looking for Fiav\u00e8 chair? SUNS offers high quality Fiav\u00e8 bar chairs that combine durability and design perfect for in a modern outdoor space.\" \/>\n<meta property=\"og:url\" content=\"https:\/\/hello-suns.com\/us\/products\/fiave-chairs\/\" \/>\n<meta property=\"og:site_name\" content=\"SUNS\" \/>\n<meta property=\"article:modified_time\" content=\"2026-03-05T13:20:52+00:00\" \/>\n<meta property=\"og:image\" content=\"https:\/\/hello-suns.com\/app\/uploads\/2026\/03\/Fiave-SUNS-Diningchair-CS-MR-BB-Free-26-1024x683.png\" \/>\n\t<meta property=\"og:image:width\" content=\"1024\" \/>\n\t<meta property=\"og:image:height\" content=\"683\" \/>\n\t<meta property=\"og:image:type\" content=\"image\/png\" \/>\n<meta name=\"twitter:card\" content=\"summary_large_image\" \/>\n<meta name=\"twitter:label1\" content=\"Est. reading time\" \/>\n\t<meta name=\"twitter:data1\" content=\"2 minutes\" \/>\n<script type=\"application\/ld+json\" class=\"yoast-schema-graph\">{\"@context\":\"https:\/\/schema.org\",\"@graph\":[{\"@type\":\"WebPage\",\"@id\":\"https:\/\/hello-suns.com\/us\/products\/fiave-chairs\/\",\"url\":\"https:\/\/hello-suns.com\/us\/products\/fiave-chairs\/\",\"name\":\"Discover Fiav\u00e8 chair | SUNS Outdoor Lifestyle\",\"isPartOf\":{\"@id\":\"https:\/\/hello-suns.com\/us\/#website\"},\"primaryImageOfPage\":{\"@id\":\"https:\/\/hello-suns.com\/us\/products\/fiave-chairs\/#primaryimage\"},\"image\":{\"@id\":\"https:\/\/hello-suns.com\/us\/products\/fiave-chairs\/#primaryimage\"},\"thumbnailUrl\":\"https:\/\/hello-suns.com\/app\/uploads\/2026\/03\/Fiave-SUNS-Diningchair-CS-MR-BB-Free-26.png\",\"datePublished\":\"2026-03-05T12:52:36+00:00\",\"dateModified\":\"2026-03-05T13:20:52+00:00\",\"description\":\"Looking for Fiav\u00e8 chair? SUNS offers high quality Fiav\u00e8 bar chairs that combine durability and design perfect for in a modern outdoor space.\",\"breadcrumb\":{\"@id\":\"https:\/\/hello-suns.com\/us\/products\/fiave-chairs\/#breadcrumb\"},\"inLanguage\":\"en-US\",\"potentialAction\":[{\"@type\":\"ReadAction\",\"target\":[\"https:\/\/hello-suns.com\/us\/products\/fiave-chairs\/\"]}]},{\"@type\":\"ImageObject\",\"inLanguage\":\"en-US\",\"@id\":\"https:\/\/hello-suns.com\/us\/products\/fiave-chairs\/#primaryimage\",\"url\":\"https:\/\/hello-suns.com\/app\/uploads\/2026\/03\/Fiave-SUNS-Diningchair-CS-MR-BB-Free-26.png\",\"contentUrl\":\"https:\/\/hello-suns.com\/app\/uploads\/2026\/03\/Fiave-SUNS-Diningchair-CS-MR-BB-Free-26.png\",\"width\":3240,\"height\":2160},{\"@type\":\"BreadcrumbList\",\"@id\":\"https:\/\/hello-suns.com\/us\/products\/fiave-chairs\/#breadcrumb\",\"itemListElement\":[{\"@type\":\"ListItem\",\"position\":1,\"name\":\"\",\"item\":\"https:\/\/hello-suns.com\/us\/\"},{\"@type\":\"ListItem\",\"position\":2,\"name\":\"Products\",\"item\":\"https:\/\/hello-suns.com\/us\/products\/\"},{\"@type\":\"ListItem\",\"position\":3,\"name\":\"Fiav\u00e8\"}]},{\"@type\":\"WebSite\",\"@id\":\"https:\/\/hello-suns.com\/us\/#website\",\"url\":\"https:\/\/hello-suns.com\/us\/\",\"name\":\"SUNS\",\"description\":\"Outdoor Lifestyle\",\"potentialAction\":[{\"@type\":\"SearchAction\",\"target\":{\"@type\":\"EntryPoint\",\"urlTemplate\":\"https:\/\/hello-suns.com\/us\/?s={search_term_string}\"},\"query-input\":{\"@type\":\"PropertyValueSpecification\",\"valueRequired\":true,\"valueName\":\"search_term_string\"}}],\"inLanguage\":\"en-US\"}]}<\/script>\n<!-- \/ Yoast SEO plugin. -->","yoast_head_json":{"title":"Discover Fiav\u00e8 chair | SUNS Outdoor Lifestyle","description":"Looking for Fiav\u00e8 chair? SUNS offers high quality Fiav\u00e8 bar chairs that combine durability and design perfect for in a modern outdoor space.","robots":{"index":"index","follow":"follow","max-snippet":"max-snippet:-1","max-image-preview":"max-image-preview:large","max-video-preview":"max-video-preview:-1"},"canonical":"https:\/\/hello-suns.com\/us\/products\/fiave-chairs\/","og_locale":"en_US","og_type":"article","og_title":"Discover Fiav\u00e8 chair | SUNS Outdoor Lifestyle","og_description":"Looking for Fiav\u00e8 chair? SUNS offers high quality Fiav\u00e8 bar chairs that combine durability and design perfect for in a modern outdoor space.","og_url":"https:\/\/hello-suns.com\/us\/products\/fiave-chairs\/","og_site_name":"SUNS","article_modified_time":"2026-03-05T13:20:52+00:00","og_image":[{"width":1024,"height":683,"url":"https:\/\/hello-suns.com\/app\/uploads\/2026\/03\/Fiave-SUNS-Diningchair-CS-MR-BB-Free-26-1024x683.png","type":"image\/png"}],"twitter_card":"summary_large_image","twitter_misc":{"Est. reading time":"2 minutes"},"schema":{"@context":"https:\/\/schema.org","@graph":[{"@type":"WebPage","@id":"https:\/\/hello-suns.com\/us\/products\/fiave-chairs\/","url":"https:\/\/hello-suns.com\/us\/products\/fiave-chairs\/","name":"Discover Fiav\u00e8 chair | SUNS Outdoor Lifestyle","isPartOf":{"@id":"https:\/\/hello-suns.com\/us\/#website"},"primaryImageOfPage":{"@id":"https:\/\/hello-suns.com\/us\/products\/fiave-chairs\/#primaryimage"},"image":{"@id":"https:\/\/hello-suns.com\/us\/products\/fiave-chairs\/#primaryimage"},"thumbnailUrl":"https:\/\/hello-suns.com\/app\/uploads\/2026\/03\/Fiave-SUNS-Diningchair-CS-MR-BB-Free-26.png","datePublished":"2026-03-05T12:52:36+00:00","dateModified":"2026-03-05T13:20:52+00:00","description":"Looking for Fiav\u00e8 chair? SUNS offers high quality Fiav\u00e8 bar chairs that combine durability and design perfect for in a modern outdoor space.","breadcrumb":{"@id":"https:\/\/hello-suns.com\/us\/products\/fiave-chairs\/#breadcrumb"},"inLanguage":"en-US","potentialAction":[{"@type":"ReadAction","target":["https:\/\/hello-suns.com\/us\/products\/fiave-chairs\/"]}]},{"@type":"ImageObject","inLanguage":"en-US","@id":"https:\/\/hello-suns.com\/us\/products\/fiave-chairs\/#primaryimage","url":"https:\/\/hello-suns.com\/app\/uploads\/2026\/03\/Fiave-SUNS-Diningchair-CS-MR-BB-Free-26.png","contentUrl":"https:\/\/hello-suns.com\/app\/uploads\/2026\/03\/Fiave-SUNS-Diningchair-CS-MR-BB-Free-26.png","width":3240,"height":2160},{"@type":"BreadcrumbList","@id":"https:\/\/hello-suns.com\/us\/products\/fiave-chairs\/#breadcrumb","itemListElement":[{"@type":"ListItem","position":1,"name":"","item":"https:\/\/hello-suns.com\/us\/"},{"@type":"ListItem","position":2,"name":"Products","item":"https:\/\/hello-suns.com\/us\/products\/"},{"@type":"ListItem","position":3,"name":"Fiav\u00e8"}]},{"@type":"WebSite","@id":"https:\/\/hello-suns.com\/us\/#website","url":"https:\/\/hello-suns.com\/us\/","name":"SUNS","description":"Outdoor Lifestyle","potentialAction":[{"@type":"SearchAction","target":{"@type":"EntryPoint","urlTemplate":"https:\/\/hello-suns.com\/us\/?s={search_term_string}"},"query-input":{"@type":"PropertyValueSpecification","valueRequired":true,"valueName":"search_term_string"}}],"inLanguage":"en-US"}]}},"_links":{"self":[{"href":"https:\/\/hello-suns.com\/us\/wp-json\/wp\/v2\/product\/59203","targetHints":{"allow":["GET"]}}],"collection":[{"href":"https:\/\/hello-suns.com\/us\/wp-json\/wp\/v2\/product"}],"about":[{"href":"https:\/\/hello-suns.com\/us\/wp-json\/wp\/v2\/types\/product"}],"replies":[{"embeddable":true,"href":"https:\/\/hello-suns.com\/us\/wp-json\/wp\/v2\/comments?post=59203"}],"wp:featuredmedia":[{"embeddable":true,"href":"https:\/\/hello-suns.com\/us\/wp-json\/wp\/v2\/media\/59226"}],"wp:attachment":[{"href":"https:\/\/hello-suns.com\/us\/wp-json\/wp\/v2\/media?parent=59203"}],"wp:term":[{"taxonomy":"product_brand","embeddable":true,"href":"https:\/\/hello-suns.com\/us\/wp-json\/wp\/v2\/product_brand?post=59203"},{"taxonomy":"product_cat","embeddable":true,"href":"https:\/\/hello-suns.com\/us\/wp-json\/wp\/v2\/product_cat?post=59203"},{"taxonomy":"product_tag","embeddable":true,"href":"https:\/\/hello-suns.com\/us\/wp-json\/wp\/v2\/product_tag?post=59203"},{"taxonomy":"material","embeddable":true,"href":"https:\/\/hello-suns.com\/us\/wp-json\/wp\/v2\/material?post=59203"}],"curies":[{"name":"wp","href":"https:\/\/api.w.org\/{rel}","templated":true}]}}