{"id":58182,"date":"2026-03-03T11:16:54","date_gmt":"2026-03-03T10:16:54","guid":{"rendered":"https:\/\/hello-suns.com\/?post_type=product&#038;p=58182"},"modified":"2026-03-04T08:52:31","modified_gmt":"2026-03-04T07:52:31","slug":"fiave-low-bar-chair","status":"publish","type":"product","link":"https:\/\/hello-suns.com\/us\/products\/fiave-low-bar-chair\/","title":{"rendered":"Fiav\u00e8"},"content":{"rendered":"<h2 style=\"font-weight: 400;\">Sitting higher, staying relaxed<\/h2>\n<p style=\"font-weight: 400;\">The low bar chair takes Fiav\u00e8&#8217;s comfort to the next level. Ideal for long summer evenings at a bar or bar table.<\/p>\n","protected":false},"excerpt":{"rendered":"<h3 style=\"font-weight: 400;\">Comfort at bar height<\/h3>\n<p style=\"font-weight: 400;\">The low bar chair combines the relaxed seating of a lounge with the functionality of a bar chair. Slightly higher, but with the same generous cushions and supportive backrest that invite you to stay seated. Perfect for casual drinks, an extended aperitif or a long evening of after-dinner dining.<\/p>\n<p style=\"font-weight: 400;\">Again, the distinctive continuous tube forms the elegant frame. The subtly woven ropework gives the chair its recognizable texture and provides an airy feel. The integrated footrest provides additional comfort and stability, making the chair not only beautiful to look at, but also practical to use. Like the other items within the Fiave series, the low bar chair is made of strong aluminum. Lightweight and low maintenance, made to stay outside season after season. Combine it with a SUNS low bar table or coordinate it with the other elements within the series. This creates an outdoor space where lounge, dining and bar blend seamlessly.<\/p>\n","protected":false},"featured_media":58191,"comment_status":"closed","ping_status":"closed","template":"","meta":{"_acf_changed":false},"product_brand":[],"product_cat":[298],"product_tag":[],"material":[],"class_list":{"0":"post-58182","1":"product","2":"type-product","3":"status-publish","4":"has-post-thumbnail","6":"product_cat-barsets-us","8":"first","9":"instock","10":"shipping-taxable","11":"product-type-simple"},"acf":[],"yoast_head":"<!-- This site is optimized with the Yoast SEO plugin v26.8 - https:\/\/yoast.com\/product\/yoast-seo-wordpress\/ -->\n<title>Discover Fiav\u00e8 low barstool | SUNS Outdoor Lifestyle<\/title>\n<meta name=\"description\" content=\"Looking for Fiav\u00e8 low barstool? SUNS offers high quality Fiav\u00e8 bar chairs that combine durability and design perfect for in a modern outdoor space.\" \/>\n<meta name=\"robots\" content=\"index, follow, max-snippet:-1, max-image-preview:large, max-video-preview:-1\" \/>\n<link rel=\"canonical\" href=\"https:\/\/hello-suns.com\/us\/products\/fiave-low-bar-chair\/\" \/>\n<meta property=\"og:locale\" content=\"en_US\" \/>\n<meta property=\"og:type\" content=\"article\" \/>\n<meta property=\"og:title\" content=\"Discover Fiav\u00e8 low barstool | SUNS Outdoor Lifestyle\" \/>\n<meta property=\"og:description\" content=\"Looking for Fiav\u00e8 low barstool? SUNS offers high quality Fiav\u00e8 bar chairs that combine durability and design perfect for in a modern outdoor space.\" \/>\n<meta property=\"og:url\" content=\"https:\/\/hello-suns.com\/us\/products\/fiave-low-bar-chair\/\" \/>\n<meta property=\"og:site_name\" content=\"SUNS\" \/>\n<meta property=\"article:modified_time\" content=\"2026-03-04T07:52:31+00:00\" \/>\n<meta property=\"og:image\" content=\"https:\/\/hello-suns.com\/app\/uploads\/2026\/03\/Fiave-SUNS-LowBarChair-CS-MR-BB-Free-26.png\" \/>\n\t<meta property=\"og:image:width\" content=\"3240\" \/>\n\t<meta property=\"og:image:height\" content=\"2160\" \/>\n\t<meta property=\"og:image:type\" content=\"image\/png\" \/>\n<meta name=\"twitter:card\" content=\"summary_large_image\" \/>\n<meta name=\"twitter:label1\" content=\"Est. reading time\" \/>\n\t<meta name=\"twitter:data1\" content=\"3 minutes\" \/>\n<script type=\"application\/ld+json\" class=\"yoast-schema-graph\">{\"@context\":\"https:\/\/schema.org\",\"@graph\":[{\"@type\":\"WebPage\",\"@id\":\"https:\/\/hello-suns.com\/us\/products\/fiave-low-bar-chair\/\",\"url\":\"https:\/\/hello-suns.com\/us\/products\/fiave-low-bar-chair\/\",\"name\":\"Discover Fiav\u00e8 low barstool | SUNS Outdoor Lifestyle\",\"isPartOf\":{\"@id\":\"https:\/\/hello-suns.com\/us\/#website\"},\"primaryImageOfPage\":{\"@id\":\"https:\/\/hello-suns.com\/us\/products\/fiave-low-bar-chair\/#primaryimage\"},\"image\":{\"@id\":\"https:\/\/hello-suns.com\/us\/products\/fiave-low-bar-chair\/#primaryimage\"},\"thumbnailUrl\":\"https:\/\/hello-suns.com\/app\/uploads\/2026\/03\/Fiave-SUNS-LowBarChair-CS-MR-BB-Free-26.png\",\"datePublished\":\"2026-03-03T10:16:54+00:00\",\"dateModified\":\"2026-03-04T07:52:31+00:00\",\"description\":\"Looking for Fiav\u00e8 low barstool? SUNS offers high quality Fiav\u00e8 bar chairs that combine durability and design perfect for in a modern outdoor space.\",\"breadcrumb\":{\"@id\":\"https:\/\/hello-suns.com\/us\/products\/fiave-low-bar-chair\/#breadcrumb\"},\"inLanguage\":\"en-US\",\"potentialAction\":[{\"@type\":\"ReadAction\",\"target\":[\"https:\/\/hello-suns.com\/us\/products\/fiave-low-bar-chair\/\"]}]},{\"@type\":\"ImageObject\",\"inLanguage\":\"en-US\",\"@id\":\"https:\/\/hello-suns.com\/us\/products\/fiave-low-bar-chair\/#primaryimage\",\"url\":\"https:\/\/hello-suns.com\/app\/uploads\/2026\/03\/Fiave-SUNS-LowBarChair-CS-MR-BB-Free-26.png\",\"contentUrl\":\"https:\/\/hello-suns.com\/app\/uploads\/2026\/03\/Fiave-SUNS-LowBarChair-CS-MR-BB-Free-26.png\",\"width\":3240,\"height\":2160},{\"@type\":\"BreadcrumbList\",\"@id\":\"https:\/\/hello-suns.com\/us\/products\/fiave-low-bar-chair\/#breadcrumb\",\"itemListElement\":[{\"@type\":\"ListItem\",\"position\":1,\"name\":\"\",\"item\":\"https:\/\/hello-suns.com\/us\/\"},{\"@type\":\"ListItem\",\"position\":2,\"name\":\"Products\",\"item\":\"https:\/\/hello-suns.com\/us\/products\/\"},{\"@type\":\"ListItem\",\"position\":3,\"name\":\"Fiav\u00e8\"}]},{\"@type\":\"WebSite\",\"@id\":\"https:\/\/hello-suns.com\/us\/#website\",\"url\":\"https:\/\/hello-suns.com\/us\/\",\"name\":\"SUNS\",\"description\":\"Outdoor Lifestyle\",\"potentialAction\":[{\"@type\":\"SearchAction\",\"target\":{\"@type\":\"EntryPoint\",\"urlTemplate\":\"https:\/\/hello-suns.com\/us\/?s={search_term_string}\"},\"query-input\":{\"@type\":\"PropertyValueSpecification\",\"valueRequired\":true,\"valueName\":\"search_term_string\"}}],\"inLanguage\":\"en-US\"}]}<\/script>\n<!-- \/ Yoast SEO plugin. -->","yoast_head_json":{"title":"Discover Fiav\u00e8 low barstool | SUNS Outdoor Lifestyle","description":"Looking for Fiav\u00e8 low barstool? SUNS offers high quality Fiav\u00e8 bar chairs that combine durability and design perfect for in a modern outdoor space.","robots":{"index":"index","follow":"follow","max-snippet":"max-snippet:-1","max-image-preview":"max-image-preview:large","max-video-preview":"max-video-preview:-1"},"canonical":"https:\/\/hello-suns.com\/us\/products\/fiave-low-bar-chair\/","og_locale":"en_US","og_type":"article","og_title":"Discover Fiav\u00e8 low barstool | SUNS Outdoor Lifestyle","og_description":"Looking for Fiav\u00e8 low barstool? SUNS offers high quality Fiav\u00e8 bar chairs that combine durability and design perfect for in a modern outdoor space.","og_url":"https:\/\/hello-suns.com\/us\/products\/fiave-low-bar-chair\/","og_site_name":"SUNS","article_modified_time":"2026-03-04T07:52:31+00:00","og_image":[{"width":3240,"height":2160,"url":"https:\/\/hello-suns.com\/app\/uploads\/2026\/03\/Fiave-SUNS-LowBarChair-CS-MR-BB-Free-26.png","type":"image\/png"}],"twitter_card":"summary_large_image","twitter_misc":{"Est. reading time":"3 minutes"},"schema":{"@context":"https:\/\/schema.org","@graph":[{"@type":"WebPage","@id":"https:\/\/hello-suns.com\/us\/products\/fiave-low-bar-chair\/","url":"https:\/\/hello-suns.com\/us\/products\/fiave-low-bar-chair\/","name":"Discover Fiav\u00e8 low barstool | SUNS Outdoor Lifestyle","isPartOf":{"@id":"https:\/\/hello-suns.com\/us\/#website"},"primaryImageOfPage":{"@id":"https:\/\/hello-suns.com\/us\/products\/fiave-low-bar-chair\/#primaryimage"},"image":{"@id":"https:\/\/hello-suns.com\/us\/products\/fiave-low-bar-chair\/#primaryimage"},"thumbnailUrl":"https:\/\/hello-suns.com\/app\/uploads\/2026\/03\/Fiave-SUNS-LowBarChair-CS-MR-BB-Free-26.png","datePublished":"2026-03-03T10:16:54+00:00","dateModified":"2026-03-04T07:52:31+00:00","description":"Looking for Fiav\u00e8 low barstool? SUNS offers high quality Fiav\u00e8 bar chairs that combine durability and design perfect for in a modern outdoor space.","breadcrumb":{"@id":"https:\/\/hello-suns.com\/us\/products\/fiave-low-bar-chair\/#breadcrumb"},"inLanguage":"en-US","potentialAction":[{"@type":"ReadAction","target":["https:\/\/hello-suns.com\/us\/products\/fiave-low-bar-chair\/"]}]},{"@type":"ImageObject","inLanguage":"en-US","@id":"https:\/\/hello-suns.com\/us\/products\/fiave-low-bar-chair\/#primaryimage","url":"https:\/\/hello-suns.com\/app\/uploads\/2026\/03\/Fiave-SUNS-LowBarChair-CS-MR-BB-Free-26.png","contentUrl":"https:\/\/hello-suns.com\/app\/uploads\/2026\/03\/Fiave-SUNS-LowBarChair-CS-MR-BB-Free-26.png","width":3240,"height":2160},{"@type":"BreadcrumbList","@id":"https:\/\/hello-suns.com\/us\/products\/fiave-low-bar-chair\/#breadcrumb","itemListElement":[{"@type":"ListItem","position":1,"name":"","item":"https:\/\/hello-suns.com\/us\/"},{"@type":"ListItem","position":2,"name":"Products","item":"https:\/\/hello-suns.com\/us\/products\/"},{"@type":"ListItem","position":3,"name":"Fiav\u00e8"}]},{"@type":"WebSite","@id":"https:\/\/hello-suns.com\/us\/#website","url":"https:\/\/hello-suns.com\/us\/","name":"SUNS","description":"Outdoor Lifestyle","potentialAction":[{"@type":"SearchAction","target":{"@type":"EntryPoint","urlTemplate":"https:\/\/hello-suns.com\/us\/?s={search_term_string}"},"query-input":{"@type":"PropertyValueSpecification","valueRequired":true,"valueName":"search_term_string"}}],"inLanguage":"en-US"}]}},"_links":{"self":[{"href":"https:\/\/hello-suns.com\/us\/wp-json\/wp\/v2\/product\/58182","targetHints":{"allow":["GET"]}}],"collection":[{"href":"https:\/\/hello-suns.com\/us\/wp-json\/wp\/v2\/product"}],"about":[{"href":"https:\/\/hello-suns.com\/us\/wp-json\/wp\/v2\/types\/product"}],"replies":[{"embeddable":true,"href":"https:\/\/hello-suns.com\/us\/wp-json\/wp\/v2\/comments?post=58182"}],"wp:featuredmedia":[{"embeddable":true,"href":"https:\/\/hello-suns.com\/us\/wp-json\/wp\/v2\/media\/58191"}],"wp:attachment":[{"href":"https:\/\/hello-suns.com\/us\/wp-json\/wp\/v2\/media?parent=58182"}],"wp:term":[{"taxonomy":"product_brand","embeddable":true,"href":"https:\/\/hello-suns.com\/us\/wp-json\/wp\/v2\/product_brand?post=58182"},{"taxonomy":"product_cat","embeddable":true,"href":"https:\/\/hello-suns.com\/us\/wp-json\/wp\/v2\/product_cat?post=58182"},{"taxonomy":"product_tag","embeddable":true,"href":"https:\/\/hello-suns.com\/us\/wp-json\/wp\/v2\/product_tag?post=58182"},{"taxonomy":"material","embeddable":true,"href":"https:\/\/hello-suns.com\/us\/wp-json\/wp\/v2\/material?post=58182"}],"curies":[{"name":"wp","href":"https:\/\/api.w.org\/{rel}","templated":true}]}}