{"id":61220,"date":"2026-04-10T13:58:20","date_gmt":"2026-04-10T11:58:20","guid":{"rendered":"https:\/\/hello-suns.com\/?post_type=product&#038;p=61220"},"modified":"2026-04-10T14:11:46","modified_gmt":"2026-04-10T12:11:46","slug":"santorini-kopie-2","status":"publish","type":"product","link":"https:\/\/hello-suns.com\/es\/productos\/santorini-kopie-2\/","title":{"rendered":"Santorini"},"content":{"rendered":"<h2 style=\"font-weight: 400;\">Donde empieza la relajaci\u00f3n total<\/h2>\n<p style=\"font-weight: 400;\">El conjunto de tumbona Santorini ofrece un innegable confort de asiento perfecto. Ideal para d\u00edas interminables ba\u00f1ados por el sol. O tardes. O noches. Porque te olvidas del tiempo cuando est\u00e1s en el momento.    <\/p>\n","protected":false},"excerpt":{"rendered":"<h3 style=\"font-weight: 400;\">Juego de sal\u00f3n con llamativos juegos de cuerda<\/h3>\n<p style=\"font-weight: 400;\">El juego de sal\u00f3n Santorini completa tu experiencia de asiento. Este conjunto hace un gui\u00f1o a los rom\u00e1nticos a\u00f1os 50. Gracias a su car\u00e1cter modular, permite varias disposiciones. Los elementos a elegir son: una pieza en L, un asiento monoplaza y un elemento esquinero. Llama la atenci\u00f3n la encantadora forma del asiento y el refinado trabajo de cuerda. El trabajo de cuerda de alta calidad del respaldo y los reposabrazos es un tejido de moda que crea un conjunto de sal\u00f3n con car\u00e1cter propio.     <\/p>\n<p style=\"font-weight: 400;\">Los c\u00f3modos cojines son, como cabe esperar de SUNS, duraderos, resistentes a la intemperie y f\u00e1ciles de cuidar. Naturalmente, lo mismo puede decirse de la robusta estructura de aluminio. El colch\u00f3n opcional se ajusta a la perfecci\u00f3n. Las mesas auxiliares tienen tableros de piedra sinterizada: resistentes a los ara\u00f1azos y muy duraderos. La l\u00ednea de productos Santorini tambi\u00e9n incluye un conjunto de silla y sof\u00e1.    <\/p>\n","protected":false},"featured_media":61415,"comment_status":"closed","ping_status":"closed","template":"","meta":{"_acf_changed":false},"product_brand":[],"product_cat":[799],"product_tag":[],"material":[],"class_list":{"0":"post-61220","1":"product","2":"type-product","3":"status-publish","4":"has-post-thumbnail","6":"product_cat-conjuntos-de-salon","8":"first","9":"instock","10":"shipping-taxable","11":"product-type-simple"},"acf":[],"yoast_head":"<!-- This site is optimized with the Yoast SEO plugin v26.8 - https:\/\/yoast.com\/product\/yoast-seo-wordpress\/ -->\n<title>Descubre el conjunto de sof\u00e1s Santorini | SUNS muebles de jard\u00edn<\/title>\n<meta name=\"description\" content=\"\u00bfBuscas un elegante conjunto de sal\u00f3n Santorini? SUNS te ofrece lujosos y c\u00f3modos conjuntos de sof\u00e1 de dise\u00f1o moderno, perfectos para un elegante ambiente de exterior.\" \/>\n<meta name=\"robots\" content=\"index, follow, max-snippet:-1, max-image-preview:large, max-video-preview:-1\" \/>\n<link rel=\"canonical\" href=\"https:\/\/hello-suns.com\/es\/productos\/santorini-kopie-2\/\" \/>\n<meta property=\"og:locale\" content=\"es_ES\" \/>\n<meta property=\"og:type\" content=\"article\" \/>\n<meta property=\"og:title\" content=\"Descubre el conjunto de sof\u00e1s Santorini | SUNS muebles de jard\u00edn\" \/>\n<meta property=\"og:description\" content=\"\u00bfBuscas un elegante conjunto de sal\u00f3n Santorini? SUNS te ofrece lujosos y c\u00f3modos conjuntos de sof\u00e1 de dise\u00f1o moderno, perfectos para un elegante ambiente de exterior.\" \/>\n<meta property=\"og:url\" content=\"https:\/\/hello-suns.com\/es\/productos\/santorini-kopie-2\/\" \/>\n<meta property=\"og:site_name\" content=\"SUNS\" \/>\n<meta property=\"article:modified_time\" content=\"2026-04-10T12:11:46+00:00\" \/>\n<meta property=\"og:image\" content=\"https:\/\/hello-suns.com\/app\/uploads\/2026\/04\/Santorini-SUNS-Loungeset-CS-NMW-Free-26-2.jpg\" \/>\n\t<meta property=\"og:image:width\" content=\"3840\" \/>\n\t<meta property=\"og:image:height\" content=\"2560\" \/>\n\t<meta property=\"og:image:type\" content=\"image\/jpeg\" \/>\n<meta name=\"twitter:card\" content=\"summary_large_image\" \/>\n<meta name=\"twitter:label1\" content=\"Est. reading time\" \/>\n\t<meta name=\"twitter:data1\" content=\"4 minutes\" \/>\n<script type=\"application\/ld+json\" class=\"yoast-schema-graph\">{\"@context\":\"https:\/\/schema.org\",\"@graph\":[{\"@type\":\"WebPage\",\"@id\":\"https:\/\/hello-suns.com\/es\/productos\/santorini-kopie-2\/\",\"url\":\"https:\/\/hello-suns.com\/es\/productos\/santorini-kopie-2\/\",\"name\":\"Descubre el conjunto de sof\u00e1s Santorini | SUNS muebles de jard\u00edn\",\"isPartOf\":{\"@id\":\"https:\/\/hello-suns.com\/es\/#website\"},\"primaryImageOfPage\":{\"@id\":\"https:\/\/hello-suns.com\/es\/productos\/santorini-kopie-2\/#primaryimage\"},\"image\":{\"@id\":\"https:\/\/hello-suns.com\/es\/productos\/santorini-kopie-2\/#primaryimage\"},\"thumbnailUrl\":\"https:\/\/hello-suns.com\/app\/uploads\/2026\/04\/Santorini-SUNS-Loungeset-CS-NMW-Free-26-2-2500.png\",\"datePublished\":\"2026-04-10T11:58:20+00:00\",\"dateModified\":\"2026-04-10T12:11:46+00:00\",\"description\":\"\u00bfBuscas un elegante conjunto de sal\u00f3n Santorini? SUNS te ofrece lujosos y c\u00f3modos conjuntos de sof\u00e1 de dise\u00f1o moderno, perfectos para un elegante ambiente de exterior.\",\"breadcrumb\":{\"@id\":\"https:\/\/hello-suns.com\/es\/productos\/santorini-kopie-2\/#breadcrumb\"},\"inLanguage\":\"es-ES\",\"potentialAction\":[{\"@type\":\"ReadAction\",\"target\":[\"https:\/\/hello-suns.com\/es\/productos\/santorini-kopie-2\/\"]}]},{\"@type\":\"ImageObject\",\"inLanguage\":\"es-ES\",\"@id\":\"https:\/\/hello-suns.com\/es\/productos\/santorini-kopie-2\/#primaryimage\",\"url\":\"https:\/\/hello-suns.com\/app\/uploads\/2026\/04\/Santorini-SUNS-Loungeset-CS-NMW-Free-26-2-2500.png\",\"contentUrl\":\"https:\/\/hello-suns.com\/app\/uploads\/2026\/04\/Santorini-SUNS-Loungeset-CS-NMW-Free-26-2-2500.png\",\"width\":2500,\"height\":1667},{\"@type\":\"BreadcrumbList\",\"@id\":\"https:\/\/hello-suns.com\/es\/productos\/santorini-kopie-2\/#breadcrumb\",\"itemListElement\":[{\"@type\":\"ListItem\",\"position\":1,\"name\":\"\",\"item\":\"https:\/\/hello-suns.com\/es\/\"},{\"@type\":\"ListItem\",\"position\":2,\"name\":\"Productos\",\"item\":\"https:\/\/hello-suns.com\/es\/productos\/\"},{\"@type\":\"ListItem\",\"position\":3,\"name\":\"Santorini\"}]},{\"@type\":\"WebSite\",\"@id\":\"https:\/\/hello-suns.com\/es\/#website\",\"url\":\"https:\/\/hello-suns.com\/es\/\",\"name\":\"SUNS\",\"description\":\"Outdoor Lifestyle\",\"potentialAction\":[{\"@type\":\"SearchAction\",\"target\":{\"@type\":\"EntryPoint\",\"urlTemplate\":\"https:\/\/hello-suns.com\/es\/?s={search_term_string}\"},\"query-input\":{\"@type\":\"PropertyValueSpecification\",\"valueRequired\":true,\"valueName\":\"search_term_string\"}}],\"inLanguage\":\"es-ES\"}]}<\/script>\n<!-- \/ Yoast SEO plugin. -->","yoast_head_json":{"title":"Descubre el conjunto de sof\u00e1s Santorini | SUNS muebles de jard\u00edn","description":"\u00bfBuscas un elegante conjunto de sal\u00f3n Santorini? SUNS te ofrece lujosos y c\u00f3modos conjuntos de sof\u00e1 de dise\u00f1o moderno, perfectos para un elegante ambiente de exterior.","robots":{"index":"index","follow":"follow","max-snippet":"max-snippet:-1","max-image-preview":"max-image-preview:large","max-video-preview":"max-video-preview:-1"},"canonical":"https:\/\/hello-suns.com\/es\/productos\/santorini-kopie-2\/","og_locale":"es_ES","og_type":"article","og_title":"Descubre el conjunto de sof\u00e1s Santorini | SUNS muebles de jard\u00edn","og_description":"\u00bfBuscas un elegante conjunto de sal\u00f3n Santorini? SUNS te ofrece lujosos y c\u00f3modos conjuntos de sof\u00e1 de dise\u00f1o moderno, perfectos para un elegante ambiente de exterior.","og_url":"https:\/\/hello-suns.com\/es\/productos\/santorini-kopie-2\/","og_site_name":"SUNS","article_modified_time":"2026-04-10T12:11:46+00:00","og_image":[{"width":3840,"height":2560,"url":"https:\/\/hello-suns.com\/app\/uploads\/2026\/04\/Santorini-SUNS-Loungeset-CS-NMW-Free-26-2.jpg","type":"image\/jpeg"}],"twitter_card":"summary_large_image","twitter_misc":{"Est. reading time":"4 minutes"},"schema":{"@context":"https:\/\/schema.org","@graph":[{"@type":"WebPage","@id":"https:\/\/hello-suns.com\/es\/productos\/santorini-kopie-2\/","url":"https:\/\/hello-suns.com\/es\/productos\/santorini-kopie-2\/","name":"Descubre el conjunto de sof\u00e1s Santorini | SUNS muebles de jard\u00edn","isPartOf":{"@id":"https:\/\/hello-suns.com\/es\/#website"},"primaryImageOfPage":{"@id":"https:\/\/hello-suns.com\/es\/productos\/santorini-kopie-2\/#primaryimage"},"image":{"@id":"https:\/\/hello-suns.com\/es\/productos\/santorini-kopie-2\/#primaryimage"},"thumbnailUrl":"https:\/\/hello-suns.com\/app\/uploads\/2026\/04\/Santorini-SUNS-Loungeset-CS-NMW-Free-26-2-2500.png","datePublished":"2026-04-10T11:58:20+00:00","dateModified":"2026-04-10T12:11:46+00:00","description":"\u00bfBuscas un elegante conjunto de sal\u00f3n Santorini? SUNS te ofrece lujosos y c\u00f3modos conjuntos de sof\u00e1 de dise\u00f1o moderno, perfectos para un elegante ambiente de exterior.","breadcrumb":{"@id":"https:\/\/hello-suns.com\/es\/productos\/santorini-kopie-2\/#breadcrumb"},"inLanguage":"es-ES","potentialAction":[{"@type":"ReadAction","target":["https:\/\/hello-suns.com\/es\/productos\/santorini-kopie-2\/"]}]},{"@type":"ImageObject","inLanguage":"es-ES","@id":"https:\/\/hello-suns.com\/es\/productos\/santorini-kopie-2\/#primaryimage","url":"https:\/\/hello-suns.com\/app\/uploads\/2026\/04\/Santorini-SUNS-Loungeset-CS-NMW-Free-26-2-2500.png","contentUrl":"https:\/\/hello-suns.com\/app\/uploads\/2026\/04\/Santorini-SUNS-Loungeset-CS-NMW-Free-26-2-2500.png","width":2500,"height":1667},{"@type":"BreadcrumbList","@id":"https:\/\/hello-suns.com\/es\/productos\/santorini-kopie-2\/#breadcrumb","itemListElement":[{"@type":"ListItem","position":1,"name":"","item":"https:\/\/hello-suns.com\/es\/"},{"@type":"ListItem","position":2,"name":"Productos","item":"https:\/\/hello-suns.com\/es\/productos\/"},{"@type":"ListItem","position":3,"name":"Santorini"}]},{"@type":"WebSite","@id":"https:\/\/hello-suns.com\/es\/#website","url":"https:\/\/hello-suns.com\/es\/","name":"SUNS","description":"Outdoor Lifestyle","potentialAction":[{"@type":"SearchAction","target":{"@type":"EntryPoint","urlTemplate":"https:\/\/hello-suns.com\/es\/?s={search_term_string}"},"query-input":{"@type":"PropertyValueSpecification","valueRequired":true,"valueName":"search_term_string"}}],"inLanguage":"es-ES"}]}},"_links":{"self":[{"href":"https:\/\/hello-suns.com\/es\/wp-json\/wp\/v2\/product\/61220","targetHints":{"allow":["GET"]}}],"collection":[{"href":"https:\/\/hello-suns.com\/es\/wp-json\/wp\/v2\/product"}],"about":[{"href":"https:\/\/hello-suns.com\/es\/wp-json\/wp\/v2\/types\/product"}],"replies":[{"embeddable":true,"href":"https:\/\/hello-suns.com\/es\/wp-json\/wp\/v2\/comments?post=61220"}],"wp:featuredmedia":[{"embeddable":true,"href":"https:\/\/hello-suns.com\/es\/wp-json\/wp\/v2\/media\/61415"}],"wp:attachment":[{"href":"https:\/\/hello-suns.com\/es\/wp-json\/wp\/v2\/media?parent=61220"}],"wp:term":[{"taxonomy":"product_brand","embeddable":true,"href":"https:\/\/hello-suns.com\/es\/wp-json\/wp\/v2\/product_brand?post=61220"},{"taxonomy":"product_cat","embeddable":true,"href":"https:\/\/hello-suns.com\/es\/wp-json\/wp\/v2\/product_cat?post=61220"},{"taxonomy":"product_tag","embeddable":true,"href":"https:\/\/hello-suns.com\/es\/wp-json\/wp\/v2\/product_tag?post=61220"},{"taxonomy":"material","embeddable":true,"href":"https:\/\/hello-suns.com\/es\/wp-json\/wp\/v2\/material?post=61220"}],"curies":[{"name":"wp","href":"https:\/\/api.w.org\/{rel}","templated":true}]}}