{"id":59442,"date":"2026-03-06T11:46:11","date_gmt":"2026-03-06T10:46:11","guid":{"rendered":"https:\/\/hello-suns.com\/?post_type=product&#038;p=59442"},"modified":"2026-03-23T12:28:41","modified_gmt":"2026-03-23T11:28:41","slug":"pienza-conjuntos-de-sofa","status":"publish","type":"product","link":"https:\/\/hello-suns.com\/es\/productos\/pienza-conjuntos-de-sofa\/","title":{"rendered":"Pienza"},"content":{"rendered":"<h2 style=\"font-weight: 400;\">Forma que conecta<\/h2>\n<p style=\"font-weight: 400;\">Pienza juega con las curvas. Suave. Org\u00e1nico. Envolvente.<br \/>\nUn conjunto de sof\u00e1s que no piensa en l\u00edneas rectas, sino en movimientos fluidos.   <\/p>\n","protected":false},"excerpt":{"rendered":"<div>\n<h2>Confort ecol\u00f3gico con un coraz\u00f3n sorprendente<\/h2>\n<\/div>\n<div>\n<p>El conjunto de sof\u00e1s Pienza est\u00e1 totalmente tapizado e irradia tranquilidad en cualquier curva. Las formas redondeadas confieren al conjunto un car\u00e1cter amable y crean un flujo natural en tu espacio exterior. Sin transiciones duras, sino un todo que fluye junto.  <\/p>\n<\/div>\n<div>\n<p>Los generosos asientos y el suave tejido exterior boucl\u00e9 aumentan la sensaci\u00f3n de seguridad. El tejido a\u00f1ade profundidad al dise\u00f1o y ofrece un tacto rico y agradable. Pienza parece un mueble de interior, pero est\u00e1 dise\u00f1ado para el exterior. Resistente a la intemperie, c\u00f3moda y hecha para disfrutarla temporada tras temporada.   <\/p>\n<\/div>\n<div>\n<p>El arreglo est\u00e1 cuidadosamente dise\u00f1ado como se muestra, de modo que la proporci\u00f3n y el equilibrio se dan la mano a la perfecci\u00f3n. Una declaraci\u00f3n org\u00e1nica que aporta tranquilidad a tu terraza, junto a la piscina o en un jard\u00edn verde. <\/p>\n<\/div>\n<div>\n<p>Pienza te invita a sentarte. Y a permanecer sentado. <\/p>\n<\/div>\n","protected":false},"featured_media":60358,"comment_status":"closed","ping_status":"closed","template":"","meta":{"_acf_changed":false},"product_brand":[],"product_cat":[800],"product_tag":[],"material":[],"class_list":{"0":"post-59442","1":"product","2":"type-product","3":"status-publish","4":"has-post-thumbnail","6":"product_cat-conjuntos-de-sofa","8":"first","9":"instock","10":"shipping-taxable","11":"product-type-simple"},"acf":[],"yoast_head":"<!-- This site is optimized with the Yoast SEO plugin v26.8 - https:\/\/yoast.com\/product\/yoast-seo-wordpress\/ -->\n<title>Conjunto de sof\u00e1 Pienza | SUNS Outdoor Lifestyle<\/title>\n<meta name=\"description\" content=\"\u00bfBuscas un conjunto de sof\u00e1 Pienza? SUNS ofrece conjuntos de sof\u00e1s de lujo de alta calidad. Disfruta de la m\u00e1xima comodidad y un dise\u00f1o duradero en tu jard\u00edn o terraza.\" \/>\n<meta name=\"robots\" content=\"index, follow, max-snippet:-1, max-image-preview:large, max-video-preview:-1\" \/>\n<link rel=\"canonical\" href=\"https:\/\/hello-suns.com\/es\/productos\/pienza-conjuntos-de-sofa\/\" \/>\n<meta property=\"og:locale\" content=\"es_ES\" \/>\n<meta property=\"og:type\" content=\"article\" \/>\n<meta property=\"og:title\" content=\"Conjunto de sof\u00e1 Pienza | SUNS Outdoor Lifestyle\" \/>\n<meta property=\"og:description\" content=\"\u00bfBuscas un conjunto de sof\u00e1 Pienza? SUNS ofrece conjuntos de sof\u00e1s de lujo de alta calidad. Disfruta de la m\u00e1xima comodidad y un dise\u00f1o duradero en tu jard\u00edn o terraza.\" \/>\n<meta property=\"og:url\" content=\"https:\/\/hello-suns.com\/es\/productos\/pienza-conjuntos-de-sofa\/\" \/>\n<meta property=\"og:site_name\" content=\"SUNS\" \/>\n<meta property=\"article:modified_time\" content=\"2026-03-23T11:28:41+00:00\" \/>\n<meta property=\"og:image\" content=\"https:\/\/hello-suns.com\/app\/uploads\/2026\/03\/Pienza-SUNS-Sofaset-BB-Free-26-2-2500.png\" \/>\n\t<meta property=\"og:image:width\" content=\"2500\" \/>\n\t<meta property=\"og:image:height\" content=\"1667\" \/>\n\t<meta property=\"og:image:type\" content=\"image\/png\" \/>\n<meta name=\"twitter:card\" content=\"summary_large_image\" \/>\n<meta name=\"twitter:label1\" content=\"Est. reading time\" \/>\n\t<meta name=\"twitter:data1\" content=\"4 minutes\" \/>\n<script type=\"application\/ld+json\" class=\"yoast-schema-graph\">{\"@context\":\"https:\/\/schema.org\",\"@graph\":[{\"@type\":\"WebPage\",\"@id\":\"https:\/\/hello-suns.com\/es\/productos\/pienza-conjuntos-de-sofa\/\",\"url\":\"https:\/\/hello-suns.com\/es\/productos\/pienza-conjuntos-de-sofa\/\",\"name\":\"Conjunto de sof\u00e1 Pienza | SUNS Outdoor Lifestyle\",\"isPartOf\":{\"@id\":\"https:\/\/hello-suns.com\/es\/#website\"},\"primaryImageOfPage\":{\"@id\":\"https:\/\/hello-suns.com\/es\/productos\/pienza-conjuntos-de-sofa\/#primaryimage\"},\"image\":{\"@id\":\"https:\/\/hello-suns.com\/es\/productos\/pienza-conjuntos-de-sofa\/#primaryimage\"},\"thumbnailUrl\":\"https:\/\/hello-suns.com\/app\/uploads\/2026\/03\/Pienza-SUNS-Sofaset-BB-Free-26-2-2500.png\",\"datePublished\":\"2026-03-06T10:46:11+00:00\",\"dateModified\":\"2026-03-23T11:28:41+00:00\",\"description\":\"\u00bfBuscas un conjunto de sof\u00e1 Pienza? SUNS ofrece conjuntos de sof\u00e1s de lujo de alta calidad. Disfruta de la m\u00e1xima comodidad y un dise\u00f1o duradero en tu jard\u00edn o terraza.\",\"breadcrumb\":{\"@id\":\"https:\/\/hello-suns.com\/es\/productos\/pienza-conjuntos-de-sofa\/#breadcrumb\"},\"inLanguage\":\"es-ES\",\"potentialAction\":[{\"@type\":\"ReadAction\",\"target\":[\"https:\/\/hello-suns.com\/es\/productos\/pienza-conjuntos-de-sofa\/\"]}]},{\"@type\":\"ImageObject\",\"inLanguage\":\"es-ES\",\"@id\":\"https:\/\/hello-suns.com\/es\/productos\/pienza-conjuntos-de-sofa\/#primaryimage\",\"url\":\"https:\/\/hello-suns.com\/app\/uploads\/2026\/03\/Pienza-SUNS-Sofaset-BB-Free-26-2-2500.png\",\"contentUrl\":\"https:\/\/hello-suns.com\/app\/uploads\/2026\/03\/Pienza-SUNS-Sofaset-BB-Free-26-2-2500.png\",\"width\":2500,\"height\":1667},{\"@type\":\"BreadcrumbList\",\"@id\":\"https:\/\/hello-suns.com\/es\/productos\/pienza-conjuntos-de-sofa\/#breadcrumb\",\"itemListElement\":[{\"@type\":\"ListItem\",\"position\":1,\"name\":\"\",\"item\":\"https:\/\/hello-suns.com\/es\/\"},{\"@type\":\"ListItem\",\"position\":2,\"name\":\"Productos\",\"item\":\"https:\/\/hello-suns.com\/es\/productos\/\"},{\"@type\":\"ListItem\",\"position\":3,\"name\":\"Pienza\"}]},{\"@type\":\"WebSite\",\"@id\":\"https:\/\/hello-suns.com\/es\/#website\",\"url\":\"https:\/\/hello-suns.com\/es\/\",\"name\":\"SUNS\",\"description\":\"Outdoor Lifestyle\",\"potentialAction\":[{\"@type\":\"SearchAction\",\"target\":{\"@type\":\"EntryPoint\",\"urlTemplate\":\"https:\/\/hello-suns.com\/es\/?s={search_term_string}\"},\"query-input\":{\"@type\":\"PropertyValueSpecification\",\"valueRequired\":true,\"valueName\":\"search_term_string\"}}],\"inLanguage\":\"es-ES\"}]}<\/script>\n<!-- \/ Yoast SEO plugin. -->","yoast_head_json":{"title":"Conjunto de sof\u00e1 Pienza | SUNS Outdoor Lifestyle","description":"\u00bfBuscas un conjunto de sof\u00e1 Pienza? SUNS ofrece conjuntos de sof\u00e1s de lujo de alta calidad. Disfruta de la m\u00e1xima comodidad y un dise\u00f1o duradero en tu jard\u00edn o terraza.","robots":{"index":"index","follow":"follow","max-snippet":"max-snippet:-1","max-image-preview":"max-image-preview:large","max-video-preview":"max-video-preview:-1"},"canonical":"https:\/\/hello-suns.com\/es\/productos\/pienza-conjuntos-de-sofa\/","og_locale":"es_ES","og_type":"article","og_title":"Conjunto de sof\u00e1 Pienza | SUNS Outdoor Lifestyle","og_description":"\u00bfBuscas un conjunto de sof\u00e1 Pienza? SUNS ofrece conjuntos de sof\u00e1s de lujo de alta calidad. Disfruta de la m\u00e1xima comodidad y un dise\u00f1o duradero en tu jard\u00edn o terraza.","og_url":"https:\/\/hello-suns.com\/es\/productos\/pienza-conjuntos-de-sofa\/","og_site_name":"SUNS","article_modified_time":"2026-03-23T11:28:41+00:00","og_image":[{"width":2500,"height":1667,"url":"https:\/\/hello-suns.com\/app\/uploads\/2026\/03\/Pienza-SUNS-Sofaset-BB-Free-26-2-2500.png","type":"image\/png"}],"twitter_card":"summary_large_image","twitter_misc":{"Est. reading time":"4 minutes"},"schema":{"@context":"https:\/\/schema.org","@graph":[{"@type":"WebPage","@id":"https:\/\/hello-suns.com\/es\/productos\/pienza-conjuntos-de-sofa\/","url":"https:\/\/hello-suns.com\/es\/productos\/pienza-conjuntos-de-sofa\/","name":"Conjunto de sof\u00e1 Pienza | SUNS Outdoor Lifestyle","isPartOf":{"@id":"https:\/\/hello-suns.com\/es\/#website"},"primaryImageOfPage":{"@id":"https:\/\/hello-suns.com\/es\/productos\/pienza-conjuntos-de-sofa\/#primaryimage"},"image":{"@id":"https:\/\/hello-suns.com\/es\/productos\/pienza-conjuntos-de-sofa\/#primaryimage"},"thumbnailUrl":"https:\/\/hello-suns.com\/app\/uploads\/2026\/03\/Pienza-SUNS-Sofaset-BB-Free-26-2-2500.png","datePublished":"2026-03-06T10:46:11+00:00","dateModified":"2026-03-23T11:28:41+00:00","description":"\u00bfBuscas un conjunto de sof\u00e1 Pienza? SUNS ofrece conjuntos de sof\u00e1s de lujo de alta calidad. Disfruta de la m\u00e1xima comodidad y un dise\u00f1o duradero en tu jard\u00edn o terraza.","breadcrumb":{"@id":"https:\/\/hello-suns.com\/es\/productos\/pienza-conjuntos-de-sofa\/#breadcrumb"},"inLanguage":"es-ES","potentialAction":[{"@type":"ReadAction","target":["https:\/\/hello-suns.com\/es\/productos\/pienza-conjuntos-de-sofa\/"]}]},{"@type":"ImageObject","inLanguage":"es-ES","@id":"https:\/\/hello-suns.com\/es\/productos\/pienza-conjuntos-de-sofa\/#primaryimage","url":"https:\/\/hello-suns.com\/app\/uploads\/2026\/03\/Pienza-SUNS-Sofaset-BB-Free-26-2-2500.png","contentUrl":"https:\/\/hello-suns.com\/app\/uploads\/2026\/03\/Pienza-SUNS-Sofaset-BB-Free-26-2-2500.png","width":2500,"height":1667},{"@type":"BreadcrumbList","@id":"https:\/\/hello-suns.com\/es\/productos\/pienza-conjuntos-de-sofa\/#breadcrumb","itemListElement":[{"@type":"ListItem","position":1,"name":"","item":"https:\/\/hello-suns.com\/es\/"},{"@type":"ListItem","position":2,"name":"Productos","item":"https:\/\/hello-suns.com\/es\/productos\/"},{"@type":"ListItem","position":3,"name":"Pienza"}]},{"@type":"WebSite","@id":"https:\/\/hello-suns.com\/es\/#website","url":"https:\/\/hello-suns.com\/es\/","name":"SUNS","description":"Outdoor Lifestyle","potentialAction":[{"@type":"SearchAction","target":{"@type":"EntryPoint","urlTemplate":"https:\/\/hello-suns.com\/es\/?s={search_term_string}"},"query-input":{"@type":"PropertyValueSpecification","valueRequired":true,"valueName":"search_term_string"}}],"inLanguage":"es-ES"}]}},"_links":{"self":[{"href":"https:\/\/hello-suns.com\/es\/wp-json\/wp\/v2\/product\/59442","targetHints":{"allow":["GET"]}}],"collection":[{"href":"https:\/\/hello-suns.com\/es\/wp-json\/wp\/v2\/product"}],"about":[{"href":"https:\/\/hello-suns.com\/es\/wp-json\/wp\/v2\/types\/product"}],"replies":[{"embeddable":true,"href":"https:\/\/hello-suns.com\/es\/wp-json\/wp\/v2\/comments?post=59442"}],"wp:featuredmedia":[{"embeddable":true,"href":"https:\/\/hello-suns.com\/es\/wp-json\/wp\/v2\/media\/60358"}],"wp:attachment":[{"href":"https:\/\/hello-suns.com\/es\/wp-json\/wp\/v2\/media?parent=59442"}],"wp:term":[{"taxonomy":"product_brand","embeddable":true,"href":"https:\/\/hello-suns.com\/es\/wp-json\/wp\/v2\/product_brand?post=59442"},{"taxonomy":"product_cat","embeddable":true,"href":"https:\/\/hello-suns.com\/es\/wp-json\/wp\/v2\/product_cat?post=59442"},{"taxonomy":"product_tag","embeddable":true,"href":"https:\/\/hello-suns.com\/es\/wp-json\/wp\/v2\/product_tag?post=59442"},{"taxonomy":"material","embeddable":true,"href":"https:\/\/hello-suns.com\/es\/wp-json\/wp\/v2\/material?post=59442"}],"curies":[{"name":"wp","href":"https:\/\/api.w.org\/{rel}","templated":true}]}}