{"id":59320,"date":"2026-03-05T15:05:56","date_gmt":"2026-03-05T14:05:56","guid":{"rendered":"https:\/\/hello-suns.com\/?post_type=product&#038;p=59320"},"modified":"2026-03-05T15:19:42","modified_gmt":"2026-03-05T14:19:42","slug":"fiave-sillas-de-low-dining","status":"publish","type":"product","link":"https:\/\/hello-suns.com\/es\/productos\/fiave-sillas-de-low-dining\/","title":{"rendered":"Fiav\u00e8"},"content":{"rendered":"<h2 style=\"font-weight: 400;\"><span class=\"TextRun SCXW161945054 BCX4\" lang=\"NL-NL\" xml:lang=\"NL-NL\" data-contrast=\"none\"><span class=\"NormalTextRun SCXW161945054 BCX4\">Cenar a un ritmo m\u00e1s lento<\/span><\/span><\/h2>\n<p><span class=\"TextRun SCXW262474033 BCX4\" lang=\"NL-NL\" xml:lang=\"NL-NL\" data-contrast=\"none\"><span class=\"NormalTextRun SCXW262474033 BCX4\">El bajo <\/span><span class=\"NormalTextRun SpellingErrorV2Themed SCXW262474033 BCX4\">comedor<\/span> <span class=\"NormalTextRun SpellingErrorV2Themed SCXW262474033 BCX4\">silla<\/span><span class=\"NormalTextRun SCXW262474033 BCX4\"> te invita a permanecer sentado. M\u00e1s bajo, m\u00e1s ancho y m\u00e1s c\u00f3modo. Exactamente como se siente hoy la vida al aire libre. <\/span><\/span><\/p>\n<p>&nbsp;<\/p>\n","protected":false},"excerpt":{"rendered":"<h3 style=\"font-weight: 400;\"><span class=\"TextRun SCXW52236388 BCX4\" lang=\"NL-NL\" xml:lang=\"NL-NL\" data-contrast=\"none\"><span class=\"NormalTextRun SCXW52236388 BCX4\">Cena relajada con estilo<\/span><\/span><\/h3>\n<p><span data-contrast=\"none\">El low dining es m\u00e1s que una tendencia. Es una nueva forma de estar juntos. Nada de sentarse recto en una mesa alta, sino reclinarse c\u00f3modamente. M\u00e1s cerca del suelo. M\u00e1s juntos. Con gruesos cojines que te invitan a dejar que la cena se convierta en una larga velada. <\/span><\/p>\n<p><span data-contrast=\"none\">Esta silla baja de comedor traduce ese pensamiento en un dise\u00f1o sofisticado. El tubo continuo forma el reconocible armaz\u00f3n y confiere a la silla su l\u00ednea suave y redondeada. El tejido de cuerda a\u00f1ade textura y profundidad, envolviendo sutilmente el asiento. <\/span><\/p>\n<p><span data-contrast=\"none\">Los generosos cojines del asiento en tejido exterior boucl\u00e9 proporcionan un aspecto suave y rico y una agradable sensaci\u00f3n de asiento. La silla es un poco m\u00e1s ancha y baja que una silla de comedor tradicional, por lo que la comodidad es un hecho. <\/span><\/p>\n<p><span data-contrast=\"none\">Esta silla baja de comedor forma parte de una extensa serie que incluye un conjunto de sal\u00f3n, un conjunto de sof\u00e1 y una silla de sal\u00f3n. Cada art\u00edculo lleva el mismo lenguaje de dise\u00f1o reconocible y la misma firma suave. As\u00ed crear\u00e1s un todo en tu espacio exterior, con diferentes ambientes que se complementan entre s\u00ed. <\/span><\/p>\n<p><span data-contrast=\"none\">La cena baja consiste en cenas m\u00e1s largas. M\u00e1s relajadas. Menos prisas. <\/span><br \/>\n<span data-contrast=\"none\">Experimenta lo c\u00f3modo que puede ser estar juntos.<\/span><\/p>\n","protected":false},"featured_media":59338,"comment_status":"closed","ping_status":"closed","template":"","meta":{"_acf_changed":false},"product_brand":[],"product_cat":[801],"product_tag":[],"material":[],"class_list":{"0":"post-59320","1":"product","2":"type-product","3":"status-publish","4":"has-post-thumbnail","6":"product_cat-sillas-de-low-dining","8":"first","9":"instock","10":"shipping-taxable","11":"product-type-simple"},"acf":[],"yoast_head":"<!-- This site is optimized with the Yoast SEO plugin v26.8 - https:\/\/yoast.com\/product\/yoast-seo-wordpress\/ -->\n<title>Descubrir Fiav\u00e8 Silla baja de comedor | SUNS Outdoor Lifestyle<\/title>\n<meta name=\"description\" content=\"\u00bfBuscas una silla de comedor baja Fiav\u00e8? SUNS ofrece sillas de bar Fiav\u00e8 de alta calidad que combinan durabilidad y dise\u00f1o, perfectas para un espacio exterior moderno.\" \/>\n<meta name=\"robots\" content=\"index, follow, max-snippet:-1, max-image-preview:large, max-video-preview:-1\" \/>\n<link rel=\"canonical\" href=\"https:\/\/hello-suns.com\/es\/productos\/fiave-sillas-de-low-dining\/\" \/>\n<meta property=\"og:locale\" content=\"es_ES\" \/>\n<meta property=\"og:type\" content=\"article\" \/>\n<meta property=\"og:title\" content=\"Descubrir Fiav\u00e8 Silla baja de comedor | SUNS Outdoor Lifestyle\" \/>\n<meta property=\"og:description\" content=\"\u00bfBuscas una silla de comedor baja Fiav\u00e8? SUNS ofrece sillas de bar Fiav\u00e8 de alta calidad que combinan durabilidad y dise\u00f1o, perfectas para un espacio exterior moderno.\" \/>\n<meta property=\"og:url\" content=\"https:\/\/hello-suns.com\/es\/productos\/fiave-sillas-de-low-dining\/\" \/>\n<meta property=\"og:site_name\" content=\"SUNS\" \/>\n<meta property=\"article:modified_time\" content=\"2026-03-05T14:19:42+00:00\" \/>\n<meta property=\"og:image\" content=\"https:\/\/hello-suns.com\/app\/uploads\/2026\/03\/Fiave-SUNS-Lowdiningchair-CS-MR-BB-Free-26-1024x683.png\" \/>\n\t<meta property=\"og:image:width\" content=\"1024\" \/>\n\t<meta property=\"og:image:height\" content=\"683\" \/>\n\t<meta property=\"og:image:type\" content=\"image\/png\" \/>\n<meta name=\"twitter:card\" content=\"summary_large_image\" \/>\n<meta name=\"twitter:label1\" content=\"Est. reading time\" \/>\n\t<meta name=\"twitter:data1\" content=\"3 minutes\" \/>\n<script type=\"application\/ld+json\" class=\"yoast-schema-graph\">{\"@context\":\"https:\/\/schema.org\",\"@graph\":[{\"@type\":\"WebPage\",\"@id\":\"https:\/\/hello-suns.com\/es\/productos\/fiave-sillas-de-low-dining\/\",\"url\":\"https:\/\/hello-suns.com\/es\/productos\/fiave-sillas-de-low-dining\/\",\"name\":\"Descubrir Fiav\u00e8 Silla baja de comedor | SUNS Outdoor Lifestyle\",\"isPartOf\":{\"@id\":\"https:\/\/hello-suns.com\/es\/#website\"},\"primaryImageOfPage\":{\"@id\":\"https:\/\/hello-suns.com\/es\/productos\/fiave-sillas-de-low-dining\/#primaryimage\"},\"image\":{\"@id\":\"https:\/\/hello-suns.com\/es\/productos\/fiave-sillas-de-low-dining\/#primaryimage\"},\"thumbnailUrl\":\"https:\/\/hello-suns.com\/app\/uploads\/2026\/03\/Fiave-SUNS-Lowdiningchair-CS-MR-BB-Free-26.png\",\"datePublished\":\"2026-03-05T14:05:56+00:00\",\"dateModified\":\"2026-03-05T14:19:42+00:00\",\"description\":\"\u00bfBuscas una silla de comedor baja Fiav\u00e8? SUNS ofrece sillas de bar Fiav\u00e8 de alta calidad que combinan durabilidad y dise\u00f1o, perfectas para un espacio exterior moderno.\",\"breadcrumb\":{\"@id\":\"https:\/\/hello-suns.com\/es\/productos\/fiave-sillas-de-low-dining\/#breadcrumb\"},\"inLanguage\":\"es-ES\",\"potentialAction\":[{\"@type\":\"ReadAction\",\"target\":[\"https:\/\/hello-suns.com\/es\/productos\/fiave-sillas-de-low-dining\/\"]}]},{\"@type\":\"ImageObject\",\"inLanguage\":\"es-ES\",\"@id\":\"https:\/\/hello-suns.com\/es\/productos\/fiave-sillas-de-low-dining\/#primaryimage\",\"url\":\"https:\/\/hello-suns.com\/app\/uploads\/2026\/03\/Fiave-SUNS-Lowdiningchair-CS-MR-BB-Free-26.png\",\"contentUrl\":\"https:\/\/hello-suns.com\/app\/uploads\/2026\/03\/Fiave-SUNS-Lowdiningchair-CS-MR-BB-Free-26.png\",\"width\":3240,\"height\":2160},{\"@type\":\"BreadcrumbList\",\"@id\":\"https:\/\/hello-suns.com\/es\/productos\/fiave-sillas-de-low-dining\/#breadcrumb\",\"itemListElement\":[{\"@type\":\"ListItem\",\"position\":1,\"name\":\"\",\"item\":\"https:\/\/hello-suns.com\/es\/\"},{\"@type\":\"ListItem\",\"position\":2,\"name\":\"Productos\",\"item\":\"https:\/\/hello-suns.com\/es\/productos\/\"},{\"@type\":\"ListItem\",\"position\":3,\"name\":\"Fiav\u00e8\"}]},{\"@type\":\"WebSite\",\"@id\":\"https:\/\/hello-suns.com\/es\/#website\",\"url\":\"https:\/\/hello-suns.com\/es\/\",\"name\":\"SUNS\",\"description\":\"Outdoor Lifestyle\",\"potentialAction\":[{\"@type\":\"SearchAction\",\"target\":{\"@type\":\"EntryPoint\",\"urlTemplate\":\"https:\/\/hello-suns.com\/es\/?s={search_term_string}\"},\"query-input\":{\"@type\":\"PropertyValueSpecification\",\"valueRequired\":true,\"valueName\":\"search_term_string\"}}],\"inLanguage\":\"es-ES\"}]}<\/script>\n<!-- \/ Yoast SEO plugin. -->","yoast_head_json":{"title":"Descubrir Fiav\u00e8 Silla baja de comedor | SUNS Outdoor Lifestyle","description":"\u00bfBuscas una silla de comedor baja Fiav\u00e8? SUNS ofrece sillas de bar Fiav\u00e8 de alta calidad que combinan durabilidad y dise\u00f1o, perfectas para un espacio exterior moderno.","robots":{"index":"index","follow":"follow","max-snippet":"max-snippet:-1","max-image-preview":"max-image-preview:large","max-video-preview":"max-video-preview:-1"},"canonical":"https:\/\/hello-suns.com\/es\/productos\/fiave-sillas-de-low-dining\/","og_locale":"es_ES","og_type":"article","og_title":"Descubrir Fiav\u00e8 Silla baja de comedor | SUNS Outdoor Lifestyle","og_description":"\u00bfBuscas una silla de comedor baja Fiav\u00e8? SUNS ofrece sillas de bar Fiav\u00e8 de alta calidad que combinan durabilidad y dise\u00f1o, perfectas para un espacio exterior moderno.","og_url":"https:\/\/hello-suns.com\/es\/productos\/fiave-sillas-de-low-dining\/","og_site_name":"SUNS","article_modified_time":"2026-03-05T14:19:42+00:00","og_image":[{"width":1024,"height":683,"url":"https:\/\/hello-suns.com\/app\/uploads\/2026\/03\/Fiave-SUNS-Lowdiningchair-CS-MR-BB-Free-26-1024x683.png","type":"image\/png"}],"twitter_card":"summary_large_image","twitter_misc":{"Est. reading time":"3 minutes"},"schema":{"@context":"https:\/\/schema.org","@graph":[{"@type":"WebPage","@id":"https:\/\/hello-suns.com\/es\/productos\/fiave-sillas-de-low-dining\/","url":"https:\/\/hello-suns.com\/es\/productos\/fiave-sillas-de-low-dining\/","name":"Descubrir Fiav\u00e8 Silla baja de comedor | SUNS Outdoor Lifestyle","isPartOf":{"@id":"https:\/\/hello-suns.com\/es\/#website"},"primaryImageOfPage":{"@id":"https:\/\/hello-suns.com\/es\/productos\/fiave-sillas-de-low-dining\/#primaryimage"},"image":{"@id":"https:\/\/hello-suns.com\/es\/productos\/fiave-sillas-de-low-dining\/#primaryimage"},"thumbnailUrl":"https:\/\/hello-suns.com\/app\/uploads\/2026\/03\/Fiave-SUNS-Lowdiningchair-CS-MR-BB-Free-26.png","datePublished":"2026-03-05T14:05:56+00:00","dateModified":"2026-03-05T14:19:42+00:00","description":"\u00bfBuscas una silla de comedor baja Fiav\u00e8? SUNS ofrece sillas de bar Fiav\u00e8 de alta calidad que combinan durabilidad y dise\u00f1o, perfectas para un espacio exterior moderno.","breadcrumb":{"@id":"https:\/\/hello-suns.com\/es\/productos\/fiave-sillas-de-low-dining\/#breadcrumb"},"inLanguage":"es-ES","potentialAction":[{"@type":"ReadAction","target":["https:\/\/hello-suns.com\/es\/productos\/fiave-sillas-de-low-dining\/"]}]},{"@type":"ImageObject","inLanguage":"es-ES","@id":"https:\/\/hello-suns.com\/es\/productos\/fiave-sillas-de-low-dining\/#primaryimage","url":"https:\/\/hello-suns.com\/app\/uploads\/2026\/03\/Fiave-SUNS-Lowdiningchair-CS-MR-BB-Free-26.png","contentUrl":"https:\/\/hello-suns.com\/app\/uploads\/2026\/03\/Fiave-SUNS-Lowdiningchair-CS-MR-BB-Free-26.png","width":3240,"height":2160},{"@type":"BreadcrumbList","@id":"https:\/\/hello-suns.com\/es\/productos\/fiave-sillas-de-low-dining\/#breadcrumb","itemListElement":[{"@type":"ListItem","position":1,"name":"","item":"https:\/\/hello-suns.com\/es\/"},{"@type":"ListItem","position":2,"name":"Productos","item":"https:\/\/hello-suns.com\/es\/productos\/"},{"@type":"ListItem","position":3,"name":"Fiav\u00e8"}]},{"@type":"WebSite","@id":"https:\/\/hello-suns.com\/es\/#website","url":"https:\/\/hello-suns.com\/es\/","name":"SUNS","description":"Outdoor Lifestyle","potentialAction":[{"@type":"SearchAction","target":{"@type":"EntryPoint","urlTemplate":"https:\/\/hello-suns.com\/es\/?s={search_term_string}"},"query-input":{"@type":"PropertyValueSpecification","valueRequired":true,"valueName":"search_term_string"}}],"inLanguage":"es-ES"}]}},"_links":{"self":[{"href":"https:\/\/hello-suns.com\/es\/wp-json\/wp\/v2\/product\/59320","targetHints":{"allow":["GET"]}}],"collection":[{"href":"https:\/\/hello-suns.com\/es\/wp-json\/wp\/v2\/product"}],"about":[{"href":"https:\/\/hello-suns.com\/es\/wp-json\/wp\/v2\/types\/product"}],"replies":[{"embeddable":true,"href":"https:\/\/hello-suns.com\/es\/wp-json\/wp\/v2\/comments?post=59320"}],"wp:featuredmedia":[{"embeddable":true,"href":"https:\/\/hello-suns.com\/es\/wp-json\/wp\/v2\/media\/59338"}],"wp:attachment":[{"href":"https:\/\/hello-suns.com\/es\/wp-json\/wp\/v2\/media?parent=59320"}],"wp:term":[{"taxonomy":"product_brand","embeddable":true,"href":"https:\/\/hello-suns.com\/es\/wp-json\/wp\/v2\/product_brand?post=59320"},{"taxonomy":"product_cat","embeddable":true,"href":"https:\/\/hello-suns.com\/es\/wp-json\/wp\/v2\/product_cat?post=59320"},{"taxonomy":"product_tag","embeddable":true,"href":"https:\/\/hello-suns.com\/es\/wp-json\/wp\/v2\/product_tag?post=59320"},{"taxonomy":"material","embeddable":true,"href":"https:\/\/hello-suns.com\/es\/wp-json\/wp\/v2\/material?post=59320"}],"curies":[{"name":"wp","href":"https:\/\/api.w.org\/{rel}","templated":true}]}}