{"id":58680,"date":"2026-03-04T15:22:36","date_gmt":"2026-03-04T14:22:36","guid":{"rendered":"https:\/\/hello-suns.com\/?post_type=product&#038;p=58680"},"modified":"2026-03-05T14:56:32","modified_gmt":"2026-03-05T13:56:32","slug":"rondello-jarrones","status":"publish","type":"product","link":"https:\/\/hello-suns.com\/es\/productos\/rondello-jarrones\/","title":{"rendered":"Rondello"},"content":{"rendered":"<h2><span data-teams=\"true\">Dise\u00f1o que da espacio al verde<\/span><\/h2>\n<p><span data-teams=\"true\">Rondello da a las plantas el lugar que se merecen. Su forma suave y org\u00e1nica y su superficie con car\u00e1cter hacen de esta maceta un elegante reclamo que a\u00fana vegetaci\u00f3n y espacio exterior con naturalidad. <\/span><\/p>\n","protected":false},"excerpt":{"rendered":"<p>La serie Rondello se caracteriza por sus formas suaves y org\u00e1nicas y su aire terrenal. Las l\u00edneas redondeadas dan al dise\u00f1o un equilibrio natural, mientras que el acabado sutilmente rugoso a\u00f1ade profundidad. Rondello est\u00e1 disponible como maceta y como jarr\u00f3n, en tres colores con car\u00e1cter: Marr\u00f3n ceniza, Arena camello y Ladrillo. Tonos c\u00e1lidos que combinan a la perfecci\u00f3n con la teca, el aluminio y las telas de exterior.<\/p>\n<p>Rondello muestra lo que ocurre cuando la creatividad y la experiencia se refuerzan mutuamente. Dos marcas holandesas con su propia historia, unidas por una visi\u00f3n compartida del lujo atemporal y la vida al aire libre. Orgullosamente en colaboraci\u00f3n con Luca Lifestyle.<\/p>\n","protected":false},"featured_media":58787,"comment_status":"open","ping_status":"closed","template":"","meta":{"_acf_changed":false},"product_brand":[],"product_cat":[826],"product_tag":[],"material":[],"class_list":{"0":"post-58680","1":"product","2":"type-product","3":"status-publish","4":"has-post-thumbnail","6":"product_cat-jarrones","8":"first","9":"instock","10":"shipping-taxable","11":"product-type-simple"},"acf":[],"yoast_head":"<!-- This site is optimized with the Yoast SEO plugin v26.8 - https:\/\/yoast.com\/product\/yoast-seo-wordpress\/ -->\n<title>Rondello - SUNS Outdoor Lifestyle<\/title>\n<meta name=\"description\" content=\"\u00bfBuscas una elegante maceta Rondello? SUNS ofrece l\u00e1mparas de exterior modernas y duraderas que combinan a la perfecci\u00f3n ambiente y dise\u00f1o contempor\u00e1neo para cualquier jard\u00edn.\" \/>\n<meta name=\"robots\" content=\"index, follow, max-snippet:-1, max-image-preview:large, max-video-preview:-1\" \/>\n<link rel=\"canonical\" href=\"https:\/\/hello-suns.com\/es\/productos\/rondello-jarrones\/\" \/>\n<meta property=\"og:locale\" content=\"es_ES\" \/>\n<meta property=\"og:type\" content=\"article\" \/>\n<meta property=\"og:title\" content=\"Rondello - SUNS Outdoor Lifestyle\" \/>\n<meta property=\"og:description\" content=\"\u00bfBuscas una elegante maceta Rondello? SUNS ofrece l\u00e1mparas de exterior modernas y duraderas que combinan a la perfecci\u00f3n ambiente y dise\u00f1o contempor\u00e1neo para cualquier jard\u00edn.\" \/>\n<meta property=\"og:url\" content=\"https:\/\/hello-suns.com\/es\/productos\/rondello-jarrones\/\" \/>\n<meta property=\"og:site_name\" content=\"SUNS\" \/>\n<meta property=\"article:modified_time\" content=\"2026-03-05T13:56:32+00:00\" \/>\n<meta property=\"og:image\" content=\"https:\/\/hello-suns.com\/app\/uploads\/2026\/03\/Rondello-XL-SUNS-Vase-WH-Free-26-1.png\" \/>\n\t<meta property=\"og:image:width\" content=\"3840\" \/>\n\t<meta property=\"og:image:height\" content=\"2560\" \/>\n\t<meta property=\"og:image:type\" content=\"image\/png\" \/>\n<meta name=\"twitter:card\" content=\"summary_large_image\" \/>\n<meta name=\"twitter:label1\" content=\"Est. reading time\" \/>\n\t<meta name=\"twitter:data1\" content=\"5 minutes\" \/>\n<script type=\"application\/ld+json\" class=\"yoast-schema-graph\">{\"@context\":\"https:\/\/schema.org\",\"@graph\":[{\"@type\":\"WebPage\",\"@id\":\"https:\/\/hello-suns.com\/es\/productos\/rondello-jarrones\/\",\"url\":\"https:\/\/hello-suns.com\/es\/productos\/rondello-jarrones\/\",\"name\":\"Rondello - SUNS Outdoor Lifestyle\",\"isPartOf\":{\"@id\":\"https:\/\/hello-suns.com\/es\/#website\"},\"primaryImageOfPage\":{\"@id\":\"https:\/\/hello-suns.com\/es\/productos\/rondello-jarrones\/#primaryimage\"},\"image\":{\"@id\":\"https:\/\/hello-suns.com\/es\/productos\/rondello-jarrones\/#primaryimage\"},\"thumbnailUrl\":\"https:\/\/hello-suns.com\/app\/uploads\/2026\/03\/Rondello-XL-SUNS-Vase-WH-Free-26-1.png\",\"datePublished\":\"2026-03-04T14:22:36+00:00\",\"dateModified\":\"2026-03-05T13:56:32+00:00\",\"description\":\"\u00bfBuscas una elegante maceta Rondello? SUNS ofrece l\u00e1mparas de exterior modernas y duraderas que combinan a la perfecci\u00f3n ambiente y dise\u00f1o contempor\u00e1neo para cualquier jard\u00edn.\",\"breadcrumb\":{\"@id\":\"https:\/\/hello-suns.com\/es\/productos\/rondello-jarrones\/#breadcrumb\"},\"inLanguage\":\"es-ES\",\"potentialAction\":[{\"@type\":\"ReadAction\",\"target\":[\"https:\/\/hello-suns.com\/es\/productos\/rondello-jarrones\/\"]}]},{\"@type\":\"ImageObject\",\"inLanguage\":\"es-ES\",\"@id\":\"https:\/\/hello-suns.com\/es\/productos\/rondello-jarrones\/#primaryimage\",\"url\":\"https:\/\/hello-suns.com\/app\/uploads\/2026\/03\/Rondello-XL-SUNS-Vase-WH-Free-26-1.png\",\"contentUrl\":\"https:\/\/hello-suns.com\/app\/uploads\/2026\/03\/Rondello-XL-SUNS-Vase-WH-Free-26-1.png\",\"width\":3840,\"height\":2560},{\"@type\":\"BreadcrumbList\",\"@id\":\"https:\/\/hello-suns.com\/es\/productos\/rondello-jarrones\/#breadcrumb\",\"itemListElement\":[{\"@type\":\"ListItem\",\"position\":1,\"name\":\"\",\"item\":\"https:\/\/hello-suns.com\/es\/\"},{\"@type\":\"ListItem\",\"position\":2,\"name\":\"Productos\",\"item\":\"https:\/\/hello-suns.com\/es\/productos\/\"},{\"@type\":\"ListItem\",\"position\":3,\"name\":\"Rondello\"}]},{\"@type\":\"WebSite\",\"@id\":\"https:\/\/hello-suns.com\/es\/#website\",\"url\":\"https:\/\/hello-suns.com\/es\/\",\"name\":\"SUNS\",\"description\":\"Outdoor Lifestyle\",\"potentialAction\":[{\"@type\":\"SearchAction\",\"target\":{\"@type\":\"EntryPoint\",\"urlTemplate\":\"https:\/\/hello-suns.com\/es\/?s={search_term_string}\"},\"query-input\":{\"@type\":\"PropertyValueSpecification\",\"valueRequired\":true,\"valueName\":\"search_term_string\"}}],\"inLanguage\":\"es-ES\"}]}<\/script>\n<!-- \/ Yoast SEO plugin. -->","yoast_head_json":{"title":"Rondello - SUNS Outdoor Lifestyle","description":"\u00bfBuscas una elegante maceta Rondello? SUNS ofrece l\u00e1mparas de exterior modernas y duraderas que combinan a la perfecci\u00f3n ambiente y dise\u00f1o contempor\u00e1neo para cualquier jard\u00edn.","robots":{"index":"index","follow":"follow","max-snippet":"max-snippet:-1","max-image-preview":"max-image-preview:large","max-video-preview":"max-video-preview:-1"},"canonical":"https:\/\/hello-suns.com\/es\/productos\/rondello-jarrones\/","og_locale":"es_ES","og_type":"article","og_title":"Rondello - SUNS Outdoor Lifestyle","og_description":"\u00bfBuscas una elegante maceta Rondello? SUNS ofrece l\u00e1mparas de exterior modernas y duraderas que combinan a la perfecci\u00f3n ambiente y dise\u00f1o contempor\u00e1neo para cualquier jard\u00edn.","og_url":"https:\/\/hello-suns.com\/es\/productos\/rondello-jarrones\/","og_site_name":"SUNS","article_modified_time":"2026-03-05T13:56:32+00:00","og_image":[{"width":3840,"height":2560,"url":"https:\/\/hello-suns.com\/app\/uploads\/2026\/03\/Rondello-XL-SUNS-Vase-WH-Free-26-1.png","type":"image\/png"}],"twitter_card":"summary_large_image","twitter_misc":{"Est. reading time":"5 minutes"},"schema":{"@context":"https:\/\/schema.org","@graph":[{"@type":"WebPage","@id":"https:\/\/hello-suns.com\/es\/productos\/rondello-jarrones\/","url":"https:\/\/hello-suns.com\/es\/productos\/rondello-jarrones\/","name":"Rondello - SUNS Outdoor Lifestyle","isPartOf":{"@id":"https:\/\/hello-suns.com\/es\/#website"},"primaryImageOfPage":{"@id":"https:\/\/hello-suns.com\/es\/productos\/rondello-jarrones\/#primaryimage"},"image":{"@id":"https:\/\/hello-suns.com\/es\/productos\/rondello-jarrones\/#primaryimage"},"thumbnailUrl":"https:\/\/hello-suns.com\/app\/uploads\/2026\/03\/Rondello-XL-SUNS-Vase-WH-Free-26-1.png","datePublished":"2026-03-04T14:22:36+00:00","dateModified":"2026-03-05T13:56:32+00:00","description":"\u00bfBuscas una elegante maceta Rondello? SUNS ofrece l\u00e1mparas de exterior modernas y duraderas que combinan a la perfecci\u00f3n ambiente y dise\u00f1o contempor\u00e1neo para cualquier jard\u00edn.","breadcrumb":{"@id":"https:\/\/hello-suns.com\/es\/productos\/rondello-jarrones\/#breadcrumb"},"inLanguage":"es-ES","potentialAction":[{"@type":"ReadAction","target":["https:\/\/hello-suns.com\/es\/productos\/rondello-jarrones\/"]}]},{"@type":"ImageObject","inLanguage":"es-ES","@id":"https:\/\/hello-suns.com\/es\/productos\/rondello-jarrones\/#primaryimage","url":"https:\/\/hello-suns.com\/app\/uploads\/2026\/03\/Rondello-XL-SUNS-Vase-WH-Free-26-1.png","contentUrl":"https:\/\/hello-suns.com\/app\/uploads\/2026\/03\/Rondello-XL-SUNS-Vase-WH-Free-26-1.png","width":3840,"height":2560},{"@type":"BreadcrumbList","@id":"https:\/\/hello-suns.com\/es\/productos\/rondello-jarrones\/#breadcrumb","itemListElement":[{"@type":"ListItem","position":1,"name":"","item":"https:\/\/hello-suns.com\/es\/"},{"@type":"ListItem","position":2,"name":"Productos","item":"https:\/\/hello-suns.com\/es\/productos\/"},{"@type":"ListItem","position":3,"name":"Rondello"}]},{"@type":"WebSite","@id":"https:\/\/hello-suns.com\/es\/#website","url":"https:\/\/hello-suns.com\/es\/","name":"SUNS","description":"Outdoor Lifestyle","potentialAction":[{"@type":"SearchAction","target":{"@type":"EntryPoint","urlTemplate":"https:\/\/hello-suns.com\/es\/?s={search_term_string}"},"query-input":{"@type":"PropertyValueSpecification","valueRequired":true,"valueName":"search_term_string"}}],"inLanguage":"es-ES"}]}},"_links":{"self":[{"href":"https:\/\/hello-suns.com\/es\/wp-json\/wp\/v2\/product\/58680","targetHints":{"allow":["GET"]}}],"collection":[{"href":"https:\/\/hello-suns.com\/es\/wp-json\/wp\/v2\/product"}],"about":[{"href":"https:\/\/hello-suns.com\/es\/wp-json\/wp\/v2\/types\/product"}],"replies":[{"embeddable":true,"href":"https:\/\/hello-suns.com\/es\/wp-json\/wp\/v2\/comments?post=58680"}],"wp:featuredmedia":[{"embeddable":true,"href":"https:\/\/hello-suns.com\/es\/wp-json\/wp\/v2\/media\/58787"}],"wp:attachment":[{"href":"https:\/\/hello-suns.com\/es\/wp-json\/wp\/v2\/media?parent=58680"}],"wp:term":[{"taxonomy":"product_brand","embeddable":true,"href":"https:\/\/hello-suns.com\/es\/wp-json\/wp\/v2\/product_brand?post=58680"},{"taxonomy":"product_cat","embeddable":true,"href":"https:\/\/hello-suns.com\/es\/wp-json\/wp\/v2\/product_cat?post=58680"},{"taxonomy":"product_tag","embeddable":true,"href":"https:\/\/hello-suns.com\/es\/wp-json\/wp\/v2\/product_tag?post=58680"},{"taxonomy":"material","embeddable":true,"href":"https:\/\/hello-suns.com\/es\/wp-json\/wp\/v2\/material?post=58680"}],"curies":[{"name":"wp","href":"https:\/\/api.w.org\/{rel}","templated":true}]}}