{"id":58403,"date":"2026-03-04T08:57:10","date_gmt":"2026-03-04T07:57:10","guid":{"rendered":"https:\/\/hello-suns.com\/?post_type=product&#038;p=58403"},"modified":"2026-03-04T09:21:26","modified_gmt":"2026-03-04T08:21:26","slug":"kota-ronda","status":"publish","type":"product","link":"https:\/\/hello-suns.com\/es\/productos\/kota-ronda\/","title":{"rendered":"Kota | ronda"},"content":{"rendered":"<h2 style=\"font-weight: 400;\">Jugar con los elementos<\/h2>\n<p style=\"font-weight: 400;\">Sigue sorprendi\u00e9ndote con las infinitas posibilidades que te ofrece SUNS Kota. Juega con los distintos elementos y haz de tu jard\u00edn el lugar definitivo al que volver a casa. \u00bfJuguet\u00f3n, resistente, elegante o sutil? Este conjunto es tan flexible como t\u00fa.<\/p>\n","protected":false},"excerpt":{"rendered":"<h3 style=\"font-weight: 400;\">Baja holgazaner\u00eda, alta calidad<\/h3>\n<p style=\"font-weight: 400;\">Te presentamos el Kota: un conjunto de tumbona que combina a la perfecci\u00f3n el aluminio y la teca natural. El Kota es de tipo tumbona baja, lo que significa que el bastidor sobre el que descansa el asiento est\u00e1 colocado muy bajo. Es la forma cl\u00e1sica de tumbarse: relajarse con la familia y los amigos y disfrutar de la noche de verano desde abajo. El conjunto de tumbona Kota est\u00e1 equipado con un generoso asiento y cojines de respaldo de Quick Dry Foam\u00ae. Esto hace que el conjunto sea maravillosamente c\u00f3modo y se seque en un santiam\u00e9n despu\u00e9s de un chaparr\u00f3n. Adem\u00e1s, se trata de un conjunto de sal\u00f3n dentro de la gama You Create. Kota consta de varios elementos individuales que puedes combinar infinitamente. Sof\u00e1s de dos o tres plazas, un rinc\u00f3n, mesas auxiliares o no, una combinaci\u00f3n con una chaise longue: t\u00fa decides. Kota tambi\u00e9n est\u00e1 disponible como conjunto de sof\u00e1 con dos sof\u00e1s independientes y como sof\u00e1 cama.<\/p>\n","protected":false},"featured_media":58415,"comment_status":"closed","ping_status":"closed","template":"","meta":{"_acf_changed":false},"product_brand":[],"product_cat":[799,797],"product_tag":[],"material":[],"class_list":{"0":"post-58403","1":"product","2":"type-product","3":"status-publish","4":"has-post-thumbnail","6":"product_cat-conjuntos-de-salon","7":"product_cat-you-create-es","9":"first","10":"instock","11":"shipping-taxable","12":"product-type-simple"},"acf":[],"yoast_head":"<!-- This site is optimized with the Yoast SEO plugin v26.8 - https:\/\/yoast.com\/product\/yoast-seo-wordpress\/ -->\n<title>Descubre el Juego de Tumbonas Kota - redondo | SUNS Outdoor Lifestyle<\/title>\n<meta name=\"description\" content=\"\u00bfBuscas un elegante conjunto de sal\u00f3n Kota? SUNS ofrece conjuntos de sal\u00f3n de lujo que combinan a la perfecci\u00f3n comodidad, durabilidad y dise\u00f1o moderno.\" \/>\n<meta name=\"robots\" content=\"index, follow, max-snippet:-1, max-image-preview:large, max-video-preview:-1\" \/>\n<link rel=\"canonical\" href=\"https:\/\/hello-suns.com\/es\/productos\/kota-ronda\/\" \/>\n<meta property=\"og:locale\" content=\"es_ES\" \/>\n<meta property=\"og:type\" content=\"article\" \/>\n<meta property=\"og:title\" content=\"Descubre el Juego de Tumbonas Kota - redondo | SUNS Outdoor Lifestyle\" \/>\n<meta property=\"og:description\" content=\"\u00bfBuscas un elegante conjunto de sal\u00f3n Kota? SUNS ofrece conjuntos de sal\u00f3n de lujo que combinan a la perfecci\u00f3n comodidad, durabilidad y dise\u00f1o moderno.\" \/>\n<meta property=\"og:url\" content=\"https:\/\/hello-suns.com\/es\/productos\/kota-ronda\/\" \/>\n<meta property=\"og:site_name\" content=\"SUNS\" \/>\n<meta property=\"article:modified_time\" content=\"2026-03-04T08:21:26+00:00\" \/>\n<meta property=\"og:image\" content=\"https:\/\/hello-suns.com\/app\/uploads\/2026\/03\/Kota-rond-SUNS-Loungeset-CS-LTG-Free-25-1-2500.png\" \/>\n\t<meta property=\"og:image:width\" content=\"2500\" \/>\n\t<meta property=\"og:image:height\" content=\"1667\" \/>\n\t<meta property=\"og:image:type\" content=\"image\/png\" \/>\n<meta name=\"twitter:card\" content=\"summary_large_image\" \/>\n<meta name=\"twitter:label1\" content=\"Est. reading time\" \/>\n\t<meta name=\"twitter:data1\" content=\"2 minutes\" \/>\n<script type=\"application\/ld+json\" class=\"yoast-schema-graph\">{\"@context\":\"https:\/\/schema.org\",\"@graph\":[{\"@type\":\"WebPage\",\"@id\":\"https:\/\/hello-suns.com\/es\/productos\/kota-ronda\/\",\"url\":\"https:\/\/hello-suns.com\/es\/productos\/kota-ronda\/\",\"name\":\"Descubre el Juego de Tumbonas Kota - redondo | SUNS Outdoor Lifestyle\",\"isPartOf\":{\"@id\":\"https:\/\/hello-suns.com\/es\/#website\"},\"primaryImageOfPage\":{\"@id\":\"https:\/\/hello-suns.com\/es\/productos\/kota-ronda\/#primaryimage\"},\"image\":{\"@id\":\"https:\/\/hello-suns.com\/es\/productos\/kota-ronda\/#primaryimage\"},\"thumbnailUrl\":\"https:\/\/hello-suns.com\/app\/uploads\/2026\/03\/Kota-rond-SUNS-Loungeset-CS-LTG-Free-25-1-2500.png\",\"datePublished\":\"2026-03-04T07:57:10+00:00\",\"dateModified\":\"2026-03-04T08:21:26+00:00\",\"description\":\"\u00bfBuscas un elegante conjunto de sal\u00f3n Kota? SUNS ofrece conjuntos de sal\u00f3n de lujo que combinan a la perfecci\u00f3n comodidad, durabilidad y dise\u00f1o moderno.\",\"breadcrumb\":{\"@id\":\"https:\/\/hello-suns.com\/es\/productos\/kota-ronda\/#breadcrumb\"},\"inLanguage\":\"es-ES\",\"potentialAction\":[{\"@type\":\"ReadAction\",\"target\":[\"https:\/\/hello-suns.com\/es\/productos\/kota-ronda\/\"]}]},{\"@type\":\"ImageObject\",\"inLanguage\":\"es-ES\",\"@id\":\"https:\/\/hello-suns.com\/es\/productos\/kota-ronda\/#primaryimage\",\"url\":\"https:\/\/hello-suns.com\/app\/uploads\/2026\/03\/Kota-rond-SUNS-Loungeset-CS-LTG-Free-25-1-2500.png\",\"contentUrl\":\"https:\/\/hello-suns.com\/app\/uploads\/2026\/03\/Kota-rond-SUNS-Loungeset-CS-LTG-Free-25-1-2500.png\",\"width\":2500,\"height\":1667},{\"@type\":\"BreadcrumbList\",\"@id\":\"https:\/\/hello-suns.com\/es\/productos\/kota-ronda\/#breadcrumb\",\"itemListElement\":[{\"@type\":\"ListItem\",\"position\":1,\"name\":\"\",\"item\":\"https:\/\/hello-suns.com\/es\/\"},{\"@type\":\"ListItem\",\"position\":2,\"name\":\"Productos\",\"item\":\"https:\/\/hello-suns.com\/es\/productos\/\"},{\"@type\":\"ListItem\",\"position\":3,\"name\":\"Kota | ronda\"}]},{\"@type\":\"WebSite\",\"@id\":\"https:\/\/hello-suns.com\/es\/#website\",\"url\":\"https:\/\/hello-suns.com\/es\/\",\"name\":\"SUNS\",\"description\":\"Outdoor Lifestyle\",\"potentialAction\":[{\"@type\":\"SearchAction\",\"target\":{\"@type\":\"EntryPoint\",\"urlTemplate\":\"https:\/\/hello-suns.com\/es\/?s={search_term_string}\"},\"query-input\":{\"@type\":\"PropertyValueSpecification\",\"valueRequired\":true,\"valueName\":\"search_term_string\"}}],\"inLanguage\":\"es-ES\"}]}<\/script>\n<!-- \/ Yoast SEO plugin. -->","yoast_head_json":{"title":"Descubre el Juego de Tumbonas Kota - redondo | SUNS Outdoor Lifestyle","description":"\u00bfBuscas un elegante conjunto de sal\u00f3n Kota? SUNS ofrece conjuntos de sal\u00f3n de lujo que combinan a la perfecci\u00f3n comodidad, durabilidad y dise\u00f1o moderno.","robots":{"index":"index","follow":"follow","max-snippet":"max-snippet:-1","max-image-preview":"max-image-preview:large","max-video-preview":"max-video-preview:-1"},"canonical":"https:\/\/hello-suns.com\/es\/productos\/kota-ronda\/","og_locale":"es_ES","og_type":"article","og_title":"Descubre el Juego de Tumbonas Kota - redondo | SUNS Outdoor Lifestyle","og_description":"\u00bfBuscas un elegante conjunto de sal\u00f3n Kota? SUNS ofrece conjuntos de sal\u00f3n de lujo que combinan a la perfecci\u00f3n comodidad, durabilidad y dise\u00f1o moderno.","og_url":"https:\/\/hello-suns.com\/es\/productos\/kota-ronda\/","og_site_name":"SUNS","article_modified_time":"2026-03-04T08:21:26+00:00","og_image":[{"width":2500,"height":1667,"url":"https:\/\/hello-suns.com\/app\/uploads\/2026\/03\/Kota-rond-SUNS-Loungeset-CS-LTG-Free-25-1-2500.png","type":"image\/png"}],"twitter_card":"summary_large_image","twitter_misc":{"Est. reading time":"2 minutes"},"schema":{"@context":"https:\/\/schema.org","@graph":[{"@type":"WebPage","@id":"https:\/\/hello-suns.com\/es\/productos\/kota-ronda\/","url":"https:\/\/hello-suns.com\/es\/productos\/kota-ronda\/","name":"Descubre el Juego de Tumbonas Kota - redondo | SUNS Outdoor Lifestyle","isPartOf":{"@id":"https:\/\/hello-suns.com\/es\/#website"},"primaryImageOfPage":{"@id":"https:\/\/hello-suns.com\/es\/productos\/kota-ronda\/#primaryimage"},"image":{"@id":"https:\/\/hello-suns.com\/es\/productos\/kota-ronda\/#primaryimage"},"thumbnailUrl":"https:\/\/hello-suns.com\/app\/uploads\/2026\/03\/Kota-rond-SUNS-Loungeset-CS-LTG-Free-25-1-2500.png","datePublished":"2026-03-04T07:57:10+00:00","dateModified":"2026-03-04T08:21:26+00:00","description":"\u00bfBuscas un elegante conjunto de sal\u00f3n Kota? SUNS ofrece conjuntos de sal\u00f3n de lujo que combinan a la perfecci\u00f3n comodidad, durabilidad y dise\u00f1o moderno.","breadcrumb":{"@id":"https:\/\/hello-suns.com\/es\/productos\/kota-ronda\/#breadcrumb"},"inLanguage":"es-ES","potentialAction":[{"@type":"ReadAction","target":["https:\/\/hello-suns.com\/es\/productos\/kota-ronda\/"]}]},{"@type":"ImageObject","inLanguage":"es-ES","@id":"https:\/\/hello-suns.com\/es\/productos\/kota-ronda\/#primaryimage","url":"https:\/\/hello-suns.com\/app\/uploads\/2026\/03\/Kota-rond-SUNS-Loungeset-CS-LTG-Free-25-1-2500.png","contentUrl":"https:\/\/hello-suns.com\/app\/uploads\/2026\/03\/Kota-rond-SUNS-Loungeset-CS-LTG-Free-25-1-2500.png","width":2500,"height":1667},{"@type":"BreadcrumbList","@id":"https:\/\/hello-suns.com\/es\/productos\/kota-ronda\/#breadcrumb","itemListElement":[{"@type":"ListItem","position":1,"name":"","item":"https:\/\/hello-suns.com\/es\/"},{"@type":"ListItem","position":2,"name":"Productos","item":"https:\/\/hello-suns.com\/es\/productos\/"},{"@type":"ListItem","position":3,"name":"Kota | ronda"}]},{"@type":"WebSite","@id":"https:\/\/hello-suns.com\/es\/#website","url":"https:\/\/hello-suns.com\/es\/","name":"SUNS","description":"Outdoor Lifestyle","potentialAction":[{"@type":"SearchAction","target":{"@type":"EntryPoint","urlTemplate":"https:\/\/hello-suns.com\/es\/?s={search_term_string}"},"query-input":{"@type":"PropertyValueSpecification","valueRequired":true,"valueName":"search_term_string"}}],"inLanguage":"es-ES"}]}},"_links":{"self":[{"href":"https:\/\/hello-suns.com\/es\/wp-json\/wp\/v2\/product\/58403","targetHints":{"allow":["GET"]}}],"collection":[{"href":"https:\/\/hello-suns.com\/es\/wp-json\/wp\/v2\/product"}],"about":[{"href":"https:\/\/hello-suns.com\/es\/wp-json\/wp\/v2\/types\/product"}],"replies":[{"embeddable":true,"href":"https:\/\/hello-suns.com\/es\/wp-json\/wp\/v2\/comments?post=58403"}],"wp:featuredmedia":[{"embeddable":true,"href":"https:\/\/hello-suns.com\/es\/wp-json\/wp\/v2\/media\/58415"}],"wp:attachment":[{"href":"https:\/\/hello-suns.com\/es\/wp-json\/wp\/v2\/media?parent=58403"}],"wp:term":[{"taxonomy":"product_brand","embeddable":true,"href":"https:\/\/hello-suns.com\/es\/wp-json\/wp\/v2\/product_brand?post=58403"},{"taxonomy":"product_cat","embeddable":true,"href":"https:\/\/hello-suns.com\/es\/wp-json\/wp\/v2\/product_cat?post=58403"},{"taxonomy":"product_tag","embeddable":true,"href":"https:\/\/hello-suns.com\/es\/wp-json\/wp\/v2\/product_tag?post=58403"},{"taxonomy":"material","embeddable":true,"href":"https:\/\/hello-suns.com\/es\/wp-json\/wp\/v2\/material?post=58403"}],"curies":[{"name":"wp","href":"https:\/\/api.w.org\/{rel}","templated":true}]}}