{"id":58397,"date":"2026-03-04T08:56:32","date_gmt":"2026-03-04T07:56:32","guid":{"rendered":"https:\/\/hello-suns.com\/?post_type=product&#038;p=58397"},"modified":"2026-03-04T12:02:02","modified_gmt":"2026-03-04T11:02:02","slug":"nova-conjuntos-de-bar","status":"publish","type":"product","link":"https:\/\/hello-suns.com\/es\/productos\/nova-conjuntos-de-bar\/","title":{"rendered":"Nova"},"content":{"rendered":"<h2 style=\"font-weight: 400;\">Donde las conversaciones duran naturalmente m\u00e1s<\/h2>\n<p style=\"font-weight: 400;\">La mesa baja de bar Nova aporta una nueva forma de comer al aire libre. M\u00e1s baja que una mesa de bar cl\u00e1sica, m\u00e1s alta que una mesa de comedor. Justo en ese c\u00f3modo punto medio en el que los asientos relajados y la socializaci\u00f3n animada se unen de forma natural.<\/p>\n","protected":false},"excerpt":{"rendered":"<h3 style=\"font-weight: 400;\">Tablero resistente a los ara\u00f1azos hecho de material 100% natural<\/h3>\n<p data-start=\"502\" data-end=\"714\">Nova te invita a sentarte durante m\u00e1s tiempo. Su altura proporciona una posici\u00f3n de asiento activa pero c\u00f3moda, perfecta para largas conversaciones, una buena copa de vino o una cena relajada al aire libre. Su forma redonda acerca la compa\u00f1\u00eda y confiere a cualquier ambiente un car\u00e1cter abierto y acogedor. La base central deja mucho espacio para las sillas alrededor, haciendo que la disposici\u00f3n parezca ligera y espaciosa.<\/p>\n<p data-start=\"937\" data-end=\"1121\">El dise\u00f1o rezuma tranquilidad y equilibrio. Las l\u00edneas suaves y el acabado refinado dan a Nova un aspecto atemporal que encaja f\u00e1cilmente en un jard\u00edn elegante o en una terraza moderna. Nova est\u00e1 fabricada con materiales de alta calidad dise\u00f1ados para la vida al aire libre. La estructura de aluminio es fuerte, f\u00e1cil de cuidar y resistente a la intemperie, por lo que la mesa conserva su aspecto elegante temporada tras temporada.<\/p>\n<p data-start=\"1361\" data-end=\"1427\">Una mesa que os invita a estar juntos. A largas veladas al aire libre.<\/p>\n","protected":false},"featured_media":58512,"comment_status":"closed","ping_status":"closed","template":"","meta":{"_acf_changed":false},"product_brand":[],"product_cat":[821],"product_tag":[],"material":[],"class_list":{"0":"post-58397","1":"product","2":"type-product","3":"status-publish","4":"has-post-thumbnail","6":"product_cat-conjuntos-de-bar","8":"first","9":"instock","10":"shipping-taxable","11":"product-type-simple"},"acf":[],"yoast_head":"<!-- This site is optimized with the Yoast SEO plugin v26.8 - https:\/\/yoast.com\/product\/yoast-seo-wordpress\/ -->\n<title>Descubre Nova Low bartable | SUNS Outdoor Lifestyle<\/title>\n<meta name=\"description\" content=\"\u00bfBuscas una elegante mesa baja de bar nova? SUNS ofrece mesas bajas de comedor elegantes y duraderas con un dise\u00f1o moderno, perfectas para un jard\u00edn relajante.\" \/>\n<meta name=\"robots\" content=\"index, follow, max-snippet:-1, max-image-preview:large, max-video-preview:-1\" \/>\n<link rel=\"canonical\" href=\"https:\/\/hello-suns.com\/es\/productos\/nova-conjuntos-de-bar\/\" \/>\n<meta property=\"og:locale\" content=\"es_ES\" \/>\n<meta property=\"og:type\" content=\"article\" \/>\n<meta property=\"og:title\" content=\"Descubre Nova Low bartable | SUNS Outdoor Lifestyle\" \/>\n<meta property=\"og:description\" content=\"\u00bfBuscas una elegante mesa baja de bar nova? SUNS ofrece mesas bajas de comedor elegantes y duraderas con un dise\u00f1o moderno, perfectas para un jard\u00edn relajante.\" \/>\n<meta property=\"og:url\" content=\"https:\/\/hello-suns.com\/es\/productos\/nova-conjuntos-de-bar\/\" \/>\n<meta property=\"og:site_name\" content=\"SUNS\" \/>\n<meta property=\"article:modified_time\" content=\"2026-03-04T11:02:02+00:00\" \/>\n<meta property=\"og:image\" content=\"https:\/\/hello-suns.com\/app\/uploads\/2026\/03\/Nova-SUNS-BarTable-BZ-SST-Free-26-1024x683.png\" \/>\n\t<meta property=\"og:image:width\" content=\"1024\" \/>\n\t<meta property=\"og:image:height\" content=\"683\" \/>\n\t<meta property=\"og:image:type\" content=\"image\/png\" \/>\n<meta name=\"twitter:card\" content=\"summary_large_image\" \/>\n<meta name=\"twitter:label1\" content=\"Est. reading time\" \/>\n\t<meta name=\"twitter:data1\" content=\"2 minutes\" \/>\n<script type=\"application\/ld+json\" class=\"yoast-schema-graph\">{\"@context\":\"https:\/\/schema.org\",\"@graph\":[{\"@type\":\"WebPage\",\"@id\":\"https:\/\/hello-suns.com\/es\/productos\/nova-conjuntos-de-bar\/\",\"url\":\"https:\/\/hello-suns.com\/es\/productos\/nova-conjuntos-de-bar\/\",\"name\":\"Descubre Nova Low bartable | SUNS Outdoor Lifestyle\",\"isPartOf\":{\"@id\":\"https:\/\/hello-suns.com\/es\/#website\"},\"primaryImageOfPage\":{\"@id\":\"https:\/\/hello-suns.com\/es\/productos\/nova-conjuntos-de-bar\/#primaryimage\"},\"image\":{\"@id\":\"https:\/\/hello-suns.com\/es\/productos\/nova-conjuntos-de-bar\/#primaryimage\"},\"thumbnailUrl\":\"https:\/\/hello-suns.com\/app\/uploads\/2026\/03\/Nova-SUNS-BarTable-BZ-SST-Free-26.png\",\"datePublished\":\"2026-03-04T07:56:32+00:00\",\"dateModified\":\"2026-03-04T11:02:02+00:00\",\"description\":\"\u00bfBuscas una elegante mesa baja de bar nova? SUNS ofrece mesas bajas de comedor elegantes y duraderas con un dise\u00f1o moderno, perfectas para un jard\u00edn relajante.\",\"breadcrumb\":{\"@id\":\"https:\/\/hello-suns.com\/es\/productos\/nova-conjuntos-de-bar\/#breadcrumb\"},\"inLanguage\":\"es-ES\",\"potentialAction\":[{\"@type\":\"ReadAction\",\"target\":[\"https:\/\/hello-suns.com\/es\/productos\/nova-conjuntos-de-bar\/\"]}]},{\"@type\":\"ImageObject\",\"inLanguage\":\"es-ES\",\"@id\":\"https:\/\/hello-suns.com\/es\/productos\/nova-conjuntos-de-bar\/#primaryimage\",\"url\":\"https:\/\/hello-suns.com\/app\/uploads\/2026\/03\/Nova-SUNS-BarTable-BZ-SST-Free-26.png\",\"contentUrl\":\"https:\/\/hello-suns.com\/app\/uploads\/2026\/03\/Nova-SUNS-BarTable-BZ-SST-Free-26.png\",\"width\":3240,\"height\":2160},{\"@type\":\"BreadcrumbList\",\"@id\":\"https:\/\/hello-suns.com\/es\/productos\/nova-conjuntos-de-bar\/#breadcrumb\",\"itemListElement\":[{\"@type\":\"ListItem\",\"position\":1,\"name\":\"\",\"item\":\"https:\/\/hello-suns.com\/es\/\"},{\"@type\":\"ListItem\",\"position\":2,\"name\":\"Productos\",\"item\":\"https:\/\/hello-suns.com\/es\/productos\/\"},{\"@type\":\"ListItem\",\"position\":3,\"name\":\"Nova\"}]},{\"@type\":\"WebSite\",\"@id\":\"https:\/\/hello-suns.com\/es\/#website\",\"url\":\"https:\/\/hello-suns.com\/es\/\",\"name\":\"SUNS\",\"description\":\"Outdoor Lifestyle\",\"potentialAction\":[{\"@type\":\"SearchAction\",\"target\":{\"@type\":\"EntryPoint\",\"urlTemplate\":\"https:\/\/hello-suns.com\/es\/?s={search_term_string}\"},\"query-input\":{\"@type\":\"PropertyValueSpecification\",\"valueRequired\":true,\"valueName\":\"search_term_string\"}}],\"inLanguage\":\"es-ES\"}]}<\/script>\n<!-- \/ Yoast SEO plugin. -->","yoast_head_json":{"title":"Descubre Nova Low bartable | SUNS Outdoor Lifestyle","description":"\u00bfBuscas una elegante mesa baja de bar nova? SUNS ofrece mesas bajas de comedor elegantes y duraderas con un dise\u00f1o moderno, perfectas para un jard\u00edn relajante.","robots":{"index":"index","follow":"follow","max-snippet":"max-snippet:-1","max-image-preview":"max-image-preview:large","max-video-preview":"max-video-preview:-1"},"canonical":"https:\/\/hello-suns.com\/es\/productos\/nova-conjuntos-de-bar\/","og_locale":"es_ES","og_type":"article","og_title":"Descubre Nova Low bartable | SUNS Outdoor Lifestyle","og_description":"\u00bfBuscas una elegante mesa baja de bar nova? SUNS ofrece mesas bajas de comedor elegantes y duraderas con un dise\u00f1o moderno, perfectas para un jard\u00edn relajante.","og_url":"https:\/\/hello-suns.com\/es\/productos\/nova-conjuntos-de-bar\/","og_site_name":"SUNS","article_modified_time":"2026-03-04T11:02:02+00:00","og_image":[{"width":1024,"height":683,"url":"https:\/\/hello-suns.com\/app\/uploads\/2026\/03\/Nova-SUNS-BarTable-BZ-SST-Free-26-1024x683.png","type":"image\/png"}],"twitter_card":"summary_large_image","twitter_misc":{"Est. reading time":"2 minutes"},"schema":{"@context":"https:\/\/schema.org","@graph":[{"@type":"WebPage","@id":"https:\/\/hello-suns.com\/es\/productos\/nova-conjuntos-de-bar\/","url":"https:\/\/hello-suns.com\/es\/productos\/nova-conjuntos-de-bar\/","name":"Descubre Nova Low bartable | SUNS Outdoor Lifestyle","isPartOf":{"@id":"https:\/\/hello-suns.com\/es\/#website"},"primaryImageOfPage":{"@id":"https:\/\/hello-suns.com\/es\/productos\/nova-conjuntos-de-bar\/#primaryimage"},"image":{"@id":"https:\/\/hello-suns.com\/es\/productos\/nova-conjuntos-de-bar\/#primaryimage"},"thumbnailUrl":"https:\/\/hello-suns.com\/app\/uploads\/2026\/03\/Nova-SUNS-BarTable-BZ-SST-Free-26.png","datePublished":"2026-03-04T07:56:32+00:00","dateModified":"2026-03-04T11:02:02+00:00","description":"\u00bfBuscas una elegante mesa baja de bar nova? SUNS ofrece mesas bajas de comedor elegantes y duraderas con un dise\u00f1o moderno, perfectas para un jard\u00edn relajante.","breadcrumb":{"@id":"https:\/\/hello-suns.com\/es\/productos\/nova-conjuntos-de-bar\/#breadcrumb"},"inLanguage":"es-ES","potentialAction":[{"@type":"ReadAction","target":["https:\/\/hello-suns.com\/es\/productos\/nova-conjuntos-de-bar\/"]}]},{"@type":"ImageObject","inLanguage":"es-ES","@id":"https:\/\/hello-suns.com\/es\/productos\/nova-conjuntos-de-bar\/#primaryimage","url":"https:\/\/hello-suns.com\/app\/uploads\/2026\/03\/Nova-SUNS-BarTable-BZ-SST-Free-26.png","contentUrl":"https:\/\/hello-suns.com\/app\/uploads\/2026\/03\/Nova-SUNS-BarTable-BZ-SST-Free-26.png","width":3240,"height":2160},{"@type":"BreadcrumbList","@id":"https:\/\/hello-suns.com\/es\/productos\/nova-conjuntos-de-bar\/#breadcrumb","itemListElement":[{"@type":"ListItem","position":1,"name":"","item":"https:\/\/hello-suns.com\/es\/"},{"@type":"ListItem","position":2,"name":"Productos","item":"https:\/\/hello-suns.com\/es\/productos\/"},{"@type":"ListItem","position":3,"name":"Nova"}]},{"@type":"WebSite","@id":"https:\/\/hello-suns.com\/es\/#website","url":"https:\/\/hello-suns.com\/es\/","name":"SUNS","description":"Outdoor Lifestyle","potentialAction":[{"@type":"SearchAction","target":{"@type":"EntryPoint","urlTemplate":"https:\/\/hello-suns.com\/es\/?s={search_term_string}"},"query-input":{"@type":"PropertyValueSpecification","valueRequired":true,"valueName":"search_term_string"}}],"inLanguage":"es-ES"}]}},"_links":{"self":[{"href":"https:\/\/hello-suns.com\/es\/wp-json\/wp\/v2\/product\/58397","targetHints":{"allow":["GET"]}}],"collection":[{"href":"https:\/\/hello-suns.com\/es\/wp-json\/wp\/v2\/product"}],"about":[{"href":"https:\/\/hello-suns.com\/es\/wp-json\/wp\/v2\/types\/product"}],"replies":[{"embeddable":true,"href":"https:\/\/hello-suns.com\/es\/wp-json\/wp\/v2\/comments?post=58397"}],"wp:featuredmedia":[{"embeddable":true,"href":"https:\/\/hello-suns.com\/es\/wp-json\/wp\/v2\/media\/58512"}],"wp:attachment":[{"href":"https:\/\/hello-suns.com\/es\/wp-json\/wp\/v2\/media?parent=58397"}],"wp:term":[{"taxonomy":"product_brand","embeddable":true,"href":"https:\/\/hello-suns.com\/es\/wp-json\/wp\/v2\/product_brand?post=58397"},{"taxonomy":"product_cat","embeddable":true,"href":"https:\/\/hello-suns.com\/es\/wp-json\/wp\/v2\/product_cat?post=58397"},{"taxonomy":"product_tag","embeddable":true,"href":"https:\/\/hello-suns.com\/es\/wp-json\/wp\/v2\/product_tag?post=58397"},{"taxonomy":"material","embeddable":true,"href":"https:\/\/hello-suns.com\/es\/wp-json\/wp\/v2\/material?post=58397"}],"curies":[{"name":"wp","href":"https:\/\/api.w.org\/{rel}","templated":true}]}}