{"id":58323,"date":"2026-03-03T17:00:14","date_gmt":"2026-03-03T16:00:14","guid":{"rendered":"https:\/\/hello-suns.com\/?post_type=product&#038;p=58323"},"modified":"2026-03-23T13:06:19","modified_gmt":"2026-03-23T12:06:19","slug":"pemba-conjuntos-de-bar-2","status":"publish","type":"product","link":"https:\/\/hello-suns.com\/es\/productos\/pemba-conjuntos-de-bar-2\/","title":{"rendered":"Pemba"},"content":{"rendered":"<h2 style=\"font-weight: 400;\"><span class=\"TextRun SCXW94607261 BCX4\" lang=\"NL-NL\" xml:lang=\"NL-NL\" data-contrast=\"auto\"><span class=\"NormalTextRun SCXW94607261 BCX4\">A la altura de la noche<\/span><\/span><\/h2>\n<p><span class=\"TextRun SCXW163269764 BCX4\" lang=\"NL-NL\" xml:lang=\"NL-NL\" data-contrast=\"auto\"><span class=\"NormalTextRun SpellingErrorV2Themed SCXW163269764 BCX4\">Pemba<\/span><span class=\"NormalTextRun SCXW163269764 BCX4\"> Barra baja <\/span><span class=\"NormalTextRun SpellingErrorV2Themed SpellingErrorHighlight SCXW163269764 BCX4\">Mesa<\/span><span class=\"NormalTextRun SCXW163269764 BCX4\"> lleva tu momento de copas al siguiente nivel, literalmente y en ambiente. Ideal para veladas largas, compartidas <\/span><span class=\"NormalTextRun SpellingErrorV2Themed SCXW163269764 BCX4\">mordiscos<\/span><span class=\"NormalTextRun SCXW163269764 BCX4\"> y esa sensaci\u00f3n de relajaci\u00f3n cuando el d\u00eda se convierte en atardecer.<\/span><\/span><\/p>\n","protected":false},"excerpt":{"rendered":"<h3>Confort en una posici\u00f3n de asiento m\u00e1s elevada<\/h3>\n<p><span data-contrast=\"auto\">La barra baja se sit\u00faa exactamente entre la altura de comedor y la de bar: m\u00e1s alta que una mesa de comedor, m\u00e1s baja que una mesa de bar cl\u00e1sica. La altura ideal para momentos de copas relajados sin el formalismo de la verdadera altura de bar. <\/span><\/p>\n<p><span data-contrast=\"auto\">El tablero \u00f3pticamente delgado, con un contorno sutilmente redondeado, confiere a Pemba un aspecto moderno y sofisticado. Y como las patas est\u00e1n completamente en el exterior, creas el m\u00e1ximo espacio alrededor de la mesa. Sin pata central, sin obst\u00e1culos. Pero una libertad \u00f3ptima en la disposici\u00f3n de las sillas. <\/span><\/p>\n<p><span data-contrast=\"auto\">La mesa baja de bar Pemba est\u00e1 disponible en dos versiones: totalmente de teca o con estructura de aluminio y tablero de Neolith\u00ae. Para combinar con las sillas bajas de bar Pemba, as\u00ed como con otras sillas bajas de bar de la colecci\u00f3n SUNS. <\/span><\/p>\n","protected":false},"featured_media":58335,"comment_status":"closed","ping_status":"closed","template":"","meta":{"_acf_changed":false},"product_brand":[],"product_cat":[821],"product_tag":[],"material":[],"class_list":{"0":"post-58323","1":"product","2":"type-product","3":"status-publish","4":"has-post-thumbnail","6":"product_cat-conjuntos-de-bar","8":"first","9":"instock","10":"shipping-taxable","11":"product-type-simple"},"acf":[],"yoast_head":"<!-- This site is optimized with the Yoast SEO plugin v26.8 - https:\/\/yoast.com\/product\/yoast-seo-wordpress\/ -->\n<title>Descubre la mesa baja de bar Pemba | SUNS Outdoor Lifestyle<\/title>\n<meta name=\"description\" content=\"\u00bfBuscas una elegante mesa baja de bar Pemba? SUNS ofrece mesas duraderas con un dise\u00f1o moderno, perfectas para un espacio exterior elegante y funcional.\" \/>\n<meta name=\"robots\" content=\"index, follow, max-snippet:-1, max-image-preview:large, max-video-preview:-1\" \/>\n<link rel=\"canonical\" href=\"https:\/\/hello-suns.com\/es\/productos\/pemba-conjuntos-de-bar-2\/\" \/>\n<meta property=\"og:locale\" content=\"es_ES\" \/>\n<meta property=\"og:type\" content=\"article\" \/>\n<meta property=\"og:title\" content=\"Descubre la mesa baja de bar Pemba | SUNS Outdoor Lifestyle\" \/>\n<meta property=\"og:description\" content=\"\u00bfBuscas una elegante mesa baja de bar Pemba? SUNS ofrece mesas duraderas con un dise\u00f1o moderno, perfectas para un espacio exterior elegante y funcional.\" \/>\n<meta property=\"og:url\" content=\"https:\/\/hello-suns.com\/es\/productos\/pemba-conjuntos-de-bar-2\/\" \/>\n<meta property=\"og:site_name\" content=\"SUNS\" \/>\n<meta property=\"article:modified_time\" content=\"2026-03-23T12:06:19+00:00\" \/>\n<meta property=\"og:image\" content=\"https:\/\/hello-suns.com\/app\/uploads\/2026\/03\/Pemba-SUNS-Bartablelow-230-CH-NSG-Free-26-1.png\" \/>\n\t<meta property=\"og:image:width\" content=\"3840\" \/>\n\t<meta property=\"og:image:height\" content=\"2560\" \/>\n\t<meta property=\"og:image:type\" content=\"image\/png\" \/>\n<meta name=\"twitter:card\" content=\"summary_large_image\" \/>\n<meta name=\"twitter:label1\" content=\"Est. reading time\" \/>\n\t<meta name=\"twitter:data1\" content=\"3 minutes\" \/>\n<script type=\"application\/ld+json\" class=\"yoast-schema-graph\">{\"@context\":\"https:\/\/schema.org\",\"@graph\":[{\"@type\":\"WebPage\",\"@id\":\"https:\/\/hello-suns.com\/es\/productos\/pemba-conjuntos-de-bar-2\/\",\"url\":\"https:\/\/hello-suns.com\/es\/productos\/pemba-conjuntos-de-bar-2\/\",\"name\":\"Descubre la mesa baja de bar Pemba | SUNS Outdoor Lifestyle\",\"isPartOf\":{\"@id\":\"https:\/\/hello-suns.com\/es\/#website\"},\"primaryImageOfPage\":{\"@id\":\"https:\/\/hello-suns.com\/es\/productos\/pemba-conjuntos-de-bar-2\/#primaryimage\"},\"image\":{\"@id\":\"https:\/\/hello-suns.com\/es\/productos\/pemba-conjuntos-de-bar-2\/#primaryimage\"},\"thumbnailUrl\":\"https:\/\/hello-suns.com\/app\/uploads\/2026\/03\/Pemba-SUNS-Bartablelow-230-CH-NSG-Free-26-1.png\",\"datePublished\":\"2026-03-03T16:00:14+00:00\",\"dateModified\":\"2026-03-23T12:06:19+00:00\",\"description\":\"\u00bfBuscas una elegante mesa baja de bar Pemba? SUNS ofrece mesas duraderas con un dise\u00f1o moderno, perfectas para un espacio exterior elegante y funcional.\",\"breadcrumb\":{\"@id\":\"https:\/\/hello-suns.com\/es\/productos\/pemba-conjuntos-de-bar-2\/#breadcrumb\"},\"inLanguage\":\"es-ES\",\"potentialAction\":[{\"@type\":\"ReadAction\",\"target\":[\"https:\/\/hello-suns.com\/es\/productos\/pemba-conjuntos-de-bar-2\/\"]}]},{\"@type\":\"ImageObject\",\"inLanguage\":\"es-ES\",\"@id\":\"https:\/\/hello-suns.com\/es\/productos\/pemba-conjuntos-de-bar-2\/#primaryimage\",\"url\":\"https:\/\/hello-suns.com\/app\/uploads\/2026\/03\/Pemba-SUNS-Bartablelow-230-CH-NSG-Free-26-1.png\",\"contentUrl\":\"https:\/\/hello-suns.com\/app\/uploads\/2026\/03\/Pemba-SUNS-Bartablelow-230-CH-NSG-Free-26-1.png\",\"width\":3840,\"height\":2560},{\"@type\":\"BreadcrumbList\",\"@id\":\"https:\/\/hello-suns.com\/es\/productos\/pemba-conjuntos-de-bar-2\/#breadcrumb\",\"itemListElement\":[{\"@type\":\"ListItem\",\"position\":1,\"name\":\"\",\"item\":\"https:\/\/hello-suns.com\/es\/\"},{\"@type\":\"ListItem\",\"position\":2,\"name\":\"Productos\",\"item\":\"https:\/\/hello-suns.com\/es\/productos\/\"},{\"@type\":\"ListItem\",\"position\":3,\"name\":\"Pemba\"}]},{\"@type\":\"WebSite\",\"@id\":\"https:\/\/hello-suns.com\/es\/#website\",\"url\":\"https:\/\/hello-suns.com\/es\/\",\"name\":\"SUNS\",\"description\":\"Outdoor Lifestyle\",\"potentialAction\":[{\"@type\":\"SearchAction\",\"target\":{\"@type\":\"EntryPoint\",\"urlTemplate\":\"https:\/\/hello-suns.com\/es\/?s={search_term_string}\"},\"query-input\":{\"@type\":\"PropertyValueSpecification\",\"valueRequired\":true,\"valueName\":\"search_term_string\"}}],\"inLanguage\":\"es-ES\"}]}<\/script>\n<!-- \/ Yoast SEO plugin. -->","yoast_head_json":{"title":"Descubre la mesa baja de bar Pemba | SUNS Outdoor Lifestyle","description":"\u00bfBuscas una elegante mesa baja de bar Pemba? SUNS ofrece mesas duraderas con un dise\u00f1o moderno, perfectas para un espacio exterior elegante y funcional.","robots":{"index":"index","follow":"follow","max-snippet":"max-snippet:-1","max-image-preview":"max-image-preview:large","max-video-preview":"max-video-preview:-1"},"canonical":"https:\/\/hello-suns.com\/es\/productos\/pemba-conjuntos-de-bar-2\/","og_locale":"es_ES","og_type":"article","og_title":"Descubre la mesa baja de bar Pemba | SUNS Outdoor Lifestyle","og_description":"\u00bfBuscas una elegante mesa baja de bar Pemba? SUNS ofrece mesas duraderas con un dise\u00f1o moderno, perfectas para un espacio exterior elegante y funcional.","og_url":"https:\/\/hello-suns.com\/es\/productos\/pemba-conjuntos-de-bar-2\/","og_site_name":"SUNS","article_modified_time":"2026-03-23T12:06:19+00:00","og_image":[{"width":3840,"height":2560,"url":"https:\/\/hello-suns.com\/app\/uploads\/2026\/03\/Pemba-SUNS-Bartablelow-230-CH-NSG-Free-26-1.png","type":"image\/png"}],"twitter_card":"summary_large_image","twitter_misc":{"Est. reading time":"3 minutes"},"schema":{"@context":"https:\/\/schema.org","@graph":[{"@type":"WebPage","@id":"https:\/\/hello-suns.com\/es\/productos\/pemba-conjuntos-de-bar-2\/","url":"https:\/\/hello-suns.com\/es\/productos\/pemba-conjuntos-de-bar-2\/","name":"Descubre la mesa baja de bar Pemba | SUNS Outdoor Lifestyle","isPartOf":{"@id":"https:\/\/hello-suns.com\/es\/#website"},"primaryImageOfPage":{"@id":"https:\/\/hello-suns.com\/es\/productos\/pemba-conjuntos-de-bar-2\/#primaryimage"},"image":{"@id":"https:\/\/hello-suns.com\/es\/productos\/pemba-conjuntos-de-bar-2\/#primaryimage"},"thumbnailUrl":"https:\/\/hello-suns.com\/app\/uploads\/2026\/03\/Pemba-SUNS-Bartablelow-230-CH-NSG-Free-26-1.png","datePublished":"2026-03-03T16:00:14+00:00","dateModified":"2026-03-23T12:06:19+00:00","description":"\u00bfBuscas una elegante mesa baja de bar Pemba? SUNS ofrece mesas duraderas con un dise\u00f1o moderno, perfectas para un espacio exterior elegante y funcional.","breadcrumb":{"@id":"https:\/\/hello-suns.com\/es\/productos\/pemba-conjuntos-de-bar-2\/#breadcrumb"},"inLanguage":"es-ES","potentialAction":[{"@type":"ReadAction","target":["https:\/\/hello-suns.com\/es\/productos\/pemba-conjuntos-de-bar-2\/"]}]},{"@type":"ImageObject","inLanguage":"es-ES","@id":"https:\/\/hello-suns.com\/es\/productos\/pemba-conjuntos-de-bar-2\/#primaryimage","url":"https:\/\/hello-suns.com\/app\/uploads\/2026\/03\/Pemba-SUNS-Bartablelow-230-CH-NSG-Free-26-1.png","contentUrl":"https:\/\/hello-suns.com\/app\/uploads\/2026\/03\/Pemba-SUNS-Bartablelow-230-CH-NSG-Free-26-1.png","width":3840,"height":2560},{"@type":"BreadcrumbList","@id":"https:\/\/hello-suns.com\/es\/productos\/pemba-conjuntos-de-bar-2\/#breadcrumb","itemListElement":[{"@type":"ListItem","position":1,"name":"","item":"https:\/\/hello-suns.com\/es\/"},{"@type":"ListItem","position":2,"name":"Productos","item":"https:\/\/hello-suns.com\/es\/productos\/"},{"@type":"ListItem","position":3,"name":"Pemba"}]},{"@type":"WebSite","@id":"https:\/\/hello-suns.com\/es\/#website","url":"https:\/\/hello-suns.com\/es\/","name":"SUNS","description":"Outdoor Lifestyle","potentialAction":[{"@type":"SearchAction","target":{"@type":"EntryPoint","urlTemplate":"https:\/\/hello-suns.com\/es\/?s={search_term_string}"},"query-input":{"@type":"PropertyValueSpecification","valueRequired":true,"valueName":"search_term_string"}}],"inLanguage":"es-ES"}]}},"_links":{"self":[{"href":"https:\/\/hello-suns.com\/es\/wp-json\/wp\/v2\/product\/58323","targetHints":{"allow":["GET"]}}],"collection":[{"href":"https:\/\/hello-suns.com\/es\/wp-json\/wp\/v2\/product"}],"about":[{"href":"https:\/\/hello-suns.com\/es\/wp-json\/wp\/v2\/types\/product"}],"replies":[{"embeddable":true,"href":"https:\/\/hello-suns.com\/es\/wp-json\/wp\/v2\/comments?post=58323"}],"wp:featuredmedia":[{"embeddable":true,"href":"https:\/\/hello-suns.com\/es\/wp-json\/wp\/v2\/media\/58335"}],"wp:attachment":[{"href":"https:\/\/hello-suns.com\/es\/wp-json\/wp\/v2\/media?parent=58323"}],"wp:term":[{"taxonomy":"product_brand","embeddable":true,"href":"https:\/\/hello-suns.com\/es\/wp-json\/wp\/v2\/product_brand?post=58323"},{"taxonomy":"product_cat","embeddable":true,"href":"https:\/\/hello-suns.com\/es\/wp-json\/wp\/v2\/product_cat?post=58323"},{"taxonomy":"product_tag","embeddable":true,"href":"https:\/\/hello-suns.com\/es\/wp-json\/wp\/v2\/product_tag?post=58323"},{"taxonomy":"material","embeddable":true,"href":"https:\/\/hello-suns.com\/es\/wp-json\/wp\/v2\/material?post=58323"}],"curies":[{"name":"wp","href":"https:\/\/api.w.org\/{rel}","templated":true}]}}