{"id":58217,"date":"2026-03-03T14:31:49","date_gmt":"2026-03-03T13:31:49","guid":{"rendered":"https:\/\/hello-suns.com\/?post_type=product&#038;p=58217"},"modified":"2026-03-03T15:01:29","modified_gmt":"2026-03-03T14:01:29","slug":"eden-kopie","status":"publish","type":"product","link":"https:\/\/hello-suns.com\/es\/productos\/eden-kopie\/","title":{"rendered":"Luna"},"content":{"rendered":"<h2 style=\"font-weight: 400;\"><span class=\"TextRun SCXW56963375 BCX4\" lang=\"NL-NL\" xml:lang=\"NL-NL\" data-contrast=\"auto\"><span class=\"NormalTextRun SCXW56963375 BCX4\">Vidrio que crea ambiente  <\/span><\/span><span class=\"EOP SCXW56963375 BCX4\" data-ccp-props=\"{}\"> <\/span><\/h2>\n<p><span class=\"TextRun SCXW196636782 BCX4\" lang=\"NL-NL\" data-contrast=\"auto\" xml:lang=\"NL-NL\"><span class=\"NormalTextRun SCXW196636782 BCX4\">Una l\u00e1mpara para cada momento. Luna proporciona una luz c\u00e1lida y embellece cualquier ambiente. <\/span><\/span><span class=\"EOP SCXW196636782 BCX4\" data-ccp-props=\"{}\"> <\/span><\/p>\n","protected":false},"excerpt":{"rendered":"<h3>Comodidad inal\u00e1mbrica<\/h3>\n<p><span data-contrast=\"none\">Luna funciona con energ\u00eda solar y proporciona hasta 18 horas de luz c\u00e1lida. La carga mediante luz solar es autom\u00e1tica, pero tambi\u00e9n es posible la carga mediante una conexi\u00f3n USB C. As\u00ed siempre tendr\u00e1s luz asegurada, donde y cuando quieras.  <\/span>  La caracter\u00edstica forma de pe\u00f3n proporciona una base estable y una silueta reconocible que queda muy bien en la terraza, el porche o el jard\u00edn.  <span data-contrast=\"none\">Eden es conmutable en tres modos de luz y f\u00e1cil de mover. Combina diferentes tama\u00f1os para conseguir una exhibici\u00f3n de luces l\u00fadica y en capas.  <\/span><\/p>\n<p><b><span data-contrast=\"none\">Intensidad luminosa y horas de funcionamiento<\/span><\/b><br \/>\n<span data-contrast=\"none\">Tres posiciones de conmutaci\u00f3n: 30% | 50% | 100% de intensidad luminosa<\/span><br \/>\n<span data-contrast=\"none\">Tambi\u00e9n puede cambiar autom\u00e1ticamente.<\/span><span data-ccp-props=\"{}\"> <\/span><\/p>\n<p><span data-contrast=\"none\">Horas de funcionamiento tras 5 horas de carga a la luz directa del sol:<\/span><br \/>\n<span data-contrast=\"none\">Ajuste 1 &#8211; intensidad de luz 30% | 10 horas<\/span><br \/>\n<span data-contrast=\"none\">Ajuste 2 &#8211; intensidad de luz 50% | 8 horas<\/span><br \/>\n<span data-contrast=\"none\">Ajuste 3 &#8211; intensidad de luz 100% | 5 horas<\/span><span data-ccp-props=\"{}\"> <\/span><\/p>\n<p><span data-contrast=\"none\">Quema horas despu\u00e9s de cargarlo completamente con el cable USB-C:<\/span><br \/>\n<span data-contrast=\"none\">Ajuste 1 &#8211; intensidad de luz 30% | 18 horas<\/span><br \/>\n<span data-contrast=\"none\">Ajuste 2 &#8211; intensidad de luz 50% | 12 horas<\/span><br \/>\n<span data-contrast=\"none\">Ajuste 3 &#8211; intensidad de luz 100% | 7 horas<\/span><span data-ccp-props=\"{}\"> <\/span><\/p>\n<p><span data-ccp-props=\"{}\"> <\/span><\/p>\n","protected":false},"featured_media":58223,"comment_status":"closed","ping_status":"closed","template":"","meta":{"_acf_changed":false},"product_brand":[],"product_cat":[817,840],"product_tag":[],"material":[],"class_list":{"0":"post-58217","1":"product","2":"type-product","3":"status-publish","4":"has-post-thumbnail","6":"product_cat-styling","7":"product_cat-lamparas","9":"first","10":"instock","11":"shipping-taxable","12":"product-type-simple"},"acf":[],"yoast_head":"<!-- This site is optimized with the Yoast SEO plugin v26.8 - https:\/\/yoast.com\/product\/yoast-seo-wordpress\/ -->\n<title>Descubre la l\u00e1mpara de exterior Luna | SUNS Outdoor Lifestyle<\/title>\n<meta name=\"description\" content=\"\u00bfBuscas una elegante l\u00e1mpara de exterior Luna? SUNS ofrece l\u00e1mparas de exterior modernas y duraderas que combinan a la perfecci\u00f3n ambiente y dise\u00f1o contempor\u00e1neo para cualquier jard\u00edn.\" \/>\n<meta name=\"robots\" content=\"index, follow, max-snippet:-1, max-image-preview:large, max-video-preview:-1\" \/>\n<link rel=\"canonical\" href=\"https:\/\/hello-suns.com\/es\/productos\/eden-kopie\/\" \/>\n<meta property=\"og:locale\" content=\"es_ES\" \/>\n<meta property=\"og:type\" content=\"article\" \/>\n<meta property=\"og:title\" content=\"Descubre la l\u00e1mpara de exterior Luna | SUNS Outdoor Lifestyle\" \/>\n<meta property=\"og:description\" content=\"\u00bfBuscas una elegante l\u00e1mpara de exterior Luna? SUNS ofrece l\u00e1mparas de exterior modernas y duraderas que combinan a la perfecci\u00f3n ambiente y dise\u00f1o contempor\u00e1neo para cualquier jard\u00edn.\" \/>\n<meta property=\"og:url\" content=\"https:\/\/hello-suns.com\/es\/productos\/eden-kopie\/\" \/>\n<meta property=\"og:site_name\" content=\"SUNS\" \/>\n<meta property=\"article:modified_time\" content=\"2026-03-03T14:01:29+00:00\" \/>\n<meta property=\"og:image\" content=\"https:\/\/hello-suns.com\/app\/uploads\/2026\/03\/Luna-SUNS-CS-GBZ-Free-26-2-2500.png\" \/>\n\t<meta property=\"og:image:width\" content=\"3240\" \/>\n\t<meta property=\"og:image:height\" content=\"2160\" \/>\n\t<meta property=\"og:image:type\" content=\"image\/png\" \/>\n<meta name=\"twitter:card\" content=\"summary_large_image\" \/>\n<meta name=\"twitter:label1\" content=\"Est. reading time\" \/>\n\t<meta name=\"twitter:data1\" content=\"3 minutes\" \/>\n<script type=\"application\/ld+json\" class=\"yoast-schema-graph\">{\"@context\":\"https:\/\/schema.org\",\"@graph\":[{\"@type\":\"WebPage\",\"@id\":\"https:\/\/hello-suns.com\/es\/productos\/eden-kopie\/\",\"url\":\"https:\/\/hello-suns.com\/es\/productos\/eden-kopie\/\",\"name\":\"Descubre la l\u00e1mpara de exterior Luna | SUNS Outdoor Lifestyle\",\"isPartOf\":{\"@id\":\"https:\/\/hello-suns.com\/es\/#website\"},\"primaryImageOfPage\":{\"@id\":\"https:\/\/hello-suns.com\/es\/productos\/eden-kopie\/#primaryimage\"},\"image\":{\"@id\":\"https:\/\/hello-suns.com\/es\/productos\/eden-kopie\/#primaryimage\"},\"thumbnailUrl\":\"https:\/\/hello-suns.com\/app\/uploads\/2026\/03\/Luna-SUNS-CS-GBZ-Free-26-2-2500.png\",\"datePublished\":\"2026-03-03T13:31:49+00:00\",\"dateModified\":\"2026-03-03T14:01:29+00:00\",\"description\":\"\u00bfBuscas una elegante l\u00e1mpara de exterior Luna? SUNS ofrece l\u00e1mparas de exterior modernas y duraderas que combinan a la perfecci\u00f3n ambiente y dise\u00f1o contempor\u00e1neo para cualquier jard\u00edn.\",\"breadcrumb\":{\"@id\":\"https:\/\/hello-suns.com\/es\/productos\/eden-kopie\/#breadcrumb\"},\"inLanguage\":\"es-ES\",\"potentialAction\":[{\"@type\":\"ReadAction\",\"target\":[\"https:\/\/hello-suns.com\/es\/productos\/eden-kopie\/\"]}]},{\"@type\":\"ImageObject\",\"inLanguage\":\"es-ES\",\"@id\":\"https:\/\/hello-suns.com\/es\/productos\/eden-kopie\/#primaryimage\",\"url\":\"https:\/\/hello-suns.com\/app\/uploads\/2026\/03\/Luna-SUNS-CS-GBZ-Free-26-2-2500.png\",\"contentUrl\":\"https:\/\/hello-suns.com\/app\/uploads\/2026\/03\/Luna-SUNS-CS-GBZ-Free-26-2-2500.png\",\"width\":3240,\"height\":2160},{\"@type\":\"BreadcrumbList\",\"@id\":\"https:\/\/hello-suns.com\/es\/productos\/eden-kopie\/#breadcrumb\",\"itemListElement\":[{\"@type\":\"ListItem\",\"position\":1,\"name\":\"\",\"item\":\"https:\/\/hello-suns.com\/es\/\"},{\"@type\":\"ListItem\",\"position\":2,\"name\":\"Productos\",\"item\":\"https:\/\/hello-suns.com\/es\/productos\/\"},{\"@type\":\"ListItem\",\"position\":3,\"name\":\"Luna\"}]},{\"@type\":\"WebSite\",\"@id\":\"https:\/\/hello-suns.com\/es\/#website\",\"url\":\"https:\/\/hello-suns.com\/es\/\",\"name\":\"SUNS\",\"description\":\"Outdoor Lifestyle\",\"potentialAction\":[{\"@type\":\"SearchAction\",\"target\":{\"@type\":\"EntryPoint\",\"urlTemplate\":\"https:\/\/hello-suns.com\/es\/?s={search_term_string}\"},\"query-input\":{\"@type\":\"PropertyValueSpecification\",\"valueRequired\":true,\"valueName\":\"search_term_string\"}}],\"inLanguage\":\"es-ES\"}]}<\/script>\n<!-- \/ Yoast SEO plugin. -->","yoast_head_json":{"title":"Descubre la l\u00e1mpara de exterior Luna | SUNS Outdoor Lifestyle","description":"\u00bfBuscas una elegante l\u00e1mpara de exterior Luna? SUNS ofrece l\u00e1mparas de exterior modernas y duraderas que combinan a la perfecci\u00f3n ambiente y dise\u00f1o contempor\u00e1neo para cualquier jard\u00edn.","robots":{"index":"index","follow":"follow","max-snippet":"max-snippet:-1","max-image-preview":"max-image-preview:large","max-video-preview":"max-video-preview:-1"},"canonical":"https:\/\/hello-suns.com\/es\/productos\/eden-kopie\/","og_locale":"es_ES","og_type":"article","og_title":"Descubre la l\u00e1mpara de exterior Luna | SUNS Outdoor Lifestyle","og_description":"\u00bfBuscas una elegante l\u00e1mpara de exterior Luna? SUNS ofrece l\u00e1mparas de exterior modernas y duraderas que combinan a la perfecci\u00f3n ambiente y dise\u00f1o contempor\u00e1neo para cualquier jard\u00edn.","og_url":"https:\/\/hello-suns.com\/es\/productos\/eden-kopie\/","og_site_name":"SUNS","article_modified_time":"2026-03-03T14:01:29+00:00","og_image":[{"width":3240,"height":2160,"url":"https:\/\/hello-suns.com\/app\/uploads\/2026\/03\/Luna-SUNS-CS-GBZ-Free-26-2-2500.png","type":"image\/png"}],"twitter_card":"summary_large_image","twitter_misc":{"Est. reading time":"3 minutes"},"schema":{"@context":"https:\/\/schema.org","@graph":[{"@type":"WebPage","@id":"https:\/\/hello-suns.com\/es\/productos\/eden-kopie\/","url":"https:\/\/hello-suns.com\/es\/productos\/eden-kopie\/","name":"Descubre la l\u00e1mpara de exterior Luna | SUNS Outdoor Lifestyle","isPartOf":{"@id":"https:\/\/hello-suns.com\/es\/#website"},"primaryImageOfPage":{"@id":"https:\/\/hello-suns.com\/es\/productos\/eden-kopie\/#primaryimage"},"image":{"@id":"https:\/\/hello-suns.com\/es\/productos\/eden-kopie\/#primaryimage"},"thumbnailUrl":"https:\/\/hello-suns.com\/app\/uploads\/2026\/03\/Luna-SUNS-CS-GBZ-Free-26-2-2500.png","datePublished":"2026-03-03T13:31:49+00:00","dateModified":"2026-03-03T14:01:29+00:00","description":"\u00bfBuscas una elegante l\u00e1mpara de exterior Luna? SUNS ofrece l\u00e1mparas de exterior modernas y duraderas que combinan a la perfecci\u00f3n ambiente y dise\u00f1o contempor\u00e1neo para cualquier jard\u00edn.","breadcrumb":{"@id":"https:\/\/hello-suns.com\/es\/productos\/eden-kopie\/#breadcrumb"},"inLanguage":"es-ES","potentialAction":[{"@type":"ReadAction","target":["https:\/\/hello-suns.com\/es\/productos\/eden-kopie\/"]}]},{"@type":"ImageObject","inLanguage":"es-ES","@id":"https:\/\/hello-suns.com\/es\/productos\/eden-kopie\/#primaryimage","url":"https:\/\/hello-suns.com\/app\/uploads\/2026\/03\/Luna-SUNS-CS-GBZ-Free-26-2-2500.png","contentUrl":"https:\/\/hello-suns.com\/app\/uploads\/2026\/03\/Luna-SUNS-CS-GBZ-Free-26-2-2500.png","width":3240,"height":2160},{"@type":"BreadcrumbList","@id":"https:\/\/hello-suns.com\/es\/productos\/eden-kopie\/#breadcrumb","itemListElement":[{"@type":"ListItem","position":1,"name":"","item":"https:\/\/hello-suns.com\/es\/"},{"@type":"ListItem","position":2,"name":"Productos","item":"https:\/\/hello-suns.com\/es\/productos\/"},{"@type":"ListItem","position":3,"name":"Luna"}]},{"@type":"WebSite","@id":"https:\/\/hello-suns.com\/es\/#website","url":"https:\/\/hello-suns.com\/es\/","name":"SUNS","description":"Outdoor Lifestyle","potentialAction":[{"@type":"SearchAction","target":{"@type":"EntryPoint","urlTemplate":"https:\/\/hello-suns.com\/es\/?s={search_term_string}"},"query-input":{"@type":"PropertyValueSpecification","valueRequired":true,"valueName":"search_term_string"}}],"inLanguage":"es-ES"}]}},"_links":{"self":[{"href":"https:\/\/hello-suns.com\/es\/wp-json\/wp\/v2\/product\/58217","targetHints":{"allow":["GET"]}}],"collection":[{"href":"https:\/\/hello-suns.com\/es\/wp-json\/wp\/v2\/product"}],"about":[{"href":"https:\/\/hello-suns.com\/es\/wp-json\/wp\/v2\/types\/product"}],"replies":[{"embeddable":true,"href":"https:\/\/hello-suns.com\/es\/wp-json\/wp\/v2\/comments?post=58217"}],"wp:featuredmedia":[{"embeddable":true,"href":"https:\/\/hello-suns.com\/es\/wp-json\/wp\/v2\/media\/58223"}],"wp:attachment":[{"href":"https:\/\/hello-suns.com\/es\/wp-json\/wp\/v2\/media?parent=58217"}],"wp:term":[{"taxonomy":"product_brand","embeddable":true,"href":"https:\/\/hello-suns.com\/es\/wp-json\/wp\/v2\/product_brand?post=58217"},{"taxonomy":"product_cat","embeddable":true,"href":"https:\/\/hello-suns.com\/es\/wp-json\/wp\/v2\/product_cat?post=58217"},{"taxonomy":"product_tag","embeddable":true,"href":"https:\/\/hello-suns.com\/es\/wp-json\/wp\/v2\/product_tag?post=58217"},{"taxonomy":"material","embeddable":true,"href":"https:\/\/hello-suns.com\/es\/wp-json\/wp\/v2\/material?post=58217"}],"curies":[{"name":"wp","href":"https:\/\/api.w.org\/{rel}","templated":true}]}}