{"id":58046,"date":"2026-03-03T08:26:19","date_gmt":"2026-03-03T07:26:19","guid":{"rendered":"https:\/\/hello-suns.com\/?post_type=product&#038;p=58046"},"modified":"2026-03-18T12:09:59","modified_gmt":"2026-03-18T11:09:59","slug":"marolo-cama-de-dia","status":"publish","type":"product","link":"https:\/\/hello-suns.com\/es\/productos\/marolo-cama-de-dia\/","title":{"rendered":"Marolo"},"content":{"rendered":"<h2 style=\"font-weight: 400;\">Redonda, generosa y acogedora<\/h2>\n<p style=\"font-weight: 400;\">Un dise\u00f1o que irradia relajaci\u00f3n de inmediato. El Daybed Marolo es el nuevo punto focal de tu terraza. Un lugar redondo y generoso para disfrutar juntos del sol, el descanso y las largas jornadas al aire libre.<\/p>\n","protected":false},"excerpt":{"rendered":"<div>\n<div>\n<h3>Confort en su forma m\u00e1s relajada<\/h3>\n<\/div>\n<\/div>\n<div>\n<div>\n<p>Con su dise\u00f1o totalmente redondeado y sus suntuosos cojines, Marolo invita a holgazanear sin sentido del tiempo. El grueso y generoso coj\u00edn del asiento es id\u00e9ntico al de la l\u00ednea Vivaro y ofrece el mismo apoyo suave. Los cojines decorativos sueltos pueden colocarse como desees, para que siempre crees un ambiente nuevo. Juguet\u00f3n, acogedor o simplemente sencillo.<\/p>\n<\/div>\n<div>\n<p>El respaldo est\u00e1 envuelto en una delicada cuerda<span class=\"apple-converted-space\"> trenzada<\/span>, que recorre el armaz\u00f3n en suaves tiras, creando un aspecto aireado y elegante. Cada detalle de Marolo est\u00e1 dise\u00f1ado prestando atenci\u00f3n a la forma y el confort.<\/p>\n<\/div>\n<\/div>\n","protected":false},"featured_media":58064,"comment_status":"closed","ping_status":"closed","template":"","meta":{"_acf_changed":false},"product_brand":[],"product_cat":[823],"product_tag":[],"material":[],"class_list":{"0":"post-58046","1":"product","2":"type-product","3":"status-publish","4":"has-post-thumbnail","6":"product_cat-cama-de-dia","8":"first","9":"instock","10":"shipping-taxable","11":"product-type-simple"},"acf":[],"yoast_head":"<!-- This site is optimized with the Yoast SEO plugin v26.8 - https:\/\/yoast.com\/product\/yoast-seo-wordpress\/ -->\n<title>Camas de d\u00eda Marolo | SUNS Outdoor Lifestyle<\/title>\n<meta name=\"description\" content=\"\u00bfBuscas el daybed Marolo? SUNS te ofrece el daybed Marolo de alta calidad, que combina durabilidad y dise\u00f1o.\" \/>\n<meta name=\"robots\" content=\"index, follow, max-snippet:-1, max-image-preview:large, max-video-preview:-1\" \/>\n<link rel=\"canonical\" href=\"https:\/\/hello-suns.com\/es\/productos\/marolo-cama-de-dia\/\" \/>\n<meta property=\"og:locale\" content=\"es_ES\" \/>\n<meta property=\"og:type\" content=\"article\" \/>\n<meta property=\"og:title\" content=\"Camas de d\u00eda Marolo | SUNS Outdoor Lifestyle\" \/>\n<meta property=\"og:description\" content=\"\u00bfBuscas el daybed Marolo? SUNS te ofrece el daybed Marolo de alta calidad, que combina durabilidad y dise\u00f1o.\" \/>\n<meta property=\"og:url\" content=\"https:\/\/hello-suns.com\/es\/productos\/marolo-cama-de-dia\/\" \/>\n<meta property=\"og:site_name\" content=\"SUNS\" \/>\n<meta property=\"article:modified_time\" content=\"2026-03-18T11:09:59+00:00\" \/>\n<meta property=\"og:image\" content=\"https:\/\/hello-suns.com\/app\/uploads\/2026\/03\/Marolo-SUNS-Daybed-BZ-CR-PDB-Free-26-1024x683.png\" \/>\n\t<meta property=\"og:image:width\" content=\"1024\" \/>\n\t<meta property=\"og:image:height\" content=\"683\" \/>\n\t<meta property=\"og:image:type\" content=\"image\/png\" \/>\n<meta name=\"twitter:card\" content=\"summary_large_image\" \/>\n<meta name=\"twitter:label1\" content=\"Est. reading time\" \/>\n\t<meta name=\"twitter:data1\" content=\"3 minutes\" \/>\n<script type=\"application\/ld+json\" class=\"yoast-schema-graph\">{\"@context\":\"https:\/\/schema.org\",\"@graph\":[{\"@type\":\"WebPage\",\"@id\":\"https:\/\/hello-suns.com\/es\/productos\/marolo-cama-de-dia\/\",\"url\":\"https:\/\/hello-suns.com\/es\/productos\/marolo-cama-de-dia\/\",\"name\":\"Camas de d\u00eda Marolo | SUNS Outdoor Lifestyle\",\"isPartOf\":{\"@id\":\"https:\/\/hello-suns.com\/es\/#website\"},\"primaryImageOfPage\":{\"@id\":\"https:\/\/hello-suns.com\/es\/productos\/marolo-cama-de-dia\/#primaryimage\"},\"image\":{\"@id\":\"https:\/\/hello-suns.com\/es\/productos\/marolo-cama-de-dia\/#primaryimage\"},\"thumbnailUrl\":\"https:\/\/hello-suns.com\/app\/uploads\/2026\/03\/Marolo-SUNS-Daybed-BZ-CR-PDB-Free-26.png\",\"datePublished\":\"2026-03-03T07:26:19+00:00\",\"dateModified\":\"2026-03-18T11:09:59+00:00\",\"description\":\"\u00bfBuscas el daybed Marolo? SUNS te ofrece el daybed Marolo de alta calidad, que combina durabilidad y dise\u00f1o.\",\"breadcrumb\":{\"@id\":\"https:\/\/hello-suns.com\/es\/productos\/marolo-cama-de-dia\/#breadcrumb\"},\"inLanguage\":\"es-ES\",\"potentialAction\":[{\"@type\":\"ReadAction\",\"target\":[\"https:\/\/hello-suns.com\/es\/productos\/marolo-cama-de-dia\/\"]}]},{\"@type\":\"ImageObject\",\"inLanguage\":\"es-ES\",\"@id\":\"https:\/\/hello-suns.com\/es\/productos\/marolo-cama-de-dia\/#primaryimage\",\"url\":\"https:\/\/hello-suns.com\/app\/uploads\/2026\/03\/Marolo-SUNS-Daybed-BZ-CR-PDB-Free-26.png\",\"contentUrl\":\"https:\/\/hello-suns.com\/app\/uploads\/2026\/03\/Marolo-SUNS-Daybed-BZ-CR-PDB-Free-26.png\",\"width\":3240,\"height\":2160},{\"@type\":\"BreadcrumbList\",\"@id\":\"https:\/\/hello-suns.com\/es\/productos\/marolo-cama-de-dia\/#breadcrumb\",\"itemListElement\":[{\"@type\":\"ListItem\",\"position\":1,\"name\":\"\",\"item\":\"https:\/\/hello-suns.com\/es\/\"},{\"@type\":\"ListItem\",\"position\":2,\"name\":\"Productos\",\"item\":\"https:\/\/hello-suns.com\/es\/productos\/\"},{\"@type\":\"ListItem\",\"position\":3,\"name\":\"Marolo\"}]},{\"@type\":\"WebSite\",\"@id\":\"https:\/\/hello-suns.com\/es\/#website\",\"url\":\"https:\/\/hello-suns.com\/es\/\",\"name\":\"SUNS\",\"description\":\"Outdoor Lifestyle\",\"potentialAction\":[{\"@type\":\"SearchAction\",\"target\":{\"@type\":\"EntryPoint\",\"urlTemplate\":\"https:\/\/hello-suns.com\/es\/?s={search_term_string}\"},\"query-input\":{\"@type\":\"PropertyValueSpecification\",\"valueRequired\":true,\"valueName\":\"search_term_string\"}}],\"inLanguage\":\"es-ES\"}]}<\/script>\n<!-- \/ Yoast SEO plugin. -->","yoast_head_json":{"title":"Camas de d\u00eda Marolo | SUNS Outdoor Lifestyle","description":"\u00bfBuscas el daybed Marolo? SUNS te ofrece el daybed Marolo de alta calidad, que combina durabilidad y dise\u00f1o.","robots":{"index":"index","follow":"follow","max-snippet":"max-snippet:-1","max-image-preview":"max-image-preview:large","max-video-preview":"max-video-preview:-1"},"canonical":"https:\/\/hello-suns.com\/es\/productos\/marolo-cama-de-dia\/","og_locale":"es_ES","og_type":"article","og_title":"Camas de d\u00eda Marolo | SUNS Outdoor Lifestyle","og_description":"\u00bfBuscas el daybed Marolo? SUNS te ofrece el daybed Marolo de alta calidad, que combina durabilidad y dise\u00f1o.","og_url":"https:\/\/hello-suns.com\/es\/productos\/marolo-cama-de-dia\/","og_site_name":"SUNS","article_modified_time":"2026-03-18T11:09:59+00:00","og_image":[{"width":1024,"height":683,"url":"https:\/\/hello-suns.com\/app\/uploads\/2026\/03\/Marolo-SUNS-Daybed-BZ-CR-PDB-Free-26-1024x683.png","type":"image\/png"}],"twitter_card":"summary_large_image","twitter_misc":{"Est. reading time":"3 minutes"},"schema":{"@context":"https:\/\/schema.org","@graph":[{"@type":"WebPage","@id":"https:\/\/hello-suns.com\/es\/productos\/marolo-cama-de-dia\/","url":"https:\/\/hello-suns.com\/es\/productos\/marolo-cama-de-dia\/","name":"Camas de d\u00eda Marolo | SUNS Outdoor Lifestyle","isPartOf":{"@id":"https:\/\/hello-suns.com\/es\/#website"},"primaryImageOfPage":{"@id":"https:\/\/hello-suns.com\/es\/productos\/marolo-cama-de-dia\/#primaryimage"},"image":{"@id":"https:\/\/hello-suns.com\/es\/productos\/marolo-cama-de-dia\/#primaryimage"},"thumbnailUrl":"https:\/\/hello-suns.com\/app\/uploads\/2026\/03\/Marolo-SUNS-Daybed-BZ-CR-PDB-Free-26.png","datePublished":"2026-03-03T07:26:19+00:00","dateModified":"2026-03-18T11:09:59+00:00","description":"\u00bfBuscas el daybed Marolo? SUNS te ofrece el daybed Marolo de alta calidad, que combina durabilidad y dise\u00f1o.","breadcrumb":{"@id":"https:\/\/hello-suns.com\/es\/productos\/marolo-cama-de-dia\/#breadcrumb"},"inLanguage":"es-ES","potentialAction":[{"@type":"ReadAction","target":["https:\/\/hello-suns.com\/es\/productos\/marolo-cama-de-dia\/"]}]},{"@type":"ImageObject","inLanguage":"es-ES","@id":"https:\/\/hello-suns.com\/es\/productos\/marolo-cama-de-dia\/#primaryimage","url":"https:\/\/hello-suns.com\/app\/uploads\/2026\/03\/Marolo-SUNS-Daybed-BZ-CR-PDB-Free-26.png","contentUrl":"https:\/\/hello-suns.com\/app\/uploads\/2026\/03\/Marolo-SUNS-Daybed-BZ-CR-PDB-Free-26.png","width":3240,"height":2160},{"@type":"BreadcrumbList","@id":"https:\/\/hello-suns.com\/es\/productos\/marolo-cama-de-dia\/#breadcrumb","itemListElement":[{"@type":"ListItem","position":1,"name":"","item":"https:\/\/hello-suns.com\/es\/"},{"@type":"ListItem","position":2,"name":"Productos","item":"https:\/\/hello-suns.com\/es\/productos\/"},{"@type":"ListItem","position":3,"name":"Marolo"}]},{"@type":"WebSite","@id":"https:\/\/hello-suns.com\/es\/#website","url":"https:\/\/hello-suns.com\/es\/","name":"SUNS","description":"Outdoor Lifestyle","potentialAction":[{"@type":"SearchAction","target":{"@type":"EntryPoint","urlTemplate":"https:\/\/hello-suns.com\/es\/?s={search_term_string}"},"query-input":{"@type":"PropertyValueSpecification","valueRequired":true,"valueName":"search_term_string"}}],"inLanguage":"es-ES"}]}},"_links":{"self":[{"href":"https:\/\/hello-suns.com\/es\/wp-json\/wp\/v2\/product\/58046","targetHints":{"allow":["GET"]}}],"collection":[{"href":"https:\/\/hello-suns.com\/es\/wp-json\/wp\/v2\/product"}],"about":[{"href":"https:\/\/hello-suns.com\/es\/wp-json\/wp\/v2\/types\/product"}],"replies":[{"embeddable":true,"href":"https:\/\/hello-suns.com\/es\/wp-json\/wp\/v2\/comments?post=58046"}],"wp:featuredmedia":[{"embeddable":true,"href":"https:\/\/hello-suns.com\/es\/wp-json\/wp\/v2\/media\/58064"}],"wp:attachment":[{"href":"https:\/\/hello-suns.com\/es\/wp-json\/wp\/v2\/media?parent=58046"}],"wp:term":[{"taxonomy":"product_brand","embeddable":true,"href":"https:\/\/hello-suns.com\/es\/wp-json\/wp\/v2\/product_brand?post=58046"},{"taxonomy":"product_cat","embeddable":true,"href":"https:\/\/hello-suns.com\/es\/wp-json\/wp\/v2\/product_cat?post=58046"},{"taxonomy":"product_tag","embeddable":true,"href":"https:\/\/hello-suns.com\/es\/wp-json\/wp\/v2\/product_tag?post=58046"},{"taxonomy":"material","embeddable":true,"href":"https:\/\/hello-suns.com\/es\/wp-json\/wp\/v2\/material?post=58046"}],"curies":[{"name":"wp","href":"https:\/\/api.w.org\/{rel}","templated":true}]}}