{"id":57771,"date":"2026-03-02T15:56:28","date_gmt":"2026-03-02T14:56:28","guid":{"rendered":"https:\/\/hello-suns.com\/?post_type=product&#038;p=57771"},"modified":"2026-03-02T16:47:22","modified_gmt":"2026-03-02T15:47:22","slug":"sillas-de-low-dining","status":"publish","type":"product","link":"https:\/\/hello-suns.com\/es\/productos\/sillas-de-low-dining\/","title":{"rendered":"Casto"},"content":{"rendered":"<h2 style=\"font-weight: 400;\">Cena relajada con estilo<\/h2>\n<p style=\"font-weight: 400;\">La silla baja de comedor Casto combina el lujoso confort de estar tumbado con la comodidad de comer juntos. La altura m\u00e1s baja del asiento crea un ambiente relajado Perfecto para largas y templadas veladas en la mesa.<\/p>\n","protected":false},"excerpt":{"rendered":"<div>\n<div>\n<h3>El arte del equilibrio<\/h3>\n<\/div>\n<\/div>\n<div>\n<div>\n<p>La silla de comedor baja Casto conserva todos los elementos caracter\u00edsticos de la l\u00ednea Casto: la generosa forma de ba\u00f1era, las suaves curvas y la rica Tejido de cuerda de 9 mm. La estructura abierta da a la silla una sensaci\u00f3n de ligereza, mientras que el mullido coj\u00edn del asiento invita a pasar horas de comodidad.<\/p>\n<\/div>\n<div>\n<p>En marco de aluminio en Camello Arena ofrece firmeza y refinamiento, y junto con la cuerda tonal forma un conjunto armonioso. Las l\u00edneas redondeadas y la ligera inclinaci\u00f3n del respaldo crean una posici\u00f3n sentada natural y relajada, exactamente lo que <em>comedor bajo<\/em> tan agradable.<\/p>\n<\/div>\n<\/div>\n","protected":false},"featured_media":57783,"comment_status":"closed","ping_status":"closed","template":"","meta":{"_acf_changed":false},"product_brand":[],"product_cat":[801],"product_tag":[],"material":[],"class_list":{"0":"post-57771","1":"product","2":"type-product","3":"status-publish","4":"has-post-thumbnail","6":"product_cat-sillas-de-low-dining","8":"first","9":"instock","10":"shipping-taxable","11":"product-type-simple"},"acf":[],"yoast_head":"<!-- This site is optimized with the Yoast SEO plugin v26.8 - https:\/\/yoast.com\/product\/yoast-seo-wordpress\/ -->\n<title>Silla baja de comedor Casto | SUNS Outdoor Lifestyle<\/title>\n<meta name=\"description\" content=\"\u00bfBuscas la silla baja de comedor Casto? SUNS te ofrece la silla Casto de alta calidad, que combina durabilidad y dise\u00f1o.\" \/>\n<meta name=\"robots\" content=\"index, follow, max-snippet:-1, max-image-preview:large, max-video-preview:-1\" \/>\n<link rel=\"canonical\" href=\"https:\/\/hello-suns.com\/es\/productos\/sillas-de-low-dining\/\" \/>\n<meta property=\"og:locale\" content=\"es_ES\" \/>\n<meta property=\"og:type\" content=\"article\" \/>\n<meta property=\"og:title\" content=\"Silla baja de comedor Casto | SUNS Outdoor Lifestyle\" \/>\n<meta property=\"og:description\" content=\"\u00bfBuscas la silla baja de comedor Casto? SUNS te ofrece la silla Casto de alta calidad, que combina durabilidad y dise\u00f1o.\" \/>\n<meta property=\"og:url\" content=\"https:\/\/hello-suns.com\/es\/productos\/sillas-de-low-dining\/\" \/>\n<meta property=\"og:site_name\" content=\"SUNS\" \/>\n<meta property=\"article:modified_time\" content=\"2026-03-02T15:47:22+00:00\" \/>\n<meta property=\"og:image\" content=\"https:\/\/hello-suns.com\/app\/uploads\/2026\/03\/Casto-SUNS-Lowdiningchair-CS-VW-BB-Free-26-1-1024x683.png\" \/>\n\t<meta property=\"og:image:width\" content=\"1024\" \/>\n\t<meta property=\"og:image:height\" content=\"683\" \/>\n\t<meta property=\"og:image:type\" content=\"image\/png\" \/>\n<meta name=\"twitter:card\" content=\"summary_large_image\" \/>\n<meta name=\"twitter:label1\" content=\"Est. reading time\" \/>\n\t<meta name=\"twitter:data1\" content=\"3 minutes\" \/>\n<script type=\"application\/ld+json\" class=\"yoast-schema-graph\">{\"@context\":\"https:\/\/schema.org\",\"@graph\":[{\"@type\":\"WebPage\",\"@id\":\"https:\/\/hello-suns.com\/es\/productos\/sillas-de-low-dining\/\",\"url\":\"https:\/\/hello-suns.com\/es\/productos\/sillas-de-low-dining\/\",\"name\":\"Silla baja de comedor Casto | SUNS Outdoor Lifestyle\",\"isPartOf\":{\"@id\":\"https:\/\/hello-suns.com\/es\/#website\"},\"primaryImageOfPage\":{\"@id\":\"https:\/\/hello-suns.com\/es\/productos\/sillas-de-low-dining\/#primaryimage\"},\"image\":{\"@id\":\"https:\/\/hello-suns.com\/es\/productos\/sillas-de-low-dining\/#primaryimage\"},\"thumbnailUrl\":\"https:\/\/hello-suns.com\/app\/uploads\/2026\/03\/Casto-SUNS-Lowdiningchair-CS-VW-BB-Free-26-1.png\",\"datePublished\":\"2026-03-02T14:56:28+00:00\",\"dateModified\":\"2026-03-02T15:47:22+00:00\",\"description\":\"\u00bfBuscas la silla baja de comedor Casto? SUNS te ofrece la silla Casto de alta calidad, que combina durabilidad y dise\u00f1o.\",\"breadcrumb\":{\"@id\":\"https:\/\/hello-suns.com\/es\/productos\/sillas-de-low-dining\/#breadcrumb\"},\"inLanguage\":\"es-ES\",\"potentialAction\":[{\"@type\":\"ReadAction\",\"target\":[\"https:\/\/hello-suns.com\/es\/productos\/sillas-de-low-dining\/\"]}]},{\"@type\":\"ImageObject\",\"inLanguage\":\"es-ES\",\"@id\":\"https:\/\/hello-suns.com\/es\/productos\/sillas-de-low-dining\/#primaryimage\",\"url\":\"https:\/\/hello-suns.com\/app\/uploads\/2026\/03\/Casto-SUNS-Lowdiningchair-CS-VW-BB-Free-26-1.png\",\"contentUrl\":\"https:\/\/hello-suns.com\/app\/uploads\/2026\/03\/Casto-SUNS-Lowdiningchair-CS-VW-BB-Free-26-1.png\",\"width\":3240,\"height\":2160},{\"@type\":\"BreadcrumbList\",\"@id\":\"https:\/\/hello-suns.com\/es\/productos\/sillas-de-low-dining\/#breadcrumb\",\"itemListElement\":[{\"@type\":\"ListItem\",\"position\":1,\"name\":\"\",\"item\":\"https:\/\/hello-suns.com\/es\/\"},{\"@type\":\"ListItem\",\"position\":2,\"name\":\"Productos\",\"item\":\"https:\/\/hello-suns.com\/es\/productos\/\"},{\"@type\":\"ListItem\",\"position\":3,\"name\":\"Casto\"}]},{\"@type\":\"WebSite\",\"@id\":\"https:\/\/hello-suns.com\/es\/#website\",\"url\":\"https:\/\/hello-suns.com\/es\/\",\"name\":\"SUNS\",\"description\":\"Outdoor Lifestyle\",\"potentialAction\":[{\"@type\":\"SearchAction\",\"target\":{\"@type\":\"EntryPoint\",\"urlTemplate\":\"https:\/\/hello-suns.com\/es\/?s={search_term_string}\"},\"query-input\":{\"@type\":\"PropertyValueSpecification\",\"valueRequired\":true,\"valueName\":\"search_term_string\"}}],\"inLanguage\":\"es-ES\"}]}<\/script>\n<!-- \/ Yoast SEO plugin. -->","yoast_head_json":{"title":"Silla baja de comedor Casto | SUNS Outdoor Lifestyle","description":"\u00bfBuscas la silla baja de comedor Casto? SUNS te ofrece la silla Casto de alta calidad, que combina durabilidad y dise\u00f1o.","robots":{"index":"index","follow":"follow","max-snippet":"max-snippet:-1","max-image-preview":"max-image-preview:large","max-video-preview":"max-video-preview:-1"},"canonical":"https:\/\/hello-suns.com\/es\/productos\/sillas-de-low-dining\/","og_locale":"es_ES","og_type":"article","og_title":"Silla baja de comedor Casto | SUNS Outdoor Lifestyle","og_description":"\u00bfBuscas la silla baja de comedor Casto? SUNS te ofrece la silla Casto de alta calidad, que combina durabilidad y dise\u00f1o.","og_url":"https:\/\/hello-suns.com\/es\/productos\/sillas-de-low-dining\/","og_site_name":"SUNS","article_modified_time":"2026-03-02T15:47:22+00:00","og_image":[{"width":1024,"height":683,"url":"https:\/\/hello-suns.com\/app\/uploads\/2026\/03\/Casto-SUNS-Lowdiningchair-CS-VW-BB-Free-26-1-1024x683.png","type":"image\/png"}],"twitter_card":"summary_large_image","twitter_misc":{"Est. reading time":"3 minutes"},"schema":{"@context":"https:\/\/schema.org","@graph":[{"@type":"WebPage","@id":"https:\/\/hello-suns.com\/es\/productos\/sillas-de-low-dining\/","url":"https:\/\/hello-suns.com\/es\/productos\/sillas-de-low-dining\/","name":"Silla baja de comedor Casto | SUNS Outdoor Lifestyle","isPartOf":{"@id":"https:\/\/hello-suns.com\/es\/#website"},"primaryImageOfPage":{"@id":"https:\/\/hello-suns.com\/es\/productos\/sillas-de-low-dining\/#primaryimage"},"image":{"@id":"https:\/\/hello-suns.com\/es\/productos\/sillas-de-low-dining\/#primaryimage"},"thumbnailUrl":"https:\/\/hello-suns.com\/app\/uploads\/2026\/03\/Casto-SUNS-Lowdiningchair-CS-VW-BB-Free-26-1.png","datePublished":"2026-03-02T14:56:28+00:00","dateModified":"2026-03-02T15:47:22+00:00","description":"\u00bfBuscas la silla baja de comedor Casto? SUNS te ofrece la silla Casto de alta calidad, que combina durabilidad y dise\u00f1o.","breadcrumb":{"@id":"https:\/\/hello-suns.com\/es\/productos\/sillas-de-low-dining\/#breadcrumb"},"inLanguage":"es-ES","potentialAction":[{"@type":"ReadAction","target":["https:\/\/hello-suns.com\/es\/productos\/sillas-de-low-dining\/"]}]},{"@type":"ImageObject","inLanguage":"es-ES","@id":"https:\/\/hello-suns.com\/es\/productos\/sillas-de-low-dining\/#primaryimage","url":"https:\/\/hello-suns.com\/app\/uploads\/2026\/03\/Casto-SUNS-Lowdiningchair-CS-VW-BB-Free-26-1.png","contentUrl":"https:\/\/hello-suns.com\/app\/uploads\/2026\/03\/Casto-SUNS-Lowdiningchair-CS-VW-BB-Free-26-1.png","width":3240,"height":2160},{"@type":"BreadcrumbList","@id":"https:\/\/hello-suns.com\/es\/productos\/sillas-de-low-dining\/#breadcrumb","itemListElement":[{"@type":"ListItem","position":1,"name":"","item":"https:\/\/hello-suns.com\/es\/"},{"@type":"ListItem","position":2,"name":"Productos","item":"https:\/\/hello-suns.com\/es\/productos\/"},{"@type":"ListItem","position":3,"name":"Casto"}]},{"@type":"WebSite","@id":"https:\/\/hello-suns.com\/es\/#website","url":"https:\/\/hello-suns.com\/es\/","name":"SUNS","description":"Outdoor Lifestyle","potentialAction":[{"@type":"SearchAction","target":{"@type":"EntryPoint","urlTemplate":"https:\/\/hello-suns.com\/es\/?s={search_term_string}"},"query-input":{"@type":"PropertyValueSpecification","valueRequired":true,"valueName":"search_term_string"}}],"inLanguage":"es-ES"}]}},"_links":{"self":[{"href":"https:\/\/hello-suns.com\/es\/wp-json\/wp\/v2\/product\/57771","targetHints":{"allow":["GET"]}}],"collection":[{"href":"https:\/\/hello-suns.com\/es\/wp-json\/wp\/v2\/product"}],"about":[{"href":"https:\/\/hello-suns.com\/es\/wp-json\/wp\/v2\/types\/product"}],"replies":[{"embeddable":true,"href":"https:\/\/hello-suns.com\/es\/wp-json\/wp\/v2\/comments?post=57771"}],"wp:featuredmedia":[{"embeddable":true,"href":"https:\/\/hello-suns.com\/es\/wp-json\/wp\/v2\/media\/57783"}],"wp:attachment":[{"href":"https:\/\/hello-suns.com\/es\/wp-json\/wp\/v2\/media?parent=57771"}],"wp:term":[{"taxonomy":"product_brand","embeddable":true,"href":"https:\/\/hello-suns.com\/es\/wp-json\/wp\/v2\/product_brand?post=57771"},{"taxonomy":"product_cat","embeddable":true,"href":"https:\/\/hello-suns.com\/es\/wp-json\/wp\/v2\/product_cat?post=57771"},{"taxonomy":"product_tag","embeddable":true,"href":"https:\/\/hello-suns.com\/es\/wp-json\/wp\/v2\/product_tag?post=57771"},{"taxonomy":"material","embeddable":true,"href":"https:\/\/hello-suns.com\/es\/wp-json\/wp\/v2\/material?post=57771"}],"curies":[{"name":"wp","href":"https:\/\/api.w.org\/{rel}","templated":true}]}}