{"id":57694,"date":"2026-03-02T15:30:12","date_gmt":"2026-03-02T14:30:12","guid":{"rendered":"https:\/\/hello-suns.com\/?post_type=product&#038;p=57694"},"modified":"2026-03-03T10:40:04","modified_gmt":"2026-03-03T09:40:04","slug":"palermo-conjuntos-de-bar","status":"publish","type":"product","link":"https:\/\/hello-suns.com\/es\/productos\/palermo-conjuntos-de-bar\/","title":{"rendered":"Palermo"},"content":{"rendered":"<h2 style=\"font-weight: 400;\"><span class=\"TextRun MacChromeBold SCXW122514709 BCX8\" lang=\"NL-NL\" xml:lang=\"NL-NL\" data-contrast=\"none\"><span class=\"NormalTextRun SCXW122514709 BCX8\" data-ccp-charstyle=\"normaltextrun\" data-ccp-charstyle-defn=\"{\">Altura relajada <\/span><\/span><\/h2>\n<p style=\"font-weight: 400;\"><span class=\"TextRun SCXW188688039 BCX8\" lang=\"NL-NL\" xml:lang=\"NL-NL\" data-contrast=\"none\"><span class=\"NormalTextRun SCXW188688039 BCX8\" data-ccp-parastyle=\"paragraph\" data-ccp-parastyle-defn=\"{\">Con la barra baja Palermo <\/span><span class=\"NormalTextRun SpellingErrorV2Themed SCXW188688039 BCX8\" data-ccp-parastyle=\"paragraph\">mesa<\/span><span class=\"NormalTextRun SCXW188688039 BCX8\" data-ccp-parastyle=\"paragraph\"> la vida al aire libre da un giro l\u00fadico. M\u00e1s bajo que un bar, m\u00e1s alto que una tumbona. Justo en medio se crea un espacio para bebidas relajadas, cenas ligeras y largas conversaciones que se prolongan hasta la noche. Palermo se siente informal y sofisticado al mismo tiempo. Una mesa que invita a quedarse. <\/span><\/span><\/p>\n","protected":false},"excerpt":{"rendered":"<div>\n<h3><span class=\"TextRun MacChromeBold SCXW106971117 BCX8\" lang=\"NL-NL\" xml:lang=\"NL-NL\" data-contrast=\"none\"><span class=\"NormalTextRun SCXW106971117 BCX8\" data-ccp-charstyle=\"normaltextrun\" data-ccp-charstyle-defn=\"{\">Experiencia en bares bajos <\/span><\/span><\/h3>\n<\/div>\n<div>\n<p><span data-contrast=\"none\">La mesa baja de bar Palermo combina una altura c\u00f3moda con un aspecto abierto y tranquilo. Ideal para momentos en los que no quieres cenar, pero tampoco holgazanear. La altura baja de la barra crea una posici\u00f3n sentada relajada y una din\u00e1mica natural alrededor de la mesa. Perfecta para una copa de vino por la tarde o una comida informal con amigos. <\/span><\/p>\n<p><span data-contrast=\"none\">La generosa encimera ofrece mucho espacio, mientras que las l\u00edneas esbeltas y las curvas suaves mantienen el dise\u00f1o ligero y elegante. La estructura de aluminio proporciona estabilidad sin parecer pesada y hace juego con el resto de la l\u00ednea Palermo. La mesa est\u00e1 disponible en distintas longitudes, para que siempre encuentres la proporci\u00f3n adecuada para tu terraza o veranda. <\/span><\/p>\n<p><span data-contrast=\"none\">La mesa de comedor baja Palermo constituye una relajada pieza central de tu espacio exterior. Una mesa que se adapta a los cojines suaves, las veladas informales y el ritmo lento de disfrutar juntos. Lujosa, pero nunca molesta. Elegante, pero siempre accesible. <\/span><\/p>\n<p>&nbsp;<\/p>\n<\/div>\n","protected":false},"featured_media":57733,"comment_status":"closed","ping_status":"closed","template":"","meta":{"_acf_changed":false},"product_brand":[],"product_cat":[821],"product_tag":[],"material":[],"class_list":{"0":"post-57694","1":"product","2":"type-product","3":"status-publish","4":"has-post-thumbnail","6":"product_cat-conjuntos-de-bar","8":"first","9":"instock","10":"shipping-taxable","11":"product-type-simple"},"acf":[],"yoast_head":"<!-- This site is optimized with the Yoast SEO plugin v26.8 - https:\/\/yoast.com\/product\/yoast-seo-wordpress\/ -->\n<title>Descubre la mesa de bar Palermo | SUNS Outdoor Lifestyle<\/title>\n<meta name=\"description\" content=\"\u00bfBuscas una elegante mesa de bar Palermo? SUNS ofrece mesas duraderas con un dise\u00f1o moderno, perfectas para un espacio exterior elegante y funcional.\" \/>\n<meta name=\"robots\" content=\"index, follow, max-snippet:-1, max-image-preview:large, max-video-preview:-1\" \/>\n<link rel=\"canonical\" href=\"https:\/\/hello-suns.com\/es\/productos\/palermo-conjuntos-de-bar\/\" \/>\n<meta property=\"og:locale\" content=\"es_ES\" \/>\n<meta property=\"og:type\" content=\"article\" \/>\n<meta property=\"og:title\" content=\"Descubre la mesa de bar Palermo | SUNS Outdoor Lifestyle\" \/>\n<meta property=\"og:description\" content=\"\u00bfBuscas una elegante mesa de bar Palermo? SUNS ofrece mesas duraderas con un dise\u00f1o moderno, perfectas para un espacio exterior elegante y funcional.\" \/>\n<meta property=\"og:url\" content=\"https:\/\/hello-suns.com\/es\/productos\/palermo-conjuntos-de-bar\/\" \/>\n<meta property=\"og:site_name\" content=\"SUNS\" \/>\n<meta property=\"article:modified_time\" content=\"2026-03-03T09:40:04+00:00\" \/>\n<meta property=\"og:image\" content=\"https:\/\/hello-suns.com\/app\/uploads\/2026\/03\/Palermo-SUNS-BarTable-BZ-NSG-Free-26-1024x683.png\" \/>\n\t<meta property=\"og:image:width\" content=\"1024\" \/>\n\t<meta property=\"og:image:height\" content=\"683\" \/>\n\t<meta property=\"og:image:type\" content=\"image\/png\" \/>\n<meta name=\"twitter:card\" content=\"summary_large_image\" \/>\n<meta name=\"twitter:label1\" content=\"Est. reading time\" \/>\n\t<meta name=\"twitter:data1\" content=\"3 minutes\" \/>\n<script type=\"application\/ld+json\" class=\"yoast-schema-graph\">{\"@context\":\"https:\/\/schema.org\",\"@graph\":[{\"@type\":\"WebPage\",\"@id\":\"https:\/\/hello-suns.com\/es\/productos\/palermo-conjuntos-de-bar\/\",\"url\":\"https:\/\/hello-suns.com\/es\/productos\/palermo-conjuntos-de-bar\/\",\"name\":\"Descubre la mesa de bar Palermo | SUNS Outdoor Lifestyle\",\"isPartOf\":{\"@id\":\"https:\/\/hello-suns.com\/es\/#website\"},\"primaryImageOfPage\":{\"@id\":\"https:\/\/hello-suns.com\/es\/productos\/palermo-conjuntos-de-bar\/#primaryimage\"},\"image\":{\"@id\":\"https:\/\/hello-suns.com\/es\/productos\/palermo-conjuntos-de-bar\/#primaryimage\"},\"thumbnailUrl\":\"https:\/\/hello-suns.com\/app\/uploads\/2026\/03\/Palermo-SUNS-BarTable-BZ-NSG-Free-26.png\",\"datePublished\":\"2026-03-02T14:30:12+00:00\",\"dateModified\":\"2026-03-03T09:40:04+00:00\",\"description\":\"\u00bfBuscas una elegante mesa de bar Palermo? SUNS ofrece mesas duraderas con un dise\u00f1o moderno, perfectas para un espacio exterior elegante y funcional.\",\"breadcrumb\":{\"@id\":\"https:\/\/hello-suns.com\/es\/productos\/palermo-conjuntos-de-bar\/#breadcrumb\"},\"inLanguage\":\"es-ES\",\"potentialAction\":[{\"@type\":\"ReadAction\",\"target\":[\"https:\/\/hello-suns.com\/es\/productos\/palermo-conjuntos-de-bar\/\"]}]},{\"@type\":\"ImageObject\",\"inLanguage\":\"es-ES\",\"@id\":\"https:\/\/hello-suns.com\/es\/productos\/palermo-conjuntos-de-bar\/#primaryimage\",\"url\":\"https:\/\/hello-suns.com\/app\/uploads\/2026\/03\/Palermo-SUNS-BarTable-BZ-NSG-Free-26.png\",\"contentUrl\":\"https:\/\/hello-suns.com\/app\/uploads\/2026\/03\/Palermo-SUNS-BarTable-BZ-NSG-Free-26.png\",\"width\":3840,\"height\":2560},{\"@type\":\"BreadcrumbList\",\"@id\":\"https:\/\/hello-suns.com\/es\/productos\/palermo-conjuntos-de-bar\/#breadcrumb\",\"itemListElement\":[{\"@type\":\"ListItem\",\"position\":1,\"name\":\"\",\"item\":\"https:\/\/hello-suns.com\/es\/\"},{\"@type\":\"ListItem\",\"position\":2,\"name\":\"Productos\",\"item\":\"https:\/\/hello-suns.com\/es\/productos\/\"},{\"@type\":\"ListItem\",\"position\":3,\"name\":\"Palermo\"}]},{\"@type\":\"WebSite\",\"@id\":\"https:\/\/hello-suns.com\/es\/#website\",\"url\":\"https:\/\/hello-suns.com\/es\/\",\"name\":\"SUNS\",\"description\":\"Outdoor Lifestyle\",\"potentialAction\":[{\"@type\":\"SearchAction\",\"target\":{\"@type\":\"EntryPoint\",\"urlTemplate\":\"https:\/\/hello-suns.com\/es\/?s={search_term_string}\"},\"query-input\":{\"@type\":\"PropertyValueSpecification\",\"valueRequired\":true,\"valueName\":\"search_term_string\"}}],\"inLanguage\":\"es-ES\"}]}<\/script>\n<!-- \/ Yoast SEO plugin. -->","yoast_head_json":{"title":"Descubre la mesa de bar Palermo | SUNS Outdoor Lifestyle","description":"\u00bfBuscas una elegante mesa de bar Palermo? SUNS ofrece mesas duraderas con un dise\u00f1o moderno, perfectas para un espacio exterior elegante y funcional.","robots":{"index":"index","follow":"follow","max-snippet":"max-snippet:-1","max-image-preview":"max-image-preview:large","max-video-preview":"max-video-preview:-1"},"canonical":"https:\/\/hello-suns.com\/es\/productos\/palermo-conjuntos-de-bar\/","og_locale":"es_ES","og_type":"article","og_title":"Descubre la mesa de bar Palermo | SUNS Outdoor Lifestyle","og_description":"\u00bfBuscas una elegante mesa de bar Palermo? SUNS ofrece mesas duraderas con un dise\u00f1o moderno, perfectas para un espacio exterior elegante y funcional.","og_url":"https:\/\/hello-suns.com\/es\/productos\/palermo-conjuntos-de-bar\/","og_site_name":"SUNS","article_modified_time":"2026-03-03T09:40:04+00:00","og_image":[{"width":1024,"height":683,"url":"https:\/\/hello-suns.com\/app\/uploads\/2026\/03\/Palermo-SUNS-BarTable-BZ-NSG-Free-26-1024x683.png","type":"image\/png"}],"twitter_card":"summary_large_image","twitter_misc":{"Est. reading time":"3 minutes"},"schema":{"@context":"https:\/\/schema.org","@graph":[{"@type":"WebPage","@id":"https:\/\/hello-suns.com\/es\/productos\/palermo-conjuntos-de-bar\/","url":"https:\/\/hello-suns.com\/es\/productos\/palermo-conjuntos-de-bar\/","name":"Descubre la mesa de bar Palermo | SUNS Outdoor Lifestyle","isPartOf":{"@id":"https:\/\/hello-suns.com\/es\/#website"},"primaryImageOfPage":{"@id":"https:\/\/hello-suns.com\/es\/productos\/palermo-conjuntos-de-bar\/#primaryimage"},"image":{"@id":"https:\/\/hello-suns.com\/es\/productos\/palermo-conjuntos-de-bar\/#primaryimage"},"thumbnailUrl":"https:\/\/hello-suns.com\/app\/uploads\/2026\/03\/Palermo-SUNS-BarTable-BZ-NSG-Free-26.png","datePublished":"2026-03-02T14:30:12+00:00","dateModified":"2026-03-03T09:40:04+00:00","description":"\u00bfBuscas una elegante mesa de bar Palermo? SUNS ofrece mesas duraderas con un dise\u00f1o moderno, perfectas para un espacio exterior elegante y funcional.","breadcrumb":{"@id":"https:\/\/hello-suns.com\/es\/productos\/palermo-conjuntos-de-bar\/#breadcrumb"},"inLanguage":"es-ES","potentialAction":[{"@type":"ReadAction","target":["https:\/\/hello-suns.com\/es\/productos\/palermo-conjuntos-de-bar\/"]}]},{"@type":"ImageObject","inLanguage":"es-ES","@id":"https:\/\/hello-suns.com\/es\/productos\/palermo-conjuntos-de-bar\/#primaryimage","url":"https:\/\/hello-suns.com\/app\/uploads\/2026\/03\/Palermo-SUNS-BarTable-BZ-NSG-Free-26.png","contentUrl":"https:\/\/hello-suns.com\/app\/uploads\/2026\/03\/Palermo-SUNS-BarTable-BZ-NSG-Free-26.png","width":3840,"height":2560},{"@type":"BreadcrumbList","@id":"https:\/\/hello-suns.com\/es\/productos\/palermo-conjuntos-de-bar\/#breadcrumb","itemListElement":[{"@type":"ListItem","position":1,"name":"","item":"https:\/\/hello-suns.com\/es\/"},{"@type":"ListItem","position":2,"name":"Productos","item":"https:\/\/hello-suns.com\/es\/productos\/"},{"@type":"ListItem","position":3,"name":"Palermo"}]},{"@type":"WebSite","@id":"https:\/\/hello-suns.com\/es\/#website","url":"https:\/\/hello-suns.com\/es\/","name":"SUNS","description":"Outdoor Lifestyle","potentialAction":[{"@type":"SearchAction","target":{"@type":"EntryPoint","urlTemplate":"https:\/\/hello-suns.com\/es\/?s={search_term_string}"},"query-input":{"@type":"PropertyValueSpecification","valueRequired":true,"valueName":"search_term_string"}}],"inLanguage":"es-ES"}]}},"_links":{"self":[{"href":"https:\/\/hello-suns.com\/es\/wp-json\/wp\/v2\/product\/57694","targetHints":{"allow":["GET"]}}],"collection":[{"href":"https:\/\/hello-suns.com\/es\/wp-json\/wp\/v2\/product"}],"about":[{"href":"https:\/\/hello-suns.com\/es\/wp-json\/wp\/v2\/types\/product"}],"replies":[{"embeddable":true,"href":"https:\/\/hello-suns.com\/es\/wp-json\/wp\/v2\/comments?post=57694"}],"wp:featuredmedia":[{"embeddable":true,"href":"https:\/\/hello-suns.com\/es\/wp-json\/wp\/v2\/media\/57733"}],"wp:attachment":[{"href":"https:\/\/hello-suns.com\/es\/wp-json\/wp\/v2\/media?parent=57694"}],"wp:term":[{"taxonomy":"product_brand","embeddable":true,"href":"https:\/\/hello-suns.com\/es\/wp-json\/wp\/v2\/product_brand?post=57694"},{"taxonomy":"product_cat","embeddable":true,"href":"https:\/\/hello-suns.com\/es\/wp-json\/wp\/v2\/product_cat?post=57694"},{"taxonomy":"product_tag","embeddable":true,"href":"https:\/\/hello-suns.com\/es\/wp-json\/wp\/v2\/product_tag?post=57694"},{"taxonomy":"material","embeddable":true,"href":"https:\/\/hello-suns.com\/es\/wp-json\/wp\/v2\/material?post=57694"}],"curies":[{"name":"wp","href":"https:\/\/api.w.org\/{rel}","templated":true}]}}