{"id":57175,"date":"2026-03-02T12:50:46","date_gmt":"2026-03-02T11:50:46","guid":{"rendered":"https:\/\/hello-suns.com\/?post_type=product&#038;p=57175"},"modified":"2026-03-19T08:53:35","modified_gmt":"2026-03-19T07:53:35","slug":"feroli-conjuntos-de-salon","status":"publish","type":"product","link":"https:\/\/hello-suns.com\/es\/productos\/feroli-conjuntos-de-salon\/","title":{"rendered":"Feroli"},"content":{"rendered":"<div>\n<h2>Con Feroli, se crea espacio.<b><\/b><\/h2>\n<\/div>\n<div>\n<p>Para sentarse, tumbarse y estar juntos. Un sal\u00f3n que se deja moldear por c\u00f3mo vives el exterior.<\/p>\n<\/div>\n","protected":false},"excerpt":{"rendered":"<h2 style=\"font-weight: 400;\">Libre en la forma, rico en comodidad<\/h2>\n<p style=\"font-weight: 400;\">Feroli es un conjunto de sal\u00f3n que se amolda a tu espacio exterior. Los contornos org\u00e1nicos dan al conjunto una sensaci\u00f3n de suavidad, mientras que el dise\u00f1o modular te invita a cambiar y jugar con el espacio. De una configuraci\u00f3n compacta a una generosa. De una zona de estar \u00edntima a un relajado sof\u00e1 cama juntando dos chaise longues. Feroli se mueve con el momento.<\/p>\n<p style=\"font-weight: 400;\">El dise\u00f1o destaca por su aspecto completo y artesanal. Las gruesas cuerdas que rodean los asientos a\u00f1aden calidez y textura, creando una sensaci\u00f3n envolvente. La esbelta estructura de aluminio mantiene el conjunto aireado y elegante, sin renunciar a la robustez.<\/p>\n<p style=\"font-weight: 400;\">Los generosos cojines vienen en un suave tejido exterior boucl\u00e9 que invita inmediatamente a tomar asiento. Son repelentes al agua y aptos para exteriores, por lo que comodidad y confort van de la mano. Tanto si eliges un elemento de asiento como un elemento de dos plazas o una chaise longue, Feroli siempre resulta relajante y lujoso.<\/p>\n<p style=\"font-weight: 400;\">El armaz\u00f3n est\u00e1 disponible en colores Bronce y Arena Camel, cuidadosamente combinados con tela y cordaje. As\u00ed se crea un conjunto de sal\u00f3n que desprende tranquilidad y ofrece libertad. Para una vida al aire libre que sigue adapt\u00e1ndose.<\/p>\n","protected":false},"featured_media":57188,"comment_status":"closed","ping_status":"closed","template":"","meta":{"_acf_changed":false},"product_brand":[],"product_cat":[799,797],"product_tag":[],"material":[],"class_list":{"0":"post-57175","1":"product","2":"type-product","3":"status-publish","4":"has-post-thumbnail","6":"product_cat-conjuntos-de-salon","7":"product_cat-you-create-es","9":"first","10":"instock","11":"shipping-taxable","12":"product-type-simple"},"acf":[],"yoast_head":"<!-- This site is optimized with the Yoast SEO plugin v26.8 - https:\/\/yoast.com\/product\/yoast-seo-wordpress\/ -->\n<title>Descubre el Juego de Sal\u00f3n Feroli | SUNS Outdoor Lifestyle<\/title>\n<meta name=\"description\" content=\"\u00bfBuscas un elegante conjunto de sal\u00f3n Feroli? SUNS ofrece lujosos conjuntos de sal\u00f3n que combinan comodidad, dise\u00f1o y durabilidad para crear un elegante espacio al aire libre.\" \/>\n<meta name=\"robots\" content=\"index, follow, max-snippet:-1, max-image-preview:large, max-video-preview:-1\" \/>\n<link rel=\"canonical\" href=\"https:\/\/hello-suns.com\/es\/productos\/feroli-conjuntos-de-salon\/\" \/>\n<meta property=\"og:locale\" content=\"es_ES\" \/>\n<meta property=\"og:type\" content=\"article\" \/>\n<meta property=\"og:title\" content=\"Descubre el Juego de Sal\u00f3n Feroli | SUNS Outdoor Lifestyle\" \/>\n<meta property=\"og:description\" content=\"\u00bfBuscas un elegante conjunto de sal\u00f3n Feroli? SUNS ofrece lujosos conjuntos de sal\u00f3n que combinan comodidad, dise\u00f1o y durabilidad para crear un elegante espacio al aire libre.\" \/>\n<meta property=\"og:url\" content=\"https:\/\/hello-suns.com\/es\/productos\/feroli-conjuntos-de-salon\/\" \/>\n<meta property=\"og:site_name\" content=\"SUNS\" \/>\n<meta property=\"article:modified_time\" content=\"2026-03-19T07:53:35+00:00\" \/>\n<meta property=\"og:image\" content=\"https:\/\/hello-suns.com\/app\/uploads\/2026\/03\/Feroli-SUNS-SofaSet-Nova-CS-MR-BB-Free-26-1024x683.png\" \/>\n\t<meta property=\"og:image:width\" content=\"1024\" \/>\n\t<meta property=\"og:image:height\" content=\"683\" \/>\n\t<meta property=\"og:image:type\" content=\"image\/png\" \/>\n<meta name=\"twitter:card\" content=\"summary_large_image\" \/>\n<meta name=\"twitter:label1\" content=\"Est. reading time\" \/>\n\t<meta name=\"twitter:data1\" content=\"4 minutes\" \/>\n<script type=\"application\/ld+json\" class=\"yoast-schema-graph\">{\"@context\":\"https:\/\/schema.org\",\"@graph\":[{\"@type\":\"WebPage\",\"@id\":\"https:\/\/hello-suns.com\/es\/productos\/feroli-conjuntos-de-salon\/\",\"url\":\"https:\/\/hello-suns.com\/es\/productos\/feroli-conjuntos-de-salon\/\",\"name\":\"Descubre el Juego de Sal\u00f3n Feroli | SUNS Outdoor Lifestyle\",\"isPartOf\":{\"@id\":\"https:\/\/hello-suns.com\/es\/#website\"},\"primaryImageOfPage\":{\"@id\":\"https:\/\/hello-suns.com\/es\/productos\/feroli-conjuntos-de-salon\/#primaryimage\"},\"image\":{\"@id\":\"https:\/\/hello-suns.com\/es\/productos\/feroli-conjuntos-de-salon\/#primaryimage\"},\"thumbnailUrl\":\"https:\/\/hello-suns.com\/app\/uploads\/2026\/03\/Feroli-SUNS-SofaSet-Nova-CS-MR-BB-Free-26.png\",\"datePublished\":\"2026-03-02T11:50:46+00:00\",\"dateModified\":\"2026-03-19T07:53:35+00:00\",\"description\":\"\u00bfBuscas un elegante conjunto de sal\u00f3n Feroli? SUNS ofrece lujosos conjuntos de sal\u00f3n que combinan comodidad, dise\u00f1o y durabilidad para crear un elegante espacio al aire libre.\",\"breadcrumb\":{\"@id\":\"https:\/\/hello-suns.com\/es\/productos\/feroli-conjuntos-de-salon\/#breadcrumb\"},\"inLanguage\":\"es-ES\",\"potentialAction\":[{\"@type\":\"ReadAction\",\"target\":[\"https:\/\/hello-suns.com\/es\/productos\/feroli-conjuntos-de-salon\/\"]}]},{\"@type\":\"ImageObject\",\"inLanguage\":\"es-ES\",\"@id\":\"https:\/\/hello-suns.com\/es\/productos\/feroli-conjuntos-de-salon\/#primaryimage\",\"url\":\"https:\/\/hello-suns.com\/app\/uploads\/2026\/03\/Feroli-SUNS-SofaSet-Nova-CS-MR-BB-Free-26.png\",\"contentUrl\":\"https:\/\/hello-suns.com\/app\/uploads\/2026\/03\/Feroli-SUNS-SofaSet-Nova-CS-MR-BB-Free-26.png\",\"width\":3840,\"height\":2560},{\"@type\":\"BreadcrumbList\",\"@id\":\"https:\/\/hello-suns.com\/es\/productos\/feroli-conjuntos-de-salon\/#breadcrumb\",\"itemListElement\":[{\"@type\":\"ListItem\",\"position\":1,\"name\":\"\",\"item\":\"https:\/\/hello-suns.com\/es\/\"},{\"@type\":\"ListItem\",\"position\":2,\"name\":\"Productos\",\"item\":\"https:\/\/hello-suns.com\/es\/productos\/\"},{\"@type\":\"ListItem\",\"position\":3,\"name\":\"Feroli\"}]},{\"@type\":\"WebSite\",\"@id\":\"https:\/\/hello-suns.com\/es\/#website\",\"url\":\"https:\/\/hello-suns.com\/es\/\",\"name\":\"SUNS\",\"description\":\"Outdoor Lifestyle\",\"potentialAction\":[{\"@type\":\"SearchAction\",\"target\":{\"@type\":\"EntryPoint\",\"urlTemplate\":\"https:\/\/hello-suns.com\/es\/?s={search_term_string}\"},\"query-input\":{\"@type\":\"PropertyValueSpecification\",\"valueRequired\":true,\"valueName\":\"search_term_string\"}}],\"inLanguage\":\"es-ES\"}]}<\/script>\n<!-- \/ Yoast SEO plugin. -->","yoast_head_json":{"title":"Descubre el Juego de Sal\u00f3n Feroli | SUNS Outdoor Lifestyle","description":"\u00bfBuscas un elegante conjunto de sal\u00f3n Feroli? SUNS ofrece lujosos conjuntos de sal\u00f3n que combinan comodidad, dise\u00f1o y durabilidad para crear un elegante espacio al aire libre.","robots":{"index":"index","follow":"follow","max-snippet":"max-snippet:-1","max-image-preview":"max-image-preview:large","max-video-preview":"max-video-preview:-1"},"canonical":"https:\/\/hello-suns.com\/es\/productos\/feroli-conjuntos-de-salon\/","og_locale":"es_ES","og_type":"article","og_title":"Descubre el Juego de Sal\u00f3n Feroli | SUNS Outdoor Lifestyle","og_description":"\u00bfBuscas un elegante conjunto de sal\u00f3n Feroli? SUNS ofrece lujosos conjuntos de sal\u00f3n que combinan comodidad, dise\u00f1o y durabilidad para crear un elegante espacio al aire libre.","og_url":"https:\/\/hello-suns.com\/es\/productos\/feroli-conjuntos-de-salon\/","og_site_name":"SUNS","article_modified_time":"2026-03-19T07:53:35+00:00","og_image":[{"width":1024,"height":683,"url":"https:\/\/hello-suns.com\/app\/uploads\/2026\/03\/Feroli-SUNS-SofaSet-Nova-CS-MR-BB-Free-26-1024x683.png","type":"image\/png"}],"twitter_card":"summary_large_image","twitter_misc":{"Est. reading time":"4 minutes"},"schema":{"@context":"https:\/\/schema.org","@graph":[{"@type":"WebPage","@id":"https:\/\/hello-suns.com\/es\/productos\/feroli-conjuntos-de-salon\/","url":"https:\/\/hello-suns.com\/es\/productos\/feroli-conjuntos-de-salon\/","name":"Descubre el Juego de Sal\u00f3n Feroli | SUNS Outdoor Lifestyle","isPartOf":{"@id":"https:\/\/hello-suns.com\/es\/#website"},"primaryImageOfPage":{"@id":"https:\/\/hello-suns.com\/es\/productos\/feroli-conjuntos-de-salon\/#primaryimage"},"image":{"@id":"https:\/\/hello-suns.com\/es\/productos\/feroli-conjuntos-de-salon\/#primaryimage"},"thumbnailUrl":"https:\/\/hello-suns.com\/app\/uploads\/2026\/03\/Feroli-SUNS-SofaSet-Nova-CS-MR-BB-Free-26.png","datePublished":"2026-03-02T11:50:46+00:00","dateModified":"2026-03-19T07:53:35+00:00","description":"\u00bfBuscas un elegante conjunto de sal\u00f3n Feroli? SUNS ofrece lujosos conjuntos de sal\u00f3n que combinan comodidad, dise\u00f1o y durabilidad para crear un elegante espacio al aire libre.","breadcrumb":{"@id":"https:\/\/hello-suns.com\/es\/productos\/feroli-conjuntos-de-salon\/#breadcrumb"},"inLanguage":"es-ES","potentialAction":[{"@type":"ReadAction","target":["https:\/\/hello-suns.com\/es\/productos\/feroli-conjuntos-de-salon\/"]}]},{"@type":"ImageObject","inLanguage":"es-ES","@id":"https:\/\/hello-suns.com\/es\/productos\/feroli-conjuntos-de-salon\/#primaryimage","url":"https:\/\/hello-suns.com\/app\/uploads\/2026\/03\/Feroli-SUNS-SofaSet-Nova-CS-MR-BB-Free-26.png","contentUrl":"https:\/\/hello-suns.com\/app\/uploads\/2026\/03\/Feroli-SUNS-SofaSet-Nova-CS-MR-BB-Free-26.png","width":3840,"height":2560},{"@type":"BreadcrumbList","@id":"https:\/\/hello-suns.com\/es\/productos\/feroli-conjuntos-de-salon\/#breadcrumb","itemListElement":[{"@type":"ListItem","position":1,"name":"","item":"https:\/\/hello-suns.com\/es\/"},{"@type":"ListItem","position":2,"name":"Productos","item":"https:\/\/hello-suns.com\/es\/productos\/"},{"@type":"ListItem","position":3,"name":"Feroli"}]},{"@type":"WebSite","@id":"https:\/\/hello-suns.com\/es\/#website","url":"https:\/\/hello-suns.com\/es\/","name":"SUNS","description":"Outdoor Lifestyle","potentialAction":[{"@type":"SearchAction","target":{"@type":"EntryPoint","urlTemplate":"https:\/\/hello-suns.com\/es\/?s={search_term_string}"},"query-input":{"@type":"PropertyValueSpecification","valueRequired":true,"valueName":"search_term_string"}}],"inLanguage":"es-ES"}]}},"_links":{"self":[{"href":"https:\/\/hello-suns.com\/es\/wp-json\/wp\/v2\/product\/57175","targetHints":{"allow":["GET"]}}],"collection":[{"href":"https:\/\/hello-suns.com\/es\/wp-json\/wp\/v2\/product"}],"about":[{"href":"https:\/\/hello-suns.com\/es\/wp-json\/wp\/v2\/types\/product"}],"replies":[{"embeddable":true,"href":"https:\/\/hello-suns.com\/es\/wp-json\/wp\/v2\/comments?post=57175"}],"wp:featuredmedia":[{"embeddable":true,"href":"https:\/\/hello-suns.com\/es\/wp-json\/wp\/v2\/media\/57188"}],"wp:attachment":[{"href":"https:\/\/hello-suns.com\/es\/wp-json\/wp\/v2\/media?parent=57175"}],"wp:term":[{"taxonomy":"product_brand","embeddable":true,"href":"https:\/\/hello-suns.com\/es\/wp-json\/wp\/v2\/product_brand?post=57175"},{"taxonomy":"product_cat","embeddable":true,"href":"https:\/\/hello-suns.com\/es\/wp-json\/wp\/v2\/product_cat?post=57175"},{"taxonomy":"product_tag","embeddable":true,"href":"https:\/\/hello-suns.com\/es\/wp-json\/wp\/v2\/product_tag?post=57175"},{"taxonomy":"material","embeddable":true,"href":"https:\/\/hello-suns.com\/es\/wp-json\/wp\/v2\/material?post=57175"}],"curies":[{"name":"wp","href":"https:\/\/api.w.org\/{rel}","templated":true}]}}