{"id":57163,"date":"2026-03-02T12:42:37","date_gmt":"2026-03-02T11:42:37","guid":{"rendered":"https:\/\/hello-suns.com\/?post_type=product&#038;p=57163"},"modified":"2026-03-02T13:28:27","modified_gmt":"2026-03-02T12:28:27","slug":"palermo-mesas-de-low-dining","status":"publish","type":"product","link":"https:\/\/hello-suns.com\/es\/productos\/palermo-mesas-de-low-dining\/","title":{"rendered":"Palermo"},"content":{"rendered":"<h2 style=\"font-weight: 400;\">La comida baja en una nueva perspectiva<\/h2>\n<p style=\"font-weight: 400;\">La mesa de comedor baja Palermo a\u00fana tranquilidad, espacio y estilo en un solo dise\u00f1o. Una mesa que te invita a largas veladas en el exterior, donde descansar y comer fluyen naturalmente el uno en el otro. Palermo aporta una nueva relajaci\u00f3n a la terraza, sin renunciar a la elegancia.<\/p>\n<p style=\"font-weight: 400;\">La mesa de comedor baja Palermo constituye una relajada pieza central de tu espacio exterior. Una mesa que se adapta a los cojines suaves, las veladas informales y el ritmo lento de disfrutar juntos. Lujosa, pero nunca intrusiva. Elegante, pero siempre accesible.<\/p>\n","protected":false},"excerpt":{"rendered":"<div>\n<h3>Dise\u00f1o rebajado<\/h3>\n<\/div>\n<div>\n<p>La baja altura de la mesa crea un ambiente informal en el que las conversaciones duran naturalmente m\u00e1s tiempo. Su generoso tama\u00f1o hace que la mesa sea ideal para cenas con la familia, reuniones relajadas o una tranquila ma\u00f1ana al sol. Las l\u00edneas esbeltas y las sutiles curvas del tablero mantienen el dise\u00f1o aireado, mientras que la robusta estructura de aluminio proporciona estabilidad y comodidad.<\/p>\n<\/div>\n<div>\n<p>Palermo est\u00e1 disponible en distintas longitudes para que puedas elegir sin esfuerzo la escala adecuada para tu terraza o veranda. Cada versi\u00f3n conserva el mismo aspecto refinado que caracteriza a la l\u00ednea Palermo.<\/p>\n<\/div>\n","protected":false},"featured_media":57194,"comment_status":"closed","ping_status":"closed","template":"","meta":{"_acf_changed":false},"product_brand":[],"product_cat":[838],"product_tag":[],"material":[],"class_list":{"0":"post-57163","1":"product","2":"type-product","3":"status-publish","4":"has-post-thumbnail","6":"product_cat-mesas-de-low-dining","8":"first","9":"instock","10":"shipping-taxable","11":"product-type-simple"},"acf":[],"yoast_head":"<!-- This site is optimized with the Yoast SEO plugin v26.8 - https:\/\/yoast.com\/product\/yoast-seo-wordpress\/ -->\n<title>Descubre la mesa de comedor baja Palermo | SUNS Outdoor Lifestyle<\/title>\n<meta name=\"description\" content=\"\u00bfBuscas una elegante mesa de comedor baja Palermo? SUNS ofrece mesas duraderas con un dise\u00f1o moderno, perfectas para un espacio exterior elegante y funcional.\" \/>\n<meta name=\"robots\" content=\"index, follow, max-snippet:-1, max-image-preview:large, max-video-preview:-1\" \/>\n<link rel=\"canonical\" href=\"https:\/\/hello-suns.com\/es\/productos\/palermo-mesas-de-low-dining\/\" \/>\n<meta property=\"og:locale\" content=\"es_ES\" \/>\n<meta property=\"og:type\" content=\"article\" \/>\n<meta property=\"og:title\" content=\"Descubre la mesa de comedor baja Palermo | SUNS Outdoor Lifestyle\" \/>\n<meta property=\"og:description\" content=\"\u00bfBuscas una elegante mesa de comedor baja Palermo? SUNS ofrece mesas duraderas con un dise\u00f1o moderno, perfectas para un espacio exterior elegante y funcional.\" \/>\n<meta property=\"og:url\" content=\"https:\/\/hello-suns.com\/es\/productos\/palermo-mesas-de-low-dining\/\" \/>\n<meta property=\"og:site_name\" content=\"SUNS\" \/>\n<meta property=\"article:modified_time\" content=\"2026-03-02T12:28:27+00:00\" \/>\n<meta property=\"og:image\" content=\"https:\/\/hello-suns.com\/app\/uploads\/2026\/03\/Palermo-SUNS-Lowdiningtable-CS-NW-Free-26.png\" \/>\n\t<meta property=\"og:image:width\" content=\"3840\" \/>\n\t<meta property=\"og:image:height\" content=\"2560\" \/>\n\t<meta property=\"og:image:type\" content=\"image\/png\" \/>\n<meta name=\"twitter:card\" content=\"summary_large_image\" \/>\n<meta name=\"twitter:label1\" content=\"Est. reading time\" \/>\n\t<meta name=\"twitter:data1\" content=\"4 minutes\" \/>\n<script type=\"application\/ld+json\" class=\"yoast-schema-graph\">{\"@context\":\"https:\/\/schema.org\",\"@graph\":[{\"@type\":\"WebPage\",\"@id\":\"https:\/\/hello-suns.com\/es\/productos\/palermo-mesas-de-low-dining\/\",\"url\":\"https:\/\/hello-suns.com\/es\/productos\/palermo-mesas-de-low-dining\/\",\"name\":\"Descubre la mesa de comedor baja Palermo | SUNS Outdoor Lifestyle\",\"isPartOf\":{\"@id\":\"https:\/\/hello-suns.com\/es\/#website\"},\"primaryImageOfPage\":{\"@id\":\"https:\/\/hello-suns.com\/es\/productos\/palermo-mesas-de-low-dining\/#primaryimage\"},\"image\":{\"@id\":\"https:\/\/hello-suns.com\/es\/productos\/palermo-mesas-de-low-dining\/#primaryimage\"},\"thumbnailUrl\":\"https:\/\/hello-suns.com\/app\/uploads\/2026\/03\/Palermo-SUNS-Lowdiningtable-CS-NW-Free-26.png\",\"datePublished\":\"2026-03-02T11:42:37+00:00\",\"dateModified\":\"2026-03-02T12:28:27+00:00\",\"description\":\"\u00bfBuscas una elegante mesa de comedor baja Palermo? SUNS ofrece mesas duraderas con un dise\u00f1o moderno, perfectas para un espacio exterior elegante y funcional.\",\"breadcrumb\":{\"@id\":\"https:\/\/hello-suns.com\/es\/productos\/palermo-mesas-de-low-dining\/#breadcrumb\"},\"inLanguage\":\"es-ES\",\"potentialAction\":[{\"@type\":\"ReadAction\",\"target\":[\"https:\/\/hello-suns.com\/es\/productos\/palermo-mesas-de-low-dining\/\"]}]},{\"@type\":\"ImageObject\",\"inLanguage\":\"es-ES\",\"@id\":\"https:\/\/hello-suns.com\/es\/productos\/palermo-mesas-de-low-dining\/#primaryimage\",\"url\":\"https:\/\/hello-suns.com\/app\/uploads\/2026\/03\/Palermo-SUNS-Lowdiningtable-CS-NW-Free-26.png\",\"contentUrl\":\"https:\/\/hello-suns.com\/app\/uploads\/2026\/03\/Palermo-SUNS-Lowdiningtable-CS-NW-Free-26.png\",\"width\":3840,\"height\":2560},{\"@type\":\"BreadcrumbList\",\"@id\":\"https:\/\/hello-suns.com\/es\/productos\/palermo-mesas-de-low-dining\/#breadcrumb\",\"itemListElement\":[{\"@type\":\"ListItem\",\"position\":1,\"name\":\"\",\"item\":\"https:\/\/hello-suns.com\/es\/\"},{\"@type\":\"ListItem\",\"position\":2,\"name\":\"Productos\",\"item\":\"https:\/\/hello-suns.com\/es\/productos\/\"},{\"@type\":\"ListItem\",\"position\":3,\"name\":\"Palermo\"}]},{\"@type\":\"WebSite\",\"@id\":\"https:\/\/hello-suns.com\/es\/#website\",\"url\":\"https:\/\/hello-suns.com\/es\/\",\"name\":\"SUNS\",\"description\":\"Outdoor Lifestyle\",\"potentialAction\":[{\"@type\":\"SearchAction\",\"target\":{\"@type\":\"EntryPoint\",\"urlTemplate\":\"https:\/\/hello-suns.com\/es\/?s={search_term_string}\"},\"query-input\":{\"@type\":\"PropertyValueSpecification\",\"valueRequired\":true,\"valueName\":\"search_term_string\"}}],\"inLanguage\":\"es-ES\"}]}<\/script>\n<!-- \/ Yoast SEO plugin. -->","yoast_head_json":{"title":"Descubre la mesa de comedor baja Palermo | SUNS Outdoor Lifestyle","description":"\u00bfBuscas una elegante mesa de comedor baja Palermo? SUNS ofrece mesas duraderas con un dise\u00f1o moderno, perfectas para un espacio exterior elegante y funcional.","robots":{"index":"index","follow":"follow","max-snippet":"max-snippet:-1","max-image-preview":"max-image-preview:large","max-video-preview":"max-video-preview:-1"},"canonical":"https:\/\/hello-suns.com\/es\/productos\/palermo-mesas-de-low-dining\/","og_locale":"es_ES","og_type":"article","og_title":"Descubre la mesa de comedor baja Palermo | SUNS Outdoor Lifestyle","og_description":"\u00bfBuscas una elegante mesa de comedor baja Palermo? SUNS ofrece mesas duraderas con un dise\u00f1o moderno, perfectas para un espacio exterior elegante y funcional.","og_url":"https:\/\/hello-suns.com\/es\/productos\/palermo-mesas-de-low-dining\/","og_site_name":"SUNS","article_modified_time":"2026-03-02T12:28:27+00:00","og_image":[{"width":3840,"height":2560,"url":"https:\/\/hello-suns.com\/app\/uploads\/2026\/03\/Palermo-SUNS-Lowdiningtable-CS-NW-Free-26.png","type":"image\/png"}],"twitter_card":"summary_large_image","twitter_misc":{"Est. reading time":"4 minutes"},"schema":{"@context":"https:\/\/schema.org","@graph":[{"@type":"WebPage","@id":"https:\/\/hello-suns.com\/es\/productos\/palermo-mesas-de-low-dining\/","url":"https:\/\/hello-suns.com\/es\/productos\/palermo-mesas-de-low-dining\/","name":"Descubre la mesa de comedor baja Palermo | SUNS Outdoor Lifestyle","isPartOf":{"@id":"https:\/\/hello-suns.com\/es\/#website"},"primaryImageOfPage":{"@id":"https:\/\/hello-suns.com\/es\/productos\/palermo-mesas-de-low-dining\/#primaryimage"},"image":{"@id":"https:\/\/hello-suns.com\/es\/productos\/palermo-mesas-de-low-dining\/#primaryimage"},"thumbnailUrl":"https:\/\/hello-suns.com\/app\/uploads\/2026\/03\/Palermo-SUNS-Lowdiningtable-CS-NW-Free-26.png","datePublished":"2026-03-02T11:42:37+00:00","dateModified":"2026-03-02T12:28:27+00:00","description":"\u00bfBuscas una elegante mesa de comedor baja Palermo? SUNS ofrece mesas duraderas con un dise\u00f1o moderno, perfectas para un espacio exterior elegante y funcional.","breadcrumb":{"@id":"https:\/\/hello-suns.com\/es\/productos\/palermo-mesas-de-low-dining\/#breadcrumb"},"inLanguage":"es-ES","potentialAction":[{"@type":"ReadAction","target":["https:\/\/hello-suns.com\/es\/productos\/palermo-mesas-de-low-dining\/"]}]},{"@type":"ImageObject","inLanguage":"es-ES","@id":"https:\/\/hello-suns.com\/es\/productos\/palermo-mesas-de-low-dining\/#primaryimage","url":"https:\/\/hello-suns.com\/app\/uploads\/2026\/03\/Palermo-SUNS-Lowdiningtable-CS-NW-Free-26.png","contentUrl":"https:\/\/hello-suns.com\/app\/uploads\/2026\/03\/Palermo-SUNS-Lowdiningtable-CS-NW-Free-26.png","width":3840,"height":2560},{"@type":"BreadcrumbList","@id":"https:\/\/hello-suns.com\/es\/productos\/palermo-mesas-de-low-dining\/#breadcrumb","itemListElement":[{"@type":"ListItem","position":1,"name":"","item":"https:\/\/hello-suns.com\/es\/"},{"@type":"ListItem","position":2,"name":"Productos","item":"https:\/\/hello-suns.com\/es\/productos\/"},{"@type":"ListItem","position":3,"name":"Palermo"}]},{"@type":"WebSite","@id":"https:\/\/hello-suns.com\/es\/#website","url":"https:\/\/hello-suns.com\/es\/","name":"SUNS","description":"Outdoor Lifestyle","potentialAction":[{"@type":"SearchAction","target":{"@type":"EntryPoint","urlTemplate":"https:\/\/hello-suns.com\/es\/?s={search_term_string}"},"query-input":{"@type":"PropertyValueSpecification","valueRequired":true,"valueName":"search_term_string"}}],"inLanguage":"es-ES"}]}},"_links":{"self":[{"href":"https:\/\/hello-suns.com\/es\/wp-json\/wp\/v2\/product\/57163","targetHints":{"allow":["GET"]}}],"collection":[{"href":"https:\/\/hello-suns.com\/es\/wp-json\/wp\/v2\/product"}],"about":[{"href":"https:\/\/hello-suns.com\/es\/wp-json\/wp\/v2\/types\/product"}],"replies":[{"embeddable":true,"href":"https:\/\/hello-suns.com\/es\/wp-json\/wp\/v2\/comments?post=57163"}],"wp:featuredmedia":[{"embeddable":true,"href":"https:\/\/hello-suns.com\/es\/wp-json\/wp\/v2\/media\/57194"}],"wp:attachment":[{"href":"https:\/\/hello-suns.com\/es\/wp-json\/wp\/v2\/media?parent=57163"}],"wp:term":[{"taxonomy":"product_brand","embeddable":true,"href":"https:\/\/hello-suns.com\/es\/wp-json\/wp\/v2\/product_brand?post=57163"},{"taxonomy":"product_cat","embeddable":true,"href":"https:\/\/hello-suns.com\/es\/wp-json\/wp\/v2\/product_cat?post=57163"},{"taxonomy":"product_tag","embeddable":true,"href":"https:\/\/hello-suns.com\/es\/wp-json\/wp\/v2\/product_tag?post=57163"},{"taxonomy":"material","embeddable":true,"href":"https:\/\/hello-suns.com\/es\/wp-json\/wp\/v2\/material?post=57163"}],"curies":[{"name":"wp","href":"https:\/\/api.w.org\/{rel}","templated":true}]}}