{"id":57026,"date":"2026-03-02T11:53:10","date_gmt":"2026-03-02T10:53:10","guid":{"rendered":"https:\/\/hello-suns.com\/?post_type=product&#038;p=57026"},"modified":"2026-03-02T14:44:40","modified_gmt":"2026-03-02T13:44:40","slug":"casto-silla","status":"publish","type":"product","link":"https:\/\/hello-suns.com\/es\/productos\/casto-silla\/","title":{"rendered":"Casto"},"content":{"rendered":"<h2 style=\"font-weight: 400;\">Cena con estilo y comodidad<\/h2>\n<p>La silla de comedor Casto traslada a la mesa las formas refinadas y el car\u00e1cter suave de la colecci\u00f3n Casto. Una silla con una sensaci\u00f3n c\u00e1lida y acogedora, perfecta para largas sobremesas con estilo y comodidad.<\/p>\n","protected":false},"excerpt":{"rendered":"<h3 style=\"font-weight: 400;\">L\u00edneas suaves, base fuerte<\/h3>\n<p>La reconocible firma Casto tambi\u00e9n es evidente aqu\u00ed: una elegante forma de ba\u00f1era con un rico tejido de cuerda de 9 mm, que da profundidad y textura a la silla. El respaldo redondeado se adapta c\u00f3modamente al cuerpo, mientras que el generoso asiento ofrece un amplio espacio para momentos de sobremesa relajados.<br \/>\nEl armaz\u00f3n de aluminio confiere a la silla un aspecto moderno y ligero y una base s\u00f3lida. Todo en Casto rezuma equilibrio: entre comodidad y dise\u00f1o, entre hogare\u00f1o y refinado.<\/p>\n","protected":false},"featured_media":57124,"comment_status":"closed","ping_status":"closed","template":"","meta":{"_acf_changed":false},"product_brand":[],"product_cat":[811],"product_tag":[],"material":[],"class_list":{"0":"post-57026","1":"product","2":"type-product","3":"status-publish","4":"has-post-thumbnail","6":"product_cat-sillas","8":"first","9":"instock","10":"shipping-taxable","11":"product-type-simple"},"acf":[],"yoast_head":"<!-- This site is optimized with the Yoast SEO plugin v26.8 - https:\/\/yoast.com\/product\/yoast-seo-wordpress\/ -->\n<title>Descubre la Silla Casto | SUNS Outdoor Lifestyle<\/title>\n<meta name=\"description\" content=\"\u00bfBuscas una silla Casto? SUNS te ofrece c\u00f3modas sillas de jard\u00edn con una colorida cuerda acr\u00edlica y un duradero armaz\u00f3n de aluminio, perfectas para exteriores.\" \/>\n<meta name=\"robots\" content=\"index, follow, max-snippet:-1, max-image-preview:large, max-video-preview:-1\" \/>\n<link rel=\"canonical\" href=\"https:\/\/hello-suns.com\/es\/productos\/casto-silla\/\" \/>\n<meta property=\"og:locale\" content=\"es_ES\" \/>\n<meta property=\"og:type\" content=\"article\" \/>\n<meta property=\"og:title\" content=\"Descubre la Silla Casto | SUNS Outdoor Lifestyle\" \/>\n<meta property=\"og:description\" content=\"\u00bfBuscas una silla Casto? SUNS te ofrece c\u00f3modas sillas de jard\u00edn con una colorida cuerda acr\u00edlica y un duradero armaz\u00f3n de aluminio, perfectas para exteriores.\" \/>\n<meta property=\"og:url\" content=\"https:\/\/hello-suns.com\/es\/productos\/casto-silla\/\" \/>\n<meta property=\"og:site_name\" content=\"SUNS\" \/>\n<meta property=\"article:modified_time\" content=\"2026-03-02T13:44:40+00:00\" \/>\n<meta property=\"og:image\" content=\"https:\/\/hello-suns.com\/app\/uploads\/2026\/03\/Casto-SUNS-Diningchair-CS-VW-BB-Free-26-1024x683.png\" \/>\n\t<meta property=\"og:image:width\" content=\"1024\" \/>\n\t<meta property=\"og:image:height\" content=\"683\" \/>\n\t<meta property=\"og:image:type\" content=\"image\/png\" \/>\n<meta name=\"twitter:card\" content=\"summary_large_image\" \/>\n<meta name=\"twitter:label1\" content=\"Est. reading time\" \/>\n\t<meta name=\"twitter:data1\" content=\"2 minutes\" \/>\n<script type=\"application\/ld+json\" class=\"yoast-schema-graph\">{\"@context\":\"https:\/\/schema.org\",\"@graph\":[{\"@type\":\"WebPage\",\"@id\":\"https:\/\/hello-suns.com\/es\/productos\/casto-silla\/\",\"url\":\"https:\/\/hello-suns.com\/es\/productos\/casto-silla\/\",\"name\":\"Descubre la Silla Casto | SUNS Outdoor Lifestyle\",\"isPartOf\":{\"@id\":\"https:\/\/hello-suns.com\/es\/#website\"},\"primaryImageOfPage\":{\"@id\":\"https:\/\/hello-suns.com\/es\/productos\/casto-silla\/#primaryimage\"},\"image\":{\"@id\":\"https:\/\/hello-suns.com\/es\/productos\/casto-silla\/#primaryimage\"},\"thumbnailUrl\":\"https:\/\/hello-suns.com\/app\/uploads\/2026\/03\/Casto-SUNS-Diningchair-CS-VW-BB-Free-26.png\",\"datePublished\":\"2026-03-02T10:53:10+00:00\",\"dateModified\":\"2026-03-02T13:44:40+00:00\",\"description\":\"\u00bfBuscas una silla Casto? SUNS te ofrece c\u00f3modas sillas de jard\u00edn con una colorida cuerda acr\u00edlica y un duradero armaz\u00f3n de aluminio, perfectas para exteriores.\",\"breadcrumb\":{\"@id\":\"https:\/\/hello-suns.com\/es\/productos\/casto-silla\/#breadcrumb\"},\"inLanguage\":\"es-ES\",\"potentialAction\":[{\"@type\":\"ReadAction\",\"target\":[\"https:\/\/hello-suns.com\/es\/productos\/casto-silla\/\"]}]},{\"@type\":\"ImageObject\",\"inLanguage\":\"es-ES\",\"@id\":\"https:\/\/hello-suns.com\/es\/productos\/casto-silla\/#primaryimage\",\"url\":\"https:\/\/hello-suns.com\/app\/uploads\/2026\/03\/Casto-SUNS-Diningchair-CS-VW-BB-Free-26.png\",\"contentUrl\":\"https:\/\/hello-suns.com\/app\/uploads\/2026\/03\/Casto-SUNS-Diningchair-CS-VW-BB-Free-26.png\",\"width\":3240,\"height\":2160},{\"@type\":\"BreadcrumbList\",\"@id\":\"https:\/\/hello-suns.com\/es\/productos\/casto-silla\/#breadcrumb\",\"itemListElement\":[{\"@type\":\"ListItem\",\"position\":1,\"name\":\"\",\"item\":\"https:\/\/hello-suns.com\/es\/\"},{\"@type\":\"ListItem\",\"position\":2,\"name\":\"Productos\",\"item\":\"https:\/\/hello-suns.com\/es\/productos\/\"},{\"@type\":\"ListItem\",\"position\":3,\"name\":\"Casto\"}]},{\"@type\":\"WebSite\",\"@id\":\"https:\/\/hello-suns.com\/es\/#website\",\"url\":\"https:\/\/hello-suns.com\/es\/\",\"name\":\"SUNS\",\"description\":\"Outdoor Lifestyle\",\"potentialAction\":[{\"@type\":\"SearchAction\",\"target\":{\"@type\":\"EntryPoint\",\"urlTemplate\":\"https:\/\/hello-suns.com\/es\/?s={search_term_string}\"},\"query-input\":{\"@type\":\"PropertyValueSpecification\",\"valueRequired\":true,\"valueName\":\"search_term_string\"}}],\"inLanguage\":\"es-ES\"}]}<\/script>\n<!-- \/ Yoast SEO plugin. -->","yoast_head_json":{"title":"Descubre la Silla Casto | SUNS Outdoor Lifestyle","description":"\u00bfBuscas una silla Casto? SUNS te ofrece c\u00f3modas sillas de jard\u00edn con una colorida cuerda acr\u00edlica y un duradero armaz\u00f3n de aluminio, perfectas para exteriores.","robots":{"index":"index","follow":"follow","max-snippet":"max-snippet:-1","max-image-preview":"max-image-preview:large","max-video-preview":"max-video-preview:-1"},"canonical":"https:\/\/hello-suns.com\/es\/productos\/casto-silla\/","og_locale":"es_ES","og_type":"article","og_title":"Descubre la Silla Casto | SUNS Outdoor Lifestyle","og_description":"\u00bfBuscas una silla Casto? SUNS te ofrece c\u00f3modas sillas de jard\u00edn con una colorida cuerda acr\u00edlica y un duradero armaz\u00f3n de aluminio, perfectas para exteriores.","og_url":"https:\/\/hello-suns.com\/es\/productos\/casto-silla\/","og_site_name":"SUNS","article_modified_time":"2026-03-02T13:44:40+00:00","og_image":[{"width":1024,"height":683,"url":"https:\/\/hello-suns.com\/app\/uploads\/2026\/03\/Casto-SUNS-Diningchair-CS-VW-BB-Free-26-1024x683.png","type":"image\/png"}],"twitter_card":"summary_large_image","twitter_misc":{"Est. reading time":"2 minutes"},"schema":{"@context":"https:\/\/schema.org","@graph":[{"@type":"WebPage","@id":"https:\/\/hello-suns.com\/es\/productos\/casto-silla\/","url":"https:\/\/hello-suns.com\/es\/productos\/casto-silla\/","name":"Descubre la Silla Casto | SUNS Outdoor Lifestyle","isPartOf":{"@id":"https:\/\/hello-suns.com\/es\/#website"},"primaryImageOfPage":{"@id":"https:\/\/hello-suns.com\/es\/productos\/casto-silla\/#primaryimage"},"image":{"@id":"https:\/\/hello-suns.com\/es\/productos\/casto-silla\/#primaryimage"},"thumbnailUrl":"https:\/\/hello-suns.com\/app\/uploads\/2026\/03\/Casto-SUNS-Diningchair-CS-VW-BB-Free-26.png","datePublished":"2026-03-02T10:53:10+00:00","dateModified":"2026-03-02T13:44:40+00:00","description":"\u00bfBuscas una silla Casto? SUNS te ofrece c\u00f3modas sillas de jard\u00edn con una colorida cuerda acr\u00edlica y un duradero armaz\u00f3n de aluminio, perfectas para exteriores.","breadcrumb":{"@id":"https:\/\/hello-suns.com\/es\/productos\/casto-silla\/#breadcrumb"},"inLanguage":"es-ES","potentialAction":[{"@type":"ReadAction","target":["https:\/\/hello-suns.com\/es\/productos\/casto-silla\/"]}]},{"@type":"ImageObject","inLanguage":"es-ES","@id":"https:\/\/hello-suns.com\/es\/productos\/casto-silla\/#primaryimage","url":"https:\/\/hello-suns.com\/app\/uploads\/2026\/03\/Casto-SUNS-Diningchair-CS-VW-BB-Free-26.png","contentUrl":"https:\/\/hello-suns.com\/app\/uploads\/2026\/03\/Casto-SUNS-Diningchair-CS-VW-BB-Free-26.png","width":3240,"height":2160},{"@type":"BreadcrumbList","@id":"https:\/\/hello-suns.com\/es\/productos\/casto-silla\/#breadcrumb","itemListElement":[{"@type":"ListItem","position":1,"name":"","item":"https:\/\/hello-suns.com\/es\/"},{"@type":"ListItem","position":2,"name":"Productos","item":"https:\/\/hello-suns.com\/es\/productos\/"},{"@type":"ListItem","position":3,"name":"Casto"}]},{"@type":"WebSite","@id":"https:\/\/hello-suns.com\/es\/#website","url":"https:\/\/hello-suns.com\/es\/","name":"SUNS","description":"Outdoor Lifestyle","potentialAction":[{"@type":"SearchAction","target":{"@type":"EntryPoint","urlTemplate":"https:\/\/hello-suns.com\/es\/?s={search_term_string}"},"query-input":{"@type":"PropertyValueSpecification","valueRequired":true,"valueName":"search_term_string"}}],"inLanguage":"es-ES"}]}},"_links":{"self":[{"href":"https:\/\/hello-suns.com\/es\/wp-json\/wp\/v2\/product\/57026","targetHints":{"allow":["GET"]}}],"collection":[{"href":"https:\/\/hello-suns.com\/es\/wp-json\/wp\/v2\/product"}],"about":[{"href":"https:\/\/hello-suns.com\/es\/wp-json\/wp\/v2\/types\/product"}],"replies":[{"embeddable":true,"href":"https:\/\/hello-suns.com\/es\/wp-json\/wp\/v2\/comments?post=57026"}],"wp:featuredmedia":[{"embeddable":true,"href":"https:\/\/hello-suns.com\/es\/wp-json\/wp\/v2\/media\/57124"}],"wp:attachment":[{"href":"https:\/\/hello-suns.com\/es\/wp-json\/wp\/v2\/media?parent=57026"}],"wp:term":[{"taxonomy":"product_brand","embeddable":true,"href":"https:\/\/hello-suns.com\/es\/wp-json\/wp\/v2\/product_brand?post=57026"},{"taxonomy":"product_cat","embeddable":true,"href":"https:\/\/hello-suns.com\/es\/wp-json\/wp\/v2\/product_cat?post=57026"},{"taxonomy":"product_tag","embeddable":true,"href":"https:\/\/hello-suns.com\/es\/wp-json\/wp\/v2\/product_tag?post=57026"},{"taxonomy":"material","embeddable":true,"href":"https:\/\/hello-suns.com\/es\/wp-json\/wp\/v2\/material?post=57026"}],"curies":[{"name":"wp","href":"https:\/\/api.w.org\/{rel}","templated":true}]}}