{"id":56973,"date":"2026-03-02T11:41:42","date_gmt":"2026-03-02T10:41:42","guid":{"rendered":"https:\/\/hello-suns.com\/?post_type=product&#038;p=56973"},"modified":"2026-03-23T13:45:18","modified_gmt":"2026-03-23T12:45:18","slug":"casto-sofaset","status":"publish","type":"product","link":"https:\/\/hello-suns.com\/es\/productos\/casto-sofaset\/","title":{"rendered":"Casto"},"content":{"rendered":"<h2 style=\"font-weight: 400;\">Suavidad vertida en forma<\/h2>\n<p style=\"font-weight: 400;\">Un dise\u00f1o acogedor que respira tranquilidad. El conjunto de sof\u00e1s Casto combina l\u00edneas redondeadas, un refinado trabajo de cuerdas y una comodidad de asiento sin precedentes. Un dise\u00f1o contempor\u00e1neo con un toque c\u00e1lido y artesanal, pensado para largas jornadas al aire libre.  <\/p>\n","protected":false},"excerpt":{"rendered":"<div>\n<h3>Dise\u00f1o elegante con car\u00e1cter<\/h3>\n<\/div>\n<div>\n<p>Casto se reconoce al instante por su forma de ba\u00f1era ricamente tejida. La generosa cantidad de cuerda y el resistente cord\u00f3n de 9 mm dan al conjunto un aspecto completo y lujoso. En el elegante armaz\u00f3n, el asiento parece flotar, un sutil detalle que garantiza ligereza a la vez que comodidad.  <\/p>\n<\/div>\n<div>\n<p>El coj\u00edn redondeado del asiento complementa perfectamente las suaves l\u00edneas del dise\u00f1o y te invita a sentarte y relajarte. La forma de ba\u00f1era te envuelve sin parecer maciza, manteniendo el Casto ligero en apariencia pero rico en tacto. <\/p>\n<\/div>\n","protected":false},"featured_media":59192,"comment_status":"closed","ping_status":"closed","template":"","meta":{"_acf_changed":false},"product_brand":[],"product_cat":[800],"product_tag":[],"material":[],"class_list":{"0":"post-56973","1":"product","2":"type-product","3":"status-publish","4":"has-post-thumbnail","6":"product_cat-conjuntos-de-sofa","8":"first","9":"instock","10":"shipping-taxable","11":"product-type-simple"},"acf":[],"yoast_head":"<!-- This site is optimized with the Yoast SEO plugin v26.8 - https:\/\/yoast.com\/product\/yoast-seo-wordpress\/ -->\n<title>Conjunto de Sof\u00e1 Casto | SUNS Outdoor Lifestyle<\/title>\n<meta name=\"description\" content=\"\u00bfBuscas un conjunto de sof\u00e1 Casto? SUNS ofrece conjuntos de sof\u00e1 de lujo de alta calidad. Disfruta de la m\u00e1xima comodidad y un dise\u00f1o duradero en tu jard\u00edn o terraza.\" \/>\n<meta name=\"robots\" content=\"index, follow, max-snippet:-1, max-image-preview:large, max-video-preview:-1\" \/>\n<link rel=\"canonical\" href=\"https:\/\/hello-suns.com\/es\/productos\/casto-sofaset\/\" \/>\n<meta property=\"og:locale\" content=\"es_ES\" \/>\n<meta property=\"og:type\" content=\"article\" \/>\n<meta property=\"og:title\" content=\"Conjunto de Sof\u00e1 Casto | SUNS Outdoor Lifestyle\" \/>\n<meta property=\"og:description\" content=\"\u00bfBuscas un conjunto de sof\u00e1 Casto? SUNS ofrece conjuntos de sof\u00e1 de lujo de alta calidad. Disfruta de la m\u00e1xima comodidad y un dise\u00f1o duradero en tu jard\u00edn o terraza.\" \/>\n<meta property=\"og:url\" content=\"https:\/\/hello-suns.com\/es\/productos\/casto-sofaset\/\" \/>\n<meta property=\"og:site_name\" content=\"SUNS\" \/>\n<meta property=\"article:modified_time\" content=\"2026-03-23T12:45:18+00:00\" \/>\n<meta property=\"og:image\" content=\"https:\/\/hello-suns.com\/app\/uploads\/2026\/03\/Casto-Nova-SUNS-Loungeset-CS-VW-MR-BB-Free-26-1-1024x683.png\" \/>\n\t<meta property=\"og:image:width\" content=\"1024\" \/>\n\t<meta property=\"og:image:height\" content=\"683\" \/>\n\t<meta property=\"og:image:type\" content=\"image\/png\" \/>\n<meta name=\"twitter:card\" content=\"summary_large_image\" \/>\n<meta name=\"twitter:label1\" content=\"Est. reading time\" \/>\n\t<meta name=\"twitter:data1\" content=\"4 minutes\" \/>\n<script type=\"application\/ld+json\" class=\"yoast-schema-graph\">{\"@context\":\"https:\/\/schema.org\",\"@graph\":[{\"@type\":\"WebPage\",\"@id\":\"https:\/\/hello-suns.com\/es\/productos\/casto-sofaset\/\",\"url\":\"https:\/\/hello-suns.com\/es\/productos\/casto-sofaset\/\",\"name\":\"Conjunto de Sof\u00e1 Casto | SUNS Outdoor Lifestyle\",\"isPartOf\":{\"@id\":\"https:\/\/hello-suns.com\/es\/#website\"},\"primaryImageOfPage\":{\"@id\":\"https:\/\/hello-suns.com\/es\/productos\/casto-sofaset\/#primaryimage\"},\"image\":{\"@id\":\"https:\/\/hello-suns.com\/es\/productos\/casto-sofaset\/#primaryimage\"},\"thumbnailUrl\":\"https:\/\/hello-suns.com\/app\/uploads\/2026\/03\/Casto-Nova-SUNS-Loungeset-CS-VW-MR-BB-Free-26-1.png\",\"datePublished\":\"2026-03-02T10:41:42+00:00\",\"dateModified\":\"2026-03-23T12:45:18+00:00\",\"description\":\"\u00bfBuscas un conjunto de sof\u00e1 Casto? SUNS ofrece conjuntos de sof\u00e1 de lujo de alta calidad. Disfruta de la m\u00e1xima comodidad y un dise\u00f1o duradero en tu jard\u00edn o terraza.\",\"breadcrumb\":{\"@id\":\"https:\/\/hello-suns.com\/es\/productos\/casto-sofaset\/#breadcrumb\"},\"inLanguage\":\"es-ES\",\"potentialAction\":[{\"@type\":\"ReadAction\",\"target\":[\"https:\/\/hello-suns.com\/es\/productos\/casto-sofaset\/\"]}]},{\"@type\":\"ImageObject\",\"inLanguage\":\"es-ES\",\"@id\":\"https:\/\/hello-suns.com\/es\/productos\/casto-sofaset\/#primaryimage\",\"url\":\"https:\/\/hello-suns.com\/app\/uploads\/2026\/03\/Casto-Nova-SUNS-Loungeset-CS-VW-MR-BB-Free-26-1.png\",\"contentUrl\":\"https:\/\/hello-suns.com\/app\/uploads\/2026\/03\/Casto-Nova-SUNS-Loungeset-CS-VW-MR-BB-Free-26-1.png\",\"width\":3240,\"height\":2160},{\"@type\":\"BreadcrumbList\",\"@id\":\"https:\/\/hello-suns.com\/es\/productos\/casto-sofaset\/#breadcrumb\",\"itemListElement\":[{\"@type\":\"ListItem\",\"position\":1,\"name\":\"\",\"item\":\"https:\/\/hello-suns.com\/es\/\"},{\"@type\":\"ListItem\",\"position\":2,\"name\":\"Productos\",\"item\":\"https:\/\/hello-suns.com\/es\/productos\/\"},{\"@type\":\"ListItem\",\"position\":3,\"name\":\"Casto\"}]},{\"@type\":\"WebSite\",\"@id\":\"https:\/\/hello-suns.com\/es\/#website\",\"url\":\"https:\/\/hello-suns.com\/es\/\",\"name\":\"SUNS\",\"description\":\"Outdoor Lifestyle\",\"potentialAction\":[{\"@type\":\"SearchAction\",\"target\":{\"@type\":\"EntryPoint\",\"urlTemplate\":\"https:\/\/hello-suns.com\/es\/?s={search_term_string}\"},\"query-input\":{\"@type\":\"PropertyValueSpecification\",\"valueRequired\":true,\"valueName\":\"search_term_string\"}}],\"inLanguage\":\"es-ES\"}]}<\/script>\n<!-- \/ Yoast SEO plugin. -->","yoast_head_json":{"title":"Conjunto de Sof\u00e1 Casto | SUNS Outdoor Lifestyle","description":"\u00bfBuscas un conjunto de sof\u00e1 Casto? SUNS ofrece conjuntos de sof\u00e1 de lujo de alta calidad. Disfruta de la m\u00e1xima comodidad y un dise\u00f1o duradero en tu jard\u00edn o terraza.","robots":{"index":"index","follow":"follow","max-snippet":"max-snippet:-1","max-image-preview":"max-image-preview:large","max-video-preview":"max-video-preview:-1"},"canonical":"https:\/\/hello-suns.com\/es\/productos\/casto-sofaset\/","og_locale":"es_ES","og_type":"article","og_title":"Conjunto de Sof\u00e1 Casto | SUNS Outdoor Lifestyle","og_description":"\u00bfBuscas un conjunto de sof\u00e1 Casto? SUNS ofrece conjuntos de sof\u00e1 de lujo de alta calidad. Disfruta de la m\u00e1xima comodidad y un dise\u00f1o duradero en tu jard\u00edn o terraza.","og_url":"https:\/\/hello-suns.com\/es\/productos\/casto-sofaset\/","og_site_name":"SUNS","article_modified_time":"2026-03-23T12:45:18+00:00","og_image":[{"width":1024,"height":683,"url":"https:\/\/hello-suns.com\/app\/uploads\/2026\/03\/Casto-Nova-SUNS-Loungeset-CS-VW-MR-BB-Free-26-1-1024x683.png","type":"image\/png"}],"twitter_card":"summary_large_image","twitter_misc":{"Est. reading time":"4 minutes"},"schema":{"@context":"https:\/\/schema.org","@graph":[{"@type":"WebPage","@id":"https:\/\/hello-suns.com\/es\/productos\/casto-sofaset\/","url":"https:\/\/hello-suns.com\/es\/productos\/casto-sofaset\/","name":"Conjunto de Sof\u00e1 Casto | SUNS Outdoor Lifestyle","isPartOf":{"@id":"https:\/\/hello-suns.com\/es\/#website"},"primaryImageOfPage":{"@id":"https:\/\/hello-suns.com\/es\/productos\/casto-sofaset\/#primaryimage"},"image":{"@id":"https:\/\/hello-suns.com\/es\/productos\/casto-sofaset\/#primaryimage"},"thumbnailUrl":"https:\/\/hello-suns.com\/app\/uploads\/2026\/03\/Casto-Nova-SUNS-Loungeset-CS-VW-MR-BB-Free-26-1.png","datePublished":"2026-03-02T10:41:42+00:00","dateModified":"2026-03-23T12:45:18+00:00","description":"\u00bfBuscas un conjunto de sof\u00e1 Casto? SUNS ofrece conjuntos de sof\u00e1 de lujo de alta calidad. Disfruta de la m\u00e1xima comodidad y un dise\u00f1o duradero en tu jard\u00edn o terraza.","breadcrumb":{"@id":"https:\/\/hello-suns.com\/es\/productos\/casto-sofaset\/#breadcrumb"},"inLanguage":"es-ES","potentialAction":[{"@type":"ReadAction","target":["https:\/\/hello-suns.com\/es\/productos\/casto-sofaset\/"]}]},{"@type":"ImageObject","inLanguage":"es-ES","@id":"https:\/\/hello-suns.com\/es\/productos\/casto-sofaset\/#primaryimage","url":"https:\/\/hello-suns.com\/app\/uploads\/2026\/03\/Casto-Nova-SUNS-Loungeset-CS-VW-MR-BB-Free-26-1.png","contentUrl":"https:\/\/hello-suns.com\/app\/uploads\/2026\/03\/Casto-Nova-SUNS-Loungeset-CS-VW-MR-BB-Free-26-1.png","width":3240,"height":2160},{"@type":"BreadcrumbList","@id":"https:\/\/hello-suns.com\/es\/productos\/casto-sofaset\/#breadcrumb","itemListElement":[{"@type":"ListItem","position":1,"name":"","item":"https:\/\/hello-suns.com\/es\/"},{"@type":"ListItem","position":2,"name":"Productos","item":"https:\/\/hello-suns.com\/es\/productos\/"},{"@type":"ListItem","position":3,"name":"Casto"}]},{"@type":"WebSite","@id":"https:\/\/hello-suns.com\/es\/#website","url":"https:\/\/hello-suns.com\/es\/","name":"SUNS","description":"Outdoor Lifestyle","potentialAction":[{"@type":"SearchAction","target":{"@type":"EntryPoint","urlTemplate":"https:\/\/hello-suns.com\/es\/?s={search_term_string}"},"query-input":{"@type":"PropertyValueSpecification","valueRequired":true,"valueName":"search_term_string"}}],"inLanguage":"es-ES"}]}},"_links":{"self":[{"href":"https:\/\/hello-suns.com\/es\/wp-json\/wp\/v2\/product\/56973","targetHints":{"allow":["GET"]}}],"collection":[{"href":"https:\/\/hello-suns.com\/es\/wp-json\/wp\/v2\/product"}],"about":[{"href":"https:\/\/hello-suns.com\/es\/wp-json\/wp\/v2\/types\/product"}],"replies":[{"embeddable":true,"href":"https:\/\/hello-suns.com\/es\/wp-json\/wp\/v2\/comments?post=56973"}],"wp:featuredmedia":[{"embeddable":true,"href":"https:\/\/hello-suns.com\/es\/wp-json\/wp\/v2\/media\/59192"}],"wp:attachment":[{"href":"https:\/\/hello-suns.com\/es\/wp-json\/wp\/v2\/media?parent=56973"}],"wp:term":[{"taxonomy":"product_brand","embeddable":true,"href":"https:\/\/hello-suns.com\/es\/wp-json\/wp\/v2\/product_brand?post=56973"},{"taxonomy":"product_cat","embeddable":true,"href":"https:\/\/hello-suns.com\/es\/wp-json\/wp\/v2\/product_cat?post=56973"},{"taxonomy":"product_tag","embeddable":true,"href":"https:\/\/hello-suns.com\/es\/wp-json\/wp\/v2\/product_tag?post=56973"},{"taxonomy":"material","embeddable":true,"href":"https:\/\/hello-suns.com\/es\/wp-json\/wp\/v2\/material?post=56973"}],"curies":[{"name":"wp","href":"https:\/\/api.w.org\/{rel}","templated":true}]}}