{"id":56967,"date":"2026-03-02T11:39:43","date_gmt":"2026-03-02T10:39:43","guid":{"rendered":"https:\/\/hello-suns.com\/?post_type=product&#038;p=56967"},"modified":"2026-03-23T11:43:09","modified_gmt":"2026-03-23T10:43:09","slug":"nuna-sillas-lounge","status":"publish","type":"product","link":"https:\/\/hello-suns.com\/es\/productos\/nuna-sillas-lounge\/","title":{"rendered":"Nuna"},"content":{"rendered":"<h2 style=\"font-weight: 400;\">Tu propio capullo al aire libre<\/h2>\n<p style=\"font-weight: 400;\">Nuna es una tumbona en la que puedes desaparecer. Una generosa forma de capullo, un asiento envolvente y un coj\u00edn de boucl\u00e9 maravillosamente suave garantizan una relajaci\u00f3n instant\u00e1nea. El dise\u00f1o se cre\u00f3 en colaboraci\u00f3n con Anouk Smulders, con un punto de partida: un lugar donde relajarte por completo. En el exterior. Sin prisas.<\/p>\n","protected":false},"excerpt":{"rendered":"<div>\n<h3 style=\"font-weight: 400;\">Redonda, suave, acogedora<\/h3>\n<\/div>\n<div>\n<div>\n<p>La ba\u00f1era redonda y aireada de Nuna est\u00e1 hecha de cuerda redonda tensada sobre un armaz\u00f3n de aluminio en colores Bronce y Arena Camel. Esto garantiza una base fuerte y estable y un juego de l\u00edneas suave y acogedor.<\/p>\n<\/div>\n<div>\n<p>Dentro hay un coj\u00edn grueso y ricamente acolchado en boucl\u00e9 Beachy. La textura es c\u00e1lida y agradable al tacto, y se siente maravillosamente suave contra la piel. Te hundes en \u00e9l, por as\u00ed decirlo, no s\u00f3lo sobre \u00e9l, haciendo que Nuna se sienta como tu propio capullo. Perfecto para sentarse, descansar y so\u00f1ar despierto. Leer un libro. O simplemente para no hacer nada. Coloca Nuna sola, comb\u00ednala con una mesa auxiliar o crea un rinc\u00f3n acogedor bajo un dosel.<\/p>\n<\/div>\n<\/div>\n","protected":false},"featured_media":56985,"comment_status":"closed","ping_status":"closed","template":"","meta":{"_acf_changed":false},"product_brand":[],"product_cat":[796],"product_tag":[],"material":[],"class_list":{"0":"post-56967","1":"product","2":"type-product","3":"status-publish","4":"has-post-thumbnail","6":"product_cat-sillas-lounge","8":"first","9":"instock","10":"shipping-taxable","11":"product-type-simple"},"acf":[],"yoast_head":"<!-- This site is optimized with the Yoast SEO plugin v26.8 - https:\/\/yoast.com\/product\/yoast-seo-wordpress\/ -->\n<title>Tumbona Nuna | SUNS Outdoor Lifestyle<\/title>\n<meta name=\"description\" content=\"\u00bfBuscas la tumbona Nuna? SUNS te ofrece la tumbona Nuna de alta calidad, que combina durabilidad y dise\u00f1o.\" \/>\n<meta name=\"robots\" content=\"index, follow, max-snippet:-1, max-image-preview:large, max-video-preview:-1\" \/>\n<link rel=\"canonical\" href=\"https:\/\/hello-suns.com\/es\/productos\/nuna-sillas-lounge\/\" \/>\n<meta property=\"og:locale\" content=\"es_ES\" \/>\n<meta property=\"og:type\" content=\"article\" \/>\n<meta property=\"og:title\" content=\"Tumbona Nuna | SUNS Outdoor Lifestyle\" \/>\n<meta property=\"og:description\" content=\"\u00bfBuscas la tumbona Nuna? SUNS te ofrece la tumbona Nuna de alta calidad, que combina durabilidad y dise\u00f1o.\" \/>\n<meta property=\"og:url\" content=\"https:\/\/hello-suns.com\/es\/productos\/nuna-sillas-lounge\/\" \/>\n<meta property=\"og:site_name\" content=\"SUNS\" \/>\n<meta property=\"article:modified_time\" content=\"2026-03-23T10:43:09+00:00\" \/>\n<meta property=\"og:image\" content=\"https:\/\/hello-suns.com\/app\/uploads\/2026\/03\/Nuna-SUNS-BZ-FIW-PDB-Free-26-1024x683.png\" \/>\n\t<meta property=\"og:image:width\" content=\"1024\" \/>\n\t<meta property=\"og:image:height\" content=\"683\" \/>\n\t<meta property=\"og:image:type\" content=\"image\/png\" \/>\n<meta name=\"twitter:card\" content=\"summary_large_image\" \/>\n<meta name=\"twitter:label1\" content=\"Est. reading time\" \/>\n\t<meta name=\"twitter:data1\" content=\"3 minutes\" \/>\n<script type=\"application\/ld+json\" class=\"yoast-schema-graph\">{\"@context\":\"https:\/\/schema.org\",\"@graph\":[{\"@type\":\"WebPage\",\"@id\":\"https:\/\/hello-suns.com\/es\/productos\/nuna-sillas-lounge\/\",\"url\":\"https:\/\/hello-suns.com\/es\/productos\/nuna-sillas-lounge\/\",\"name\":\"Tumbona Nuna | SUNS Outdoor Lifestyle\",\"isPartOf\":{\"@id\":\"https:\/\/hello-suns.com\/es\/#website\"},\"primaryImageOfPage\":{\"@id\":\"https:\/\/hello-suns.com\/es\/productos\/nuna-sillas-lounge\/#primaryimage\"},\"image\":{\"@id\":\"https:\/\/hello-suns.com\/es\/productos\/nuna-sillas-lounge\/#primaryimage\"},\"thumbnailUrl\":\"https:\/\/hello-suns.com\/app\/uploads\/2026\/03\/Nuna-SUNS-BZ-FIW-PDB-Free-26.png\",\"datePublished\":\"2026-03-02T10:39:43+00:00\",\"dateModified\":\"2026-03-23T10:43:09+00:00\",\"description\":\"\u00bfBuscas la tumbona Nuna? SUNS te ofrece la tumbona Nuna de alta calidad, que combina durabilidad y dise\u00f1o.\",\"breadcrumb\":{\"@id\":\"https:\/\/hello-suns.com\/es\/productos\/nuna-sillas-lounge\/#breadcrumb\"},\"inLanguage\":\"es-ES\",\"potentialAction\":[{\"@type\":\"ReadAction\",\"target\":[\"https:\/\/hello-suns.com\/es\/productos\/nuna-sillas-lounge\/\"]}]},{\"@type\":\"ImageObject\",\"inLanguage\":\"es-ES\",\"@id\":\"https:\/\/hello-suns.com\/es\/productos\/nuna-sillas-lounge\/#primaryimage\",\"url\":\"https:\/\/hello-suns.com\/app\/uploads\/2026\/03\/Nuna-SUNS-BZ-FIW-PDB-Free-26.png\",\"contentUrl\":\"https:\/\/hello-suns.com\/app\/uploads\/2026\/03\/Nuna-SUNS-BZ-FIW-PDB-Free-26.png\",\"width\":3240,\"height\":2160},{\"@type\":\"BreadcrumbList\",\"@id\":\"https:\/\/hello-suns.com\/es\/productos\/nuna-sillas-lounge\/#breadcrumb\",\"itemListElement\":[{\"@type\":\"ListItem\",\"position\":1,\"name\":\"\",\"item\":\"https:\/\/hello-suns.com\/es\/\"},{\"@type\":\"ListItem\",\"position\":2,\"name\":\"Productos\",\"item\":\"https:\/\/hello-suns.com\/es\/productos\/\"},{\"@type\":\"ListItem\",\"position\":3,\"name\":\"Nuna\"}]},{\"@type\":\"WebSite\",\"@id\":\"https:\/\/hello-suns.com\/es\/#website\",\"url\":\"https:\/\/hello-suns.com\/es\/\",\"name\":\"SUNS\",\"description\":\"Outdoor Lifestyle\",\"potentialAction\":[{\"@type\":\"SearchAction\",\"target\":{\"@type\":\"EntryPoint\",\"urlTemplate\":\"https:\/\/hello-suns.com\/es\/?s={search_term_string}\"},\"query-input\":{\"@type\":\"PropertyValueSpecification\",\"valueRequired\":true,\"valueName\":\"search_term_string\"}}],\"inLanguage\":\"es-ES\"}]}<\/script>\n<!-- \/ Yoast SEO plugin. -->","yoast_head_json":{"title":"Tumbona Nuna | SUNS Outdoor Lifestyle","description":"\u00bfBuscas la tumbona Nuna? SUNS te ofrece la tumbona Nuna de alta calidad, que combina durabilidad y dise\u00f1o.","robots":{"index":"index","follow":"follow","max-snippet":"max-snippet:-1","max-image-preview":"max-image-preview:large","max-video-preview":"max-video-preview:-1"},"canonical":"https:\/\/hello-suns.com\/es\/productos\/nuna-sillas-lounge\/","og_locale":"es_ES","og_type":"article","og_title":"Tumbona Nuna | SUNS Outdoor Lifestyle","og_description":"\u00bfBuscas la tumbona Nuna? SUNS te ofrece la tumbona Nuna de alta calidad, que combina durabilidad y dise\u00f1o.","og_url":"https:\/\/hello-suns.com\/es\/productos\/nuna-sillas-lounge\/","og_site_name":"SUNS","article_modified_time":"2026-03-23T10:43:09+00:00","og_image":[{"width":1024,"height":683,"url":"https:\/\/hello-suns.com\/app\/uploads\/2026\/03\/Nuna-SUNS-BZ-FIW-PDB-Free-26-1024x683.png","type":"image\/png"}],"twitter_card":"summary_large_image","twitter_misc":{"Est. reading time":"3 minutes"},"schema":{"@context":"https:\/\/schema.org","@graph":[{"@type":"WebPage","@id":"https:\/\/hello-suns.com\/es\/productos\/nuna-sillas-lounge\/","url":"https:\/\/hello-suns.com\/es\/productos\/nuna-sillas-lounge\/","name":"Tumbona Nuna | SUNS Outdoor Lifestyle","isPartOf":{"@id":"https:\/\/hello-suns.com\/es\/#website"},"primaryImageOfPage":{"@id":"https:\/\/hello-suns.com\/es\/productos\/nuna-sillas-lounge\/#primaryimage"},"image":{"@id":"https:\/\/hello-suns.com\/es\/productos\/nuna-sillas-lounge\/#primaryimage"},"thumbnailUrl":"https:\/\/hello-suns.com\/app\/uploads\/2026\/03\/Nuna-SUNS-BZ-FIW-PDB-Free-26.png","datePublished":"2026-03-02T10:39:43+00:00","dateModified":"2026-03-23T10:43:09+00:00","description":"\u00bfBuscas la tumbona Nuna? SUNS te ofrece la tumbona Nuna de alta calidad, que combina durabilidad y dise\u00f1o.","breadcrumb":{"@id":"https:\/\/hello-suns.com\/es\/productos\/nuna-sillas-lounge\/#breadcrumb"},"inLanguage":"es-ES","potentialAction":[{"@type":"ReadAction","target":["https:\/\/hello-suns.com\/es\/productos\/nuna-sillas-lounge\/"]}]},{"@type":"ImageObject","inLanguage":"es-ES","@id":"https:\/\/hello-suns.com\/es\/productos\/nuna-sillas-lounge\/#primaryimage","url":"https:\/\/hello-suns.com\/app\/uploads\/2026\/03\/Nuna-SUNS-BZ-FIW-PDB-Free-26.png","contentUrl":"https:\/\/hello-suns.com\/app\/uploads\/2026\/03\/Nuna-SUNS-BZ-FIW-PDB-Free-26.png","width":3240,"height":2160},{"@type":"BreadcrumbList","@id":"https:\/\/hello-suns.com\/es\/productos\/nuna-sillas-lounge\/#breadcrumb","itemListElement":[{"@type":"ListItem","position":1,"name":"","item":"https:\/\/hello-suns.com\/es\/"},{"@type":"ListItem","position":2,"name":"Productos","item":"https:\/\/hello-suns.com\/es\/productos\/"},{"@type":"ListItem","position":3,"name":"Nuna"}]},{"@type":"WebSite","@id":"https:\/\/hello-suns.com\/es\/#website","url":"https:\/\/hello-suns.com\/es\/","name":"SUNS","description":"Outdoor Lifestyle","potentialAction":[{"@type":"SearchAction","target":{"@type":"EntryPoint","urlTemplate":"https:\/\/hello-suns.com\/es\/?s={search_term_string}"},"query-input":{"@type":"PropertyValueSpecification","valueRequired":true,"valueName":"search_term_string"}}],"inLanguage":"es-ES"}]}},"_links":{"self":[{"href":"https:\/\/hello-suns.com\/es\/wp-json\/wp\/v2\/product\/56967","targetHints":{"allow":["GET"]}}],"collection":[{"href":"https:\/\/hello-suns.com\/es\/wp-json\/wp\/v2\/product"}],"about":[{"href":"https:\/\/hello-suns.com\/es\/wp-json\/wp\/v2\/types\/product"}],"replies":[{"embeddable":true,"href":"https:\/\/hello-suns.com\/es\/wp-json\/wp\/v2\/comments?post=56967"}],"wp:featuredmedia":[{"embeddable":true,"href":"https:\/\/hello-suns.com\/es\/wp-json\/wp\/v2\/media\/56985"}],"wp:attachment":[{"href":"https:\/\/hello-suns.com\/es\/wp-json\/wp\/v2\/media?parent=56967"}],"wp:term":[{"taxonomy":"product_brand","embeddable":true,"href":"https:\/\/hello-suns.com\/es\/wp-json\/wp\/v2\/product_brand?post=56967"},{"taxonomy":"product_cat","embeddable":true,"href":"https:\/\/hello-suns.com\/es\/wp-json\/wp\/v2\/product_cat?post=56967"},{"taxonomy":"product_tag","embeddable":true,"href":"https:\/\/hello-suns.com\/es\/wp-json\/wp\/v2\/product_tag?post=56967"},{"taxonomy":"material","embeddable":true,"href":"https:\/\/hello-suns.com\/es\/wp-json\/wp\/v2\/material?post=56967"}],"curies":[{"name":"wp","href":"https:\/\/api.w.org\/{rel}","templated":true}]}}