{"id":56708,"date":"2026-02-27T15:20:29","date_gmt":"2026-02-27T14:20:29","guid":{"rendered":"https:\/\/hello-suns.com\/?post_type=product&#038;p=56708"},"modified":"2026-03-18T17:18:07","modified_gmt":"2026-03-18T16:18:07","slug":"bardi-conjuntos-de-salon","status":"publish","type":"product","link":"https:\/\/hello-suns.com\/es\/productos\/bardi-conjuntos-de-salon\/","title":{"rendered":"Bardi"},"content":{"rendered":"<h2 style=\"font-weight: 400;\">Una invitaci\u00f3n a no hacer nada<\/h2>\n<p style=\"font-weight: 400;\">El conjunto de tumbonas Bardi es compacto en tama\u00f1o, pero grande en relajaci\u00f3n. Un lugar para sentarse, tumbarse y quedarse. Porque estar al aire libre bien puede durar m\u00e1s.<\/p>\n","protected":false},"excerpt":{"rendered":"<h2>Elegancia l\u00fadica<\/h2>\n<p style=\"font-weight: 400;\">El conjunto de sal\u00f3n Bardi a\u00fana suavidad y comodidad en un dise\u00f1o sofisticado. Las formas org\u00e1nicas y los detalles redondeados dan al conjunto un aire relajado, mientras que el sutil acabado en cuerda a\u00f1ade car\u00e1cter y calidez. Un dise\u00f1o que desprende tranquilidad y se integra sin esfuerzo en su entorno.<\/p>\n<p style=\"font-weight: 400;\">Gracias a su esbelto armaz\u00f3n de aluminio, Bardi parece ligero y abierto. Los generosos cojines te invitan a tomar asiento y dejar que el d\u00eda se desarrolle pl\u00e1cidamente. Ya sea en un balc\u00f3n compacto, en un \u00edntimo jard\u00edn urbano o en una espaciosa terraza. Bardi se siente como en casa en todas partes.<\/p>\n<p style=\"font-weight: 400;\">Este conjunto de sal\u00f3n est\u00e1 hecho para los momentos que surgen de forma natural. Una ma\u00f1ana tranquila al sol. Una larga tarde que se convierte en anochecer. Bardi ofrece comodidad sin destacar y estilo sin \u00e9nfasis. Exactamente como debe ser la vida al aire libre.<\/p>\n<p>&nbsp;<\/p>\n","protected":false},"featured_media":56733,"comment_status":"closed","ping_status":"closed","template":"","meta":{"_acf_changed":false},"product_brand":[],"product_cat":[799],"product_tag":[],"material":[],"class_list":{"0":"post-56708","1":"product","2":"type-product","3":"status-publish","4":"has-post-thumbnail","6":"product_cat-conjuntos-de-salon","8":"first","9":"instock","10":"shipping-taxable","11":"product-type-simple"},"acf":[],"yoast_head":"<!-- This site is optimized with the Yoast SEO plugin v26.8 - https:\/\/yoast.com\/product\/yoast-seo-wordpress\/ -->\n<title>Descubrir Bardi Conjuntos de sal\u00f3n | SUNS Outdoor Lifestyle<\/title>\n<meta name=\"description\" content=\"\u00bfBuscas un elegante conjunto de sal\u00f3n Bardi? SUNS ofrece lujosos conjuntos de sal\u00f3n que combinan comodidad, dise\u00f1o y durabilidad para crear un elegante espacio al aire libre.\" \/>\n<meta name=\"robots\" content=\"index, follow, max-snippet:-1, max-image-preview:large, max-video-preview:-1\" \/>\n<link rel=\"canonical\" href=\"https:\/\/hello-suns.com\/es\/productos\/bardi-conjuntos-de-salon\/\" \/>\n<meta property=\"og:locale\" content=\"es_ES\" \/>\n<meta property=\"og:type\" content=\"article\" \/>\n<meta property=\"og:title\" content=\"Descubrir Bardi Conjuntos de sal\u00f3n | SUNS Outdoor Lifestyle\" \/>\n<meta property=\"og:description\" content=\"\u00bfBuscas un elegante conjunto de sal\u00f3n Bardi? SUNS ofrece lujosos conjuntos de sal\u00f3n que combinan comodidad, dise\u00f1o y durabilidad para crear un elegante espacio al aire libre.\" \/>\n<meta property=\"og:url\" content=\"https:\/\/hello-suns.com\/es\/productos\/bardi-conjuntos-de-salon\/\" \/>\n<meta property=\"og:site_name\" content=\"SUNS\" \/>\n<meta property=\"article:modified_time\" content=\"2026-03-18T16:18:07+00:00\" \/>\n<meta property=\"og:image\" content=\"https:\/\/hello-suns.com\/app\/uploads\/2026\/02\/Bardi-SUNS-BZ-CR-PDB-Free-26-1024x683.png\" \/>\n\t<meta property=\"og:image:width\" content=\"1024\" \/>\n\t<meta property=\"og:image:height\" content=\"683\" \/>\n\t<meta property=\"og:image:type\" content=\"image\/png\" \/>\n<meta name=\"twitter:card\" content=\"summary_large_image\" \/>\n<meta name=\"twitter:label1\" content=\"Est. reading time\" \/>\n\t<meta name=\"twitter:data1\" content=\"3 minutes\" \/>\n<script type=\"application\/ld+json\" class=\"yoast-schema-graph\">{\"@context\":\"https:\/\/schema.org\",\"@graph\":[{\"@type\":\"WebPage\",\"@id\":\"https:\/\/hello-suns.com\/es\/productos\/bardi-conjuntos-de-salon\/\",\"url\":\"https:\/\/hello-suns.com\/es\/productos\/bardi-conjuntos-de-salon\/\",\"name\":\"Descubrir Bardi Conjuntos de sal\u00f3n | SUNS Outdoor Lifestyle\",\"isPartOf\":{\"@id\":\"https:\/\/hello-suns.com\/es\/#website\"},\"primaryImageOfPage\":{\"@id\":\"https:\/\/hello-suns.com\/es\/productos\/bardi-conjuntos-de-salon\/#primaryimage\"},\"image\":{\"@id\":\"https:\/\/hello-suns.com\/es\/productos\/bardi-conjuntos-de-salon\/#primaryimage\"},\"thumbnailUrl\":\"https:\/\/hello-suns.com\/app\/uploads\/2026\/02\/Bardi-SUNS-BZ-CR-PDB-Free-26.png\",\"datePublished\":\"2026-02-27T14:20:29+00:00\",\"dateModified\":\"2026-03-18T16:18:07+00:00\",\"description\":\"\u00bfBuscas un elegante conjunto de sal\u00f3n Bardi? SUNS ofrece lujosos conjuntos de sal\u00f3n que combinan comodidad, dise\u00f1o y durabilidad para crear un elegante espacio al aire libre.\",\"breadcrumb\":{\"@id\":\"https:\/\/hello-suns.com\/es\/productos\/bardi-conjuntos-de-salon\/#breadcrumb\"},\"inLanguage\":\"es-ES\",\"potentialAction\":[{\"@type\":\"ReadAction\",\"target\":[\"https:\/\/hello-suns.com\/es\/productos\/bardi-conjuntos-de-salon\/\"]}]},{\"@type\":\"ImageObject\",\"inLanguage\":\"es-ES\",\"@id\":\"https:\/\/hello-suns.com\/es\/productos\/bardi-conjuntos-de-salon\/#primaryimage\",\"url\":\"https:\/\/hello-suns.com\/app\/uploads\/2026\/02\/Bardi-SUNS-BZ-CR-PDB-Free-26.png\",\"contentUrl\":\"https:\/\/hello-suns.com\/app\/uploads\/2026\/02\/Bardi-SUNS-BZ-CR-PDB-Free-26.png\",\"width\":3840,\"height\":2560},{\"@type\":\"BreadcrumbList\",\"@id\":\"https:\/\/hello-suns.com\/es\/productos\/bardi-conjuntos-de-salon\/#breadcrumb\",\"itemListElement\":[{\"@type\":\"ListItem\",\"position\":1,\"name\":\"\",\"item\":\"https:\/\/hello-suns.com\/es\/\"},{\"@type\":\"ListItem\",\"position\":2,\"name\":\"Productos\",\"item\":\"https:\/\/hello-suns.com\/es\/productos\/\"},{\"@type\":\"ListItem\",\"position\":3,\"name\":\"Bardi\"}]},{\"@type\":\"WebSite\",\"@id\":\"https:\/\/hello-suns.com\/es\/#website\",\"url\":\"https:\/\/hello-suns.com\/es\/\",\"name\":\"SUNS\",\"description\":\"Outdoor Lifestyle\",\"potentialAction\":[{\"@type\":\"SearchAction\",\"target\":{\"@type\":\"EntryPoint\",\"urlTemplate\":\"https:\/\/hello-suns.com\/es\/?s={search_term_string}\"},\"query-input\":{\"@type\":\"PropertyValueSpecification\",\"valueRequired\":true,\"valueName\":\"search_term_string\"}}],\"inLanguage\":\"es-ES\"}]}<\/script>\n<!-- \/ Yoast SEO plugin. -->","yoast_head_json":{"title":"Descubrir Bardi Conjuntos de sal\u00f3n | SUNS Outdoor Lifestyle","description":"\u00bfBuscas un elegante conjunto de sal\u00f3n Bardi? SUNS ofrece lujosos conjuntos de sal\u00f3n que combinan comodidad, dise\u00f1o y durabilidad para crear un elegante espacio al aire libre.","robots":{"index":"index","follow":"follow","max-snippet":"max-snippet:-1","max-image-preview":"max-image-preview:large","max-video-preview":"max-video-preview:-1"},"canonical":"https:\/\/hello-suns.com\/es\/productos\/bardi-conjuntos-de-salon\/","og_locale":"es_ES","og_type":"article","og_title":"Descubrir Bardi Conjuntos de sal\u00f3n | SUNS Outdoor Lifestyle","og_description":"\u00bfBuscas un elegante conjunto de sal\u00f3n Bardi? SUNS ofrece lujosos conjuntos de sal\u00f3n que combinan comodidad, dise\u00f1o y durabilidad para crear un elegante espacio al aire libre.","og_url":"https:\/\/hello-suns.com\/es\/productos\/bardi-conjuntos-de-salon\/","og_site_name":"SUNS","article_modified_time":"2026-03-18T16:18:07+00:00","og_image":[{"width":1024,"height":683,"url":"https:\/\/hello-suns.com\/app\/uploads\/2026\/02\/Bardi-SUNS-BZ-CR-PDB-Free-26-1024x683.png","type":"image\/png"}],"twitter_card":"summary_large_image","twitter_misc":{"Est. reading time":"3 minutes"},"schema":{"@context":"https:\/\/schema.org","@graph":[{"@type":"WebPage","@id":"https:\/\/hello-suns.com\/es\/productos\/bardi-conjuntos-de-salon\/","url":"https:\/\/hello-suns.com\/es\/productos\/bardi-conjuntos-de-salon\/","name":"Descubrir Bardi Conjuntos de sal\u00f3n | SUNS Outdoor Lifestyle","isPartOf":{"@id":"https:\/\/hello-suns.com\/es\/#website"},"primaryImageOfPage":{"@id":"https:\/\/hello-suns.com\/es\/productos\/bardi-conjuntos-de-salon\/#primaryimage"},"image":{"@id":"https:\/\/hello-suns.com\/es\/productos\/bardi-conjuntos-de-salon\/#primaryimage"},"thumbnailUrl":"https:\/\/hello-suns.com\/app\/uploads\/2026\/02\/Bardi-SUNS-BZ-CR-PDB-Free-26.png","datePublished":"2026-02-27T14:20:29+00:00","dateModified":"2026-03-18T16:18:07+00:00","description":"\u00bfBuscas un elegante conjunto de sal\u00f3n Bardi? SUNS ofrece lujosos conjuntos de sal\u00f3n que combinan comodidad, dise\u00f1o y durabilidad para crear un elegante espacio al aire libre.","breadcrumb":{"@id":"https:\/\/hello-suns.com\/es\/productos\/bardi-conjuntos-de-salon\/#breadcrumb"},"inLanguage":"es-ES","potentialAction":[{"@type":"ReadAction","target":["https:\/\/hello-suns.com\/es\/productos\/bardi-conjuntos-de-salon\/"]}]},{"@type":"ImageObject","inLanguage":"es-ES","@id":"https:\/\/hello-suns.com\/es\/productos\/bardi-conjuntos-de-salon\/#primaryimage","url":"https:\/\/hello-suns.com\/app\/uploads\/2026\/02\/Bardi-SUNS-BZ-CR-PDB-Free-26.png","contentUrl":"https:\/\/hello-suns.com\/app\/uploads\/2026\/02\/Bardi-SUNS-BZ-CR-PDB-Free-26.png","width":3840,"height":2560},{"@type":"BreadcrumbList","@id":"https:\/\/hello-suns.com\/es\/productos\/bardi-conjuntos-de-salon\/#breadcrumb","itemListElement":[{"@type":"ListItem","position":1,"name":"","item":"https:\/\/hello-suns.com\/es\/"},{"@type":"ListItem","position":2,"name":"Productos","item":"https:\/\/hello-suns.com\/es\/productos\/"},{"@type":"ListItem","position":3,"name":"Bardi"}]},{"@type":"WebSite","@id":"https:\/\/hello-suns.com\/es\/#website","url":"https:\/\/hello-suns.com\/es\/","name":"SUNS","description":"Outdoor Lifestyle","potentialAction":[{"@type":"SearchAction","target":{"@type":"EntryPoint","urlTemplate":"https:\/\/hello-suns.com\/es\/?s={search_term_string}"},"query-input":{"@type":"PropertyValueSpecification","valueRequired":true,"valueName":"search_term_string"}}],"inLanguage":"es-ES"}]}},"_links":{"self":[{"href":"https:\/\/hello-suns.com\/es\/wp-json\/wp\/v2\/product\/56708","targetHints":{"allow":["GET"]}}],"collection":[{"href":"https:\/\/hello-suns.com\/es\/wp-json\/wp\/v2\/product"}],"about":[{"href":"https:\/\/hello-suns.com\/es\/wp-json\/wp\/v2\/types\/product"}],"replies":[{"embeddable":true,"href":"https:\/\/hello-suns.com\/es\/wp-json\/wp\/v2\/comments?post=56708"}],"wp:featuredmedia":[{"embeddable":true,"href":"https:\/\/hello-suns.com\/es\/wp-json\/wp\/v2\/media\/56733"}],"wp:attachment":[{"href":"https:\/\/hello-suns.com\/es\/wp-json\/wp\/v2\/media?parent=56708"}],"wp:term":[{"taxonomy":"product_brand","embeddable":true,"href":"https:\/\/hello-suns.com\/es\/wp-json\/wp\/v2\/product_brand?post=56708"},{"taxonomy":"product_cat","embeddable":true,"href":"https:\/\/hello-suns.com\/es\/wp-json\/wp\/v2\/product_cat?post=56708"},{"taxonomy":"product_tag","embeddable":true,"href":"https:\/\/hello-suns.com\/es\/wp-json\/wp\/v2\/product_tag?post=56708"},{"taxonomy":"material","embeddable":true,"href":"https:\/\/hello-suns.com\/es\/wp-json\/wp\/v2\/material?post=56708"}],"curies":[{"name":"wp","href":"https:\/\/api.w.org\/{rel}","templated":true}]}}