{"id":55916,"date":"2026-02-25T15:33:58","date_gmt":"2026-02-25T14:33:58","guid":{"rendered":"https:\/\/hello-suns.com\/?post_type=product&#038;p=55916"},"modified":"2026-03-03T08:59:37","modified_gmt":"2026-03-03T07:59:37","slug":"basta-kopie-2","status":"publish","type":"product","link":"https:\/\/hello-suns.com\/es\/productos\/basta-kopie-2\/","title":{"rendered":"Basta"},"content":{"rendered":"<h2 style=\"font-weight: 400;\">Elegancia atemporal, en una nueva perspectiva<\/h2>\n<p style=\"font-weight: 400;\">La ic\u00f3nica l\u00ednea Basta, dise\u00f1ada por Hugo de Ruiter, recibe una elegante ampliaci\u00f3n: la mesa baja de bar Basta. Una mesa a medio camino entre el bar y el comedor. Perfecta para largas veladas, copas relajadas y una sofisticada vida al aire libre.  <\/p>\n","protected":false},"excerpt":{"rendered":"<div>\n<h3 style=\"font-weight: 400;\">Forma refinada, espacio generoso<\/h3>\n<\/div>\n<div>\n<div>\n<p>La mesa baja de bar Basta tiene la misma elegancia caracter\u00edstica que la conocida variante baja de comedor: l\u00edneas suaves, esquinas redondeadas y una silueta perfectamente equilibrada. Su altura te invita a sentarte en una postura natural y activa. Ideal para una comida tard\u00eda, una copa al final del d\u00eda o una cena informal con amigos. Las patas est\u00e1n sutilmente inclinadas hacia fuera para dar una sensaci\u00f3n ligera y abierta, mientras que su generosa longitud ofrece mucho espacio para la compa\u00f1\u00eda.   <\/p>\n<\/div>\n<div>\n<p>Combina la mesa baja de bar Basta con las sillas bajas de bar Pemba, entre otras, para un montaje de exterior que invita a pasar interminables veladas al aire libre.<\/p>\n<\/div>\n<\/div>\n","protected":false},"featured_media":55922,"comment_status":"closed","ping_status":"closed","template":"","meta":{"_acf_changed":false},"product_brand":[],"product_cat":[821],"product_tag":[],"material":[],"class_list":{"0":"post-55916","1":"product","2":"type-product","3":"status-publish","4":"has-post-thumbnail","6":"product_cat-conjuntos-de-bar","8":"first","9":"instock","10":"shipping-taxable","11":"product-type-simple"},"acf":[],"yoast_head":"<!-- This site is optimized with the Yoast SEO plugin v26.8 - https:\/\/yoast.com\/product\/yoast-seo-wordpress\/ -->\n<title>Descubre la mesa baja de bar Basta | SUNS Outdoor Lifestyle<\/title>\n<meta name=\"description\" content=\"\u00bfBuscas una elegante mesa baja de bar Basta? SUNS ofrece mesas de bar de alta calidad que combinan a la perfecci\u00f3n durabilidad, funcionalidad y dise\u00f1o contempor\u00e1neo.\" \/>\n<meta name=\"robots\" content=\"index, follow, max-snippet:-1, max-image-preview:large, max-video-preview:-1\" \/>\n<link rel=\"canonical\" href=\"https:\/\/hello-suns.com\/es\/productos\/basta-kopie-2\/\" \/>\n<meta property=\"og:locale\" content=\"es_ES\" \/>\n<meta property=\"og:type\" content=\"article\" \/>\n<meta property=\"og:title\" content=\"Descubre la mesa baja de bar Basta | SUNS Outdoor Lifestyle\" \/>\n<meta property=\"og:description\" content=\"\u00bfBuscas una elegante mesa baja de bar Basta? SUNS ofrece mesas de bar de alta calidad que combinan a la perfecci\u00f3n durabilidad, funcionalidad y dise\u00f1o contempor\u00e1neo.\" \/>\n<meta property=\"og:url\" content=\"https:\/\/hello-suns.com\/es\/productos\/basta-kopie-2\/\" \/>\n<meta property=\"og:site_name\" content=\"SUNS\" \/>\n<meta property=\"article:modified_time\" content=\"2026-03-03T07:59:37+00:00\" \/>\n<meta property=\"og:image\" content=\"https:\/\/hello-suns.com\/app\/uploads\/2026\/02\/Basta-SUNS-Lowbartable-BZ-Free-26.png\" \/>\n\t<meta property=\"og:image:width\" content=\"3840\" \/>\n\t<meta property=\"og:image:height\" content=\"2560\" \/>\n\t<meta property=\"og:image:type\" content=\"image\/png\" \/>\n<meta name=\"twitter:card\" content=\"summary_large_image\" \/>\n<meta name=\"twitter:label1\" content=\"Est. reading time\" \/>\n\t<meta name=\"twitter:data1\" content=\"3 minutes\" \/>\n<script type=\"application\/ld+json\" class=\"yoast-schema-graph\">{\"@context\":\"https:\/\/schema.org\",\"@graph\":[{\"@type\":\"WebPage\",\"@id\":\"https:\/\/hello-suns.com\/es\/productos\/basta-kopie-2\/\",\"url\":\"https:\/\/hello-suns.com\/es\/productos\/basta-kopie-2\/\",\"name\":\"Descubre la mesa baja de bar Basta | SUNS Outdoor Lifestyle\",\"isPartOf\":{\"@id\":\"https:\/\/hello-suns.com\/es\/#website\"},\"primaryImageOfPage\":{\"@id\":\"https:\/\/hello-suns.com\/es\/productos\/basta-kopie-2\/#primaryimage\"},\"image\":{\"@id\":\"https:\/\/hello-suns.com\/es\/productos\/basta-kopie-2\/#primaryimage\"},\"thumbnailUrl\":\"https:\/\/hello-suns.com\/app\/uploads\/2026\/02\/Basta-SUNS-Lowbartable-BZ-Free-26.png\",\"datePublished\":\"2026-02-25T14:33:58+00:00\",\"dateModified\":\"2026-03-03T07:59:37+00:00\",\"description\":\"\u00bfBuscas una elegante mesa baja de bar Basta? SUNS ofrece mesas de bar de alta calidad que combinan a la perfecci\u00f3n durabilidad, funcionalidad y dise\u00f1o contempor\u00e1neo.\",\"breadcrumb\":{\"@id\":\"https:\/\/hello-suns.com\/es\/productos\/basta-kopie-2\/#breadcrumb\"},\"inLanguage\":\"es-ES\",\"potentialAction\":[{\"@type\":\"ReadAction\",\"target\":[\"https:\/\/hello-suns.com\/es\/productos\/basta-kopie-2\/\"]}]},{\"@type\":\"ImageObject\",\"inLanguage\":\"es-ES\",\"@id\":\"https:\/\/hello-suns.com\/es\/productos\/basta-kopie-2\/#primaryimage\",\"url\":\"https:\/\/hello-suns.com\/app\/uploads\/2026\/02\/Basta-SUNS-Lowbartable-BZ-Free-26.png\",\"contentUrl\":\"https:\/\/hello-suns.com\/app\/uploads\/2026\/02\/Basta-SUNS-Lowbartable-BZ-Free-26.png\",\"width\":3840,\"height\":2560},{\"@type\":\"BreadcrumbList\",\"@id\":\"https:\/\/hello-suns.com\/es\/productos\/basta-kopie-2\/#breadcrumb\",\"itemListElement\":[{\"@type\":\"ListItem\",\"position\":1,\"name\":\"\",\"item\":\"https:\/\/hello-suns.com\/es\/\"},{\"@type\":\"ListItem\",\"position\":2,\"name\":\"Productos\",\"item\":\"https:\/\/hello-suns.com\/es\/productos\/\"},{\"@type\":\"ListItem\",\"position\":3,\"name\":\"Basta\"}]},{\"@type\":\"WebSite\",\"@id\":\"https:\/\/hello-suns.com\/es\/#website\",\"url\":\"https:\/\/hello-suns.com\/es\/\",\"name\":\"SUNS\",\"description\":\"Outdoor Lifestyle\",\"potentialAction\":[{\"@type\":\"SearchAction\",\"target\":{\"@type\":\"EntryPoint\",\"urlTemplate\":\"https:\/\/hello-suns.com\/es\/?s={search_term_string}\"},\"query-input\":{\"@type\":\"PropertyValueSpecification\",\"valueRequired\":true,\"valueName\":\"search_term_string\"}}],\"inLanguage\":\"es-ES\"}]}<\/script>\n<!-- \/ Yoast SEO plugin. -->","yoast_head_json":{"title":"Descubre la mesa baja de bar Basta | SUNS Outdoor Lifestyle","description":"\u00bfBuscas una elegante mesa baja de bar Basta? SUNS ofrece mesas de bar de alta calidad que combinan a la perfecci\u00f3n durabilidad, funcionalidad y dise\u00f1o contempor\u00e1neo.","robots":{"index":"index","follow":"follow","max-snippet":"max-snippet:-1","max-image-preview":"max-image-preview:large","max-video-preview":"max-video-preview:-1"},"canonical":"https:\/\/hello-suns.com\/es\/productos\/basta-kopie-2\/","og_locale":"es_ES","og_type":"article","og_title":"Descubre la mesa baja de bar Basta | SUNS Outdoor Lifestyle","og_description":"\u00bfBuscas una elegante mesa baja de bar Basta? SUNS ofrece mesas de bar de alta calidad que combinan a la perfecci\u00f3n durabilidad, funcionalidad y dise\u00f1o contempor\u00e1neo.","og_url":"https:\/\/hello-suns.com\/es\/productos\/basta-kopie-2\/","og_site_name":"SUNS","article_modified_time":"2026-03-03T07:59:37+00:00","og_image":[{"width":3840,"height":2560,"url":"https:\/\/hello-suns.com\/app\/uploads\/2026\/02\/Basta-SUNS-Lowbartable-BZ-Free-26.png","type":"image\/png"}],"twitter_card":"summary_large_image","twitter_misc":{"Est. reading time":"3 minutes"},"schema":{"@context":"https:\/\/schema.org","@graph":[{"@type":"WebPage","@id":"https:\/\/hello-suns.com\/es\/productos\/basta-kopie-2\/","url":"https:\/\/hello-suns.com\/es\/productos\/basta-kopie-2\/","name":"Descubre la mesa baja de bar Basta | SUNS Outdoor Lifestyle","isPartOf":{"@id":"https:\/\/hello-suns.com\/es\/#website"},"primaryImageOfPage":{"@id":"https:\/\/hello-suns.com\/es\/productos\/basta-kopie-2\/#primaryimage"},"image":{"@id":"https:\/\/hello-suns.com\/es\/productos\/basta-kopie-2\/#primaryimage"},"thumbnailUrl":"https:\/\/hello-suns.com\/app\/uploads\/2026\/02\/Basta-SUNS-Lowbartable-BZ-Free-26.png","datePublished":"2026-02-25T14:33:58+00:00","dateModified":"2026-03-03T07:59:37+00:00","description":"\u00bfBuscas una elegante mesa baja de bar Basta? SUNS ofrece mesas de bar de alta calidad que combinan a la perfecci\u00f3n durabilidad, funcionalidad y dise\u00f1o contempor\u00e1neo.","breadcrumb":{"@id":"https:\/\/hello-suns.com\/es\/productos\/basta-kopie-2\/#breadcrumb"},"inLanguage":"es-ES","potentialAction":[{"@type":"ReadAction","target":["https:\/\/hello-suns.com\/es\/productos\/basta-kopie-2\/"]}]},{"@type":"ImageObject","inLanguage":"es-ES","@id":"https:\/\/hello-suns.com\/es\/productos\/basta-kopie-2\/#primaryimage","url":"https:\/\/hello-suns.com\/app\/uploads\/2026\/02\/Basta-SUNS-Lowbartable-BZ-Free-26.png","contentUrl":"https:\/\/hello-suns.com\/app\/uploads\/2026\/02\/Basta-SUNS-Lowbartable-BZ-Free-26.png","width":3840,"height":2560},{"@type":"BreadcrumbList","@id":"https:\/\/hello-suns.com\/es\/productos\/basta-kopie-2\/#breadcrumb","itemListElement":[{"@type":"ListItem","position":1,"name":"","item":"https:\/\/hello-suns.com\/es\/"},{"@type":"ListItem","position":2,"name":"Productos","item":"https:\/\/hello-suns.com\/es\/productos\/"},{"@type":"ListItem","position":3,"name":"Basta"}]},{"@type":"WebSite","@id":"https:\/\/hello-suns.com\/es\/#website","url":"https:\/\/hello-suns.com\/es\/","name":"SUNS","description":"Outdoor Lifestyle","potentialAction":[{"@type":"SearchAction","target":{"@type":"EntryPoint","urlTemplate":"https:\/\/hello-suns.com\/es\/?s={search_term_string}"},"query-input":{"@type":"PropertyValueSpecification","valueRequired":true,"valueName":"search_term_string"}}],"inLanguage":"es-ES"}]}},"_links":{"self":[{"href":"https:\/\/hello-suns.com\/es\/wp-json\/wp\/v2\/product\/55916","targetHints":{"allow":["GET"]}}],"collection":[{"href":"https:\/\/hello-suns.com\/es\/wp-json\/wp\/v2\/product"}],"about":[{"href":"https:\/\/hello-suns.com\/es\/wp-json\/wp\/v2\/types\/product"}],"replies":[{"embeddable":true,"href":"https:\/\/hello-suns.com\/es\/wp-json\/wp\/v2\/comments?post=55916"}],"wp:featuredmedia":[{"embeddable":true,"href":"https:\/\/hello-suns.com\/es\/wp-json\/wp\/v2\/media\/55922"}],"wp:attachment":[{"href":"https:\/\/hello-suns.com\/es\/wp-json\/wp\/v2\/media?parent=55916"}],"wp:term":[{"taxonomy":"product_brand","embeddable":true,"href":"https:\/\/hello-suns.com\/es\/wp-json\/wp\/v2\/product_brand?post=55916"},{"taxonomy":"product_cat","embeddable":true,"href":"https:\/\/hello-suns.com\/es\/wp-json\/wp\/v2\/product_cat?post=55916"},{"taxonomy":"product_tag","embeddable":true,"href":"https:\/\/hello-suns.com\/es\/wp-json\/wp\/v2\/product_tag?post=55916"},{"taxonomy":"material","embeddable":true,"href":"https:\/\/hello-suns.com\/es\/wp-json\/wp\/v2\/material?post=55916"}],"curies":[{"name":"wp","href":"https:\/\/api.w.org\/{rel}","templated":true}]}}