{"id":55892,"date":"2026-02-25T15:13:50","date_gmt":"2026-02-25T14:13:50","guid":{"rendered":"https:\/\/hello-suns.com\/?post_type=product&#038;p=55892"},"modified":"2026-02-26T17:26:36","modified_gmt":"2026-02-26T16:26:36","slug":"basta-tumbona","status":"publish","type":"product","link":"https:\/\/hello-suns.com\/es\/productos\/basta-tumbona\/","title":{"rendered":"Basta"},"content":{"rendered":"<h2 style=\"font-weight: 400;\">Sencillez que invita a la tranquilidad<\/h2>\n<div>\n<p>La l\u00ednea Basta del dise\u00f1ador Hugo de Ruiter recibe un nuevo icono de estilo: el Tumbona Basta. Una tumbona que respira la firma de la colecci\u00f3n Basta: discreta, cuidada y con una sutil elegancia intemporal. Tanto si ya tienes un conjunto de comedor o de barra baja Basta como si simplemente buscas el \u00faltimo complemento para tu terraza: esta tumbona completa la colecci\u00f3n.<\/p>\n<\/div>\n","protected":false},"excerpt":{"rendered":"<div>\n<h3>Comodidad ajustable, sencillez con estilo<\/h3>\n<\/div>\n<div>\n<div>\n<p>La Tumbona Basta combina una silueta estilizada con una pensada facilidad de uso. Gracias a la secci\u00f3n ajustable del respaldo, puedes encontrar tu postura ideal sin esfuerzo. Desde tomar el sol hasta so\u00f1ar despierto con un buen libro. El asiento est\u00e1 acabado en textilene, un material resistente y transpirable que se amolda al cuerpo y ofrece mayor comodidad incluso sin coj\u00edn. Las pr\u00e1cticas ruedas de la parte trasera facilitan los movimientos: sigue el sol o crea una nueva disposici\u00f3n en un instante. El c\u00f3modo coj\u00edn est\u00e1 relleno de Espuma de Secado R\u00e1pido y recubiertas con nuestros tejidos exteriores de boucl\u00e9 de primera calidad. De textura suave, resistentes a la intemperie y vuelven a secarse en un santiam\u00e9n tras un chaparr\u00f3n.<\/p>\n<\/div>\n<\/div>\n<p>&nbsp;<\/p>\n","protected":false},"featured_media":55898,"comment_status":"closed","ping_status":"closed","template":"","meta":{"_acf_changed":false},"product_brand":[],"product_cat":[824],"product_tag":[],"material":[],"class_list":{"0":"post-55892","1":"product","2":"type-product","3":"status-publish","4":"has-post-thumbnail","6":"product_cat-tumbona","8":"first","9":"instock","10":"shipping-taxable","11":"product-type-simple"},"acf":[],"yoast_head":"<!-- This site is optimized with the Yoast SEO plugin v26.8 - https:\/\/yoast.com\/product\/yoast-seo-wordpress\/ -->\n<title>Descubre la tumbona Basta | SUNS Outdoor Lifestyle<\/title>\n<meta name=\"description\" content=\"\u00bfBuscas una tumbona Basta? SUNS te ofrece tumbonas c\u00f3modas y duraderas que combinan a la perfecci\u00f3n dise\u00f1o moderno y funcionalidad.\" \/>\n<meta name=\"robots\" content=\"index, follow, max-snippet:-1, max-image-preview:large, max-video-preview:-1\" \/>\n<link rel=\"canonical\" href=\"https:\/\/hello-suns.com\/es\/productos\/basta-tumbona\/\" \/>\n<meta property=\"og:locale\" content=\"es_ES\" \/>\n<meta property=\"og:type\" content=\"article\" \/>\n<meta property=\"og:title\" content=\"Descubre la tumbona Basta | SUNS Outdoor Lifestyle\" \/>\n<meta property=\"og:description\" content=\"\u00bfBuscas una tumbona Basta? SUNS te ofrece tumbonas c\u00f3modas y duraderas que combinan a la perfecci\u00f3n dise\u00f1o moderno y funcionalidad.\" \/>\n<meta property=\"og:url\" content=\"https:\/\/hello-suns.com\/es\/productos\/basta-tumbona\/\" \/>\n<meta property=\"og:site_name\" content=\"SUNS\" \/>\n<meta property=\"article:modified_time\" content=\"2026-02-26T16:26:36+00:00\" \/>\n<meta property=\"og:image\" content=\"https:\/\/hello-suns.com\/app\/uploads\/2026\/02\/Basta-SUNS-Sunlounger-CH-SSB-Free-26-1-1024x683.png\" \/>\n\t<meta property=\"og:image:width\" content=\"1024\" \/>\n\t<meta property=\"og:image:height\" content=\"683\" \/>\n\t<meta property=\"og:image:type\" content=\"image\/png\" \/>\n<meta name=\"twitter:card\" content=\"summary_large_image\" \/>\n<meta name=\"twitter:label1\" content=\"Est. reading time\" \/>\n\t<meta name=\"twitter:data1\" content=\"3 minutes\" \/>\n<script type=\"application\/ld+json\" class=\"yoast-schema-graph\">{\"@context\":\"https:\/\/schema.org\",\"@graph\":[{\"@type\":\"WebPage\",\"@id\":\"https:\/\/hello-suns.com\/es\/productos\/basta-tumbona\/\",\"url\":\"https:\/\/hello-suns.com\/es\/productos\/basta-tumbona\/\",\"name\":\"Descubre la tumbona Basta | SUNS Outdoor Lifestyle\",\"isPartOf\":{\"@id\":\"https:\/\/hello-suns.com\/es\/#website\"},\"primaryImageOfPage\":{\"@id\":\"https:\/\/hello-suns.com\/es\/productos\/basta-tumbona\/#primaryimage\"},\"image\":{\"@id\":\"https:\/\/hello-suns.com\/es\/productos\/basta-tumbona\/#primaryimage\"},\"thumbnailUrl\":\"https:\/\/hello-suns.com\/app\/uploads\/2026\/02\/Basta-SUNS-Sunlounger-CH-SSB-Free-26-1.png\",\"datePublished\":\"2026-02-25T14:13:50+00:00\",\"dateModified\":\"2026-02-26T16:26:36+00:00\",\"description\":\"\u00bfBuscas una tumbona Basta? SUNS te ofrece tumbonas c\u00f3modas y duraderas que combinan a la perfecci\u00f3n dise\u00f1o moderno y funcionalidad.\",\"breadcrumb\":{\"@id\":\"https:\/\/hello-suns.com\/es\/productos\/basta-tumbona\/#breadcrumb\"},\"inLanguage\":\"es-ES\",\"potentialAction\":[{\"@type\":\"ReadAction\",\"target\":[\"https:\/\/hello-suns.com\/es\/productos\/basta-tumbona\/\"]}]},{\"@type\":\"ImageObject\",\"inLanguage\":\"es-ES\",\"@id\":\"https:\/\/hello-suns.com\/es\/productos\/basta-tumbona\/#primaryimage\",\"url\":\"https:\/\/hello-suns.com\/app\/uploads\/2026\/02\/Basta-SUNS-Sunlounger-CH-SSB-Free-26-1.png\",\"contentUrl\":\"https:\/\/hello-suns.com\/app\/uploads\/2026\/02\/Basta-SUNS-Sunlounger-CH-SSB-Free-26-1.png\",\"width\":3840,\"height\":2560},{\"@type\":\"BreadcrumbList\",\"@id\":\"https:\/\/hello-suns.com\/es\/productos\/basta-tumbona\/#breadcrumb\",\"itemListElement\":[{\"@type\":\"ListItem\",\"position\":1,\"name\":\"\",\"item\":\"https:\/\/hello-suns.com\/es\/\"},{\"@type\":\"ListItem\",\"position\":2,\"name\":\"Productos\",\"item\":\"https:\/\/hello-suns.com\/es\/productos\/\"},{\"@type\":\"ListItem\",\"position\":3,\"name\":\"Basta\"}]},{\"@type\":\"WebSite\",\"@id\":\"https:\/\/hello-suns.com\/es\/#website\",\"url\":\"https:\/\/hello-suns.com\/es\/\",\"name\":\"SUNS\",\"description\":\"Outdoor Lifestyle\",\"potentialAction\":[{\"@type\":\"SearchAction\",\"target\":{\"@type\":\"EntryPoint\",\"urlTemplate\":\"https:\/\/hello-suns.com\/es\/?s={search_term_string}\"},\"query-input\":{\"@type\":\"PropertyValueSpecification\",\"valueRequired\":true,\"valueName\":\"search_term_string\"}}],\"inLanguage\":\"es-ES\"}]}<\/script>\n<!-- \/ Yoast SEO plugin. -->","yoast_head_json":{"title":"Descubre la tumbona Basta | SUNS Outdoor Lifestyle","description":"\u00bfBuscas una tumbona Basta? SUNS te ofrece tumbonas c\u00f3modas y duraderas que combinan a la perfecci\u00f3n dise\u00f1o moderno y funcionalidad.","robots":{"index":"index","follow":"follow","max-snippet":"max-snippet:-1","max-image-preview":"max-image-preview:large","max-video-preview":"max-video-preview:-1"},"canonical":"https:\/\/hello-suns.com\/es\/productos\/basta-tumbona\/","og_locale":"es_ES","og_type":"article","og_title":"Descubre la tumbona Basta | SUNS Outdoor Lifestyle","og_description":"\u00bfBuscas una tumbona Basta? SUNS te ofrece tumbonas c\u00f3modas y duraderas que combinan a la perfecci\u00f3n dise\u00f1o moderno y funcionalidad.","og_url":"https:\/\/hello-suns.com\/es\/productos\/basta-tumbona\/","og_site_name":"SUNS","article_modified_time":"2026-02-26T16:26:36+00:00","og_image":[{"width":1024,"height":683,"url":"https:\/\/hello-suns.com\/app\/uploads\/2026\/02\/Basta-SUNS-Sunlounger-CH-SSB-Free-26-1-1024x683.png","type":"image\/png"}],"twitter_card":"summary_large_image","twitter_misc":{"Est. reading time":"3 minutes"},"schema":{"@context":"https:\/\/schema.org","@graph":[{"@type":"WebPage","@id":"https:\/\/hello-suns.com\/es\/productos\/basta-tumbona\/","url":"https:\/\/hello-suns.com\/es\/productos\/basta-tumbona\/","name":"Descubre la tumbona Basta | SUNS Outdoor Lifestyle","isPartOf":{"@id":"https:\/\/hello-suns.com\/es\/#website"},"primaryImageOfPage":{"@id":"https:\/\/hello-suns.com\/es\/productos\/basta-tumbona\/#primaryimage"},"image":{"@id":"https:\/\/hello-suns.com\/es\/productos\/basta-tumbona\/#primaryimage"},"thumbnailUrl":"https:\/\/hello-suns.com\/app\/uploads\/2026\/02\/Basta-SUNS-Sunlounger-CH-SSB-Free-26-1.png","datePublished":"2026-02-25T14:13:50+00:00","dateModified":"2026-02-26T16:26:36+00:00","description":"\u00bfBuscas una tumbona Basta? SUNS te ofrece tumbonas c\u00f3modas y duraderas que combinan a la perfecci\u00f3n dise\u00f1o moderno y funcionalidad.","breadcrumb":{"@id":"https:\/\/hello-suns.com\/es\/productos\/basta-tumbona\/#breadcrumb"},"inLanguage":"es-ES","potentialAction":[{"@type":"ReadAction","target":["https:\/\/hello-suns.com\/es\/productos\/basta-tumbona\/"]}]},{"@type":"ImageObject","inLanguage":"es-ES","@id":"https:\/\/hello-suns.com\/es\/productos\/basta-tumbona\/#primaryimage","url":"https:\/\/hello-suns.com\/app\/uploads\/2026\/02\/Basta-SUNS-Sunlounger-CH-SSB-Free-26-1.png","contentUrl":"https:\/\/hello-suns.com\/app\/uploads\/2026\/02\/Basta-SUNS-Sunlounger-CH-SSB-Free-26-1.png","width":3840,"height":2560},{"@type":"BreadcrumbList","@id":"https:\/\/hello-suns.com\/es\/productos\/basta-tumbona\/#breadcrumb","itemListElement":[{"@type":"ListItem","position":1,"name":"","item":"https:\/\/hello-suns.com\/es\/"},{"@type":"ListItem","position":2,"name":"Productos","item":"https:\/\/hello-suns.com\/es\/productos\/"},{"@type":"ListItem","position":3,"name":"Basta"}]},{"@type":"WebSite","@id":"https:\/\/hello-suns.com\/es\/#website","url":"https:\/\/hello-suns.com\/es\/","name":"SUNS","description":"Outdoor Lifestyle","potentialAction":[{"@type":"SearchAction","target":{"@type":"EntryPoint","urlTemplate":"https:\/\/hello-suns.com\/es\/?s={search_term_string}"},"query-input":{"@type":"PropertyValueSpecification","valueRequired":true,"valueName":"search_term_string"}}],"inLanguage":"es-ES"}]}},"_links":{"self":[{"href":"https:\/\/hello-suns.com\/es\/wp-json\/wp\/v2\/product\/55892","targetHints":{"allow":["GET"]}}],"collection":[{"href":"https:\/\/hello-suns.com\/es\/wp-json\/wp\/v2\/product"}],"about":[{"href":"https:\/\/hello-suns.com\/es\/wp-json\/wp\/v2\/types\/product"}],"replies":[{"embeddable":true,"href":"https:\/\/hello-suns.com\/es\/wp-json\/wp\/v2\/comments?post=55892"}],"wp:featuredmedia":[{"embeddable":true,"href":"https:\/\/hello-suns.com\/es\/wp-json\/wp\/v2\/media\/55898"}],"wp:attachment":[{"href":"https:\/\/hello-suns.com\/es\/wp-json\/wp\/v2\/media?parent=55892"}],"wp:term":[{"taxonomy":"product_brand","embeddable":true,"href":"https:\/\/hello-suns.com\/es\/wp-json\/wp\/v2\/product_brand?post=55892"},{"taxonomy":"product_cat","embeddable":true,"href":"https:\/\/hello-suns.com\/es\/wp-json\/wp\/v2\/product_cat?post=55892"},{"taxonomy":"product_tag","embeddable":true,"href":"https:\/\/hello-suns.com\/es\/wp-json\/wp\/v2\/product_tag?post=55892"},{"taxonomy":"material","embeddable":true,"href":"https:\/\/hello-suns.com\/es\/wp-json\/wp\/v2\/material?post=55892"}],"curies":[{"name":"wp","href":"https:\/\/api.w.org\/{rel}","templated":true}]}}