{"id":55727,"date":"2026-02-25T10:21:49","date_gmt":"2026-02-25T09:21:49","guid":{"rendered":"https:\/\/hello-suns.com\/?post_type=product&#038;p=55727"},"modified":"2026-03-23T14:27:49","modified_gmt":"2026-03-23T13:27:49","slug":"vivaro-conjuntos-de-sofa","status":"publish","type":"product","link":"https:\/\/hello-suns.com\/es\/productos\/vivaro-conjuntos-de-sofa\/","title":{"rendered":"Vivaro"},"content":{"rendered":"<div>\n<h2>Relajarse juntos<\/h2>\n<\/div>\n<div>\n<p style=\"font-weight: 400;\">Vivaro re\u00fane comodidad. Un conjunto de sof\u00e1s que invita a largas conversaciones, momentos relajados y una vida al aire libre sin esfuerzo. La combinaci\u00f3n de sof\u00e1 y dos tumbonas se siente abierta y segura al mismo tiempo. Rico en formas, suave en apariencia.<\/p>\n<\/div>\n","protected":false},"excerpt":{"rendered":"<div>\n<div>\n<h3>Forma juguetona<\/h3>\n<\/div>\n<\/div>\n<div>\n<div>\n<p>El sof\u00e1 Vivaro est\u00e1 ligeramente curvado, rompiendo las l\u00edneas limpias de los conjuntos de sof\u00e1s tradicionales. Esta sutil curvatura hace que la disposici\u00f3n sea m\u00e1s juguetona y crea un asiento natural y acogedor. Los generosos cojines recorren todo el contorno y ofrecen un agradable apoyo en la espalda y los brazos.<\/p>\n<\/div>\n<div>\n<p>El armaz\u00f3n de aluminio de Vivaro est\u00e1 totalmente acabado con un nuevo tipo de cuerda acolchada. Esta cuerda tiene un tacto suave y un aspecto completo y lujoso. Ideal para apoyar el brazo y c\u00f3moda durante las largas veladas al aire libre.<\/p>\n<\/div>\n<\/div>\n","protected":false},"featured_media":61313,"comment_status":"closed","ping_status":"closed","template":"","meta":{"_acf_changed":false},"product_brand":[],"product_cat":[800,797],"product_tag":[],"material":[],"class_list":{"0":"post-55727","1":"product","2":"type-product","3":"status-publish","4":"has-post-thumbnail","6":"product_cat-conjuntos-de-sofa","7":"product_cat-you-create-es","9":"first","10":"instock","11":"shipping-taxable","12":"product-type-simple"},"acf":[],"yoast_head":"<!-- This site is optimized with the Yoast SEO plugin v26.8 - https:\/\/yoast.com\/product\/yoast-seo-wordpress\/ -->\n<title>Descubre el juego de sof\u00e1s Vivaro | SUNS Outdoor Lifestyle<\/title>\n<meta name=\"description\" content=\"\u00bfBuscas un elegante conjunto de sof\u00e1 Vivaro? SUNS te ofrece lujosos conjuntos de sof\u00e1 de dise\u00f1o moderno y m\u00e1ximo confort, perfectos para un elegante espacio exterior.\" \/>\n<meta name=\"robots\" content=\"index, follow, max-snippet:-1, max-image-preview:large, max-video-preview:-1\" \/>\n<link rel=\"canonical\" href=\"https:\/\/hello-suns.com\/es\/productos\/vivaro-conjuntos-de-sofa\/\" \/>\n<meta property=\"og:locale\" content=\"es_ES\" \/>\n<meta property=\"og:type\" content=\"article\" \/>\n<meta property=\"og:title\" content=\"Descubre el juego de sof\u00e1s Vivaro | SUNS Outdoor Lifestyle\" \/>\n<meta property=\"og:description\" content=\"\u00bfBuscas un elegante conjunto de sof\u00e1 Vivaro? SUNS te ofrece lujosos conjuntos de sof\u00e1 de dise\u00f1o moderno y m\u00e1ximo confort, perfectos para un elegante espacio exterior.\" \/>\n<meta property=\"og:url\" content=\"https:\/\/hello-suns.com\/es\/productos\/vivaro-conjuntos-de-sofa\/\" \/>\n<meta property=\"og:site_name\" content=\"SUNS\" \/>\n<meta property=\"article:modified_time\" content=\"2026-03-23T13:27:49+00:00\" \/>\n<meta property=\"og:image\" content=\"https:\/\/hello-suns.com\/app\/uploads\/2026\/02\/Vivaro-Nova-SUNS-Sofaset-BZ-CR-PDB-Free-26-1024x683.png\" \/>\n\t<meta property=\"og:image:width\" content=\"1024\" \/>\n\t<meta property=\"og:image:height\" content=\"683\" \/>\n\t<meta property=\"og:image:type\" content=\"image\/png\" \/>\n<meta name=\"twitter:card\" content=\"summary_large_image\" \/>\n<meta name=\"twitter:label1\" content=\"Est. reading time\" \/>\n\t<meta name=\"twitter:data1\" content=\"3 minutes\" \/>\n<script type=\"application\/ld+json\" class=\"yoast-schema-graph\">{\"@context\":\"https:\/\/schema.org\",\"@graph\":[{\"@type\":\"WebPage\",\"@id\":\"https:\/\/hello-suns.com\/es\/productos\/vivaro-conjuntos-de-sofa\/\",\"url\":\"https:\/\/hello-suns.com\/es\/productos\/vivaro-conjuntos-de-sofa\/\",\"name\":\"Descubre el juego de sof\u00e1s Vivaro | SUNS Outdoor Lifestyle\",\"isPartOf\":{\"@id\":\"https:\/\/hello-suns.com\/es\/#website\"},\"primaryImageOfPage\":{\"@id\":\"https:\/\/hello-suns.com\/es\/productos\/vivaro-conjuntos-de-sofa\/#primaryimage\"},\"image\":{\"@id\":\"https:\/\/hello-suns.com\/es\/productos\/vivaro-conjuntos-de-sofa\/#primaryimage\"},\"thumbnailUrl\":\"https:\/\/hello-suns.com\/app\/uploads\/2026\/02\/Vivaro-Nova-SUNS-LoungeSet-BZ-PDB-CR-Free-26.png\",\"datePublished\":\"2026-02-25T09:21:49+00:00\",\"dateModified\":\"2026-03-23T13:27:49+00:00\",\"description\":\"\u00bfBuscas un elegante conjunto de sof\u00e1 Vivaro? SUNS te ofrece lujosos conjuntos de sof\u00e1 de dise\u00f1o moderno y m\u00e1ximo confort, perfectos para un elegante espacio exterior.\",\"breadcrumb\":{\"@id\":\"https:\/\/hello-suns.com\/es\/productos\/vivaro-conjuntos-de-sofa\/#breadcrumb\"},\"inLanguage\":\"es-ES\",\"potentialAction\":[{\"@type\":\"ReadAction\",\"target\":[\"https:\/\/hello-suns.com\/es\/productos\/vivaro-conjuntos-de-sofa\/\"]}]},{\"@type\":\"ImageObject\",\"inLanguage\":\"es-ES\",\"@id\":\"https:\/\/hello-suns.com\/es\/productos\/vivaro-conjuntos-de-sofa\/#primaryimage\",\"url\":\"https:\/\/hello-suns.com\/app\/uploads\/2026\/02\/Vivaro-Nova-SUNS-LoungeSet-BZ-PDB-CR-Free-26.png\",\"contentUrl\":\"https:\/\/hello-suns.com\/app\/uploads\/2026\/02\/Vivaro-Nova-SUNS-LoungeSet-BZ-PDB-CR-Free-26.png\",\"width\":3840,\"height\":2560},{\"@type\":\"BreadcrumbList\",\"@id\":\"https:\/\/hello-suns.com\/es\/productos\/vivaro-conjuntos-de-sofa\/#breadcrumb\",\"itemListElement\":[{\"@type\":\"ListItem\",\"position\":1,\"name\":\"\",\"item\":\"https:\/\/hello-suns.com\/es\/\"},{\"@type\":\"ListItem\",\"position\":2,\"name\":\"Productos\",\"item\":\"https:\/\/hello-suns.com\/es\/productos\/\"},{\"@type\":\"ListItem\",\"position\":3,\"name\":\"Vivaro\"}]},{\"@type\":\"WebSite\",\"@id\":\"https:\/\/hello-suns.com\/es\/#website\",\"url\":\"https:\/\/hello-suns.com\/es\/\",\"name\":\"SUNS\",\"description\":\"Outdoor Lifestyle\",\"potentialAction\":[{\"@type\":\"SearchAction\",\"target\":{\"@type\":\"EntryPoint\",\"urlTemplate\":\"https:\/\/hello-suns.com\/es\/?s={search_term_string}\"},\"query-input\":{\"@type\":\"PropertyValueSpecification\",\"valueRequired\":true,\"valueName\":\"search_term_string\"}}],\"inLanguage\":\"es-ES\"}]}<\/script>\n<!-- \/ Yoast SEO plugin. -->","yoast_head_json":{"title":"Descubre el juego de sof\u00e1s Vivaro | SUNS Outdoor Lifestyle","description":"\u00bfBuscas un elegante conjunto de sof\u00e1 Vivaro? SUNS te ofrece lujosos conjuntos de sof\u00e1 de dise\u00f1o moderno y m\u00e1ximo confort, perfectos para un elegante espacio exterior.","robots":{"index":"index","follow":"follow","max-snippet":"max-snippet:-1","max-image-preview":"max-image-preview:large","max-video-preview":"max-video-preview:-1"},"canonical":"https:\/\/hello-suns.com\/es\/productos\/vivaro-conjuntos-de-sofa\/","og_locale":"es_ES","og_type":"article","og_title":"Descubre el juego de sof\u00e1s Vivaro | SUNS Outdoor Lifestyle","og_description":"\u00bfBuscas un elegante conjunto de sof\u00e1 Vivaro? SUNS te ofrece lujosos conjuntos de sof\u00e1 de dise\u00f1o moderno y m\u00e1ximo confort, perfectos para un elegante espacio exterior.","og_url":"https:\/\/hello-suns.com\/es\/productos\/vivaro-conjuntos-de-sofa\/","og_site_name":"SUNS","article_modified_time":"2026-03-23T13:27:49+00:00","og_image":[{"width":1024,"height":683,"url":"https:\/\/hello-suns.com\/app\/uploads\/2026\/02\/Vivaro-Nova-SUNS-Sofaset-BZ-CR-PDB-Free-26-1024x683.png","type":"image\/png"}],"twitter_card":"summary_large_image","twitter_misc":{"Est. reading time":"3 minutes"},"schema":{"@context":"https:\/\/schema.org","@graph":[{"@type":"WebPage","@id":"https:\/\/hello-suns.com\/es\/productos\/vivaro-conjuntos-de-sofa\/","url":"https:\/\/hello-suns.com\/es\/productos\/vivaro-conjuntos-de-sofa\/","name":"Descubre el juego de sof\u00e1s Vivaro | SUNS Outdoor Lifestyle","isPartOf":{"@id":"https:\/\/hello-suns.com\/es\/#website"},"primaryImageOfPage":{"@id":"https:\/\/hello-suns.com\/es\/productos\/vivaro-conjuntos-de-sofa\/#primaryimage"},"image":{"@id":"https:\/\/hello-suns.com\/es\/productos\/vivaro-conjuntos-de-sofa\/#primaryimage"},"thumbnailUrl":"https:\/\/hello-suns.com\/app\/uploads\/2026\/02\/Vivaro-Nova-SUNS-LoungeSet-BZ-PDB-CR-Free-26.png","datePublished":"2026-02-25T09:21:49+00:00","dateModified":"2026-03-23T13:27:49+00:00","description":"\u00bfBuscas un elegante conjunto de sof\u00e1 Vivaro? SUNS te ofrece lujosos conjuntos de sof\u00e1 de dise\u00f1o moderno y m\u00e1ximo confort, perfectos para un elegante espacio exterior.","breadcrumb":{"@id":"https:\/\/hello-suns.com\/es\/productos\/vivaro-conjuntos-de-sofa\/#breadcrumb"},"inLanguage":"es-ES","potentialAction":[{"@type":"ReadAction","target":["https:\/\/hello-suns.com\/es\/productos\/vivaro-conjuntos-de-sofa\/"]}]},{"@type":"ImageObject","inLanguage":"es-ES","@id":"https:\/\/hello-suns.com\/es\/productos\/vivaro-conjuntos-de-sofa\/#primaryimage","url":"https:\/\/hello-suns.com\/app\/uploads\/2026\/02\/Vivaro-Nova-SUNS-LoungeSet-BZ-PDB-CR-Free-26.png","contentUrl":"https:\/\/hello-suns.com\/app\/uploads\/2026\/02\/Vivaro-Nova-SUNS-LoungeSet-BZ-PDB-CR-Free-26.png","width":3840,"height":2560},{"@type":"BreadcrumbList","@id":"https:\/\/hello-suns.com\/es\/productos\/vivaro-conjuntos-de-sofa\/#breadcrumb","itemListElement":[{"@type":"ListItem","position":1,"name":"","item":"https:\/\/hello-suns.com\/es\/"},{"@type":"ListItem","position":2,"name":"Productos","item":"https:\/\/hello-suns.com\/es\/productos\/"},{"@type":"ListItem","position":3,"name":"Vivaro"}]},{"@type":"WebSite","@id":"https:\/\/hello-suns.com\/es\/#website","url":"https:\/\/hello-suns.com\/es\/","name":"SUNS","description":"Outdoor Lifestyle","potentialAction":[{"@type":"SearchAction","target":{"@type":"EntryPoint","urlTemplate":"https:\/\/hello-suns.com\/es\/?s={search_term_string}"},"query-input":{"@type":"PropertyValueSpecification","valueRequired":true,"valueName":"search_term_string"}}],"inLanguage":"es-ES"}]}},"_links":{"self":[{"href":"https:\/\/hello-suns.com\/es\/wp-json\/wp\/v2\/product\/55727","targetHints":{"allow":["GET"]}}],"collection":[{"href":"https:\/\/hello-suns.com\/es\/wp-json\/wp\/v2\/product"}],"about":[{"href":"https:\/\/hello-suns.com\/es\/wp-json\/wp\/v2\/types\/product"}],"replies":[{"embeddable":true,"href":"https:\/\/hello-suns.com\/es\/wp-json\/wp\/v2\/comments?post=55727"}],"wp:featuredmedia":[{"embeddable":true,"href":"https:\/\/hello-suns.com\/es\/wp-json\/wp\/v2\/media\/61313"}],"wp:attachment":[{"href":"https:\/\/hello-suns.com\/es\/wp-json\/wp\/v2\/media?parent=55727"}],"wp:term":[{"taxonomy":"product_brand","embeddable":true,"href":"https:\/\/hello-suns.com\/es\/wp-json\/wp\/v2\/product_brand?post=55727"},{"taxonomy":"product_cat","embeddable":true,"href":"https:\/\/hello-suns.com\/es\/wp-json\/wp\/v2\/product_cat?post=55727"},{"taxonomy":"product_tag","embeddable":true,"href":"https:\/\/hello-suns.com\/es\/wp-json\/wp\/v2\/product_tag?post=55727"},{"taxonomy":"material","embeddable":true,"href":"https:\/\/hello-suns.com\/es\/wp-json\/wp\/v2\/material?post=55727"}],"curies":[{"name":"wp","href":"https:\/\/api.w.org\/{rel}","templated":true}]}}