{"id":55676,"date":"2026-02-24T15:30:55","date_gmt":"2026-02-24T14:30:55","guid":{"rendered":"https:\/\/hello-suns.com\/?post_type=product&#038;p=55676"},"modified":"2026-03-02T12:45:08","modified_gmt":"2026-03-02T11:45:08","slug":"ava-lampara","status":"publish","type":"product","link":"https:\/\/hello-suns.com\/es\/productos\/ava-lampara\/","title":{"rendered":"Ava"},"content":{"rendered":"<h2 style=\"font-weight: 400;\">Luz suave que perdura<\/h2>\n<p>Cae la noche. Ava se queda quieta y deja que la luz hable lentamente. Un resplandor tranquilo que suaviza tu espacio exterior y te invita a quedarte. Ava est\u00e1 ah\u00ed para los momentos que no necesitan prisa.<\/p>\n","protected":false},"excerpt":{"rendered":"<h3><span class=\"EOP SCXW15927889 BCX0\" data-ccp-props=\"{}\">Luz elegante para cualquier lugar al aire libre <\/span><\/h3>\n<p>Ava es una l\u00e1mpara de exterior de car\u00e1cter sofisticado y contempor\u00e1neo. Dise\u00f1ada para terrazas, porches y caminos de jard\u00edn, donde el ambiente es tan importante como la funcionalidad. Gracias a sus tres tama\u00f1os, puedes jugar f\u00e1cilmente con la altura y la composici\u00f3n. En solitario, como un acento sutil, o en conjunto, como una familia de luces que cargue la habitaci\u00f3n.<\/p>\n<p>Ava incorpora varios modos de iluminaci\u00f3n, para que ajustes la luz a cada momento. Desde una sutil luz de fondo hasta una luz funcional en largas veladas al aire libre.<br \/>\nAva est\u00e1 disponible en tres tama\u00f1os y dise\u00f1ada para permanecer en el exterior temporada tras temporada.<\/p>\n<p><b><span data-contrast=\"none\">Intensidad luminosa y horas de funcionamiento<br \/>\n<\/span><\/b><span data-contrast=\"none\">Ava es conmutable en tres modos de luz. As\u00ed puedes adaptar la luz sin esfuerzo a cualquier momento del d\u00eda o de la noche. La l\u00e1mpara puede ajustarse manualmente y tambi\u00e9n dispone de un modo de conmutaci\u00f3n autom\u00e1tica. <\/span><\/p>\n<p><span data-contrast=\"none\">Horas de funcionamiento tras 5 horas de carga a la luz directa del sol:<\/span><br \/>\n<span data-contrast=\"none\">Ajuste 1 &#8211; intensidad de luz 30% | 10 horas<\/span><br \/>\n<span data-contrast=\"none\">Ajuste 2 &#8211; intensidad de luz 50% | 8 horas<\/span><br \/>\n<span data-contrast=\"none\">Ajuste 3 &#8211; intensidad de luz 100% | 5 horas<\/span><\/p>\n<p><span data-contrast=\"none\">Quema horas despu\u00e9s de cargarlo completamente con el cable USB-C:<\/span><br \/>\n<span data-contrast=\"none\">Ajuste 1 &#8211; intensidad de luz 30% | 18 horas<\/span><br \/>\n<span data-contrast=\"none\">Ajuste 2 &#8211; intensidad de luz 50% | 12 horas<\/span><br \/>\n<span data-contrast=\"none\">Ajuste 3 &#8211; intensidad de luz 100% | 7 horas<\/span><\/p>\n","protected":false},"featured_media":55688,"comment_status":"closed","ping_status":"closed","template":"","meta":{"_acf_changed":false},"product_brand":[],"product_cat":[817,840],"product_tag":[],"material":[],"class_list":{"0":"post-55676","1":"product","2":"type-product","3":"status-publish","4":"has-post-thumbnail","6":"product_cat-styling","7":"product_cat-lamparas","9":"first","10":"instock","11":"shipping-taxable","12":"product-type-simple"},"acf":[],"yoast_head":"<!-- This site is optimized with the Yoast SEO plugin v26.8 - https:\/\/yoast.com\/product\/yoast-seo-wordpress\/ -->\n<title>L\u00e1mpara de exterior Ava | SUNS Outdoor Lifestyle<\/title>\n<meta name=\"description\" content=\"\u00bfBuscas una elegante l\u00e1mpara de exterior Ava? SUNS ofrece elegantes l\u00e1mparas de exterior que combinan iluminaci\u00f3n moderna y durabilidad.\" \/>\n<meta name=\"robots\" content=\"index, follow, max-snippet:-1, max-image-preview:large, max-video-preview:-1\" \/>\n<link rel=\"canonical\" href=\"https:\/\/hello-suns.com\/es\/productos\/ava-lampara\/\" \/>\n<meta property=\"og:locale\" content=\"es_ES\" \/>\n<meta property=\"og:type\" content=\"article\" \/>\n<meta property=\"og:title\" content=\"L\u00e1mpara de exterior Ava | SUNS Outdoor Lifestyle\" \/>\n<meta property=\"og:description\" content=\"\u00bfBuscas una elegante l\u00e1mpara de exterior Ava? SUNS ofrece elegantes l\u00e1mparas de exterior que combinan iluminaci\u00f3n moderna y durabilidad.\" \/>\n<meta property=\"og:url\" content=\"https:\/\/hello-suns.com\/es\/productos\/ava-lampara\/\" \/>\n<meta property=\"og:site_name\" content=\"SUNS\" \/>\n<meta property=\"article:modified_time\" content=\"2026-03-02T11:45:08+00:00\" \/>\n<meta property=\"og:image\" content=\"https:\/\/hello-suns.com\/app\/uploads\/2026\/02\/Ava-SUNS-Light-BZ-FIW-Free-26-2.png\" \/>\n\t<meta property=\"og:image:width\" content=\"3240\" \/>\n\t<meta property=\"og:image:height\" content=\"2160\" \/>\n\t<meta property=\"og:image:type\" content=\"image\/png\" \/>\n<meta name=\"twitter:card\" content=\"summary_large_image\" \/>\n<meta name=\"twitter:label1\" content=\"Est. reading time\" \/>\n\t<meta name=\"twitter:data1\" content=\"2 minutes\" \/>\n<script type=\"application\/ld+json\" class=\"yoast-schema-graph\">{\"@context\":\"https:\/\/schema.org\",\"@graph\":[{\"@type\":\"WebPage\",\"@id\":\"https:\/\/hello-suns.com\/es\/productos\/ava-lampara\/\",\"url\":\"https:\/\/hello-suns.com\/es\/productos\/ava-lampara\/\",\"name\":\"L\u00e1mpara de exterior Ava | SUNS Outdoor Lifestyle\",\"isPartOf\":{\"@id\":\"https:\/\/hello-suns.com\/es\/#website\"},\"primaryImageOfPage\":{\"@id\":\"https:\/\/hello-suns.com\/es\/productos\/ava-lampara\/#primaryimage\"},\"image\":{\"@id\":\"https:\/\/hello-suns.com\/es\/productos\/ava-lampara\/#primaryimage\"},\"thumbnailUrl\":\"https:\/\/hello-suns.com\/app\/uploads\/2026\/02\/Ava-SUNS-Light-BZ-FIW-Free-26-2.png\",\"datePublished\":\"2026-02-24T14:30:55+00:00\",\"dateModified\":\"2026-03-02T11:45:08+00:00\",\"description\":\"\u00bfBuscas una elegante l\u00e1mpara de exterior Ava? SUNS ofrece elegantes l\u00e1mparas de exterior que combinan iluminaci\u00f3n moderna y durabilidad.\",\"breadcrumb\":{\"@id\":\"https:\/\/hello-suns.com\/es\/productos\/ava-lampara\/#breadcrumb\"},\"inLanguage\":\"es-ES\",\"potentialAction\":[{\"@type\":\"ReadAction\",\"target\":[\"https:\/\/hello-suns.com\/es\/productos\/ava-lampara\/\"]}]},{\"@type\":\"ImageObject\",\"inLanguage\":\"es-ES\",\"@id\":\"https:\/\/hello-suns.com\/es\/productos\/ava-lampara\/#primaryimage\",\"url\":\"https:\/\/hello-suns.com\/app\/uploads\/2026\/02\/Ava-SUNS-Light-BZ-FIW-Free-26-2.png\",\"contentUrl\":\"https:\/\/hello-suns.com\/app\/uploads\/2026\/02\/Ava-SUNS-Light-BZ-FIW-Free-26-2.png\",\"width\":3240,\"height\":2160},{\"@type\":\"BreadcrumbList\",\"@id\":\"https:\/\/hello-suns.com\/es\/productos\/ava-lampara\/#breadcrumb\",\"itemListElement\":[{\"@type\":\"ListItem\",\"position\":1,\"name\":\"\",\"item\":\"https:\/\/hello-suns.com\/es\/\"},{\"@type\":\"ListItem\",\"position\":2,\"name\":\"Productos\",\"item\":\"https:\/\/hello-suns.com\/es\/productos\/\"},{\"@type\":\"ListItem\",\"position\":3,\"name\":\"Ava\"}]},{\"@type\":\"WebSite\",\"@id\":\"https:\/\/hello-suns.com\/es\/#website\",\"url\":\"https:\/\/hello-suns.com\/es\/\",\"name\":\"SUNS\",\"description\":\"Outdoor Lifestyle\",\"potentialAction\":[{\"@type\":\"SearchAction\",\"target\":{\"@type\":\"EntryPoint\",\"urlTemplate\":\"https:\/\/hello-suns.com\/es\/?s={search_term_string}\"},\"query-input\":{\"@type\":\"PropertyValueSpecification\",\"valueRequired\":true,\"valueName\":\"search_term_string\"}}],\"inLanguage\":\"es-ES\"}]}<\/script>\n<!-- \/ Yoast SEO plugin. -->","yoast_head_json":{"title":"L\u00e1mpara de exterior Ava | SUNS Outdoor Lifestyle","description":"\u00bfBuscas una elegante l\u00e1mpara de exterior Ava? SUNS ofrece elegantes l\u00e1mparas de exterior que combinan iluminaci\u00f3n moderna y durabilidad.","robots":{"index":"index","follow":"follow","max-snippet":"max-snippet:-1","max-image-preview":"max-image-preview:large","max-video-preview":"max-video-preview:-1"},"canonical":"https:\/\/hello-suns.com\/es\/productos\/ava-lampara\/","og_locale":"es_ES","og_type":"article","og_title":"L\u00e1mpara de exterior Ava | SUNS Outdoor Lifestyle","og_description":"\u00bfBuscas una elegante l\u00e1mpara de exterior Ava? SUNS ofrece elegantes l\u00e1mparas de exterior que combinan iluminaci\u00f3n moderna y durabilidad.","og_url":"https:\/\/hello-suns.com\/es\/productos\/ava-lampara\/","og_site_name":"SUNS","article_modified_time":"2026-03-02T11:45:08+00:00","og_image":[{"width":3240,"height":2160,"url":"https:\/\/hello-suns.com\/app\/uploads\/2026\/02\/Ava-SUNS-Light-BZ-FIW-Free-26-2.png","type":"image\/png"}],"twitter_card":"summary_large_image","twitter_misc":{"Est. reading time":"2 minutes"},"schema":{"@context":"https:\/\/schema.org","@graph":[{"@type":"WebPage","@id":"https:\/\/hello-suns.com\/es\/productos\/ava-lampara\/","url":"https:\/\/hello-suns.com\/es\/productos\/ava-lampara\/","name":"L\u00e1mpara de exterior Ava | SUNS Outdoor Lifestyle","isPartOf":{"@id":"https:\/\/hello-suns.com\/es\/#website"},"primaryImageOfPage":{"@id":"https:\/\/hello-suns.com\/es\/productos\/ava-lampara\/#primaryimage"},"image":{"@id":"https:\/\/hello-suns.com\/es\/productos\/ava-lampara\/#primaryimage"},"thumbnailUrl":"https:\/\/hello-suns.com\/app\/uploads\/2026\/02\/Ava-SUNS-Light-BZ-FIW-Free-26-2.png","datePublished":"2026-02-24T14:30:55+00:00","dateModified":"2026-03-02T11:45:08+00:00","description":"\u00bfBuscas una elegante l\u00e1mpara de exterior Ava? SUNS ofrece elegantes l\u00e1mparas de exterior que combinan iluminaci\u00f3n moderna y durabilidad.","breadcrumb":{"@id":"https:\/\/hello-suns.com\/es\/productos\/ava-lampara\/#breadcrumb"},"inLanguage":"es-ES","potentialAction":[{"@type":"ReadAction","target":["https:\/\/hello-suns.com\/es\/productos\/ava-lampara\/"]}]},{"@type":"ImageObject","inLanguage":"es-ES","@id":"https:\/\/hello-suns.com\/es\/productos\/ava-lampara\/#primaryimage","url":"https:\/\/hello-suns.com\/app\/uploads\/2026\/02\/Ava-SUNS-Light-BZ-FIW-Free-26-2.png","contentUrl":"https:\/\/hello-suns.com\/app\/uploads\/2026\/02\/Ava-SUNS-Light-BZ-FIW-Free-26-2.png","width":3240,"height":2160},{"@type":"BreadcrumbList","@id":"https:\/\/hello-suns.com\/es\/productos\/ava-lampara\/#breadcrumb","itemListElement":[{"@type":"ListItem","position":1,"name":"","item":"https:\/\/hello-suns.com\/es\/"},{"@type":"ListItem","position":2,"name":"Productos","item":"https:\/\/hello-suns.com\/es\/productos\/"},{"@type":"ListItem","position":3,"name":"Ava"}]},{"@type":"WebSite","@id":"https:\/\/hello-suns.com\/es\/#website","url":"https:\/\/hello-suns.com\/es\/","name":"SUNS","description":"Outdoor Lifestyle","potentialAction":[{"@type":"SearchAction","target":{"@type":"EntryPoint","urlTemplate":"https:\/\/hello-suns.com\/es\/?s={search_term_string}"},"query-input":{"@type":"PropertyValueSpecification","valueRequired":true,"valueName":"search_term_string"}}],"inLanguage":"es-ES"}]}},"_links":{"self":[{"href":"https:\/\/hello-suns.com\/es\/wp-json\/wp\/v2\/product\/55676","targetHints":{"allow":["GET"]}}],"collection":[{"href":"https:\/\/hello-suns.com\/es\/wp-json\/wp\/v2\/product"}],"about":[{"href":"https:\/\/hello-suns.com\/es\/wp-json\/wp\/v2\/types\/product"}],"replies":[{"embeddable":true,"href":"https:\/\/hello-suns.com\/es\/wp-json\/wp\/v2\/comments?post=55676"}],"wp:featuredmedia":[{"embeddable":true,"href":"https:\/\/hello-suns.com\/es\/wp-json\/wp\/v2\/media\/55688"}],"wp:attachment":[{"href":"https:\/\/hello-suns.com\/es\/wp-json\/wp\/v2\/media?parent=55676"}],"wp:term":[{"taxonomy":"product_brand","embeddable":true,"href":"https:\/\/hello-suns.com\/es\/wp-json\/wp\/v2\/product_brand?post=55676"},{"taxonomy":"product_cat","embeddable":true,"href":"https:\/\/hello-suns.com\/es\/wp-json\/wp\/v2\/product_cat?post=55676"},{"taxonomy":"product_tag","embeddable":true,"href":"https:\/\/hello-suns.com\/es\/wp-json\/wp\/v2\/product_tag?post=55676"},{"taxonomy":"material","embeddable":true,"href":"https:\/\/hello-suns.com\/es\/wp-json\/wp\/v2\/material?post=55676"}],"curies":[{"name":"wp","href":"https:\/\/api.w.org\/{rel}","templated":true}]}}