{"id":55581,"date":"2026-02-23T17:02:00","date_gmt":"2026-02-23T16:02:00","guid":{"rendered":"https:\/\/hello-suns.com\/?post_type=product&#038;p=55581"},"modified":"2026-03-19T09:19:41","modified_gmt":"2026-03-19T08:19:41","slug":"vivaro-conjuntos-de-salon","status":"publish","type":"product","link":"https:\/\/hello-suns.com\/es\/productos\/vivaro-conjuntos-de-salon\/","title":{"rendered":"Vivaro"},"content":{"rendered":"<h2 class=\"p1\">Confort suave en formas plenas<\/h2>\n<p class=\"p1\">Vivaro te invita a sentarte y quedarte. Un conjunto lounge que te envuelve con l\u00edneas redondeadas, materiales ricos y una apariencia relajada. Todo en Vivaro se siente fluido y natural. El confort adquiere aqu\u00ed una nueva suavidad.<\/p>\n","protected":false},"excerpt":{"rendered":"<h3 class=\"p1\">Formas redondeadas para un confort \u00f3ptimo<\/h3>\n<p class=\"p1\">El dise\u00f1o de Vivaro gira en torno a un confort sin interrupciones. Los generosos cojines rodean completamente la estructura, proporcionando un apoyo agradable tanto en la espalda como en los brazos. La forma es ligeramente curvada y din\u00e1mica, lo que permite que el conjunto se integre de manera natural en el espacio. Sin esquinas r\u00edgidas, sino una composici\u00f3n relajada que transmite calma. Vivaro est\u00e1 disponible como conjunto lounge completo y como variante de sof\u00e1. Ideal para adaptar tu espacio exterior a la forma en que deseas vivir y relajarte.<\/p>\n","protected":false},"featured_media":55587,"comment_status":"closed","ping_status":"closed","template":"","meta":{"_acf_changed":false},"product_brand":[],"product_cat":[799,797],"product_tag":[],"material":[],"class_list":{"0":"post-55581","1":"product","2":"type-product","3":"status-publish","4":"has-post-thumbnail","6":"product_cat-conjuntos-de-salon","7":"product_cat-you-create-es","9":"first","10":"instock","11":"shipping-taxable","12":"product-type-simple"},"acf":[],"yoast_head":"<!-- This site is optimized with the Yoast SEO plugin v26.8 - https:\/\/yoast.com\/product\/yoast-seo-wordpress\/ -->\n<title>Descubre el Conjunto Vivaro Lounge | SUNS Outdoor Lifestyle<\/title>\n<meta name=\"description\" content=\"\u00bfBuscas un elegante conjunto de sal\u00f3n Vivaro? SUNS ofrece conjuntos de sal\u00f3n de lujo con un dise\u00f1o moderno y el m\u00e1ximo confort, perfectos para un espacio exterior elegante.\" \/>\n<meta name=\"robots\" content=\"index, follow, max-snippet:-1, max-image-preview:large, max-video-preview:-1\" \/>\n<link rel=\"canonical\" href=\"https:\/\/hello-suns.com\/es\/productos\/vivaro-conjuntos-de-salon\/\" \/>\n<meta property=\"og:locale\" content=\"es_ES\" \/>\n<meta property=\"og:type\" content=\"article\" \/>\n<meta property=\"og:title\" content=\"Descubre el Conjunto Vivaro Lounge | SUNS Outdoor Lifestyle\" \/>\n<meta property=\"og:description\" content=\"\u00bfBuscas un elegante conjunto de sal\u00f3n Vivaro? SUNS ofrece conjuntos de sal\u00f3n de lujo con un dise\u00f1o moderno y el m\u00e1ximo confort, perfectos para un espacio exterior elegante.\" \/>\n<meta property=\"og:url\" content=\"https:\/\/hello-suns.com\/es\/productos\/vivaro-conjuntos-de-salon\/\" \/>\n<meta property=\"og:site_name\" content=\"SUNS\" \/>\n<meta property=\"article:modified_time\" content=\"2026-03-19T08:19:41+00:00\" \/>\n<meta property=\"og:image\" content=\"https:\/\/hello-suns.com\/app\/uploads\/2026\/02\/Vivaro-Nova-SUNS-Loungeset-CS-MR-BB-Free-26-1024x683.png\" \/>\n\t<meta property=\"og:image:width\" content=\"1024\" \/>\n\t<meta property=\"og:image:height\" content=\"683\" \/>\n\t<meta property=\"og:image:type\" content=\"image\/png\" \/>\n<meta name=\"twitter:card\" content=\"summary_large_image\" \/>\n<meta name=\"twitter:label1\" content=\"Est. reading time\" \/>\n\t<meta name=\"twitter:data1\" content=\"4 minutes\" \/>\n<script type=\"application\/ld+json\" class=\"yoast-schema-graph\">{\"@context\":\"https:\/\/schema.org\",\"@graph\":[{\"@type\":\"WebPage\",\"@id\":\"https:\/\/hello-suns.com\/es\/productos\/vivaro-conjuntos-de-salon\/\",\"url\":\"https:\/\/hello-suns.com\/es\/productos\/vivaro-conjuntos-de-salon\/\",\"name\":\"Descubre el Conjunto Vivaro Lounge | SUNS Outdoor Lifestyle\",\"isPartOf\":{\"@id\":\"https:\/\/hello-suns.com\/es\/#website\"},\"primaryImageOfPage\":{\"@id\":\"https:\/\/hello-suns.com\/es\/productos\/vivaro-conjuntos-de-salon\/#primaryimage\"},\"image\":{\"@id\":\"https:\/\/hello-suns.com\/es\/productos\/vivaro-conjuntos-de-salon\/#primaryimage\"},\"thumbnailUrl\":\"https:\/\/hello-suns.com\/app\/uploads\/2026\/02\/Vivaro-Nova-SUNS-Loungeset-CS-MR-BB-Free-26.png\",\"datePublished\":\"2026-02-23T16:02:00+00:00\",\"dateModified\":\"2026-03-19T08:19:41+00:00\",\"description\":\"\u00bfBuscas un elegante conjunto de sal\u00f3n Vivaro? SUNS ofrece conjuntos de sal\u00f3n de lujo con un dise\u00f1o moderno y el m\u00e1ximo confort, perfectos para un espacio exterior elegante.\",\"breadcrumb\":{\"@id\":\"https:\/\/hello-suns.com\/es\/productos\/vivaro-conjuntos-de-salon\/#breadcrumb\"},\"inLanguage\":\"es-ES\",\"potentialAction\":[{\"@type\":\"ReadAction\",\"target\":[\"https:\/\/hello-suns.com\/es\/productos\/vivaro-conjuntos-de-salon\/\"]}]},{\"@type\":\"ImageObject\",\"inLanguage\":\"es-ES\",\"@id\":\"https:\/\/hello-suns.com\/es\/productos\/vivaro-conjuntos-de-salon\/#primaryimage\",\"url\":\"https:\/\/hello-suns.com\/app\/uploads\/2026\/02\/Vivaro-Nova-SUNS-Loungeset-CS-MR-BB-Free-26.png\",\"contentUrl\":\"https:\/\/hello-suns.com\/app\/uploads\/2026\/02\/Vivaro-Nova-SUNS-Loungeset-CS-MR-BB-Free-26.png\",\"width\":3840,\"height\":2560},{\"@type\":\"BreadcrumbList\",\"@id\":\"https:\/\/hello-suns.com\/es\/productos\/vivaro-conjuntos-de-salon\/#breadcrumb\",\"itemListElement\":[{\"@type\":\"ListItem\",\"position\":1,\"name\":\"\",\"item\":\"https:\/\/hello-suns.com\/es\/\"},{\"@type\":\"ListItem\",\"position\":2,\"name\":\"Productos\",\"item\":\"https:\/\/hello-suns.com\/es\/productos\/\"},{\"@type\":\"ListItem\",\"position\":3,\"name\":\"Vivaro\"}]},{\"@type\":\"WebSite\",\"@id\":\"https:\/\/hello-suns.com\/es\/#website\",\"url\":\"https:\/\/hello-suns.com\/es\/\",\"name\":\"SUNS\",\"description\":\"Outdoor Lifestyle\",\"potentialAction\":[{\"@type\":\"SearchAction\",\"target\":{\"@type\":\"EntryPoint\",\"urlTemplate\":\"https:\/\/hello-suns.com\/es\/?s={search_term_string}\"},\"query-input\":{\"@type\":\"PropertyValueSpecification\",\"valueRequired\":true,\"valueName\":\"search_term_string\"}}],\"inLanguage\":\"es-ES\"}]}<\/script>\n<!-- \/ Yoast SEO plugin. -->","yoast_head_json":{"title":"Descubre el Conjunto Vivaro Lounge | SUNS Outdoor Lifestyle","description":"\u00bfBuscas un elegante conjunto de sal\u00f3n Vivaro? SUNS ofrece conjuntos de sal\u00f3n de lujo con un dise\u00f1o moderno y el m\u00e1ximo confort, perfectos para un espacio exterior elegante.","robots":{"index":"index","follow":"follow","max-snippet":"max-snippet:-1","max-image-preview":"max-image-preview:large","max-video-preview":"max-video-preview:-1"},"canonical":"https:\/\/hello-suns.com\/es\/productos\/vivaro-conjuntos-de-salon\/","og_locale":"es_ES","og_type":"article","og_title":"Descubre el Conjunto Vivaro Lounge | SUNS Outdoor Lifestyle","og_description":"\u00bfBuscas un elegante conjunto de sal\u00f3n Vivaro? SUNS ofrece conjuntos de sal\u00f3n de lujo con un dise\u00f1o moderno y el m\u00e1ximo confort, perfectos para un espacio exterior elegante.","og_url":"https:\/\/hello-suns.com\/es\/productos\/vivaro-conjuntos-de-salon\/","og_site_name":"SUNS","article_modified_time":"2026-03-19T08:19:41+00:00","og_image":[{"width":1024,"height":683,"url":"https:\/\/hello-suns.com\/app\/uploads\/2026\/02\/Vivaro-Nova-SUNS-Loungeset-CS-MR-BB-Free-26-1024x683.png","type":"image\/png"}],"twitter_card":"summary_large_image","twitter_misc":{"Est. reading time":"4 minutes"},"schema":{"@context":"https:\/\/schema.org","@graph":[{"@type":"WebPage","@id":"https:\/\/hello-suns.com\/es\/productos\/vivaro-conjuntos-de-salon\/","url":"https:\/\/hello-suns.com\/es\/productos\/vivaro-conjuntos-de-salon\/","name":"Descubre el Conjunto Vivaro Lounge | SUNS Outdoor Lifestyle","isPartOf":{"@id":"https:\/\/hello-suns.com\/es\/#website"},"primaryImageOfPage":{"@id":"https:\/\/hello-suns.com\/es\/productos\/vivaro-conjuntos-de-salon\/#primaryimage"},"image":{"@id":"https:\/\/hello-suns.com\/es\/productos\/vivaro-conjuntos-de-salon\/#primaryimage"},"thumbnailUrl":"https:\/\/hello-suns.com\/app\/uploads\/2026\/02\/Vivaro-Nova-SUNS-Loungeset-CS-MR-BB-Free-26.png","datePublished":"2026-02-23T16:02:00+00:00","dateModified":"2026-03-19T08:19:41+00:00","description":"\u00bfBuscas un elegante conjunto de sal\u00f3n Vivaro? SUNS ofrece conjuntos de sal\u00f3n de lujo con un dise\u00f1o moderno y el m\u00e1ximo confort, perfectos para un espacio exterior elegante.","breadcrumb":{"@id":"https:\/\/hello-suns.com\/es\/productos\/vivaro-conjuntos-de-salon\/#breadcrumb"},"inLanguage":"es-ES","potentialAction":[{"@type":"ReadAction","target":["https:\/\/hello-suns.com\/es\/productos\/vivaro-conjuntos-de-salon\/"]}]},{"@type":"ImageObject","inLanguage":"es-ES","@id":"https:\/\/hello-suns.com\/es\/productos\/vivaro-conjuntos-de-salon\/#primaryimage","url":"https:\/\/hello-suns.com\/app\/uploads\/2026\/02\/Vivaro-Nova-SUNS-Loungeset-CS-MR-BB-Free-26.png","contentUrl":"https:\/\/hello-suns.com\/app\/uploads\/2026\/02\/Vivaro-Nova-SUNS-Loungeset-CS-MR-BB-Free-26.png","width":3840,"height":2560},{"@type":"BreadcrumbList","@id":"https:\/\/hello-suns.com\/es\/productos\/vivaro-conjuntos-de-salon\/#breadcrumb","itemListElement":[{"@type":"ListItem","position":1,"name":"","item":"https:\/\/hello-suns.com\/es\/"},{"@type":"ListItem","position":2,"name":"Productos","item":"https:\/\/hello-suns.com\/es\/productos\/"},{"@type":"ListItem","position":3,"name":"Vivaro"}]},{"@type":"WebSite","@id":"https:\/\/hello-suns.com\/es\/#website","url":"https:\/\/hello-suns.com\/es\/","name":"SUNS","description":"Outdoor Lifestyle","potentialAction":[{"@type":"SearchAction","target":{"@type":"EntryPoint","urlTemplate":"https:\/\/hello-suns.com\/es\/?s={search_term_string}"},"query-input":{"@type":"PropertyValueSpecification","valueRequired":true,"valueName":"search_term_string"}}],"inLanguage":"es-ES"}]}},"_links":{"self":[{"href":"https:\/\/hello-suns.com\/es\/wp-json\/wp\/v2\/product\/55581","targetHints":{"allow":["GET"]}}],"collection":[{"href":"https:\/\/hello-suns.com\/es\/wp-json\/wp\/v2\/product"}],"about":[{"href":"https:\/\/hello-suns.com\/es\/wp-json\/wp\/v2\/types\/product"}],"replies":[{"embeddable":true,"href":"https:\/\/hello-suns.com\/es\/wp-json\/wp\/v2\/comments?post=55581"}],"wp:featuredmedia":[{"embeddable":true,"href":"https:\/\/hello-suns.com\/es\/wp-json\/wp\/v2\/media\/55587"}],"wp:attachment":[{"href":"https:\/\/hello-suns.com\/es\/wp-json\/wp\/v2\/media?parent=55581"}],"wp:term":[{"taxonomy":"product_brand","embeddable":true,"href":"https:\/\/hello-suns.com\/es\/wp-json\/wp\/v2\/product_brand?post=55581"},{"taxonomy":"product_cat","embeddable":true,"href":"https:\/\/hello-suns.com\/es\/wp-json\/wp\/v2\/product_cat?post=55581"},{"taxonomy":"product_tag","embeddable":true,"href":"https:\/\/hello-suns.com\/es\/wp-json\/wp\/v2\/product_tag?post=55581"},{"taxonomy":"material","embeddable":true,"href":"https:\/\/hello-suns.com\/es\/wp-json\/wp\/v2\/material?post=55581"}],"curies":[{"name":"wp","href":"https:\/\/api.w.org\/{rel}","templated":true}]}}