{"id":55551,"date":"2026-02-23T16:19:46","date_gmt":"2026-02-23T15:19:46","guid":{"rendered":"https:\/\/hello-suns.com\/?post_type=product&#038;p=55551"},"modified":"2026-03-23T13:58:23","modified_gmt":"2026-03-23T12:58:23","slug":"venosa-conjuntos-de-sofa","status":"publish","type":"product","link":"https:\/\/hello-suns.com\/es\/productos\/venosa-conjuntos-de-sofa\/","title":{"rendered":"Venosa"},"content":{"rendered":"<div>\n<h2>Suavidad para compartir juntos<\/h2>\n<\/div>\n<div>\n<div>\n<p>El exterior se convierte en un lugar de encuentro con Venosa. Este conjunto de sof\u00e1s invita a largas conversaciones, tardes relajadas y veladas que, naturalmente, duran m\u00e1s. Las curvas suaves, los tonos claros y la rica tapicer\u00eda dan a Venosa un aspecto c\u00e1lido que aporta paz al instante a tu espacio exterior.  <\/p>\n<\/div>\n<div>\n<p>El conjunto de sof\u00e1s Venosa consta de un generoso sof\u00e1 con dos tumbonas. Juntos, forman una c\u00f3moda disposici\u00f3n que se centra en el equilibrio y la seguridad. Perfecto para quienes les gusta sentarse juntos, pero tambi\u00e9n quieren conservar espacio para sus propios momentos. El conjunto se siente como una extensi\u00f3n de tu interior y lleva la vida al aire libre al siguiente nivel.   <\/p>\n<\/div>\n<\/div>\n","protected":false},"excerpt":{"rendered":"<h3 style=\"font-weight: 400;\">Dise\u00f1o org\u00e1nico con un toque lujoso<\/h3>\n<div>\n<div>\n<p>Al igual que el conjunto de sal\u00f3n, Venosa est\u00e1 totalmente tapizado. Aqu\u00ed la tela es la protagonista, y se nota. El suave tejido boucl\u00e9 sigue las formas org\u00e1nicas y confiere a cada elemento un tacto refinado, casi mimoso. El conjunto de sof\u00e1s tiene un aspecto generoso y elegante sin resultar pesado.   <\/p>\n<\/div>\n<div>\n<p>Una sutil l\u00ednea que atraviesa el respaldo confiere tensi\u00f3n y car\u00e1cter al dise\u00f1o. Rompe el volumen y a\u00f1ade un detalle juguet\u00f3n que hace reconocible a Venosa. Los cojines del asiento est\u00e1n muy acolchados y ofrecen un confort relajado y de apoyo. Tomas asiento y permaneces sentado. Sin prisas. El conjunto de sof\u00e1 viene con varios cojines de dispersi\u00f3n en tonos claros. Esto te permite dar a cada disposici\u00f3n su propio ambiente. Desde tranquila y armoniosa hasta viva y expresiva. Justo como a ti te gusta.        <\/p>\n<\/div>\n<\/div>\n","protected":false},"featured_media":55557,"comment_status":"closed","ping_status":"closed","template":"","meta":{"_acf_changed":false},"product_brand":[],"product_cat":[800,797],"product_tag":[],"material":[],"class_list":{"0":"post-55551","1":"product","2":"type-product","3":"status-publish","4":"has-post-thumbnail","6":"product_cat-conjuntos-de-sofa","7":"product_cat-you-create-es","9":"first","10":"instock","11":"shipping-taxable","12":"product-type-simple"},"acf":[],"yoast_head":"<!-- This site is optimized with the Yoast SEO plugin v26.8 - https:\/\/yoast.com\/product\/yoast-seo-wordpress\/ -->\n<title>Descubre el juego de sof\u00e1s Venosa | SUNS Outdoor Lifestyle<\/title>\n<meta name=\"description\" content=\"\u00bfBuscas un elegante conjunto de sof\u00e1 Venosa? SUNS ofrece conjuntos de sal\u00f3n de lujo que combinan a la perfecci\u00f3n comodidad, durabilidad y dise\u00f1o moderno.\" \/>\n<meta name=\"robots\" content=\"index, follow, max-snippet:-1, max-image-preview:large, max-video-preview:-1\" \/>\n<link rel=\"canonical\" href=\"https:\/\/hello-suns.com\/es\/productos\/venosa-conjuntos-de-sofa\/\" \/>\n<meta property=\"og:locale\" content=\"es_ES\" \/>\n<meta property=\"og:type\" content=\"article\" \/>\n<meta property=\"og:title\" content=\"Descubre el juego de sof\u00e1s Venosa | SUNS Outdoor Lifestyle\" \/>\n<meta property=\"og:description\" content=\"\u00bfBuscas un elegante conjunto de sof\u00e1 Venosa? SUNS ofrece conjuntos de sal\u00f3n de lujo que combinan a la perfecci\u00f3n comodidad, durabilidad y dise\u00f1o moderno.\" \/>\n<meta property=\"og:url\" content=\"https:\/\/hello-suns.com\/es\/productos\/venosa-conjuntos-de-sofa\/\" \/>\n<meta property=\"og:site_name\" content=\"SUNS\" \/>\n<meta property=\"article:modified_time\" content=\"2026-03-23T12:58:23+00:00\" \/>\n<meta property=\"og:image\" content=\"https:\/\/hello-suns.com\/app\/uploads\/2026\/02\/Venosa-Farzi-SUNS-SofaSet-PDB-BZ-Free-26-1024x683.png\" \/>\n\t<meta property=\"og:image:width\" content=\"1024\" \/>\n\t<meta property=\"og:image:height\" content=\"683\" \/>\n\t<meta property=\"og:image:type\" content=\"image\/png\" \/>\n<meta name=\"twitter:card\" content=\"summary_large_image\" \/>\n<meta name=\"twitter:label1\" content=\"Est. reading time\" \/>\n\t<meta name=\"twitter:data1\" content=\"4 minutes\" \/>\n<script type=\"application\/ld+json\" class=\"yoast-schema-graph\">{\"@context\":\"https:\/\/schema.org\",\"@graph\":[{\"@type\":\"WebPage\",\"@id\":\"https:\/\/hello-suns.com\/es\/productos\/venosa-conjuntos-de-sofa\/\",\"url\":\"https:\/\/hello-suns.com\/es\/productos\/venosa-conjuntos-de-sofa\/\",\"name\":\"Descubre el juego de sof\u00e1s Venosa | SUNS Outdoor Lifestyle\",\"isPartOf\":{\"@id\":\"https:\/\/hello-suns.com\/es\/#website\"},\"primaryImageOfPage\":{\"@id\":\"https:\/\/hello-suns.com\/es\/productos\/venosa-conjuntos-de-sofa\/#primaryimage\"},\"image\":{\"@id\":\"https:\/\/hello-suns.com\/es\/productos\/venosa-conjuntos-de-sofa\/#primaryimage\"},\"thumbnailUrl\":\"https:\/\/hello-suns.com\/app\/uploads\/2026\/02\/Venosa-Farzi-SUNS-SofaSet-PDB-BZ-Free-26.png\",\"datePublished\":\"2026-02-23T15:19:46+00:00\",\"dateModified\":\"2026-03-23T12:58:23+00:00\",\"description\":\"\u00bfBuscas un elegante conjunto de sof\u00e1 Venosa? SUNS ofrece conjuntos de sal\u00f3n de lujo que combinan a la perfecci\u00f3n comodidad, durabilidad y dise\u00f1o moderno.\",\"breadcrumb\":{\"@id\":\"https:\/\/hello-suns.com\/es\/productos\/venosa-conjuntos-de-sofa\/#breadcrumb\"},\"inLanguage\":\"es-ES\",\"potentialAction\":[{\"@type\":\"ReadAction\",\"target\":[\"https:\/\/hello-suns.com\/es\/productos\/venosa-conjuntos-de-sofa\/\"]}]},{\"@type\":\"ImageObject\",\"inLanguage\":\"es-ES\",\"@id\":\"https:\/\/hello-suns.com\/es\/productos\/venosa-conjuntos-de-sofa\/#primaryimage\",\"url\":\"https:\/\/hello-suns.com\/app\/uploads\/2026\/02\/Venosa-Farzi-SUNS-SofaSet-PDB-BZ-Free-26.png\",\"contentUrl\":\"https:\/\/hello-suns.com\/app\/uploads\/2026\/02\/Venosa-Farzi-SUNS-SofaSet-PDB-BZ-Free-26.png\",\"width\":3840,\"height\":2560},{\"@type\":\"BreadcrumbList\",\"@id\":\"https:\/\/hello-suns.com\/es\/productos\/venosa-conjuntos-de-sofa\/#breadcrumb\",\"itemListElement\":[{\"@type\":\"ListItem\",\"position\":1,\"name\":\"\",\"item\":\"https:\/\/hello-suns.com\/es\/\"},{\"@type\":\"ListItem\",\"position\":2,\"name\":\"Productos\",\"item\":\"https:\/\/hello-suns.com\/es\/productos\/\"},{\"@type\":\"ListItem\",\"position\":3,\"name\":\"Venosa\"}]},{\"@type\":\"WebSite\",\"@id\":\"https:\/\/hello-suns.com\/es\/#website\",\"url\":\"https:\/\/hello-suns.com\/es\/\",\"name\":\"SUNS\",\"description\":\"Outdoor Lifestyle\",\"potentialAction\":[{\"@type\":\"SearchAction\",\"target\":{\"@type\":\"EntryPoint\",\"urlTemplate\":\"https:\/\/hello-suns.com\/es\/?s={search_term_string}\"},\"query-input\":{\"@type\":\"PropertyValueSpecification\",\"valueRequired\":true,\"valueName\":\"search_term_string\"}}],\"inLanguage\":\"es-ES\"}]}<\/script>\n<!-- \/ Yoast SEO plugin. -->","yoast_head_json":{"title":"Descubre el juego de sof\u00e1s Venosa | SUNS Outdoor Lifestyle","description":"\u00bfBuscas un elegante conjunto de sof\u00e1 Venosa? SUNS ofrece conjuntos de sal\u00f3n de lujo que combinan a la perfecci\u00f3n comodidad, durabilidad y dise\u00f1o moderno.","robots":{"index":"index","follow":"follow","max-snippet":"max-snippet:-1","max-image-preview":"max-image-preview:large","max-video-preview":"max-video-preview:-1"},"canonical":"https:\/\/hello-suns.com\/es\/productos\/venosa-conjuntos-de-sofa\/","og_locale":"es_ES","og_type":"article","og_title":"Descubre el juego de sof\u00e1s Venosa | SUNS Outdoor Lifestyle","og_description":"\u00bfBuscas un elegante conjunto de sof\u00e1 Venosa? SUNS ofrece conjuntos de sal\u00f3n de lujo que combinan a la perfecci\u00f3n comodidad, durabilidad y dise\u00f1o moderno.","og_url":"https:\/\/hello-suns.com\/es\/productos\/venosa-conjuntos-de-sofa\/","og_site_name":"SUNS","article_modified_time":"2026-03-23T12:58:23+00:00","og_image":[{"width":1024,"height":683,"url":"https:\/\/hello-suns.com\/app\/uploads\/2026\/02\/Venosa-Farzi-SUNS-SofaSet-PDB-BZ-Free-26-1024x683.png","type":"image\/png"}],"twitter_card":"summary_large_image","twitter_misc":{"Est. reading time":"4 minutes"},"schema":{"@context":"https:\/\/schema.org","@graph":[{"@type":"WebPage","@id":"https:\/\/hello-suns.com\/es\/productos\/venosa-conjuntos-de-sofa\/","url":"https:\/\/hello-suns.com\/es\/productos\/venosa-conjuntos-de-sofa\/","name":"Descubre el juego de sof\u00e1s Venosa | SUNS Outdoor Lifestyle","isPartOf":{"@id":"https:\/\/hello-suns.com\/es\/#website"},"primaryImageOfPage":{"@id":"https:\/\/hello-suns.com\/es\/productos\/venosa-conjuntos-de-sofa\/#primaryimage"},"image":{"@id":"https:\/\/hello-suns.com\/es\/productos\/venosa-conjuntos-de-sofa\/#primaryimage"},"thumbnailUrl":"https:\/\/hello-suns.com\/app\/uploads\/2026\/02\/Venosa-Farzi-SUNS-SofaSet-PDB-BZ-Free-26.png","datePublished":"2026-02-23T15:19:46+00:00","dateModified":"2026-03-23T12:58:23+00:00","description":"\u00bfBuscas un elegante conjunto de sof\u00e1 Venosa? SUNS ofrece conjuntos de sal\u00f3n de lujo que combinan a la perfecci\u00f3n comodidad, durabilidad y dise\u00f1o moderno.","breadcrumb":{"@id":"https:\/\/hello-suns.com\/es\/productos\/venosa-conjuntos-de-sofa\/#breadcrumb"},"inLanguage":"es-ES","potentialAction":[{"@type":"ReadAction","target":["https:\/\/hello-suns.com\/es\/productos\/venosa-conjuntos-de-sofa\/"]}]},{"@type":"ImageObject","inLanguage":"es-ES","@id":"https:\/\/hello-suns.com\/es\/productos\/venosa-conjuntos-de-sofa\/#primaryimage","url":"https:\/\/hello-suns.com\/app\/uploads\/2026\/02\/Venosa-Farzi-SUNS-SofaSet-PDB-BZ-Free-26.png","contentUrl":"https:\/\/hello-suns.com\/app\/uploads\/2026\/02\/Venosa-Farzi-SUNS-SofaSet-PDB-BZ-Free-26.png","width":3840,"height":2560},{"@type":"BreadcrumbList","@id":"https:\/\/hello-suns.com\/es\/productos\/venosa-conjuntos-de-sofa\/#breadcrumb","itemListElement":[{"@type":"ListItem","position":1,"name":"","item":"https:\/\/hello-suns.com\/es\/"},{"@type":"ListItem","position":2,"name":"Productos","item":"https:\/\/hello-suns.com\/es\/productos\/"},{"@type":"ListItem","position":3,"name":"Venosa"}]},{"@type":"WebSite","@id":"https:\/\/hello-suns.com\/es\/#website","url":"https:\/\/hello-suns.com\/es\/","name":"SUNS","description":"Outdoor Lifestyle","potentialAction":[{"@type":"SearchAction","target":{"@type":"EntryPoint","urlTemplate":"https:\/\/hello-suns.com\/es\/?s={search_term_string}"},"query-input":{"@type":"PropertyValueSpecification","valueRequired":true,"valueName":"search_term_string"}}],"inLanguage":"es-ES"}]}},"_links":{"self":[{"href":"https:\/\/hello-suns.com\/es\/wp-json\/wp\/v2\/product\/55551","targetHints":{"allow":["GET"]}}],"collection":[{"href":"https:\/\/hello-suns.com\/es\/wp-json\/wp\/v2\/product"}],"about":[{"href":"https:\/\/hello-suns.com\/es\/wp-json\/wp\/v2\/types\/product"}],"replies":[{"embeddable":true,"href":"https:\/\/hello-suns.com\/es\/wp-json\/wp\/v2\/comments?post=55551"}],"wp:featuredmedia":[{"embeddable":true,"href":"https:\/\/hello-suns.com\/es\/wp-json\/wp\/v2\/media\/55557"}],"wp:attachment":[{"href":"https:\/\/hello-suns.com\/es\/wp-json\/wp\/v2\/media?parent=55551"}],"wp:term":[{"taxonomy":"product_brand","embeddable":true,"href":"https:\/\/hello-suns.com\/es\/wp-json\/wp\/v2\/product_brand?post=55551"},{"taxonomy":"product_cat","embeddable":true,"href":"https:\/\/hello-suns.com\/es\/wp-json\/wp\/v2\/product_cat?post=55551"},{"taxonomy":"product_tag","embeddable":true,"href":"https:\/\/hello-suns.com\/es\/wp-json\/wp\/v2\/product_tag?post=55551"},{"taxonomy":"material","embeddable":true,"href":"https:\/\/hello-suns.com\/es\/wp-json\/wp\/v2\/material?post=55551"}],"curies":[{"name":"wp","href":"https:\/\/api.w.org\/{rel}","templated":true}]}}