{"id":55364,"date":"2026-02-23T13:17:37","date_gmt":"2026-02-23T12:17:37","guid":{"rendered":"https:\/\/hello-suns.com\/?post_type=product&#038;p=55364"},"modified":"2026-02-23T16:44:00","modified_gmt":"2026-02-23T15:44:00","slug":"venosa-conjuntos-de-salon","status":"publish","type":"product","link":"https:\/\/hello-suns.com\/es\/productos\/venosa-conjuntos-de-salon\/","title":{"rendered":"Venosa"},"content":{"rendered":"<div>\n<h2>Suavidad que sigue sorprendiendo<\/h2>\n<\/div>\n<div>\n<p>El exterior se vuelve m\u00e1s suave con Venosa. Un conjunto de sal\u00f3n que te invita a permanecer sentado, relajarte m\u00e1s tiempo y vivir cada momento con m\u00e1s intensidad. Las formas redondeadas, los tonos claros y la rica tapicer\u00eda hacen de Venosa un reclamo natural en cualquier espacio exterior.<\/p>\n<\/div>\n<div>\n<p>Venosa est\u00e1 dise\u00f1ado para quienes desean fusionar comodidad y apariencia. Totalmente tapizado y de generosas proporciones, este conjunto se asemeja m\u00e1s a un lujoso interior que a un mueble de jard\u00edn tradicional. C\u00e1lido, acogedor y sorprendentemente vers\u00e1til.<\/p>\n<\/div>\n","protected":false},"excerpt":{"rendered":"<h3 style=\"font-weight: 400;\">Dise\u00f1o org\u00e1nico con un toque lujoso<\/h3>\n<p style=\"font-weight: 400;\">Venosa se distingue por su dise\u00f1o totalmente tapizado. Es uno de los conjuntos de sal\u00f3n de la colecci\u00f3n SUNS en los que el tejido es el verdadero protagonista. El suave tejido boucl\u00e9 realza las formas org\u00e1nicas y confiere al conjunto un aspecto c\u00e1lido y sofisticado. Un detalle sutil pero con car\u00e1cter es la l\u00ednea que recorre la parte trasera del conjunto. Esto rompe la larga superficie y a\u00f1ade un toque juguet\u00f3n al dise\u00f1o. Los generosos cojines del asiento son robustos y c\u00f3modos, con un aspecto rico que invita inmediatamente a tomar asiento.<\/p>\n<p style=\"font-weight: 400;\">Venosa viene con varios cojines de dispersi\u00f3n en tonos claros. Esto te permite dar a cualquier arreglo su propia atm\u00f3sfera. Desde tranquila y armoniosa hasta viva y expresiva. Como t\u00fa quieras. Con cada elemento se incluyen cojines decorativos del mismo tejido. Los cojines sueltos dan a Blocchi un car\u00e1cter l\u00fadico y te permiten crear tu rinc\u00f3n perfecto para comidas, bebidas y momentos de relax al aire libre. Blocchi forma parte del programa SUNS T\u00fa Creas, que te permite combinar los distintos elementos como desees, creando as\u00ed tu conjunto ideal. SUNS Blocchi tambi\u00e9n ofrece un sof\u00e1 cama que puedes colocar por separado o integrar en el conjunto del sal\u00f3n. SUNS Blocchi combina perfectamente con las mesas auxiliares Farzi o Termoli.<\/p>\n","protected":false},"featured_media":55394,"comment_status":"closed","ping_status":"closed","template":"","meta":{"_acf_changed":false},"product_brand":[],"product_cat":[799,797],"product_tag":[],"material":[],"class_list":{"0":"post-55364","1":"product","2":"type-product","3":"status-publish","4":"has-post-thumbnail","6":"product_cat-conjuntos-de-salon","7":"product_cat-you-create-es","9":"first","10":"instock","11":"shipping-taxable","12":"product-type-simple"},"acf":[],"yoast_head":"<!-- This site is optimized with the Yoast SEO plugin v26.8 - https:\/\/yoast.com\/product\/yoast-seo-wordpress\/ -->\n<title>Descubre el Juego de Sal\u00f3n Venosa | SUNS Outdoor Lifestyle<\/title>\n<meta name=\"description\" content=\"\u00bfBuscas un elegante conjunto de sal\u00f3n Venosa? SUNS ofrece conjuntos de sal\u00f3n de lujo que combinan a la perfecci\u00f3n comodidad, durabilidad y dise\u00f1o moderno.\" \/>\n<meta name=\"robots\" content=\"index, follow, max-snippet:-1, max-image-preview:large, max-video-preview:-1\" \/>\n<link rel=\"canonical\" href=\"https:\/\/hello-suns.com\/es\/productos\/venosa-conjuntos-de-salon\/\" \/>\n<meta property=\"og:locale\" content=\"es_ES\" \/>\n<meta property=\"og:type\" content=\"article\" \/>\n<meta property=\"og:title\" content=\"Descubre el Juego de Sal\u00f3n Venosa | SUNS Outdoor Lifestyle\" \/>\n<meta property=\"og:description\" content=\"\u00bfBuscas un elegante conjunto de sal\u00f3n Venosa? SUNS ofrece conjuntos de sal\u00f3n de lujo que combinan a la perfecci\u00f3n comodidad, durabilidad y dise\u00f1o moderno.\" \/>\n<meta property=\"og:url\" content=\"https:\/\/hello-suns.com\/es\/productos\/venosa-conjuntos-de-salon\/\" \/>\n<meta property=\"og:site_name\" content=\"SUNS\" \/>\n<meta property=\"article:modified_time\" content=\"2026-02-23T15:44:00+00:00\" \/>\n<meta property=\"og:image\" content=\"https:\/\/hello-suns.com\/app\/uploads\/2026\/02\/Venosa-Farzi-SUNS-LoungeSet-SSB-CS-Free-26-1024x683.png\" \/>\n\t<meta property=\"og:image:width\" content=\"1024\" \/>\n\t<meta property=\"og:image:height\" content=\"683\" \/>\n\t<meta property=\"og:image:type\" content=\"image\/png\" \/>\n<meta name=\"twitter:card\" content=\"summary_large_image\" \/>\n<meta name=\"twitter:label1\" content=\"Est. reading time\" \/>\n\t<meta name=\"twitter:data1\" content=\"5 minutes\" \/>\n<script type=\"application\/ld+json\" class=\"yoast-schema-graph\">{\"@context\":\"https:\/\/schema.org\",\"@graph\":[{\"@type\":\"WebPage\",\"@id\":\"https:\/\/hello-suns.com\/es\/productos\/venosa-conjuntos-de-salon\/\",\"url\":\"https:\/\/hello-suns.com\/es\/productos\/venosa-conjuntos-de-salon\/\",\"name\":\"Descubre el Juego de Sal\u00f3n Venosa | SUNS Outdoor Lifestyle\",\"isPartOf\":{\"@id\":\"https:\/\/hello-suns.com\/es\/#website\"},\"primaryImageOfPage\":{\"@id\":\"https:\/\/hello-suns.com\/es\/productos\/venosa-conjuntos-de-salon\/#primaryimage\"},\"image\":{\"@id\":\"https:\/\/hello-suns.com\/es\/productos\/venosa-conjuntos-de-salon\/#primaryimage\"},\"thumbnailUrl\":\"https:\/\/hello-suns.com\/app\/uploads\/2026\/02\/Venosa-Farzi-SUNS-LoungeSet-SSB-CS-Free-26.png\",\"datePublished\":\"2026-02-23T12:17:37+00:00\",\"dateModified\":\"2026-02-23T15:44:00+00:00\",\"description\":\"\u00bfBuscas un elegante conjunto de sal\u00f3n Venosa? SUNS ofrece conjuntos de sal\u00f3n de lujo que combinan a la perfecci\u00f3n comodidad, durabilidad y dise\u00f1o moderno.\",\"breadcrumb\":{\"@id\":\"https:\/\/hello-suns.com\/es\/productos\/venosa-conjuntos-de-salon\/#breadcrumb\"},\"inLanguage\":\"es-ES\",\"potentialAction\":[{\"@type\":\"ReadAction\",\"target\":[\"https:\/\/hello-suns.com\/es\/productos\/venosa-conjuntos-de-salon\/\"]}]},{\"@type\":\"ImageObject\",\"inLanguage\":\"es-ES\",\"@id\":\"https:\/\/hello-suns.com\/es\/productos\/venosa-conjuntos-de-salon\/#primaryimage\",\"url\":\"https:\/\/hello-suns.com\/app\/uploads\/2026\/02\/Venosa-Farzi-SUNS-LoungeSet-SSB-CS-Free-26.png\",\"contentUrl\":\"https:\/\/hello-suns.com\/app\/uploads\/2026\/02\/Venosa-Farzi-SUNS-LoungeSet-SSB-CS-Free-26.png\",\"width\":3840,\"height\":2560},{\"@type\":\"BreadcrumbList\",\"@id\":\"https:\/\/hello-suns.com\/es\/productos\/venosa-conjuntos-de-salon\/#breadcrumb\",\"itemListElement\":[{\"@type\":\"ListItem\",\"position\":1,\"name\":\"\",\"item\":\"https:\/\/hello-suns.com\/es\/\"},{\"@type\":\"ListItem\",\"position\":2,\"name\":\"Productos\",\"item\":\"https:\/\/hello-suns.com\/es\/productos\/\"},{\"@type\":\"ListItem\",\"position\":3,\"name\":\"Venosa\"}]},{\"@type\":\"WebSite\",\"@id\":\"https:\/\/hello-suns.com\/es\/#website\",\"url\":\"https:\/\/hello-suns.com\/es\/\",\"name\":\"SUNS\",\"description\":\"Outdoor Lifestyle\",\"potentialAction\":[{\"@type\":\"SearchAction\",\"target\":{\"@type\":\"EntryPoint\",\"urlTemplate\":\"https:\/\/hello-suns.com\/es\/?s={search_term_string}\"},\"query-input\":{\"@type\":\"PropertyValueSpecification\",\"valueRequired\":true,\"valueName\":\"search_term_string\"}}],\"inLanguage\":\"es-ES\"}]}<\/script>\n<!-- \/ Yoast SEO plugin. -->","yoast_head_json":{"title":"Descubre el Juego de Sal\u00f3n Venosa | SUNS Outdoor Lifestyle","description":"\u00bfBuscas un elegante conjunto de sal\u00f3n Venosa? SUNS ofrece conjuntos de sal\u00f3n de lujo que combinan a la perfecci\u00f3n comodidad, durabilidad y dise\u00f1o moderno.","robots":{"index":"index","follow":"follow","max-snippet":"max-snippet:-1","max-image-preview":"max-image-preview:large","max-video-preview":"max-video-preview:-1"},"canonical":"https:\/\/hello-suns.com\/es\/productos\/venosa-conjuntos-de-salon\/","og_locale":"es_ES","og_type":"article","og_title":"Descubre el Juego de Sal\u00f3n Venosa | SUNS Outdoor Lifestyle","og_description":"\u00bfBuscas un elegante conjunto de sal\u00f3n Venosa? SUNS ofrece conjuntos de sal\u00f3n de lujo que combinan a la perfecci\u00f3n comodidad, durabilidad y dise\u00f1o moderno.","og_url":"https:\/\/hello-suns.com\/es\/productos\/venosa-conjuntos-de-salon\/","og_site_name":"SUNS","article_modified_time":"2026-02-23T15:44:00+00:00","og_image":[{"width":1024,"height":683,"url":"https:\/\/hello-suns.com\/app\/uploads\/2026\/02\/Venosa-Farzi-SUNS-LoungeSet-SSB-CS-Free-26-1024x683.png","type":"image\/png"}],"twitter_card":"summary_large_image","twitter_misc":{"Est. reading time":"5 minutes"},"schema":{"@context":"https:\/\/schema.org","@graph":[{"@type":"WebPage","@id":"https:\/\/hello-suns.com\/es\/productos\/venosa-conjuntos-de-salon\/","url":"https:\/\/hello-suns.com\/es\/productos\/venosa-conjuntos-de-salon\/","name":"Descubre el Juego de Sal\u00f3n Venosa | SUNS Outdoor Lifestyle","isPartOf":{"@id":"https:\/\/hello-suns.com\/es\/#website"},"primaryImageOfPage":{"@id":"https:\/\/hello-suns.com\/es\/productos\/venosa-conjuntos-de-salon\/#primaryimage"},"image":{"@id":"https:\/\/hello-suns.com\/es\/productos\/venosa-conjuntos-de-salon\/#primaryimage"},"thumbnailUrl":"https:\/\/hello-suns.com\/app\/uploads\/2026\/02\/Venosa-Farzi-SUNS-LoungeSet-SSB-CS-Free-26.png","datePublished":"2026-02-23T12:17:37+00:00","dateModified":"2026-02-23T15:44:00+00:00","description":"\u00bfBuscas un elegante conjunto de sal\u00f3n Venosa? SUNS ofrece conjuntos de sal\u00f3n de lujo que combinan a la perfecci\u00f3n comodidad, durabilidad y dise\u00f1o moderno.","breadcrumb":{"@id":"https:\/\/hello-suns.com\/es\/productos\/venosa-conjuntos-de-salon\/#breadcrumb"},"inLanguage":"es-ES","potentialAction":[{"@type":"ReadAction","target":["https:\/\/hello-suns.com\/es\/productos\/venosa-conjuntos-de-salon\/"]}]},{"@type":"ImageObject","inLanguage":"es-ES","@id":"https:\/\/hello-suns.com\/es\/productos\/venosa-conjuntos-de-salon\/#primaryimage","url":"https:\/\/hello-suns.com\/app\/uploads\/2026\/02\/Venosa-Farzi-SUNS-LoungeSet-SSB-CS-Free-26.png","contentUrl":"https:\/\/hello-suns.com\/app\/uploads\/2026\/02\/Venosa-Farzi-SUNS-LoungeSet-SSB-CS-Free-26.png","width":3840,"height":2560},{"@type":"BreadcrumbList","@id":"https:\/\/hello-suns.com\/es\/productos\/venosa-conjuntos-de-salon\/#breadcrumb","itemListElement":[{"@type":"ListItem","position":1,"name":"","item":"https:\/\/hello-suns.com\/es\/"},{"@type":"ListItem","position":2,"name":"Productos","item":"https:\/\/hello-suns.com\/es\/productos\/"},{"@type":"ListItem","position":3,"name":"Venosa"}]},{"@type":"WebSite","@id":"https:\/\/hello-suns.com\/es\/#website","url":"https:\/\/hello-suns.com\/es\/","name":"SUNS","description":"Outdoor Lifestyle","potentialAction":[{"@type":"SearchAction","target":{"@type":"EntryPoint","urlTemplate":"https:\/\/hello-suns.com\/es\/?s={search_term_string}"},"query-input":{"@type":"PropertyValueSpecification","valueRequired":true,"valueName":"search_term_string"}}],"inLanguage":"es-ES"}]}},"_links":{"self":[{"href":"https:\/\/hello-suns.com\/es\/wp-json\/wp\/v2\/product\/55364","targetHints":{"allow":["GET"]}}],"collection":[{"href":"https:\/\/hello-suns.com\/es\/wp-json\/wp\/v2\/product"}],"about":[{"href":"https:\/\/hello-suns.com\/es\/wp-json\/wp\/v2\/types\/product"}],"replies":[{"embeddable":true,"href":"https:\/\/hello-suns.com\/es\/wp-json\/wp\/v2\/comments?post=55364"}],"wp:featuredmedia":[{"embeddable":true,"href":"https:\/\/hello-suns.com\/es\/wp-json\/wp\/v2\/media\/55394"}],"wp:attachment":[{"href":"https:\/\/hello-suns.com\/es\/wp-json\/wp\/v2\/media?parent=55364"}],"wp:term":[{"taxonomy":"product_brand","embeddable":true,"href":"https:\/\/hello-suns.com\/es\/wp-json\/wp\/v2\/product_brand?post=55364"},{"taxonomy":"product_cat","embeddable":true,"href":"https:\/\/hello-suns.com\/es\/wp-json\/wp\/v2\/product_cat?post=55364"},{"taxonomy":"product_tag","embeddable":true,"href":"https:\/\/hello-suns.com\/es\/wp-json\/wp\/v2\/product_tag?post=55364"},{"taxonomy":"material","embeddable":true,"href":"https:\/\/hello-suns.com\/es\/wp-json\/wp\/v2\/material?post=55364"}],"curies":[{"name":"wp","href":"https:\/\/api.w.org\/{rel}","templated":true}]}}