{"id":55231,"date":"2026-02-19T15:12:07","date_gmt":"2026-02-19T14:12:07","guid":{"rendered":"https:\/\/hello-suns.com\/producten\/ollie\/"},"modified":"2026-03-03T08:52:45","modified_gmt":"2026-03-03T07:52:45","slug":"ollie-lamparas","status":"publish","type":"product","link":"https:\/\/hello-suns.com\/es\/productos\/ollie-lamparas\/","title":{"rendered":"Ollie"},"content":{"rendered":"<h2 style=\"font-weight: 400;\">Cuando el sol se pone, Ollie brilla<\/h2>\n<p style=\"font-weight: 400;\">Una c\u00e1lida tarde se convierte lentamente en crep\u00fasculo. Ese es el momento en que Ollie toma el control.<\/p>\n","protected":false},"excerpt":{"rendered":"<h2 style=\"font-weight: 400;\">El brillo perfecto para tu espacio exterior<\/h2>\n<p style=\"font-weight: 400;\">En colaboraci\u00f3n con Studio Unhyde, SUNS presenta su propia edici\u00f3n de la ic\u00f3nica l\u00e1mpara Ollie. Una l\u00e1mpara de dise\u00f1o port\u00e1til que a\u00fana atm\u00f3sfera, flexibilidad y car\u00e1cter en un potente dise\u00f1o.<\/p>\n<p style=\"font-weight: 400;\">Ollie es compacto, inal\u00e1mbrico y recargable. Con cuatro ajustes de atenuaci\u00f3n y 14 colores de luz, crea exactamente el ambiente que mejor se adapte al momento. Suave y sutil durante una larga noche de verano. M\u00e1s c\u00e1lido e \u00edntimo cuando la conversaci\u00f3n se profundiza. Un clic y cambia el ambiente.<\/p>\n<p style=\"font-weight: 400;\">Especialmente para SUNS, Ollie se presenta en colores cuidadosamente seleccionados que combinan a la perfecci\u00f3n con nuestras colecciones. Champ\u00e1n y Bronce. Pantallas que puedes combinar con tu conjunto de sal\u00f3n o comedor. De este modo, la l\u00e1mpara no es un elemento separado, sino una parte natural del conjunto.<\/p>\n<p style=\"font-weight: 400;\">Coloca a Ollie en la mesa de tu sal\u00f3n. O deja que brille durante una cena cuando la luz del d\u00eda se aten\u00fae.<\/p>\n<p style=\"font-weight: 400;\">Es el toque final de tu espacio exterior.<br \/>\nEl resplandor que sientes en cuanto se pone el sol.<\/p>\n","protected":false},"featured_media":55227,"comment_status":"open","ping_status":"closed","template":"","meta":{"_acf_changed":false},"product_brand":[],"product_cat":[840],"product_tag":[],"material":[1378,1383],"class_list":{"0":"post-55231","1":"product","2":"type-product","3":"status-publish","4":"has-post-thumbnail","6":"product_cat-lamparas","7":"material-aluminium-bronze-es-3","8":"material-aluminium-champagne-es-2","10":"first","11":"instock","12":"shipping-taxable","13":"product-type-simple"},"acf":[],"yoast_head":"<!-- This site is optimized with the Yoast SEO plugin v26.8 - https:\/\/yoast.com\/product\/yoast-seo-wordpress\/ -->\n<title>Ollie - SUNS<\/title>\n<meta name=\"description\" content=\"\u00bfBuscas una elegante l\u00e1mpara de exterior Ollie? SUNS ofrece l\u00e1mparas de exterior modernas y duraderas que combinan a la perfecci\u00f3n ambiente y dise\u00f1o contempor\u00e1neo para cualquier jard\u00edn.\" \/>\n<meta name=\"robots\" content=\"index, follow, max-snippet:-1, max-image-preview:large, max-video-preview:-1\" \/>\n<link rel=\"canonical\" href=\"https:\/\/hello-suns.com\/es\/productos\/ollie-lamparas\/\" \/>\n<meta property=\"og:locale\" content=\"es_ES\" \/>\n<meta property=\"og:type\" content=\"article\" \/>\n<meta property=\"og:title\" content=\"Ollie - SUNS\" \/>\n<meta property=\"og:description\" content=\"\u00bfBuscas una elegante l\u00e1mpara de exterior Ollie? SUNS ofrece l\u00e1mparas de exterior modernas y duraderas que combinan a la perfecci\u00f3n ambiente y dise\u00f1o contempor\u00e1neo para cualquier jard\u00edn.\" \/>\n<meta property=\"og:url\" content=\"https:\/\/hello-suns.com\/es\/productos\/ollie-lamparas\/\" \/>\n<meta property=\"og:site_name\" content=\"SUNS\" \/>\n<meta property=\"article:modified_time\" content=\"2026-03-03T07:52:45+00:00\" \/>\n<meta property=\"og:image\" content=\"https:\/\/hello-suns.com\/app\/uploads\/2026\/02\/Ollie-kopie.png\" \/>\n\t<meta property=\"og:image:width\" content=\"3840\" \/>\n\t<meta property=\"og:image:height\" content=\"2160\" \/>\n\t<meta property=\"og:image:type\" content=\"image\/png\" \/>\n<meta name=\"twitter:card\" content=\"summary_large_image\" \/>\n<meta name=\"twitter:label1\" content=\"Est. reading time\" \/>\n\t<meta name=\"twitter:data1\" content=\"2 minutes\" \/>\n<script type=\"application\/ld+json\" class=\"yoast-schema-graph\">{\"@context\":\"https:\/\/schema.org\",\"@graph\":[{\"@type\":\"WebPage\",\"@id\":\"https:\/\/hello-suns.com\/es\/productos\/ollie-lamparas\/\",\"url\":\"https:\/\/hello-suns.com\/es\/productos\/ollie-lamparas\/\",\"name\":\"Ollie - SUNS\",\"isPartOf\":{\"@id\":\"https:\/\/hello-suns.com\/es\/#website\"},\"primaryImageOfPage\":{\"@id\":\"https:\/\/hello-suns.com\/es\/productos\/ollie-lamparas\/#primaryimage\"},\"image\":{\"@id\":\"https:\/\/hello-suns.com\/es\/productos\/ollie-lamparas\/#primaryimage\"},\"thumbnailUrl\":\"https:\/\/hello-suns.com\/app\/uploads\/2026\/02\/Ollie-kopie.png\",\"datePublished\":\"2026-02-19T14:12:07+00:00\",\"dateModified\":\"2026-03-03T07:52:45+00:00\",\"description\":\"\u00bfBuscas una elegante l\u00e1mpara de exterior Ollie? SUNS ofrece l\u00e1mparas de exterior modernas y duraderas que combinan a la perfecci\u00f3n ambiente y dise\u00f1o contempor\u00e1neo para cualquier jard\u00edn.\",\"breadcrumb\":{\"@id\":\"https:\/\/hello-suns.com\/es\/productos\/ollie-lamparas\/#breadcrumb\"},\"inLanguage\":\"es-ES\",\"potentialAction\":[{\"@type\":\"ReadAction\",\"target\":[\"https:\/\/hello-suns.com\/es\/productos\/ollie-lamparas\/\"]}]},{\"@type\":\"ImageObject\",\"inLanguage\":\"es-ES\",\"@id\":\"https:\/\/hello-suns.com\/es\/productos\/ollie-lamparas\/#primaryimage\",\"url\":\"https:\/\/hello-suns.com\/app\/uploads\/2026\/02\/Ollie-kopie.png\",\"contentUrl\":\"https:\/\/hello-suns.com\/app\/uploads\/2026\/02\/Ollie-kopie.png\",\"width\":3840,\"height\":2160},{\"@type\":\"BreadcrumbList\",\"@id\":\"https:\/\/hello-suns.com\/es\/productos\/ollie-lamparas\/#breadcrumb\",\"itemListElement\":[{\"@type\":\"ListItem\",\"position\":1,\"name\":\"\",\"item\":\"https:\/\/hello-suns.com\/es\/\"},{\"@type\":\"ListItem\",\"position\":2,\"name\":\"Productos\",\"item\":\"https:\/\/hello-suns.com\/es\/productos\/\"},{\"@type\":\"ListItem\",\"position\":3,\"name\":\"Ollie\"}]},{\"@type\":\"WebSite\",\"@id\":\"https:\/\/hello-suns.com\/es\/#website\",\"url\":\"https:\/\/hello-suns.com\/es\/\",\"name\":\"SUNS\",\"description\":\"Outdoor Lifestyle\",\"potentialAction\":[{\"@type\":\"SearchAction\",\"target\":{\"@type\":\"EntryPoint\",\"urlTemplate\":\"https:\/\/hello-suns.com\/es\/?s={search_term_string}\"},\"query-input\":{\"@type\":\"PropertyValueSpecification\",\"valueRequired\":true,\"valueName\":\"search_term_string\"}}],\"inLanguage\":\"es-ES\"}]}<\/script>\n<!-- \/ Yoast SEO plugin. -->","yoast_head_json":{"title":"Ollie - SUNS","description":"\u00bfBuscas una elegante l\u00e1mpara de exterior Ollie? SUNS ofrece l\u00e1mparas de exterior modernas y duraderas que combinan a la perfecci\u00f3n ambiente y dise\u00f1o contempor\u00e1neo para cualquier jard\u00edn.","robots":{"index":"index","follow":"follow","max-snippet":"max-snippet:-1","max-image-preview":"max-image-preview:large","max-video-preview":"max-video-preview:-1"},"canonical":"https:\/\/hello-suns.com\/es\/productos\/ollie-lamparas\/","og_locale":"es_ES","og_type":"article","og_title":"Ollie - SUNS","og_description":"\u00bfBuscas una elegante l\u00e1mpara de exterior Ollie? SUNS ofrece l\u00e1mparas de exterior modernas y duraderas que combinan a la perfecci\u00f3n ambiente y dise\u00f1o contempor\u00e1neo para cualquier jard\u00edn.","og_url":"https:\/\/hello-suns.com\/es\/productos\/ollie-lamparas\/","og_site_name":"SUNS","article_modified_time":"2026-03-03T07:52:45+00:00","og_image":[{"width":3840,"height":2160,"url":"https:\/\/hello-suns.com\/app\/uploads\/2026\/02\/Ollie-kopie.png","type":"image\/png"}],"twitter_card":"summary_large_image","twitter_misc":{"Est. reading time":"2 minutes"},"schema":{"@context":"https:\/\/schema.org","@graph":[{"@type":"WebPage","@id":"https:\/\/hello-suns.com\/es\/productos\/ollie-lamparas\/","url":"https:\/\/hello-suns.com\/es\/productos\/ollie-lamparas\/","name":"Ollie - SUNS","isPartOf":{"@id":"https:\/\/hello-suns.com\/es\/#website"},"primaryImageOfPage":{"@id":"https:\/\/hello-suns.com\/es\/productos\/ollie-lamparas\/#primaryimage"},"image":{"@id":"https:\/\/hello-suns.com\/es\/productos\/ollie-lamparas\/#primaryimage"},"thumbnailUrl":"https:\/\/hello-suns.com\/app\/uploads\/2026\/02\/Ollie-kopie.png","datePublished":"2026-02-19T14:12:07+00:00","dateModified":"2026-03-03T07:52:45+00:00","description":"\u00bfBuscas una elegante l\u00e1mpara de exterior Ollie? SUNS ofrece l\u00e1mparas de exterior modernas y duraderas que combinan a la perfecci\u00f3n ambiente y dise\u00f1o contempor\u00e1neo para cualquier jard\u00edn.","breadcrumb":{"@id":"https:\/\/hello-suns.com\/es\/productos\/ollie-lamparas\/#breadcrumb"},"inLanguage":"es-ES","potentialAction":[{"@type":"ReadAction","target":["https:\/\/hello-suns.com\/es\/productos\/ollie-lamparas\/"]}]},{"@type":"ImageObject","inLanguage":"es-ES","@id":"https:\/\/hello-suns.com\/es\/productos\/ollie-lamparas\/#primaryimage","url":"https:\/\/hello-suns.com\/app\/uploads\/2026\/02\/Ollie-kopie.png","contentUrl":"https:\/\/hello-suns.com\/app\/uploads\/2026\/02\/Ollie-kopie.png","width":3840,"height":2160},{"@type":"BreadcrumbList","@id":"https:\/\/hello-suns.com\/es\/productos\/ollie-lamparas\/#breadcrumb","itemListElement":[{"@type":"ListItem","position":1,"name":"","item":"https:\/\/hello-suns.com\/es\/"},{"@type":"ListItem","position":2,"name":"Productos","item":"https:\/\/hello-suns.com\/es\/productos\/"},{"@type":"ListItem","position":3,"name":"Ollie"}]},{"@type":"WebSite","@id":"https:\/\/hello-suns.com\/es\/#website","url":"https:\/\/hello-suns.com\/es\/","name":"SUNS","description":"Outdoor Lifestyle","potentialAction":[{"@type":"SearchAction","target":{"@type":"EntryPoint","urlTemplate":"https:\/\/hello-suns.com\/es\/?s={search_term_string}"},"query-input":{"@type":"PropertyValueSpecification","valueRequired":true,"valueName":"search_term_string"}}],"inLanguage":"es-ES"}]}},"_links":{"self":[{"href":"https:\/\/hello-suns.com\/es\/wp-json\/wp\/v2\/product\/55231","targetHints":{"allow":["GET"]}}],"collection":[{"href":"https:\/\/hello-suns.com\/es\/wp-json\/wp\/v2\/product"}],"about":[{"href":"https:\/\/hello-suns.com\/es\/wp-json\/wp\/v2\/types\/product"}],"replies":[{"embeddable":true,"href":"https:\/\/hello-suns.com\/es\/wp-json\/wp\/v2\/comments?post=55231"}],"wp:featuredmedia":[{"embeddable":true,"href":"https:\/\/hello-suns.com\/es\/wp-json\/wp\/v2\/media\/55227"}],"wp:attachment":[{"href":"https:\/\/hello-suns.com\/es\/wp-json\/wp\/v2\/media?parent=55231"}],"wp:term":[{"taxonomy":"product_brand","embeddable":true,"href":"https:\/\/hello-suns.com\/es\/wp-json\/wp\/v2\/product_brand?post=55231"},{"taxonomy":"product_cat","embeddable":true,"href":"https:\/\/hello-suns.com\/es\/wp-json\/wp\/v2\/product_cat?post=55231"},{"taxonomy":"product_tag","embeddable":true,"href":"https:\/\/hello-suns.com\/es\/wp-json\/wp\/v2\/product_tag?post=55231"},{"taxonomy":"material","embeddable":true,"href":"https:\/\/hello-suns.com\/es\/wp-json\/wp\/v2\/material?post=55231"}],"curies":[{"name":"wp","href":"https:\/\/api.w.org\/{rel}","templated":true}]}}