{"id":52451,"date":"2026-02-09T10:43:35","date_gmt":"2026-02-09T09:43:35","guid":{"rendered":"https:\/\/hello-suns.com\/?post_type=product&#038;p=52451"},"modified":"2026-03-31T13:40:33","modified_gmt":"2026-03-31T11:40:33","slug":"casto-sillas-lounge","status":"publish","type":"product","link":"https:\/\/hello-suns.com\/es\/productos\/casto-sillas-lounge\/","title":{"rendered":"Casto"},"content":{"rendered":"<h2>Elegancia en la relajaci\u00f3n<\/h2>\n<p>El sill\u00f3n Casto desprende tranquilidad y sofisticaci\u00f3n. Con su forma generosa, sus l\u00edneas suaves y su rico tejido, es una silla que te invita a permanecer sentado. Una pieza de lujo que a\u00fana comodidad y elegancia.  <\/p>\n","protected":false},"excerpt":{"rendered":"<div>\n<h2>Forma que abraza<\/h2>\n<\/div>\n<div>\n<p>Lo que hace especial a Casto es su elegante construcci\u00f3n en forma de concha: el asiento parece flotar en el armaz\u00f3n. Esta construcci\u00f3n \u00fanica confiere a la silla un aspecto aireado y moderno, adem\u00e1s de una comodidad de asiento ergon\u00f3mica. <\/p>\n<\/div>\n<div>\n<p>La generosa cantidad de cuerda, tejida con un grueso cord\u00f3n de 9 mm, proporciona ese aspecto distintivo y c\u00e1lido. El respaldo redondeado y el coj\u00edn del asiento sutilmente moldeado ofrecen el apoyo justo, sin dejar de ser ligeros y refinados. Tanto si colocas una sola silla como si la combinas con el sof\u00e1 y el taburete Casto, Casto siempre te parecer\u00e1 el lugar m\u00e1s relajante de la casa.  <\/p>\n<\/div>\n","protected":false},"featured_media":60752,"comment_status":"closed","ping_status":"closed","template":"","meta":{"_acf_changed":false},"product_brand":[],"product_cat":[796],"product_tag":[],"material":[],"class_list":{"0":"post-52451","1":"product","2":"type-product","3":"status-publish","4":"has-post-thumbnail","6":"product_cat-sillas-lounge","8":"first","9":"instock","10":"shipping-taxable","11":"product-type-simple"},"acf":[],"yoast_head":"<!-- This site is optimized with the Yoast SEO plugin v26.8 - https:\/\/yoast.com\/product\/yoast-seo-wordpress\/ -->\n<title>Descubre la tumbona Casto | SUNS Outdoor Lifestyle<\/title>\n<meta name=\"description\" content=\"\u00bfBuscas una elegante tumbona Casto? SUNS combina comodidad y dise\u00f1o moderno en una silla duradera, perfecta para disfrutar relajadamente al aire libre.\" \/>\n<meta name=\"robots\" content=\"index, follow, max-snippet:-1, max-image-preview:large, max-video-preview:-1\" \/>\n<link rel=\"canonical\" href=\"https:\/\/hello-suns.com\/es\/productos\/casto-sillas-lounge\/\" \/>\n<meta property=\"og:locale\" content=\"es_ES\" \/>\n<meta property=\"og:type\" content=\"article\" \/>\n<meta property=\"og:title\" content=\"Descubre la tumbona Casto | SUNS Outdoor Lifestyle\" \/>\n<meta property=\"og:description\" content=\"\u00bfBuscas una elegante tumbona Casto? SUNS combina comodidad y dise\u00f1o moderno en una silla duradera, perfecta para disfrutar relajadamente al aire libre.\" \/>\n<meta property=\"og:url\" content=\"https:\/\/hello-suns.com\/es\/productos\/casto-sillas-lounge\/\" \/>\n<meta property=\"og:site_name\" content=\"SUNS\" \/>\n<meta property=\"article:modified_time\" content=\"2026-03-31T11:40:33+00:00\" \/>\n<meta property=\"og:image\" content=\"https:\/\/hello-suns.com\/app\/uploads\/2026\/02\/Casto-SUNS-Loungechair-CS-VW-BB-Free-26-2500.png\" \/>\n\t<meta property=\"og:image:width\" content=\"2500\" \/>\n\t<meta property=\"og:image:height\" content=\"1667\" \/>\n\t<meta property=\"og:image:type\" content=\"image\/png\" \/>\n<meta name=\"twitter:card\" content=\"summary_large_image\" \/>\n<meta name=\"twitter:label1\" content=\"Est. reading time\" \/>\n\t<meta name=\"twitter:data1\" content=\"3 minutes\" \/>\n<script type=\"application\/ld+json\" class=\"yoast-schema-graph\">{\"@context\":\"https:\/\/schema.org\",\"@graph\":[{\"@type\":\"WebPage\",\"@id\":\"https:\/\/hello-suns.com\/es\/productos\/casto-sillas-lounge\/\",\"url\":\"https:\/\/hello-suns.com\/es\/productos\/casto-sillas-lounge\/\",\"name\":\"Descubre la tumbona Casto | SUNS Outdoor Lifestyle\",\"isPartOf\":{\"@id\":\"https:\/\/hello-suns.com\/es\/#website\"},\"primaryImageOfPage\":{\"@id\":\"https:\/\/hello-suns.com\/es\/productos\/casto-sillas-lounge\/#primaryimage\"},\"image\":{\"@id\":\"https:\/\/hello-suns.com\/es\/productos\/casto-sillas-lounge\/#primaryimage\"},\"thumbnailUrl\":\"https:\/\/hello-suns.com\/app\/uploads\/2026\/02\/Casto-SUNS-Loungechair-CS-VW-BB-Free-26-2500.png\",\"datePublished\":\"2026-02-09T09:43:35+00:00\",\"dateModified\":\"2026-03-31T11:40:33+00:00\",\"description\":\"\u00bfBuscas una elegante tumbona Casto? SUNS combina comodidad y dise\u00f1o moderno en una silla duradera, perfecta para disfrutar relajadamente al aire libre.\",\"breadcrumb\":{\"@id\":\"https:\/\/hello-suns.com\/es\/productos\/casto-sillas-lounge\/#breadcrumb\"},\"inLanguage\":\"es-ES\",\"potentialAction\":[{\"@type\":\"ReadAction\",\"target\":[\"https:\/\/hello-suns.com\/es\/productos\/casto-sillas-lounge\/\"]}]},{\"@type\":\"ImageObject\",\"inLanguage\":\"es-ES\",\"@id\":\"https:\/\/hello-suns.com\/es\/productos\/casto-sillas-lounge\/#primaryimage\",\"url\":\"https:\/\/hello-suns.com\/app\/uploads\/2026\/02\/Casto-SUNS-Loungechair-CS-VW-BB-Free-26-2500.png\",\"contentUrl\":\"https:\/\/hello-suns.com\/app\/uploads\/2026\/02\/Casto-SUNS-Loungechair-CS-VW-BB-Free-26-2500.png\",\"width\":2500,\"height\":1667},{\"@type\":\"BreadcrumbList\",\"@id\":\"https:\/\/hello-suns.com\/es\/productos\/casto-sillas-lounge\/#breadcrumb\",\"itemListElement\":[{\"@type\":\"ListItem\",\"position\":1,\"name\":\"\",\"item\":\"https:\/\/hello-suns.com\/es\/\"},{\"@type\":\"ListItem\",\"position\":2,\"name\":\"Productos\",\"item\":\"https:\/\/hello-suns.com\/es\/productos\/\"},{\"@type\":\"ListItem\",\"position\":3,\"name\":\"Casto\"}]},{\"@type\":\"WebSite\",\"@id\":\"https:\/\/hello-suns.com\/es\/#website\",\"url\":\"https:\/\/hello-suns.com\/es\/\",\"name\":\"SUNS\",\"description\":\"Outdoor Lifestyle\",\"potentialAction\":[{\"@type\":\"SearchAction\",\"target\":{\"@type\":\"EntryPoint\",\"urlTemplate\":\"https:\/\/hello-suns.com\/es\/?s={search_term_string}\"},\"query-input\":{\"@type\":\"PropertyValueSpecification\",\"valueRequired\":true,\"valueName\":\"search_term_string\"}}],\"inLanguage\":\"es-ES\"}]}<\/script>\n<!-- \/ Yoast SEO plugin. -->","yoast_head_json":{"title":"Descubre la tumbona Casto | SUNS Outdoor Lifestyle","description":"\u00bfBuscas una elegante tumbona Casto? SUNS combina comodidad y dise\u00f1o moderno en una silla duradera, perfecta para disfrutar relajadamente al aire libre.","robots":{"index":"index","follow":"follow","max-snippet":"max-snippet:-1","max-image-preview":"max-image-preview:large","max-video-preview":"max-video-preview:-1"},"canonical":"https:\/\/hello-suns.com\/es\/productos\/casto-sillas-lounge\/","og_locale":"es_ES","og_type":"article","og_title":"Descubre la tumbona Casto | SUNS Outdoor Lifestyle","og_description":"\u00bfBuscas una elegante tumbona Casto? SUNS combina comodidad y dise\u00f1o moderno en una silla duradera, perfecta para disfrutar relajadamente al aire libre.","og_url":"https:\/\/hello-suns.com\/es\/productos\/casto-sillas-lounge\/","og_site_name":"SUNS","article_modified_time":"2026-03-31T11:40:33+00:00","og_image":[{"width":2500,"height":1667,"url":"https:\/\/hello-suns.com\/app\/uploads\/2026\/02\/Casto-SUNS-Loungechair-CS-VW-BB-Free-26-2500.png","type":"image\/png"}],"twitter_card":"summary_large_image","twitter_misc":{"Est. reading time":"3 minutes"},"schema":{"@context":"https:\/\/schema.org","@graph":[{"@type":"WebPage","@id":"https:\/\/hello-suns.com\/es\/productos\/casto-sillas-lounge\/","url":"https:\/\/hello-suns.com\/es\/productos\/casto-sillas-lounge\/","name":"Descubre la tumbona Casto | SUNS Outdoor Lifestyle","isPartOf":{"@id":"https:\/\/hello-suns.com\/es\/#website"},"primaryImageOfPage":{"@id":"https:\/\/hello-suns.com\/es\/productos\/casto-sillas-lounge\/#primaryimage"},"image":{"@id":"https:\/\/hello-suns.com\/es\/productos\/casto-sillas-lounge\/#primaryimage"},"thumbnailUrl":"https:\/\/hello-suns.com\/app\/uploads\/2026\/02\/Casto-SUNS-Loungechair-CS-VW-BB-Free-26-2500.png","datePublished":"2026-02-09T09:43:35+00:00","dateModified":"2026-03-31T11:40:33+00:00","description":"\u00bfBuscas una elegante tumbona Casto? SUNS combina comodidad y dise\u00f1o moderno en una silla duradera, perfecta para disfrutar relajadamente al aire libre.","breadcrumb":{"@id":"https:\/\/hello-suns.com\/es\/productos\/casto-sillas-lounge\/#breadcrumb"},"inLanguage":"es-ES","potentialAction":[{"@type":"ReadAction","target":["https:\/\/hello-suns.com\/es\/productos\/casto-sillas-lounge\/"]}]},{"@type":"ImageObject","inLanguage":"es-ES","@id":"https:\/\/hello-suns.com\/es\/productos\/casto-sillas-lounge\/#primaryimage","url":"https:\/\/hello-suns.com\/app\/uploads\/2026\/02\/Casto-SUNS-Loungechair-CS-VW-BB-Free-26-2500.png","contentUrl":"https:\/\/hello-suns.com\/app\/uploads\/2026\/02\/Casto-SUNS-Loungechair-CS-VW-BB-Free-26-2500.png","width":2500,"height":1667},{"@type":"BreadcrumbList","@id":"https:\/\/hello-suns.com\/es\/productos\/casto-sillas-lounge\/#breadcrumb","itemListElement":[{"@type":"ListItem","position":1,"name":"","item":"https:\/\/hello-suns.com\/es\/"},{"@type":"ListItem","position":2,"name":"Productos","item":"https:\/\/hello-suns.com\/es\/productos\/"},{"@type":"ListItem","position":3,"name":"Casto"}]},{"@type":"WebSite","@id":"https:\/\/hello-suns.com\/es\/#website","url":"https:\/\/hello-suns.com\/es\/","name":"SUNS","description":"Outdoor Lifestyle","potentialAction":[{"@type":"SearchAction","target":{"@type":"EntryPoint","urlTemplate":"https:\/\/hello-suns.com\/es\/?s={search_term_string}"},"query-input":{"@type":"PropertyValueSpecification","valueRequired":true,"valueName":"search_term_string"}}],"inLanguage":"es-ES"}]}},"_links":{"self":[{"href":"https:\/\/hello-suns.com\/es\/wp-json\/wp\/v2\/product\/52451","targetHints":{"allow":["GET"]}}],"collection":[{"href":"https:\/\/hello-suns.com\/es\/wp-json\/wp\/v2\/product"}],"about":[{"href":"https:\/\/hello-suns.com\/es\/wp-json\/wp\/v2\/types\/product"}],"replies":[{"embeddable":true,"href":"https:\/\/hello-suns.com\/es\/wp-json\/wp\/v2\/comments?post=52451"}],"wp:featuredmedia":[{"embeddable":true,"href":"https:\/\/hello-suns.com\/es\/wp-json\/wp\/v2\/media\/60752"}],"wp:attachment":[{"href":"https:\/\/hello-suns.com\/es\/wp-json\/wp\/v2\/media?parent=52451"}],"wp:term":[{"taxonomy":"product_brand","embeddable":true,"href":"https:\/\/hello-suns.com\/es\/wp-json\/wp\/v2\/product_brand?post=52451"},{"taxonomy":"product_cat","embeddable":true,"href":"https:\/\/hello-suns.com\/es\/wp-json\/wp\/v2\/product_cat?post=52451"},{"taxonomy":"product_tag","embeddable":true,"href":"https:\/\/hello-suns.com\/es\/wp-json\/wp\/v2\/product_tag?post=52451"},{"taxonomy":"material","embeddable":true,"href":"https:\/\/hello-suns.com\/es\/wp-json\/wp\/v2\/material?post=52451"}],"curies":[{"name":"wp","href":"https:\/\/api.w.org\/{rel}","templated":true}]}}