{"id":17821,"date":"2025-01-14T07:06:37","date_gmt":"2025-01-14T06:06:37","guid":{"rendered":"https:\/\/hello-suns.com\/producten\/volar-2\/"},"modified":"2026-02-05T09:45:45","modified_gmt":"2026-02-05T08:45:45","slug":"volar-conjuntos-de-salon","status":"publish","type":"product","link":"https:\/\/hello-suns.com\/es\/productos\/volar-conjuntos-de-salon\/","title":{"rendered":"Volar"},"content":{"rendered":"<h2 style=\"font-weight: 400;\">Volar, sin\u00f3nimo de libertad<\/h2>\n<p style=\"font-weight: 400;\">Experimenta el lujo puro de un conjunto de tumbonas tan vers\u00e1til como t\u00fa. Suns Volar tiene muchas opciones de combinaci\u00f3n y se adapta completamente a tus preferencias, sin comprometer la calidad ni la comodidad de los asientos. Hablando de sinergia.<\/p>\n","protected":false},"excerpt":{"rendered":"<h3 style=\"font-weight: 400;\">Generoso confort de asiento a medida<\/h3>\n<p style=\"font-weight: 400;\">El conjunto de sal\u00f3n Volar es disfrute en estado puro. Un rasgo caracter\u00edstico es el generoso acolchado, que ofrece incluso a un grupo numeroso toda la comodidad (de asiento) que necesita. Los reposabrazos y los respaldos presentan la misma lujosa estructura de cojines. Volar est\u00e1 revestido de un tejido exterior duradero de primera calidad. Este tejido es resistente a la intemperie y al agua, no desti\u00f1e y es excepcionalmente suave al tacto. Volar tambi\u00e9n tiene un innovador n\u00facleo de Quick Dry Foam\u00ae, que permite que este conjunto permanezca al aire libre todo el a\u00f1o. Los elementos del sal\u00f3n se apoyan en un armaz\u00f3n de aluminio industrial de alta calidad. Este aluminio de mayor calidad confiere al conjunto una construcci\u00f3n s\u00f3lida y una larga vida \u00fatil. Este conjunto tambi\u00e9n est\u00e1 disponible en la variante de conjunto de sof\u00e1, con sof\u00e1(s) y\/o tumbonas independientes para darle un toque de estilo.<\/p>\n<p style=\"font-weight: 400;\">Volar forma parte del programa T\u00fa Creas. Esto significa que esta l\u00ednea de productos consta de varios elementos individuales que puedes combinar a tu gusto. Un rinc\u00f3n fijo, una secci\u00f3n en L con reposabrazos izquierdo o derecho, una pieza central para mayor longitud, un sof\u00e1 independiente de 3 plazas o una tumbona, una mesa auxiliar peque\u00f1a o grande: Volar es sin\u00f3nimo de libertad. Decide la disposici\u00f3n ideal para tu jard\u00edn o terraza.<\/p>\n","protected":false},"featured_media":17830,"comment_status":"closed","ping_status":"closed","template":"","meta":{"_acf_changed":false},"product_brand":[],"product_cat":[799,797],"product_tag":[],"material":[],"class_list":{"0":"post-17821","1":"product","2":"type-product","3":"status-publish","4":"has-post-thumbnail","6":"product_cat-conjuntos-de-salon","7":"product_cat-you-create-es","9":"first","10":"instock","11":"shipping-taxable","12":"product-type-simple"},"acf":[],"yoast_head":"<!-- This site is optimized with the Yoast SEO plugin v26.8 - https:\/\/yoast.com\/product\/yoast-seo-wordpress\/ -->\n<title>Descubre el Conjunto Volar Lounge | SUNS Outdoor Lifestyle<\/title>\n<meta name=\"description\" content=\"\u00bfBuscas un elegante juego de sal\u00f3n volar? SUNS ofrece lujosos conjuntos de sal\u00f3n de dise\u00f1o moderno y m\u00e1xima comodidad, perfectos para relajarse al aire libre.\" \/>\n<meta name=\"robots\" content=\"index, follow, max-snippet:-1, max-image-preview:large, max-video-preview:-1\" \/>\n<link rel=\"canonical\" href=\"https:\/\/hello-suns.com\/es\/productos\/volar-conjuntos-de-salon\/\" \/>\n<meta property=\"og:locale\" content=\"es_ES\" \/>\n<meta property=\"og:type\" content=\"article\" \/>\n<meta property=\"og:title\" content=\"Descubre el Conjunto Volar Lounge | SUNS Outdoor Lifestyle\" \/>\n<meta property=\"og:description\" content=\"\u00bfBuscas un elegante juego de sal\u00f3n volar? SUNS ofrece lujosos conjuntos de sal\u00f3n de dise\u00f1o moderno y m\u00e1xima comodidad, perfectos para relajarse al aire libre.\" \/>\n<meta property=\"og:url\" content=\"https:\/\/hello-suns.com\/es\/productos\/volar-conjuntos-de-salon\/\" \/>\n<meta property=\"og:site_name\" content=\"SUNS\" \/>\n<meta property=\"article:modified_time\" content=\"2026-02-05T08:45:45+00:00\" \/>\n<meta property=\"og:image\" content=\"https:\/\/hello-suns.com\/app\/uploads\/2025\/01\/01_Loungeset_SUNS_Volar_5pcs_black_ashbrown_blacktop_big_cushion-2500-pix-3.png\" \/>\n\t<meta property=\"og:image:width\" content=\"2500\" \/>\n\t<meta property=\"og:image:height\" content=\"1667\" \/>\n\t<meta property=\"og:image:type\" content=\"image\/png\" \/>\n<meta name=\"twitter:card\" content=\"summary_large_image\" \/>\n<meta name=\"twitter:label1\" content=\"Est. reading time\" \/>\n\t<meta name=\"twitter:data1\" content=\"7 minutes\" \/>\n<script type=\"application\/ld+json\" class=\"yoast-schema-graph\">{\"@context\":\"https:\/\/schema.org\",\"@graph\":[{\"@type\":\"WebPage\",\"@id\":\"https:\/\/hello-suns.com\/es\/productos\/volar-conjuntos-de-salon\/\",\"url\":\"https:\/\/hello-suns.com\/es\/productos\/volar-conjuntos-de-salon\/\",\"name\":\"Descubre el Conjunto Volar Lounge | SUNS Outdoor Lifestyle\",\"isPartOf\":{\"@id\":\"https:\/\/hello-suns.com\/es\/#website\"},\"primaryImageOfPage\":{\"@id\":\"https:\/\/hello-suns.com\/es\/productos\/volar-conjuntos-de-salon\/#primaryimage\"},\"image\":{\"@id\":\"https:\/\/hello-suns.com\/es\/productos\/volar-conjuntos-de-salon\/#primaryimage\"},\"thumbnailUrl\":\"https:\/\/hello-suns.com\/app\/uploads\/2025\/01\/01_Loungeset_SUNS_Volar_5pcs_black_ashbrown_blacktop_big_cushion-2500-pix-3.png\",\"datePublished\":\"2025-01-14T06:06:37+00:00\",\"dateModified\":\"2026-02-05T08:45:45+00:00\",\"description\":\"\u00bfBuscas un elegante juego de sal\u00f3n volar? SUNS ofrece lujosos conjuntos de sal\u00f3n de dise\u00f1o moderno y m\u00e1xima comodidad, perfectos para relajarse al aire libre.\",\"breadcrumb\":{\"@id\":\"https:\/\/hello-suns.com\/es\/productos\/volar-conjuntos-de-salon\/#breadcrumb\"},\"inLanguage\":\"es-ES\",\"potentialAction\":[{\"@type\":\"ReadAction\",\"target\":[\"https:\/\/hello-suns.com\/es\/productos\/volar-conjuntos-de-salon\/\"]}]},{\"@type\":\"ImageObject\",\"inLanguage\":\"es-ES\",\"@id\":\"https:\/\/hello-suns.com\/es\/productos\/volar-conjuntos-de-salon\/#primaryimage\",\"url\":\"https:\/\/hello-suns.com\/app\/uploads\/2025\/01\/01_Loungeset_SUNS_Volar_5pcs_black_ashbrown_blacktop_big_cushion-2500-pix-3.png\",\"contentUrl\":\"https:\/\/hello-suns.com\/app\/uploads\/2025\/01\/01_Loungeset_SUNS_Volar_5pcs_black_ashbrown_blacktop_big_cushion-2500-pix-3.png\",\"width\":2500,\"height\":1667},{\"@type\":\"BreadcrumbList\",\"@id\":\"https:\/\/hello-suns.com\/es\/productos\/volar-conjuntos-de-salon\/#breadcrumb\",\"itemListElement\":[{\"@type\":\"ListItem\",\"position\":1,\"name\":\"\",\"item\":\"https:\/\/hello-suns.com\/es\/\"},{\"@type\":\"ListItem\",\"position\":2,\"name\":\"Productos\",\"item\":\"https:\/\/hello-suns.com\/es\/productos\/\"},{\"@type\":\"ListItem\",\"position\":3,\"name\":\"Volar\"}]},{\"@type\":\"WebSite\",\"@id\":\"https:\/\/hello-suns.com\/es\/#website\",\"url\":\"https:\/\/hello-suns.com\/es\/\",\"name\":\"SUNS\",\"description\":\"Outdoor Lifestyle\",\"potentialAction\":[{\"@type\":\"SearchAction\",\"target\":{\"@type\":\"EntryPoint\",\"urlTemplate\":\"https:\/\/hello-suns.com\/es\/?s={search_term_string}\"},\"query-input\":{\"@type\":\"PropertyValueSpecification\",\"valueRequired\":true,\"valueName\":\"search_term_string\"}}],\"inLanguage\":\"es-ES\"}]}<\/script>\n<!-- \/ Yoast SEO plugin. -->","yoast_head_json":{"title":"Descubre el Conjunto Volar Lounge | SUNS Outdoor Lifestyle","description":"\u00bfBuscas un elegante juego de sal\u00f3n volar? SUNS ofrece lujosos conjuntos de sal\u00f3n de dise\u00f1o moderno y m\u00e1xima comodidad, perfectos para relajarse al aire libre.","robots":{"index":"index","follow":"follow","max-snippet":"max-snippet:-1","max-image-preview":"max-image-preview:large","max-video-preview":"max-video-preview:-1"},"canonical":"https:\/\/hello-suns.com\/es\/productos\/volar-conjuntos-de-salon\/","og_locale":"es_ES","og_type":"article","og_title":"Descubre el Conjunto Volar Lounge | SUNS Outdoor Lifestyle","og_description":"\u00bfBuscas un elegante juego de sal\u00f3n volar? SUNS ofrece lujosos conjuntos de sal\u00f3n de dise\u00f1o moderno y m\u00e1xima comodidad, perfectos para relajarse al aire libre.","og_url":"https:\/\/hello-suns.com\/es\/productos\/volar-conjuntos-de-salon\/","og_site_name":"SUNS","article_modified_time":"2026-02-05T08:45:45+00:00","og_image":[{"width":2500,"height":1667,"url":"https:\/\/hello-suns.com\/app\/uploads\/2025\/01\/01_Loungeset_SUNS_Volar_5pcs_black_ashbrown_blacktop_big_cushion-2500-pix-3.png","type":"image\/png"}],"twitter_card":"summary_large_image","twitter_misc":{"Est. reading time":"7 minutes"},"schema":{"@context":"https:\/\/schema.org","@graph":[{"@type":"WebPage","@id":"https:\/\/hello-suns.com\/es\/productos\/volar-conjuntos-de-salon\/","url":"https:\/\/hello-suns.com\/es\/productos\/volar-conjuntos-de-salon\/","name":"Descubre el Conjunto Volar Lounge | SUNS Outdoor Lifestyle","isPartOf":{"@id":"https:\/\/hello-suns.com\/es\/#website"},"primaryImageOfPage":{"@id":"https:\/\/hello-suns.com\/es\/productos\/volar-conjuntos-de-salon\/#primaryimage"},"image":{"@id":"https:\/\/hello-suns.com\/es\/productos\/volar-conjuntos-de-salon\/#primaryimage"},"thumbnailUrl":"https:\/\/hello-suns.com\/app\/uploads\/2025\/01\/01_Loungeset_SUNS_Volar_5pcs_black_ashbrown_blacktop_big_cushion-2500-pix-3.png","datePublished":"2025-01-14T06:06:37+00:00","dateModified":"2026-02-05T08:45:45+00:00","description":"\u00bfBuscas un elegante juego de sal\u00f3n volar? SUNS ofrece lujosos conjuntos de sal\u00f3n de dise\u00f1o moderno y m\u00e1xima comodidad, perfectos para relajarse al aire libre.","breadcrumb":{"@id":"https:\/\/hello-suns.com\/es\/productos\/volar-conjuntos-de-salon\/#breadcrumb"},"inLanguage":"es-ES","potentialAction":[{"@type":"ReadAction","target":["https:\/\/hello-suns.com\/es\/productos\/volar-conjuntos-de-salon\/"]}]},{"@type":"ImageObject","inLanguage":"es-ES","@id":"https:\/\/hello-suns.com\/es\/productos\/volar-conjuntos-de-salon\/#primaryimage","url":"https:\/\/hello-suns.com\/app\/uploads\/2025\/01\/01_Loungeset_SUNS_Volar_5pcs_black_ashbrown_blacktop_big_cushion-2500-pix-3.png","contentUrl":"https:\/\/hello-suns.com\/app\/uploads\/2025\/01\/01_Loungeset_SUNS_Volar_5pcs_black_ashbrown_blacktop_big_cushion-2500-pix-3.png","width":2500,"height":1667},{"@type":"BreadcrumbList","@id":"https:\/\/hello-suns.com\/es\/productos\/volar-conjuntos-de-salon\/#breadcrumb","itemListElement":[{"@type":"ListItem","position":1,"name":"","item":"https:\/\/hello-suns.com\/es\/"},{"@type":"ListItem","position":2,"name":"Productos","item":"https:\/\/hello-suns.com\/es\/productos\/"},{"@type":"ListItem","position":3,"name":"Volar"}]},{"@type":"WebSite","@id":"https:\/\/hello-suns.com\/es\/#website","url":"https:\/\/hello-suns.com\/es\/","name":"SUNS","description":"Outdoor Lifestyle","potentialAction":[{"@type":"SearchAction","target":{"@type":"EntryPoint","urlTemplate":"https:\/\/hello-suns.com\/es\/?s={search_term_string}"},"query-input":{"@type":"PropertyValueSpecification","valueRequired":true,"valueName":"search_term_string"}}],"inLanguage":"es-ES"}]}},"_links":{"self":[{"href":"https:\/\/hello-suns.com\/es\/wp-json\/wp\/v2\/product\/17821","targetHints":{"allow":["GET"]}}],"collection":[{"href":"https:\/\/hello-suns.com\/es\/wp-json\/wp\/v2\/product"}],"about":[{"href":"https:\/\/hello-suns.com\/es\/wp-json\/wp\/v2\/types\/product"}],"replies":[{"embeddable":true,"href":"https:\/\/hello-suns.com\/es\/wp-json\/wp\/v2\/comments?post=17821"}],"wp:featuredmedia":[{"embeddable":true,"href":"https:\/\/hello-suns.com\/es\/wp-json\/wp\/v2\/media\/17830"}],"wp:attachment":[{"href":"https:\/\/hello-suns.com\/es\/wp-json\/wp\/v2\/media?parent=17821"}],"wp:term":[{"taxonomy":"product_brand","embeddable":true,"href":"https:\/\/hello-suns.com\/es\/wp-json\/wp\/v2\/product_brand?post=17821"},{"taxonomy":"product_cat","embeddable":true,"href":"https:\/\/hello-suns.com\/es\/wp-json\/wp\/v2\/product_cat?post=17821"},{"taxonomy":"product_tag","embeddable":true,"href":"https:\/\/hello-suns.com\/es\/wp-json\/wp\/v2\/product_tag?post=17821"},{"taxonomy":"material","embeddable":true,"href":"https:\/\/hello-suns.com\/es\/wp-json\/wp\/v2\/material?post=17821"}],"curies":[{"name":"wp","href":"https:\/\/api.w.org\/{rel}","templated":true}]}}