{"id":17789,"date":"2025-01-14T09:48:07","date_gmt":"2025-01-14T09:48:07","guid":{"rendered":"https:\/\/hello-suns.com\/producten\/sorrento-3\/"},"modified":"2026-01-15T18:24:52","modified_gmt":"2026-01-15T18:24:52","slug":"sorrento-3","status":"publish","type":"product","link":"https:\/\/hello-suns.com\/es\/productos\/sorrento-3\/","title":{"rendered":"Sorrento"},"content":{"rendered":"<h2 style=\"font-weight: 400;\">Confort acogedor<\/h2>\n<p style=\"font-weight: 400;\">Experimenta el m\u00e1ximo confort de Sorrento. D\u00e9jate abrazar por este sofisticado dise\u00f1o y disfruta de un icono de estilo listo para regalarte los mejores momentos al aire libre. <\/p>\n","protected":false},"excerpt":{"rendered":"<h3 style=\"font-weight: 400;\">Lujoso juego de sof\u00e1s de cuerda<\/h3>\n<p style=\"font-weight: 400;\">El conjunto de sof\u00e1s SUNS Sorrento combina sencillez, comodidad y elegancia de forma \u00f3ptima. La base garantiza una construcci\u00f3n muy s\u00f3lida. El juego de cuerdas en un elegante tejido de espina de pez confiere al conjunto un aspecto \u00fanico.  <\/p>\n<p style=\"font-weight: 400;\">\u00a1Y luego est\u00e1n los cojines! Sorrento ofrece una comodidad de asiento sin precedentes. El interior de los cojines, ricamente acolchado, presenta un n\u00facleo de secado r\u00e1pido de alta calidad. La funda de los cojines es de tejido exterior de primera calidad: repelente al agua, fungicida y resistente a la intemperie. Adem\u00e1s, el tejido es suave al tacto y maravillosamente c\u00f3modo.    <\/p>\n<p style=\"font-weight: 400;\">SUNS Sorrento tambi\u00e9n est\u00e1 disponible como juego de sal\u00f3n ampliado.<\/p>\n","protected":false},"featured_media":17552,"comment_status":"closed","ping_status":"closed","template":"","meta":{"_acf_changed":false},"product_brand":[],"product_cat":[800,797],"product_tag":[],"material":[],"class_list":{"0":"post-17789","1":"product","2":"type-product","3":"status-publish","4":"has-post-thumbnail","6":"product_cat-conjuntos-de-sofa","7":"product_cat-you-create-es","9":"first","10":"instock","11":"shipping-taxable","12":"product-type-simple"},"acf":[],"yoast_head":"<!-- This site is optimized with the Yoast SEO plugin v26.8 - https:\/\/yoast.com\/product\/yoast-seo-wordpress\/ -->\n<title>Descubre el sof\u00e1 Sorrento | SUNS muebles de jard\u00edn<\/title>\n<meta name=\"description\" content=\"\u00bfBuscas un elegante conjunto de sof\u00e1 Sorrento? SUNS te ofrece conjuntos de sof\u00e1s de lujo con un dise\u00f1o moderno y gran confort, ideales para un espacio exterior lleno de ambiente.\" \/>\n<meta name=\"robots\" content=\"index, follow, max-snippet:-1, max-image-preview:large, max-video-preview:-1\" \/>\n<link rel=\"canonical\" href=\"https:\/\/hello-suns.com\/es\/productos\/sorrento-3\/\" \/>\n<meta property=\"og:locale\" content=\"es_ES\" \/>\n<meta property=\"og:type\" content=\"article\" \/>\n<meta property=\"og:title\" content=\"Descubre el sof\u00e1 Sorrento | SUNS muebles de jard\u00edn\" \/>\n<meta property=\"og:description\" content=\"\u00bfBuscas un elegante conjunto de sof\u00e1 Sorrento? SUNS te ofrece conjuntos de sof\u00e1s de lujo con un dise\u00f1o moderno y gran confort, ideales para un espacio exterior lleno de ambiente.\" \/>\n<meta property=\"og:url\" content=\"https:\/\/hello-suns.com\/es\/productos\/sorrento-3\/\" \/>\n<meta property=\"og:site_name\" content=\"SUNS\" \/>\n<meta property=\"article:modified_time\" content=\"2026-01-15T18:24:52+00:00\" \/>\n<meta property=\"og:image\" content=\"https:\/\/hello-suns.com\/app\/uploads\/2025\/01\/01_Sofaset_SUNS_Sorrento_Softgrey-2.png\" \/>\n\t<meta property=\"og:image:width\" content=\"2500\" \/>\n\t<meta property=\"og:image:height\" content=\"1667\" \/>\n\t<meta property=\"og:image:type\" content=\"image\/png\" \/>\n<meta name=\"twitter:card\" content=\"summary_large_image\" \/>\n<script type=\"application\/ld+json\" class=\"yoast-schema-graph\">{\"@context\":\"https:\/\/schema.org\",\"@graph\":[{\"@type\":\"WebPage\",\"@id\":\"https:\/\/hello-suns.com\/es\/productos\/sorrento-3\/\",\"url\":\"https:\/\/hello-suns.com\/es\/productos\/sorrento-3\/\",\"name\":\"Descubre el sof\u00e1 Sorrento | SUNS muebles de jard\u00edn\",\"isPartOf\":{\"@id\":\"https:\/\/hello-suns.com\/es\/#website\"},\"primaryImageOfPage\":{\"@id\":\"https:\/\/hello-suns.com\/es\/productos\/sorrento-3\/#primaryimage\"},\"image\":{\"@id\":\"https:\/\/hello-suns.com\/es\/productos\/sorrento-3\/#primaryimage\"},\"thumbnailUrl\":\"https:\/\/hello-suns.com\/app\/uploads\/2025\/01\/01_Sofaset_SUNS_Sorrento_Softgrey-2.png\",\"datePublished\":\"2025-01-14T09:48:07+00:00\",\"dateModified\":\"2026-01-15T18:24:52+00:00\",\"description\":\"\u00bfBuscas un elegante conjunto de sof\u00e1 Sorrento? SUNS te ofrece conjuntos de sof\u00e1s de lujo con un dise\u00f1o moderno y gran confort, ideales para un espacio exterior lleno de ambiente.\",\"breadcrumb\":{\"@id\":\"https:\/\/hello-suns.com\/es\/productos\/sorrento-3\/#breadcrumb\"},\"inLanguage\":\"es-ES\",\"potentialAction\":[{\"@type\":\"ReadAction\",\"target\":[\"https:\/\/hello-suns.com\/es\/productos\/sorrento-3\/\"]}]},{\"@type\":\"ImageObject\",\"inLanguage\":\"es-ES\",\"@id\":\"https:\/\/hello-suns.com\/es\/productos\/sorrento-3\/#primaryimage\",\"url\":\"https:\/\/hello-suns.com\/app\/uploads\/2025\/01\/01_Sofaset_SUNS_Sorrento_Softgrey-2.png\",\"contentUrl\":\"https:\/\/hello-suns.com\/app\/uploads\/2025\/01\/01_Sofaset_SUNS_Sorrento_Softgrey-2.png\",\"width\":2500,\"height\":1667},{\"@type\":\"BreadcrumbList\",\"@id\":\"https:\/\/hello-suns.com\/es\/productos\/sorrento-3\/#breadcrumb\",\"itemListElement\":[{\"@type\":\"ListItem\",\"position\":1,\"name\":\"\",\"item\":\"https:\/\/hello-suns.com\/es\/\"},{\"@type\":\"ListItem\",\"position\":2,\"name\":\"Productos\",\"item\":\"https:\/\/hello-suns.com\/es\/productos\/\"},{\"@type\":\"ListItem\",\"position\":3,\"name\":\"Sorrento\"}]},{\"@type\":\"WebSite\",\"@id\":\"https:\/\/hello-suns.com\/es\/#website\",\"url\":\"https:\/\/hello-suns.com\/es\/\",\"name\":\"SUNS\",\"description\":\"Outdoor Lifestyle\",\"potentialAction\":[{\"@type\":\"SearchAction\",\"target\":{\"@type\":\"EntryPoint\",\"urlTemplate\":\"https:\/\/hello-suns.com\/es\/?s={search_term_string}\"},\"query-input\":{\"@type\":\"PropertyValueSpecification\",\"valueRequired\":true,\"valueName\":\"search_term_string\"}}],\"inLanguage\":\"es-ES\"}]}<\/script>\n<!-- \/ Yoast SEO plugin. -->","yoast_head_json":{"title":"Descubre el sof\u00e1 Sorrento | SUNS muebles de jard\u00edn","description":"\u00bfBuscas un elegante conjunto de sof\u00e1 Sorrento? SUNS te ofrece conjuntos de sof\u00e1s de lujo con un dise\u00f1o moderno y gran confort, ideales para un espacio exterior lleno de ambiente.","robots":{"index":"index","follow":"follow","max-snippet":"max-snippet:-1","max-image-preview":"max-image-preview:large","max-video-preview":"max-video-preview:-1"},"canonical":"https:\/\/hello-suns.com\/es\/productos\/sorrento-3\/","og_locale":"es_ES","og_type":"article","og_title":"Descubre el sof\u00e1 Sorrento | SUNS muebles de jard\u00edn","og_description":"\u00bfBuscas un elegante conjunto de sof\u00e1 Sorrento? SUNS te ofrece conjuntos de sof\u00e1s de lujo con un dise\u00f1o moderno y gran confort, ideales para un espacio exterior lleno de ambiente.","og_url":"https:\/\/hello-suns.com\/es\/productos\/sorrento-3\/","og_site_name":"SUNS","article_modified_time":"2026-01-15T18:24:52+00:00","og_image":[{"width":2500,"height":1667,"url":"https:\/\/hello-suns.com\/app\/uploads\/2025\/01\/01_Sofaset_SUNS_Sorrento_Softgrey-2.png","type":"image\/png"}],"twitter_card":"summary_large_image","schema":{"@context":"https:\/\/schema.org","@graph":[{"@type":"WebPage","@id":"https:\/\/hello-suns.com\/es\/productos\/sorrento-3\/","url":"https:\/\/hello-suns.com\/es\/productos\/sorrento-3\/","name":"Descubre el sof\u00e1 Sorrento | SUNS muebles de jard\u00edn","isPartOf":{"@id":"https:\/\/hello-suns.com\/es\/#website"},"primaryImageOfPage":{"@id":"https:\/\/hello-suns.com\/es\/productos\/sorrento-3\/#primaryimage"},"image":{"@id":"https:\/\/hello-suns.com\/es\/productos\/sorrento-3\/#primaryimage"},"thumbnailUrl":"https:\/\/hello-suns.com\/app\/uploads\/2025\/01\/01_Sofaset_SUNS_Sorrento_Softgrey-2.png","datePublished":"2025-01-14T09:48:07+00:00","dateModified":"2026-01-15T18:24:52+00:00","description":"\u00bfBuscas un elegante conjunto de sof\u00e1 Sorrento? SUNS te ofrece conjuntos de sof\u00e1s de lujo con un dise\u00f1o moderno y gran confort, ideales para un espacio exterior lleno de ambiente.","breadcrumb":{"@id":"https:\/\/hello-suns.com\/es\/productos\/sorrento-3\/#breadcrumb"},"inLanguage":"es-ES","potentialAction":[{"@type":"ReadAction","target":["https:\/\/hello-suns.com\/es\/productos\/sorrento-3\/"]}]},{"@type":"ImageObject","inLanguage":"es-ES","@id":"https:\/\/hello-suns.com\/es\/productos\/sorrento-3\/#primaryimage","url":"https:\/\/hello-suns.com\/app\/uploads\/2025\/01\/01_Sofaset_SUNS_Sorrento_Softgrey-2.png","contentUrl":"https:\/\/hello-suns.com\/app\/uploads\/2025\/01\/01_Sofaset_SUNS_Sorrento_Softgrey-2.png","width":2500,"height":1667},{"@type":"BreadcrumbList","@id":"https:\/\/hello-suns.com\/es\/productos\/sorrento-3\/#breadcrumb","itemListElement":[{"@type":"ListItem","position":1,"name":"","item":"https:\/\/hello-suns.com\/es\/"},{"@type":"ListItem","position":2,"name":"Productos","item":"https:\/\/hello-suns.com\/es\/productos\/"},{"@type":"ListItem","position":3,"name":"Sorrento"}]},{"@type":"WebSite","@id":"https:\/\/hello-suns.com\/es\/#website","url":"https:\/\/hello-suns.com\/es\/","name":"SUNS","description":"Outdoor Lifestyle","potentialAction":[{"@type":"SearchAction","target":{"@type":"EntryPoint","urlTemplate":"https:\/\/hello-suns.com\/es\/?s={search_term_string}"},"query-input":{"@type":"PropertyValueSpecification","valueRequired":true,"valueName":"search_term_string"}}],"inLanguage":"es-ES"}]}},"_links":{"self":[{"href":"https:\/\/hello-suns.com\/es\/wp-json\/wp\/v2\/product\/17789","targetHints":{"allow":["GET"]}}],"collection":[{"href":"https:\/\/hello-suns.com\/es\/wp-json\/wp\/v2\/product"}],"about":[{"href":"https:\/\/hello-suns.com\/es\/wp-json\/wp\/v2\/types\/product"}],"replies":[{"embeddable":true,"href":"https:\/\/hello-suns.com\/es\/wp-json\/wp\/v2\/comments?post=17789"}],"wp:featuredmedia":[{"embeddable":true,"href":"https:\/\/hello-suns.com\/es\/wp-json\/wp\/v2\/media\/17552"}],"wp:attachment":[{"href":"https:\/\/hello-suns.com\/es\/wp-json\/wp\/v2\/media?parent=17789"}],"wp:term":[{"taxonomy":"product_brand","embeddable":true,"href":"https:\/\/hello-suns.com\/es\/wp-json\/wp\/v2\/product_brand?post=17789"},{"taxonomy":"product_cat","embeddable":true,"href":"https:\/\/hello-suns.com\/es\/wp-json\/wp\/v2\/product_cat?post=17789"},{"taxonomy":"product_tag","embeddable":true,"href":"https:\/\/hello-suns.com\/es\/wp-json\/wp\/v2\/product_tag?post=17789"},{"taxonomy":"material","embeddable":true,"href":"https:\/\/hello-suns.com\/es\/wp-json\/wp\/v2\/material?post=17789"}],"curies":[{"name":"wp","href":"https:\/\/api.w.org\/{rel}","templated":true}]}}