{"id":17769,"date":"2025-01-14T10:49:10","date_gmt":"2025-01-14T09:49:10","guid":{"rendered":"https:\/\/hello-suns.com\/producten\/farzi\/"},"modified":"2026-03-18T15:28:14","modified_gmt":"2026-03-18T14:28:14","slug":"farzi","status":"publish","type":"product","link":"https:\/\/hello-suns.com\/es\/productos\/farzi\/","title":{"rendered":"Farzi"},"content":{"rendered":"<h2 style=\"font-weight: 400;\"><span class=\"TextRun SCXW211874557 BCX0\" lang=\"NL-NL\" xml:lang=\"NL-NL\" data-contrast=\"auto\"><span class=\"NormalTextRun SCXW211874557 BCX0\">Tu jard\u00edn es un lienzo<\/span><\/span><\/h2>\n<p style=\"font-weight: 400;\">Combina, var\u00eda y&#8230; crea. Si tu jard\u00edn es un lienzo, SUNS te ofrece toda la paleta de posibilidades.<\/p>\n","protected":false},"excerpt":{"rendered":"<p><strong>Silueta ic\u00f3nica, m\u00faltiples versiones<\/strong><\/p>\n<div>\n<p>Inspirado en la forma del Baobab, Farzi tiene una base potente y escultural y un s\u00f3lido soporte. La ic\u00f3nica silueta se presenta ahora en varias versiones: teca maciza o todo de aluminio en Champ\u00e1n o Bronce. \u00bfPrefieres un tablero m\u00e1s refinado? Entonces elige un Neolith hoja en Terrazo Piedra Gris sobre una base de aluminio. Disponibles en distintos di\u00e1metros que puedes colocar solos o combinados entre s\u00ed, para un divertido juego de alturas y l\u00edneas con cualquier conjunto de sal\u00f3n.<\/p>\n<\/div>\n","protected":false},"featured_media":55336,"comment_status":"closed","ping_status":"closed","template":"","meta":{"_acf_changed":false},"product_brand":[],"product_cat":[817,818],"product_tag":[],"material":[],"class_list":{"0":"post-17769","1":"product","2":"type-product","3":"status-publish","4":"has-post-thumbnail","6":"product_cat-styling","7":"product_cat-mesitas-auxiliares","9":"first","10":"instock","11":"shipping-taxable","12":"product-type-simple"},"acf":[],"yoast_head":"<!-- This site is optimized with the Yoast SEO plugin v26.8 - https:\/\/yoast.com\/product\/yoast-seo-wordpress\/ -->\n<title>Descubre la mesa auxiliar Farzi | SUNS Outdoor Lifestyle<\/title>\n<meta name=\"description\" content=\"\u00bfBuscas una elegante mesa auxiliar farzi? SUNS te ofrece elegantes mesas auxiliares que combinan a la perfecci\u00f3n dise\u00f1o moderno, funcionalidad y durabilidad.\" \/>\n<meta name=\"robots\" content=\"index, follow, max-snippet:-1, max-image-preview:large, max-video-preview:-1\" \/>\n<link rel=\"canonical\" href=\"https:\/\/hello-suns.com\/es\/productos\/farzi\/\" \/>\n<meta property=\"og:locale\" content=\"es_ES\" \/>\n<meta property=\"og:type\" content=\"article\" \/>\n<meta property=\"og:title\" content=\"Descubre la mesa auxiliar Farzi | SUNS Outdoor Lifestyle\" \/>\n<meta property=\"og:description\" content=\"\u00bfBuscas una elegante mesa auxiliar farzi? SUNS te ofrece elegantes mesas auxiliares que combinan a la perfecci\u00f3n dise\u00f1o moderno, funcionalidad y durabilidad.\" \/>\n<meta property=\"og:url\" content=\"https:\/\/hello-suns.com\/es\/productos\/farzi\/\" \/>\n<meta property=\"og:site_name\" content=\"SUNS\" \/>\n<meta property=\"article:modified_time\" content=\"2026-03-18T14:28:14+00:00\" \/>\n<meta property=\"og:image\" content=\"https:\/\/hello-suns.com\/app\/uploads\/2025\/01\/Farzi-SUNS-SideTable-BZ-NSG-Free-26.png\" \/>\n\t<meta property=\"og:image:width\" content=\"3240\" \/>\n\t<meta property=\"og:image:height\" content=\"2160\" \/>\n\t<meta property=\"og:image:type\" content=\"image\/png\" \/>\n<meta name=\"twitter:card\" content=\"summary_large_image\" \/>\n<meta name=\"twitter:label1\" content=\"Est. reading time\" \/>\n\t<meta name=\"twitter:data1\" content=\"3 minutes\" \/>\n<script type=\"application\/ld+json\" class=\"yoast-schema-graph\">{\"@context\":\"https:\/\/schema.org\",\"@graph\":[{\"@type\":\"WebPage\",\"@id\":\"https:\/\/hello-suns.com\/es\/productos\/farzi\/\",\"url\":\"https:\/\/hello-suns.com\/es\/productos\/farzi\/\",\"name\":\"Descubre la mesa auxiliar Farzi | SUNS Outdoor Lifestyle\",\"isPartOf\":{\"@id\":\"https:\/\/hello-suns.com\/es\/#website\"},\"primaryImageOfPage\":{\"@id\":\"https:\/\/hello-suns.com\/es\/productos\/farzi\/#primaryimage\"},\"image\":{\"@id\":\"https:\/\/hello-suns.com\/es\/productos\/farzi\/#primaryimage\"},\"thumbnailUrl\":\"https:\/\/hello-suns.com\/app\/uploads\/2025\/01\/Farzi-SUNS-SideTable-BZ-NSG-Free-26.png\",\"datePublished\":\"2025-01-14T09:49:10+00:00\",\"dateModified\":\"2026-03-18T14:28:14+00:00\",\"description\":\"\u00bfBuscas una elegante mesa auxiliar farzi? SUNS te ofrece elegantes mesas auxiliares que combinan a la perfecci\u00f3n dise\u00f1o moderno, funcionalidad y durabilidad.\",\"breadcrumb\":{\"@id\":\"https:\/\/hello-suns.com\/es\/productos\/farzi\/#breadcrumb\"},\"inLanguage\":\"es-ES\",\"potentialAction\":[{\"@type\":\"ReadAction\",\"target\":[\"https:\/\/hello-suns.com\/es\/productos\/farzi\/\"]}]},{\"@type\":\"ImageObject\",\"inLanguage\":\"es-ES\",\"@id\":\"https:\/\/hello-suns.com\/es\/productos\/farzi\/#primaryimage\",\"url\":\"https:\/\/hello-suns.com\/app\/uploads\/2025\/01\/Farzi-SUNS-SideTable-BZ-NSG-Free-26.png\",\"contentUrl\":\"https:\/\/hello-suns.com\/app\/uploads\/2025\/01\/Farzi-SUNS-SideTable-BZ-NSG-Free-26.png\",\"width\":3240,\"height\":2160},{\"@type\":\"BreadcrumbList\",\"@id\":\"https:\/\/hello-suns.com\/es\/productos\/farzi\/#breadcrumb\",\"itemListElement\":[{\"@type\":\"ListItem\",\"position\":1,\"name\":\"\",\"item\":\"https:\/\/hello-suns.com\/es\/\"},{\"@type\":\"ListItem\",\"position\":2,\"name\":\"Productos\",\"item\":\"https:\/\/hello-suns.com\/es\/productos\/\"},{\"@type\":\"ListItem\",\"position\":3,\"name\":\"Farzi\"}]},{\"@type\":\"WebSite\",\"@id\":\"https:\/\/hello-suns.com\/es\/#website\",\"url\":\"https:\/\/hello-suns.com\/es\/\",\"name\":\"SUNS\",\"description\":\"Outdoor Lifestyle\",\"potentialAction\":[{\"@type\":\"SearchAction\",\"target\":{\"@type\":\"EntryPoint\",\"urlTemplate\":\"https:\/\/hello-suns.com\/es\/?s={search_term_string}\"},\"query-input\":{\"@type\":\"PropertyValueSpecification\",\"valueRequired\":true,\"valueName\":\"search_term_string\"}}],\"inLanguage\":\"es-ES\"}]}<\/script>\n<!-- \/ Yoast SEO plugin. -->","yoast_head_json":{"title":"Descubre la mesa auxiliar Farzi | SUNS Outdoor Lifestyle","description":"\u00bfBuscas una elegante mesa auxiliar farzi? SUNS te ofrece elegantes mesas auxiliares que combinan a la perfecci\u00f3n dise\u00f1o moderno, funcionalidad y durabilidad.","robots":{"index":"index","follow":"follow","max-snippet":"max-snippet:-1","max-image-preview":"max-image-preview:large","max-video-preview":"max-video-preview:-1"},"canonical":"https:\/\/hello-suns.com\/es\/productos\/farzi\/","og_locale":"es_ES","og_type":"article","og_title":"Descubre la mesa auxiliar Farzi | SUNS Outdoor Lifestyle","og_description":"\u00bfBuscas una elegante mesa auxiliar farzi? SUNS te ofrece elegantes mesas auxiliares que combinan a la perfecci\u00f3n dise\u00f1o moderno, funcionalidad y durabilidad.","og_url":"https:\/\/hello-suns.com\/es\/productos\/farzi\/","og_site_name":"SUNS","article_modified_time":"2026-03-18T14:28:14+00:00","og_image":[{"width":3240,"height":2160,"url":"https:\/\/hello-suns.com\/app\/uploads\/2025\/01\/Farzi-SUNS-SideTable-BZ-NSG-Free-26.png","type":"image\/png"}],"twitter_card":"summary_large_image","twitter_misc":{"Est. reading time":"3 minutes"},"schema":{"@context":"https:\/\/schema.org","@graph":[{"@type":"WebPage","@id":"https:\/\/hello-suns.com\/es\/productos\/farzi\/","url":"https:\/\/hello-suns.com\/es\/productos\/farzi\/","name":"Descubre la mesa auxiliar Farzi | SUNS Outdoor Lifestyle","isPartOf":{"@id":"https:\/\/hello-suns.com\/es\/#website"},"primaryImageOfPage":{"@id":"https:\/\/hello-suns.com\/es\/productos\/farzi\/#primaryimage"},"image":{"@id":"https:\/\/hello-suns.com\/es\/productos\/farzi\/#primaryimage"},"thumbnailUrl":"https:\/\/hello-suns.com\/app\/uploads\/2025\/01\/Farzi-SUNS-SideTable-BZ-NSG-Free-26.png","datePublished":"2025-01-14T09:49:10+00:00","dateModified":"2026-03-18T14:28:14+00:00","description":"\u00bfBuscas una elegante mesa auxiliar farzi? SUNS te ofrece elegantes mesas auxiliares que combinan a la perfecci\u00f3n dise\u00f1o moderno, funcionalidad y durabilidad.","breadcrumb":{"@id":"https:\/\/hello-suns.com\/es\/productos\/farzi\/#breadcrumb"},"inLanguage":"es-ES","potentialAction":[{"@type":"ReadAction","target":["https:\/\/hello-suns.com\/es\/productos\/farzi\/"]}]},{"@type":"ImageObject","inLanguage":"es-ES","@id":"https:\/\/hello-suns.com\/es\/productos\/farzi\/#primaryimage","url":"https:\/\/hello-suns.com\/app\/uploads\/2025\/01\/Farzi-SUNS-SideTable-BZ-NSG-Free-26.png","contentUrl":"https:\/\/hello-suns.com\/app\/uploads\/2025\/01\/Farzi-SUNS-SideTable-BZ-NSG-Free-26.png","width":3240,"height":2160},{"@type":"BreadcrumbList","@id":"https:\/\/hello-suns.com\/es\/productos\/farzi\/#breadcrumb","itemListElement":[{"@type":"ListItem","position":1,"name":"","item":"https:\/\/hello-suns.com\/es\/"},{"@type":"ListItem","position":2,"name":"Productos","item":"https:\/\/hello-suns.com\/es\/productos\/"},{"@type":"ListItem","position":3,"name":"Farzi"}]},{"@type":"WebSite","@id":"https:\/\/hello-suns.com\/es\/#website","url":"https:\/\/hello-suns.com\/es\/","name":"SUNS","description":"Outdoor Lifestyle","potentialAction":[{"@type":"SearchAction","target":{"@type":"EntryPoint","urlTemplate":"https:\/\/hello-suns.com\/es\/?s={search_term_string}"},"query-input":{"@type":"PropertyValueSpecification","valueRequired":true,"valueName":"search_term_string"}}],"inLanguage":"es-ES"}]}},"_links":{"self":[{"href":"https:\/\/hello-suns.com\/es\/wp-json\/wp\/v2\/product\/17769","targetHints":{"allow":["GET"]}}],"collection":[{"href":"https:\/\/hello-suns.com\/es\/wp-json\/wp\/v2\/product"}],"about":[{"href":"https:\/\/hello-suns.com\/es\/wp-json\/wp\/v2\/types\/product"}],"replies":[{"embeddable":true,"href":"https:\/\/hello-suns.com\/es\/wp-json\/wp\/v2\/comments?post=17769"}],"wp:featuredmedia":[{"embeddable":true,"href":"https:\/\/hello-suns.com\/es\/wp-json\/wp\/v2\/media\/55336"}],"wp:attachment":[{"href":"https:\/\/hello-suns.com\/es\/wp-json\/wp\/v2\/media?parent=17769"}],"wp:term":[{"taxonomy":"product_brand","embeddable":true,"href":"https:\/\/hello-suns.com\/es\/wp-json\/wp\/v2\/product_brand?post=17769"},{"taxonomy":"product_cat","embeddable":true,"href":"https:\/\/hello-suns.com\/es\/wp-json\/wp\/v2\/product_cat?post=17769"},{"taxonomy":"product_tag","embeddable":true,"href":"https:\/\/hello-suns.com\/es\/wp-json\/wp\/v2\/product_tag?post=17769"},{"taxonomy":"material","embeddable":true,"href":"https:\/\/hello-suns.com\/es\/wp-json\/wp\/v2\/material?post=17769"}],"curies":[{"name":"wp","href":"https:\/\/api.w.org\/{rel}","templated":true}]}}