{"id":17750,"date":"2025-01-14T10:57:05","date_gmt":"2025-01-14T09:57:05","guid":{"rendered":"https:\/\/hello-suns.com\/producten\/vento-4\/"},"modified":"2026-03-31T14:01:41","modified_gmt":"2026-03-31T12:01:41","slug":"vento-conjuntos-de-sofa","status":"publish","type":"product","link":"https:\/\/hello-suns.com\/es\/productos\/vento-conjuntos-de-sofa\/","title":{"rendered":"Vento"},"content":{"rendered":"<h2 style=\"font-weight: 400;\">Una declaraci\u00f3n de estilo<\/h2>\n<p style=\"font-weight: 400;\">El llamativo conjunto de sof\u00e1s Vento te ofrece una experiencia de asiento insuperable. Con sus l\u00edneas fluidas, su marcada construcci\u00f3n en teca, sus generosos cojines de asiento y sus detalles distintivos, este conjunto de sof\u00e1 es una declaraci\u00f3n de confort y estilo. Tu estilo.<\/p>\n","protected":false},"excerpt":{"rendered":"<h2 data-start=\"4255\" data-end=\"4275\">Dise\u00f1o que habla<\/h2>\n<p data-start=\"4277\" data-end=\"4716\">Las l\u00edneas limpias, los respaldos y reposabrazos abiertos y la construcci\u00f3n esbelta pero resistente le dan a Vento una apariencia moderna y potente. Los amplios cojines en suaves tonos naturales y la profundidad extra del asiento garantizan el m\u00e1ximo confort lounge. Desde un momento de lectura bajo el sol de la ma\u00f1ana hasta largas y agradables reuniones con bebidas, Vento transmite de inmediato una sensaci\u00f3n de relajaci\u00f3n y bienvenida.<\/p>\n<p data-start=\"4718\" data-end=\"5323\">Vento est\u00e1 disponible con una estructura de teca natural o completamente en aluminio en color Champagne. As\u00ed puedes elegir el estilo que mejor se adapte a tu espacio exterior y a tu gusto. Adem\u00e1s, Vento ahora se presenta en dos variantes de tejido: Light Sand Gravel y Seashell Boucl\u00e9. Dos estructuras y estilos diferentes, para que puedas elegir exactamente la textura que le d\u00e9 a tu lounge el ambiente perfecto. Los cojines cuentan con un n\u00facleo de Quick Dry Foam\u00ae y est\u00e1n tapizados con un tejido exterior premium y duradero: repelente al agua, resistente a la decoloraci\u00f3n y extraordinariamente c\u00f3modo.<\/p>\n<p data-start=\"5325\" data-end=\"5579\">Vento forma parte del programa SUNS You Create. Los elementos se pueden combinar libremente para crear la configuraci\u00f3n perfecta. Tambi\u00e9n hay disponible un daybed dentro de esta serie. Vento combina con elegancia con las mesas auxiliares Farzi o Termoli.<\/p>\n","protected":false},"featured_media":17558,"comment_status":"closed","ping_status":"closed","template":"","meta":{"_acf_changed":false},"product_brand":[],"product_cat":[800,797],"product_tag":[],"material":[],"class_list":{"0":"post-17750","1":"product","2":"type-product","3":"status-publish","4":"has-post-thumbnail","6":"product_cat-conjuntos-de-sofa","7":"product_cat-you-create-es","9":"first","10":"instock","11":"shipping-taxable","12":"product-type-simple"},"acf":[],"yoast_head":"<!-- This site is optimized with the Yoast SEO plugin v26.8 - https:\/\/yoast.com\/product\/yoast-seo-wordpress\/ -->\n<title>Descubre el Sof\u00e1 Vento | SUNS Outdoor Lifestyle<\/title>\n<meta name=\"description\" content=\"\u00bfBuscas un elegante conjunto de sof\u00e1 vento? SUNS ofrece conjuntos de sof\u00e1 lujosos y c\u00f3modos con un dise\u00f1o moderno, perfectos para un espacio exterior con estilo.\" \/>\n<meta name=\"robots\" content=\"index, follow, max-snippet:-1, max-image-preview:large, max-video-preview:-1\" \/>\n<link rel=\"canonical\" href=\"https:\/\/hello-suns.com\/es\/productos\/vento-conjuntos-de-sofa\/\" \/>\n<meta property=\"og:locale\" content=\"es_ES\" \/>\n<meta property=\"og:type\" content=\"article\" \/>\n<meta property=\"og:title\" content=\"Descubre el Sof\u00e1 Vento | SUNS Outdoor Lifestyle\" \/>\n<meta property=\"og:description\" content=\"\u00bfBuscas un elegante conjunto de sof\u00e1 vento? SUNS ofrece conjuntos de sof\u00e1 lujosos y c\u00f3modos con un dise\u00f1o moderno, perfectos para un espacio exterior con estilo.\" \/>\n<meta property=\"og:url\" content=\"https:\/\/hello-suns.com\/es\/productos\/vento-conjuntos-de-sofa\/\" \/>\n<meta property=\"og:site_name\" content=\"SUNS\" \/>\n<meta property=\"article:modified_time\" content=\"2026-03-31T12:01:41+00:00\" \/>\n<meta property=\"og:image\" content=\"https:\/\/hello-suns.com\/app\/uploads\/2025\/01\/01_Vento-SUNS-Ibiza-TK-LSG-Free-23-1-2500-pix-2-1024x683.png\" \/>\n\t<meta property=\"og:image:width\" content=\"1024\" \/>\n\t<meta property=\"og:image:height\" content=\"683\" \/>\n\t<meta property=\"og:image:type\" content=\"image\/png\" \/>\n<meta name=\"twitter:card\" content=\"summary_large_image\" \/>\n<meta name=\"twitter:label1\" content=\"Est. reading time\" \/>\n\t<meta name=\"twitter:data1\" content=\"5 minutes\" \/>\n<script type=\"application\/ld+json\" class=\"yoast-schema-graph\">{\"@context\":\"https:\/\/schema.org\",\"@graph\":[{\"@type\":\"WebPage\",\"@id\":\"https:\/\/hello-suns.com\/es\/productos\/vento-conjuntos-de-sofa\/\",\"url\":\"https:\/\/hello-suns.com\/es\/productos\/vento-conjuntos-de-sofa\/\",\"name\":\"Descubre el Sof\u00e1 Vento | SUNS Outdoor Lifestyle\",\"isPartOf\":{\"@id\":\"https:\/\/hello-suns.com\/es\/#website\"},\"primaryImageOfPage\":{\"@id\":\"https:\/\/hello-suns.com\/es\/productos\/vento-conjuntos-de-sofa\/#primaryimage\"},\"image\":{\"@id\":\"https:\/\/hello-suns.com\/es\/productos\/vento-conjuntos-de-sofa\/#primaryimage\"},\"thumbnailUrl\":\"https:\/\/hello-suns.com\/app\/uploads\/2025\/01\/01_Vento-SUNS-Ibiza-TK-LSG-Free-23-1-2500-pix-2.png\",\"datePublished\":\"2025-01-14T09:57:05+00:00\",\"dateModified\":\"2026-03-31T12:01:41+00:00\",\"description\":\"\u00bfBuscas un elegante conjunto de sof\u00e1 vento? SUNS ofrece conjuntos de sof\u00e1 lujosos y c\u00f3modos con un dise\u00f1o moderno, perfectos para un espacio exterior con estilo.\",\"breadcrumb\":{\"@id\":\"https:\/\/hello-suns.com\/es\/productos\/vento-conjuntos-de-sofa\/#breadcrumb\"},\"inLanguage\":\"es-ES\",\"potentialAction\":[{\"@type\":\"ReadAction\",\"target\":[\"https:\/\/hello-suns.com\/es\/productos\/vento-conjuntos-de-sofa\/\"]}]},{\"@type\":\"ImageObject\",\"inLanguage\":\"es-ES\",\"@id\":\"https:\/\/hello-suns.com\/es\/productos\/vento-conjuntos-de-sofa\/#primaryimage\",\"url\":\"https:\/\/hello-suns.com\/app\/uploads\/2025\/01\/01_Vento-SUNS-Ibiza-TK-LSG-Free-23-1-2500-pix-2.png\",\"contentUrl\":\"https:\/\/hello-suns.com\/app\/uploads\/2025\/01\/01_Vento-SUNS-Ibiza-TK-LSG-Free-23-1-2500-pix-2.png\",\"width\":2500,\"height\":1667},{\"@type\":\"BreadcrumbList\",\"@id\":\"https:\/\/hello-suns.com\/es\/productos\/vento-conjuntos-de-sofa\/#breadcrumb\",\"itemListElement\":[{\"@type\":\"ListItem\",\"position\":1,\"name\":\"\",\"item\":\"https:\/\/hello-suns.com\/es\/\"},{\"@type\":\"ListItem\",\"position\":2,\"name\":\"Productos\",\"item\":\"https:\/\/hello-suns.com\/es\/productos\/\"},{\"@type\":\"ListItem\",\"position\":3,\"name\":\"Vento\"}]},{\"@type\":\"WebSite\",\"@id\":\"https:\/\/hello-suns.com\/es\/#website\",\"url\":\"https:\/\/hello-suns.com\/es\/\",\"name\":\"SUNS\",\"description\":\"Outdoor Lifestyle\",\"potentialAction\":[{\"@type\":\"SearchAction\",\"target\":{\"@type\":\"EntryPoint\",\"urlTemplate\":\"https:\/\/hello-suns.com\/es\/?s={search_term_string}\"},\"query-input\":{\"@type\":\"PropertyValueSpecification\",\"valueRequired\":true,\"valueName\":\"search_term_string\"}}],\"inLanguage\":\"es-ES\"}]}<\/script>\n<!-- \/ Yoast SEO plugin. -->","yoast_head_json":{"title":"Descubre el Sof\u00e1 Vento | SUNS Outdoor Lifestyle","description":"\u00bfBuscas un elegante conjunto de sof\u00e1 vento? SUNS ofrece conjuntos de sof\u00e1 lujosos y c\u00f3modos con un dise\u00f1o moderno, perfectos para un espacio exterior con estilo.","robots":{"index":"index","follow":"follow","max-snippet":"max-snippet:-1","max-image-preview":"max-image-preview:large","max-video-preview":"max-video-preview:-1"},"canonical":"https:\/\/hello-suns.com\/es\/productos\/vento-conjuntos-de-sofa\/","og_locale":"es_ES","og_type":"article","og_title":"Descubre el Sof\u00e1 Vento | SUNS Outdoor Lifestyle","og_description":"\u00bfBuscas un elegante conjunto de sof\u00e1 vento? SUNS ofrece conjuntos de sof\u00e1 lujosos y c\u00f3modos con un dise\u00f1o moderno, perfectos para un espacio exterior con estilo.","og_url":"https:\/\/hello-suns.com\/es\/productos\/vento-conjuntos-de-sofa\/","og_site_name":"SUNS","article_modified_time":"2026-03-31T12:01:41+00:00","og_image":[{"width":1024,"height":683,"url":"https:\/\/hello-suns.com\/app\/uploads\/2025\/01\/01_Vento-SUNS-Ibiza-TK-LSG-Free-23-1-2500-pix-2-1024x683.png","type":"image\/png"}],"twitter_card":"summary_large_image","twitter_misc":{"Est. reading time":"5 minutes"},"schema":{"@context":"https:\/\/schema.org","@graph":[{"@type":"WebPage","@id":"https:\/\/hello-suns.com\/es\/productos\/vento-conjuntos-de-sofa\/","url":"https:\/\/hello-suns.com\/es\/productos\/vento-conjuntos-de-sofa\/","name":"Descubre el Sof\u00e1 Vento | SUNS Outdoor Lifestyle","isPartOf":{"@id":"https:\/\/hello-suns.com\/es\/#website"},"primaryImageOfPage":{"@id":"https:\/\/hello-suns.com\/es\/productos\/vento-conjuntos-de-sofa\/#primaryimage"},"image":{"@id":"https:\/\/hello-suns.com\/es\/productos\/vento-conjuntos-de-sofa\/#primaryimage"},"thumbnailUrl":"https:\/\/hello-suns.com\/app\/uploads\/2025\/01\/01_Vento-SUNS-Ibiza-TK-LSG-Free-23-1-2500-pix-2.png","datePublished":"2025-01-14T09:57:05+00:00","dateModified":"2026-03-31T12:01:41+00:00","description":"\u00bfBuscas un elegante conjunto de sof\u00e1 vento? SUNS ofrece conjuntos de sof\u00e1 lujosos y c\u00f3modos con un dise\u00f1o moderno, perfectos para un espacio exterior con estilo.","breadcrumb":{"@id":"https:\/\/hello-suns.com\/es\/productos\/vento-conjuntos-de-sofa\/#breadcrumb"},"inLanguage":"es-ES","potentialAction":[{"@type":"ReadAction","target":["https:\/\/hello-suns.com\/es\/productos\/vento-conjuntos-de-sofa\/"]}]},{"@type":"ImageObject","inLanguage":"es-ES","@id":"https:\/\/hello-suns.com\/es\/productos\/vento-conjuntos-de-sofa\/#primaryimage","url":"https:\/\/hello-suns.com\/app\/uploads\/2025\/01\/01_Vento-SUNS-Ibiza-TK-LSG-Free-23-1-2500-pix-2.png","contentUrl":"https:\/\/hello-suns.com\/app\/uploads\/2025\/01\/01_Vento-SUNS-Ibiza-TK-LSG-Free-23-1-2500-pix-2.png","width":2500,"height":1667},{"@type":"BreadcrumbList","@id":"https:\/\/hello-suns.com\/es\/productos\/vento-conjuntos-de-sofa\/#breadcrumb","itemListElement":[{"@type":"ListItem","position":1,"name":"","item":"https:\/\/hello-suns.com\/es\/"},{"@type":"ListItem","position":2,"name":"Productos","item":"https:\/\/hello-suns.com\/es\/productos\/"},{"@type":"ListItem","position":3,"name":"Vento"}]},{"@type":"WebSite","@id":"https:\/\/hello-suns.com\/es\/#website","url":"https:\/\/hello-suns.com\/es\/","name":"SUNS","description":"Outdoor Lifestyle","potentialAction":[{"@type":"SearchAction","target":{"@type":"EntryPoint","urlTemplate":"https:\/\/hello-suns.com\/es\/?s={search_term_string}"},"query-input":{"@type":"PropertyValueSpecification","valueRequired":true,"valueName":"search_term_string"}}],"inLanguage":"es-ES"}]}},"_links":{"self":[{"href":"https:\/\/hello-suns.com\/es\/wp-json\/wp\/v2\/product\/17750","targetHints":{"allow":["GET"]}}],"collection":[{"href":"https:\/\/hello-suns.com\/es\/wp-json\/wp\/v2\/product"}],"about":[{"href":"https:\/\/hello-suns.com\/es\/wp-json\/wp\/v2\/types\/product"}],"replies":[{"embeddable":true,"href":"https:\/\/hello-suns.com\/es\/wp-json\/wp\/v2\/comments?post=17750"}],"wp:featuredmedia":[{"embeddable":true,"href":"https:\/\/hello-suns.com\/es\/wp-json\/wp\/v2\/media\/17558"}],"wp:attachment":[{"href":"https:\/\/hello-suns.com\/es\/wp-json\/wp\/v2\/media?parent=17750"}],"wp:term":[{"taxonomy":"product_brand","embeddable":true,"href":"https:\/\/hello-suns.com\/es\/wp-json\/wp\/v2\/product_brand?post=17750"},{"taxonomy":"product_cat","embeddable":true,"href":"https:\/\/hello-suns.com\/es\/wp-json\/wp\/v2\/product_cat?post=17750"},{"taxonomy":"product_tag","embeddable":true,"href":"https:\/\/hello-suns.com\/es\/wp-json\/wp\/v2\/product_tag?post=17750"},{"taxonomy":"material","embeddable":true,"href":"https:\/\/hello-suns.com\/es\/wp-json\/wp\/v2\/material?post=17750"}],"curies":[{"name":"wp","href":"https:\/\/api.w.org\/{rel}","templated":true}]}}