{"id":17741,"date":"2025-01-14T11:01:37","date_gmt":"2025-01-14T10:01:37","guid":{"rendered":"https:\/\/hello-suns.com\/producten\/lido-2\/"},"modified":"2025-09-24T07:32:12","modified_gmt":"2025-09-24T07:32:12","slug":"lido-mesitas-auxiliares","status":"publish","type":"product","link":"https:\/\/hello-suns.com\/es\/productos\/lido-mesitas-auxiliares\/","title":{"rendered":"Lido"},"content":{"rendered":"<h2>Temporero juguet\u00f3n<\/h2>\n<p>Completa tu experiencia de sal\u00f3n con una juguetona mesa auxiliar que te arrancar\u00e1 sonrisas durante muchos veranos.<\/p>\n","protected":false},"excerpt":{"rendered":"<h3>Complemento perfecto<\/h3>\n<p>La mesa auxiliar Lido est\u00e1 hecha de teca y es la compa\u00f1era perfecta de tu tumbona Lido. Pero esta peculiar mesa tambi\u00e9n demuestra sus servicios con otros asientos y muebles de sal\u00f3n SUNS. Est\u00e1 hecha para mantenerse en plena forma durante a\u00f1os, porque al igual que los dem\u00e1s productos de la colecci\u00f3n SUNS, puedes dejar esta mesa al aire libre todo el a\u00f1o.<\/p>\n","protected":false},"featured_media":17742,"comment_status":"closed","ping_status":"closed","template":"","meta":{"_acf_changed":false},"product_brand":[],"product_cat":[817,818],"product_tag":[],"material":[],"class_list":{"0":"post-17741","1":"product","2":"type-product","3":"status-publish","4":"has-post-thumbnail","6":"product_cat-styling","7":"product_cat-mesitas-auxiliares","9":"first","10":"instock","11":"shipping-taxable","12":"product-type-simple"},"acf":[],"yoast_head":"<!-- This site is optimized with the Yoast SEO plugin v26.8 - https:\/\/yoast.com\/product\/yoast-seo-wordpress\/ -->\n<title>Descubre la mesa auxiliar Lido | SUNS Outdoor Lifestyle<\/title>\n<meta name=\"description\" content=\"\u00bfBuscas una elegante mesa auxiliar Lido? SUNS ofrece mesas auxiliares modernas y duraderas que combinan a la perfecci\u00f3n funcionalidad y dise\u00f1o contempor\u00e1neo.\" \/>\n<meta name=\"robots\" content=\"index, follow, max-snippet:-1, max-image-preview:large, max-video-preview:-1\" \/>\n<link rel=\"canonical\" href=\"https:\/\/hello-suns.com\/es\/productos\/lido-mesitas-auxiliares\/\" \/>\n<meta property=\"og:locale\" content=\"es_ES\" \/>\n<meta property=\"og:type\" content=\"article\" \/>\n<meta property=\"og:title\" content=\"Descubre la mesa auxiliar Lido | SUNS Outdoor Lifestyle\" \/>\n<meta property=\"og:description\" content=\"\u00bfBuscas una elegante mesa auxiliar Lido? SUNS ofrece mesas auxiliares modernas y duraderas que combinan a la perfecci\u00f3n funcionalidad y dise\u00f1o contempor\u00e1neo.\" \/>\n<meta property=\"og:url\" content=\"https:\/\/hello-suns.com\/es\/productos\/lido-mesitas-auxiliares\/\" \/>\n<meta property=\"og:site_name\" content=\"SUNS\" \/>\n<meta property=\"article:modified_time\" content=\"2025-09-24T07:32:12+00:00\" \/>\n<meta property=\"og:image\" content=\"https:\/\/hello-suns.com\/app\/uploads\/2025\/01\/01_Sidetable_SUNS_Lido_naturalteak-3.png\" \/>\n\t<meta property=\"og:image:width\" content=\"2500\" \/>\n\t<meta property=\"og:image:height\" content=\"1667\" \/>\n\t<meta property=\"og:image:type\" content=\"image\/png\" \/>\n<meta name=\"twitter:card\" content=\"summary_large_image\" \/>\n<meta name=\"twitter:label1\" content=\"Est. reading time\" \/>\n\t<meta name=\"twitter:data1\" content=\"2 minutes\" \/>\n<script type=\"application\/ld+json\" class=\"yoast-schema-graph\">{\"@context\":\"https:\/\/schema.org\",\"@graph\":[{\"@type\":\"WebPage\",\"@id\":\"https:\/\/hello-suns.com\/es\/productos\/lido-mesitas-auxiliares\/\",\"url\":\"https:\/\/hello-suns.com\/es\/productos\/lido-mesitas-auxiliares\/\",\"name\":\"Descubre la mesa auxiliar Lido | SUNS Outdoor Lifestyle\",\"isPartOf\":{\"@id\":\"https:\/\/hello-suns.com\/es\/#website\"},\"primaryImageOfPage\":{\"@id\":\"https:\/\/hello-suns.com\/es\/productos\/lido-mesitas-auxiliares\/#primaryimage\"},\"image\":{\"@id\":\"https:\/\/hello-suns.com\/es\/productos\/lido-mesitas-auxiliares\/#primaryimage\"},\"thumbnailUrl\":\"https:\/\/hello-suns.com\/app\/uploads\/2025\/01\/01_Sidetable_SUNS_Lido_naturalteak-3.png\",\"datePublished\":\"2025-01-14T10:01:37+00:00\",\"dateModified\":\"2025-09-24T07:32:12+00:00\",\"description\":\"\u00bfBuscas una elegante mesa auxiliar Lido? SUNS ofrece mesas auxiliares modernas y duraderas que combinan a la perfecci\u00f3n funcionalidad y dise\u00f1o contempor\u00e1neo.\",\"breadcrumb\":{\"@id\":\"https:\/\/hello-suns.com\/es\/productos\/lido-mesitas-auxiliares\/#breadcrumb\"},\"inLanguage\":\"es-ES\",\"potentialAction\":[{\"@type\":\"ReadAction\",\"target\":[\"https:\/\/hello-suns.com\/es\/productos\/lido-mesitas-auxiliares\/\"]}]},{\"@type\":\"ImageObject\",\"inLanguage\":\"es-ES\",\"@id\":\"https:\/\/hello-suns.com\/es\/productos\/lido-mesitas-auxiliares\/#primaryimage\",\"url\":\"https:\/\/hello-suns.com\/app\/uploads\/2025\/01\/01_Sidetable_SUNS_Lido_naturalteak-3.png\",\"contentUrl\":\"https:\/\/hello-suns.com\/app\/uploads\/2025\/01\/01_Sidetable_SUNS_Lido_naturalteak-3.png\",\"width\":2500,\"height\":1667},{\"@type\":\"BreadcrumbList\",\"@id\":\"https:\/\/hello-suns.com\/es\/productos\/lido-mesitas-auxiliares\/#breadcrumb\",\"itemListElement\":[{\"@type\":\"ListItem\",\"position\":1,\"name\":\"\",\"item\":\"https:\/\/hello-suns.com\/es\/\"},{\"@type\":\"ListItem\",\"position\":2,\"name\":\"Productos\",\"item\":\"https:\/\/hello-suns.com\/es\/productos\/\"},{\"@type\":\"ListItem\",\"position\":3,\"name\":\"Lido\"}]},{\"@type\":\"WebSite\",\"@id\":\"https:\/\/hello-suns.com\/es\/#website\",\"url\":\"https:\/\/hello-suns.com\/es\/\",\"name\":\"SUNS\",\"description\":\"Outdoor Lifestyle\",\"potentialAction\":[{\"@type\":\"SearchAction\",\"target\":{\"@type\":\"EntryPoint\",\"urlTemplate\":\"https:\/\/hello-suns.com\/es\/?s={search_term_string}\"},\"query-input\":{\"@type\":\"PropertyValueSpecification\",\"valueRequired\":true,\"valueName\":\"search_term_string\"}}],\"inLanguage\":\"es-ES\"}]}<\/script>\n<!-- \/ Yoast SEO plugin. -->","yoast_head_json":{"title":"Descubre la mesa auxiliar Lido | SUNS Outdoor Lifestyle","description":"\u00bfBuscas una elegante mesa auxiliar Lido? SUNS ofrece mesas auxiliares modernas y duraderas que combinan a la perfecci\u00f3n funcionalidad y dise\u00f1o contempor\u00e1neo.","robots":{"index":"index","follow":"follow","max-snippet":"max-snippet:-1","max-image-preview":"max-image-preview:large","max-video-preview":"max-video-preview:-1"},"canonical":"https:\/\/hello-suns.com\/es\/productos\/lido-mesitas-auxiliares\/","og_locale":"es_ES","og_type":"article","og_title":"Descubre la mesa auxiliar Lido | SUNS Outdoor Lifestyle","og_description":"\u00bfBuscas una elegante mesa auxiliar Lido? SUNS ofrece mesas auxiliares modernas y duraderas que combinan a la perfecci\u00f3n funcionalidad y dise\u00f1o contempor\u00e1neo.","og_url":"https:\/\/hello-suns.com\/es\/productos\/lido-mesitas-auxiliares\/","og_site_name":"SUNS","article_modified_time":"2025-09-24T07:32:12+00:00","og_image":[{"width":2500,"height":1667,"url":"https:\/\/hello-suns.com\/app\/uploads\/2025\/01\/01_Sidetable_SUNS_Lido_naturalteak-3.png","type":"image\/png"}],"twitter_card":"summary_large_image","twitter_misc":{"Est. reading time":"2 minutes"},"schema":{"@context":"https:\/\/schema.org","@graph":[{"@type":"WebPage","@id":"https:\/\/hello-suns.com\/es\/productos\/lido-mesitas-auxiliares\/","url":"https:\/\/hello-suns.com\/es\/productos\/lido-mesitas-auxiliares\/","name":"Descubre la mesa auxiliar Lido | SUNS Outdoor Lifestyle","isPartOf":{"@id":"https:\/\/hello-suns.com\/es\/#website"},"primaryImageOfPage":{"@id":"https:\/\/hello-suns.com\/es\/productos\/lido-mesitas-auxiliares\/#primaryimage"},"image":{"@id":"https:\/\/hello-suns.com\/es\/productos\/lido-mesitas-auxiliares\/#primaryimage"},"thumbnailUrl":"https:\/\/hello-suns.com\/app\/uploads\/2025\/01\/01_Sidetable_SUNS_Lido_naturalteak-3.png","datePublished":"2025-01-14T10:01:37+00:00","dateModified":"2025-09-24T07:32:12+00:00","description":"\u00bfBuscas una elegante mesa auxiliar Lido? SUNS ofrece mesas auxiliares modernas y duraderas que combinan a la perfecci\u00f3n funcionalidad y dise\u00f1o contempor\u00e1neo.","breadcrumb":{"@id":"https:\/\/hello-suns.com\/es\/productos\/lido-mesitas-auxiliares\/#breadcrumb"},"inLanguage":"es-ES","potentialAction":[{"@type":"ReadAction","target":["https:\/\/hello-suns.com\/es\/productos\/lido-mesitas-auxiliares\/"]}]},{"@type":"ImageObject","inLanguage":"es-ES","@id":"https:\/\/hello-suns.com\/es\/productos\/lido-mesitas-auxiliares\/#primaryimage","url":"https:\/\/hello-suns.com\/app\/uploads\/2025\/01\/01_Sidetable_SUNS_Lido_naturalteak-3.png","contentUrl":"https:\/\/hello-suns.com\/app\/uploads\/2025\/01\/01_Sidetable_SUNS_Lido_naturalteak-3.png","width":2500,"height":1667},{"@type":"BreadcrumbList","@id":"https:\/\/hello-suns.com\/es\/productos\/lido-mesitas-auxiliares\/#breadcrumb","itemListElement":[{"@type":"ListItem","position":1,"name":"","item":"https:\/\/hello-suns.com\/es\/"},{"@type":"ListItem","position":2,"name":"Productos","item":"https:\/\/hello-suns.com\/es\/productos\/"},{"@type":"ListItem","position":3,"name":"Lido"}]},{"@type":"WebSite","@id":"https:\/\/hello-suns.com\/es\/#website","url":"https:\/\/hello-suns.com\/es\/","name":"SUNS","description":"Outdoor Lifestyle","potentialAction":[{"@type":"SearchAction","target":{"@type":"EntryPoint","urlTemplate":"https:\/\/hello-suns.com\/es\/?s={search_term_string}"},"query-input":{"@type":"PropertyValueSpecification","valueRequired":true,"valueName":"search_term_string"}}],"inLanguage":"es-ES"}]}},"_links":{"self":[{"href":"https:\/\/hello-suns.com\/es\/wp-json\/wp\/v2\/product\/17741","targetHints":{"allow":["GET"]}}],"collection":[{"href":"https:\/\/hello-suns.com\/es\/wp-json\/wp\/v2\/product"}],"about":[{"href":"https:\/\/hello-suns.com\/es\/wp-json\/wp\/v2\/types\/product"}],"replies":[{"embeddable":true,"href":"https:\/\/hello-suns.com\/es\/wp-json\/wp\/v2\/comments?post=17741"}],"wp:featuredmedia":[{"embeddable":true,"href":"https:\/\/hello-suns.com\/es\/wp-json\/wp\/v2\/media\/17742"}],"wp:attachment":[{"href":"https:\/\/hello-suns.com\/es\/wp-json\/wp\/v2\/media?parent=17741"}],"wp:term":[{"taxonomy":"product_brand","embeddable":true,"href":"https:\/\/hello-suns.com\/es\/wp-json\/wp\/v2\/product_brand?post=17741"},{"taxonomy":"product_cat","embeddable":true,"href":"https:\/\/hello-suns.com\/es\/wp-json\/wp\/v2\/product_cat?post=17741"},{"taxonomy":"product_tag","embeddable":true,"href":"https:\/\/hello-suns.com\/es\/wp-json\/wp\/v2\/product_tag?post=17741"},{"taxonomy":"material","embeddable":true,"href":"https:\/\/hello-suns.com\/es\/wp-json\/wp\/v2\/material?post=17741"}],"curies":[{"name":"wp","href":"https:\/\/api.w.org\/{rel}","templated":true}]}}