{"id":17700,"date":"2025-01-14T11:12:27","date_gmt":"2025-01-14T11:12:27","guid":{"rendered":"https:\/\/hello-suns.com\/producten\/vittoria-3\/"},"modified":"2025-09-11T08:22:05","modified_gmt":"2025-09-11T08:22:05","slug":"vittoria-conjuntos-de-sofa","status":"publish","type":"product","link":"https:\/\/hello-suns.com\/es\/productos\/vittoria-conjuntos-de-sofa\/","title":{"rendered":"Vittoria"},"content":{"rendered":"<h2 style=\"font-weight: 400;\">Dise\u00f1o con encantos naturales<\/h2>\n<p style=\"font-weight: 400;\">Vittoria logra un delicado equilibrio entre un dise\u00f1o elegante y un toque natural. Disfruta de una comodidad de asiento infinita y de encantadoras formas redondeadas. Crea tu zona de estar ideal y rel\u00e1jate con estilo.<\/p>\n","protected":false},"excerpt":{"rendered":"<h3 style=\"font-weight: 400;\">Encantador conjunto de sof\u00e1 con detalles refinados<\/h3>\n<p style=\"font-weight: 400;\">El conjunto de sof\u00e1 Vittoria es agradable a la vista. El armaz\u00f3n de teca de formas org\u00e1nicas hace que el conjunto sea elegante a la vez que robusto. Los reposabrazos tienen detalles refinados y una curva elegante. Al mismo tiempo, el car\u00e1cter natural de la madera resalta maravillosamente.<\/p>\n<p style=\"font-weight: 400;\">El Vittoria tambi\u00e9n destaca en comodidad de asiento. Los asientos y cojines est\u00e1n ricamente acolchados, lo que garantiza un buen apoyo y un tacto suave. Con los cojines de respaldo adicionales, puedes crear f\u00e1cilmente tu asiento ideal. Este conjunto de sof\u00e1 se compone de un sof\u00e1 independiente de 3 plazas y 2 tumbonas. La mesa auxiliar a juego completa el conjunto. Esta mesa tiene un tablero de Neolith\u00ae, un material muy resistente a la intemperie con un elegante aspecto marm\u00f3reo. Gracias al uso de materiales de alta calidad, el conjunto de sof\u00e1 Vittoria puede permanecer al aire libre todo el a\u00f1o.<\/p>\n","protected":false},"featured_media":17554,"comment_status":"closed","ping_status":"closed","template":"","meta":{"_acf_changed":false},"product_brand":[],"product_cat":[800],"product_tag":[],"material":[],"class_list":{"0":"post-17700","1":"product","2":"type-product","3":"status-publish","4":"has-post-thumbnail","6":"product_cat-conjuntos-de-sofa","8":"first","9":"instock","10":"shipping-taxable","11":"product-type-simple"},"acf":[],"yoast_head":"<!-- This site is optimized with the Yoast SEO plugin v26.8 - https:\/\/yoast.com\/product\/yoast-seo-wordpress\/ -->\n<title>Descubre el Sof\u00e1 Vittoria | SUNS Outdoor Lifestyle<\/title>\n<meta name=\"description\" content=\"\u00bfBuscas un elegante conjunto de sof\u00e1 Vittoria? SUNS te ofrece lujosos conjuntos de sof\u00e1 de dise\u00f1o moderno y gran confort, ideales para disfrutar de una elegante experiencia al aire libre.\" \/>\n<meta name=\"robots\" content=\"index, follow, max-snippet:-1, max-image-preview:large, max-video-preview:-1\" \/>\n<link rel=\"canonical\" href=\"https:\/\/hello-suns.com\/es\/productos\/vittoria-conjuntos-de-sofa\/\" \/>\n<meta property=\"og:locale\" content=\"es_ES\" \/>\n<meta property=\"og:type\" content=\"article\" \/>\n<meta property=\"og:title\" content=\"Descubre el Sof\u00e1 Vittoria | SUNS Outdoor Lifestyle\" \/>\n<meta property=\"og:description\" content=\"\u00bfBuscas un elegante conjunto de sof\u00e1 Vittoria? SUNS te ofrece lujosos conjuntos de sof\u00e1 de dise\u00f1o moderno y gran confort, ideales para disfrutar de una elegante experiencia al aire libre.\" \/>\n<meta property=\"og:url\" content=\"https:\/\/hello-suns.com\/es\/productos\/vittoria-conjuntos-de-sofa\/\" \/>\n<meta property=\"og:site_name\" content=\"SUNS\" \/>\n<meta property=\"article:modified_time\" content=\"2025-09-11T08:22:05+00:00\" \/>\n<meta property=\"og:image\" content=\"https:\/\/hello-suns.com\/app\/uploads\/2025\/01\/01_Sofaset_SUNS_Vittoria-2500-pix-4-1024x683.png\" \/>\n\t<meta property=\"og:image:width\" content=\"1024\" \/>\n\t<meta property=\"og:image:height\" content=\"683\" \/>\n\t<meta property=\"og:image:type\" content=\"image\/png\" \/>\n<meta name=\"twitter:card\" content=\"summary_large_image\" \/>\n<meta name=\"twitter:label1\" content=\"Est. reading time\" \/>\n\t<meta name=\"twitter:data1\" content=\"5 minutes\" \/>\n<script type=\"application\/ld+json\" class=\"yoast-schema-graph\">{\"@context\":\"https:\/\/schema.org\",\"@graph\":[{\"@type\":\"WebPage\",\"@id\":\"https:\/\/hello-suns.com\/es\/productos\/vittoria-conjuntos-de-sofa\/\",\"url\":\"https:\/\/hello-suns.com\/es\/productos\/vittoria-conjuntos-de-sofa\/\",\"name\":\"Descubre el Sof\u00e1 Vittoria | SUNS Outdoor Lifestyle\",\"isPartOf\":{\"@id\":\"https:\/\/hello-suns.com\/es\/#website\"},\"primaryImageOfPage\":{\"@id\":\"https:\/\/hello-suns.com\/es\/productos\/vittoria-conjuntos-de-sofa\/#primaryimage\"},\"image\":{\"@id\":\"https:\/\/hello-suns.com\/es\/productos\/vittoria-conjuntos-de-sofa\/#primaryimage\"},\"thumbnailUrl\":\"https:\/\/hello-suns.com\/app\/uploads\/2025\/01\/01_Sofaset_SUNS_Vittoria-2500-pix-4.png\",\"datePublished\":\"2025-01-14T11:12:27+00:00\",\"dateModified\":\"2025-09-11T08:22:05+00:00\",\"description\":\"\u00bfBuscas un elegante conjunto de sof\u00e1 Vittoria? SUNS te ofrece lujosos conjuntos de sof\u00e1 de dise\u00f1o moderno y gran confort, ideales para disfrutar de una elegante experiencia al aire libre.\",\"breadcrumb\":{\"@id\":\"https:\/\/hello-suns.com\/es\/productos\/vittoria-conjuntos-de-sofa\/#breadcrumb\"},\"inLanguage\":\"es-ES\",\"potentialAction\":[{\"@type\":\"ReadAction\",\"target\":[\"https:\/\/hello-suns.com\/es\/productos\/vittoria-conjuntos-de-sofa\/\"]}]},{\"@type\":\"ImageObject\",\"inLanguage\":\"es-ES\",\"@id\":\"https:\/\/hello-suns.com\/es\/productos\/vittoria-conjuntos-de-sofa\/#primaryimage\",\"url\":\"https:\/\/hello-suns.com\/app\/uploads\/2025\/01\/01_Sofaset_SUNS_Vittoria-2500-pix-4.png\",\"contentUrl\":\"https:\/\/hello-suns.com\/app\/uploads\/2025\/01\/01_Sofaset_SUNS_Vittoria-2500-pix-4.png\",\"width\":2500,\"height\":1667},{\"@type\":\"BreadcrumbList\",\"@id\":\"https:\/\/hello-suns.com\/es\/productos\/vittoria-conjuntos-de-sofa\/#breadcrumb\",\"itemListElement\":[{\"@type\":\"ListItem\",\"position\":1,\"name\":\"\",\"item\":\"https:\/\/hello-suns.com\/es\/\"},{\"@type\":\"ListItem\",\"position\":2,\"name\":\"Productos\",\"item\":\"https:\/\/hello-suns.com\/es\/productos\/\"},{\"@type\":\"ListItem\",\"position\":3,\"name\":\"Vittoria\"}]},{\"@type\":\"WebSite\",\"@id\":\"https:\/\/hello-suns.com\/es\/#website\",\"url\":\"https:\/\/hello-suns.com\/es\/\",\"name\":\"SUNS\",\"description\":\"Outdoor Lifestyle\",\"potentialAction\":[{\"@type\":\"SearchAction\",\"target\":{\"@type\":\"EntryPoint\",\"urlTemplate\":\"https:\/\/hello-suns.com\/es\/?s={search_term_string}\"},\"query-input\":{\"@type\":\"PropertyValueSpecification\",\"valueRequired\":true,\"valueName\":\"search_term_string\"}}],\"inLanguage\":\"es-ES\"}]}<\/script>\n<!-- \/ Yoast SEO plugin. -->","yoast_head_json":{"title":"Descubre el Sof\u00e1 Vittoria | SUNS Outdoor Lifestyle","description":"\u00bfBuscas un elegante conjunto de sof\u00e1 Vittoria? SUNS te ofrece lujosos conjuntos de sof\u00e1 de dise\u00f1o moderno y gran confort, ideales para disfrutar de una elegante experiencia al aire libre.","robots":{"index":"index","follow":"follow","max-snippet":"max-snippet:-1","max-image-preview":"max-image-preview:large","max-video-preview":"max-video-preview:-1"},"canonical":"https:\/\/hello-suns.com\/es\/productos\/vittoria-conjuntos-de-sofa\/","og_locale":"es_ES","og_type":"article","og_title":"Descubre el Sof\u00e1 Vittoria | SUNS Outdoor Lifestyle","og_description":"\u00bfBuscas un elegante conjunto de sof\u00e1 Vittoria? SUNS te ofrece lujosos conjuntos de sof\u00e1 de dise\u00f1o moderno y gran confort, ideales para disfrutar de una elegante experiencia al aire libre.","og_url":"https:\/\/hello-suns.com\/es\/productos\/vittoria-conjuntos-de-sofa\/","og_site_name":"SUNS","article_modified_time":"2025-09-11T08:22:05+00:00","og_image":[{"width":1024,"height":683,"url":"https:\/\/hello-suns.com\/app\/uploads\/2025\/01\/01_Sofaset_SUNS_Vittoria-2500-pix-4-1024x683.png","type":"image\/png"}],"twitter_card":"summary_large_image","twitter_misc":{"Est. reading time":"5 minutes"},"schema":{"@context":"https:\/\/schema.org","@graph":[{"@type":"WebPage","@id":"https:\/\/hello-suns.com\/es\/productos\/vittoria-conjuntos-de-sofa\/","url":"https:\/\/hello-suns.com\/es\/productos\/vittoria-conjuntos-de-sofa\/","name":"Descubre el Sof\u00e1 Vittoria | SUNS Outdoor Lifestyle","isPartOf":{"@id":"https:\/\/hello-suns.com\/es\/#website"},"primaryImageOfPage":{"@id":"https:\/\/hello-suns.com\/es\/productos\/vittoria-conjuntos-de-sofa\/#primaryimage"},"image":{"@id":"https:\/\/hello-suns.com\/es\/productos\/vittoria-conjuntos-de-sofa\/#primaryimage"},"thumbnailUrl":"https:\/\/hello-suns.com\/app\/uploads\/2025\/01\/01_Sofaset_SUNS_Vittoria-2500-pix-4.png","datePublished":"2025-01-14T11:12:27+00:00","dateModified":"2025-09-11T08:22:05+00:00","description":"\u00bfBuscas un elegante conjunto de sof\u00e1 Vittoria? SUNS te ofrece lujosos conjuntos de sof\u00e1 de dise\u00f1o moderno y gran confort, ideales para disfrutar de una elegante experiencia al aire libre.","breadcrumb":{"@id":"https:\/\/hello-suns.com\/es\/productos\/vittoria-conjuntos-de-sofa\/#breadcrumb"},"inLanguage":"es-ES","potentialAction":[{"@type":"ReadAction","target":["https:\/\/hello-suns.com\/es\/productos\/vittoria-conjuntos-de-sofa\/"]}]},{"@type":"ImageObject","inLanguage":"es-ES","@id":"https:\/\/hello-suns.com\/es\/productos\/vittoria-conjuntos-de-sofa\/#primaryimage","url":"https:\/\/hello-suns.com\/app\/uploads\/2025\/01\/01_Sofaset_SUNS_Vittoria-2500-pix-4.png","contentUrl":"https:\/\/hello-suns.com\/app\/uploads\/2025\/01\/01_Sofaset_SUNS_Vittoria-2500-pix-4.png","width":2500,"height":1667},{"@type":"BreadcrumbList","@id":"https:\/\/hello-suns.com\/es\/productos\/vittoria-conjuntos-de-sofa\/#breadcrumb","itemListElement":[{"@type":"ListItem","position":1,"name":"","item":"https:\/\/hello-suns.com\/es\/"},{"@type":"ListItem","position":2,"name":"Productos","item":"https:\/\/hello-suns.com\/es\/productos\/"},{"@type":"ListItem","position":3,"name":"Vittoria"}]},{"@type":"WebSite","@id":"https:\/\/hello-suns.com\/es\/#website","url":"https:\/\/hello-suns.com\/es\/","name":"SUNS","description":"Outdoor Lifestyle","potentialAction":[{"@type":"SearchAction","target":{"@type":"EntryPoint","urlTemplate":"https:\/\/hello-suns.com\/es\/?s={search_term_string}"},"query-input":{"@type":"PropertyValueSpecification","valueRequired":true,"valueName":"search_term_string"}}],"inLanguage":"es-ES"}]}},"_links":{"self":[{"href":"https:\/\/hello-suns.com\/es\/wp-json\/wp\/v2\/product\/17700","targetHints":{"allow":["GET"]}}],"collection":[{"href":"https:\/\/hello-suns.com\/es\/wp-json\/wp\/v2\/product"}],"about":[{"href":"https:\/\/hello-suns.com\/es\/wp-json\/wp\/v2\/types\/product"}],"replies":[{"embeddable":true,"href":"https:\/\/hello-suns.com\/es\/wp-json\/wp\/v2\/comments?post=17700"}],"wp:featuredmedia":[{"embeddable":true,"href":"https:\/\/hello-suns.com\/es\/wp-json\/wp\/v2\/media\/17554"}],"wp:attachment":[{"href":"https:\/\/hello-suns.com\/es\/wp-json\/wp\/v2\/media?parent=17700"}],"wp:term":[{"taxonomy":"product_brand","embeddable":true,"href":"https:\/\/hello-suns.com\/es\/wp-json\/wp\/v2\/product_brand?post=17700"},{"taxonomy":"product_cat","embeddable":true,"href":"https:\/\/hello-suns.com\/es\/wp-json\/wp\/v2\/product_cat?post=17700"},{"taxonomy":"product_tag","embeddable":true,"href":"https:\/\/hello-suns.com\/es\/wp-json\/wp\/v2\/product_tag?post=17700"},{"taxonomy":"material","embeddable":true,"href":"https:\/\/hello-suns.com\/es\/wp-json\/wp\/v2\/material?post=17700"}],"curies":[{"name":"wp","href":"https:\/\/api.w.org\/{rel}","templated":true}]}}