{"id":17677,"date":"2025-01-14T11:21:38","date_gmt":"2025-01-14T10:21:38","guid":{"rendered":"https:\/\/hello-suns.com\/producten\/volar\/"},"modified":"2026-02-05T09:53:14","modified_gmt":"2026-02-05T08:53:14","slug":"volar-conjuntos-de-sofa","status":"publish","type":"product","link":"https:\/\/hello-suns.com\/es\/productos\/volar-conjuntos-de-sofa\/","title":{"rendered":"Volar"},"content":{"rendered":"<h2 style=\"font-weight: 400;\">Volar, sin\u00f3nimo de libertad<\/h2>\n<p style=\"font-weight: 400;\">Experimenta el lujo puro de un conjunto de sof\u00e1s tan vers\u00e1til como t\u00fa. Volar tiene muchas combinaciones posibles y se adapta completamente a tus preferencias, sin comprometer la calidad ni la comodidad del asiento. Da rienda suelta a tu gusto personal.V<\/p>\n","protected":false},"excerpt":{"rendered":"<h3 style=\"font-weight: 400;\">Generoso confort de asiento a medida<\/h3>\n<p style=\"font-weight: 400;\">El Sofaset Volar es lo \u00faltimo en asientos. Un rasgo caracter\u00edstico es el generoso acolchado que normalmente s\u00f3lo encuentras en interiores. Esto confiere a Volar un aspecto c\u00e1lido y confortable. El conjunto se sostiene sobre un armaz\u00f3n de aluminio industrial de alta calidad. Este aluminio de mayor calidad confiere al conjunto una construcci\u00f3n s\u00f3lida y una larga vida \u00fatil. Los cojines del asiento y el respaldo est\u00e1n ricamente acolchados para una comodidad \u00f3ptima. Los reposabrazos y los respaldos presentan la misma lujosa estructura y tapicer\u00eda que los cojines. Volar tambi\u00e9n est\u00e1 completamente acabado con un tejido exterior de primera calidad. Este tejido es resistente a la intemperie y al agua, no desti\u00f1e y tiene un tacto maravillosamente suave. Volar tambi\u00e9n tiene un innovador n\u00facleo de Quick Dry Foam\u00ae, que permite que el conjunto permanezca al aire libre todo el a\u00f1o y que el asiento se seque r\u00e1pidamente.<\/p>\n<p style=\"font-weight: 400;\">Este conjunto tambi\u00e9n est\u00e1 disponible en la variante Conjunto Volar Lounge, con una esquina fija para crear un ambiente m\u00e1s c\u00e1lido y hogare\u00f1o. Volar forma parte del programa T\u00da CREAS. Esto significa que la l\u00ednea de productos consta de varios elementos independientes que puedes combinar a tu gusto. Una esquina fija, una secci\u00f3n en L con reposabrazos izquierdo o derecho, una pieza central para mayor longitud, un sof\u00e1 de 3 plazas o una tumbona independientes, una mesa auxiliar peque\u00f1a o grande, una disposici\u00f3n con o sin reposabrazos: t\u00fa decides.<\/p>\n","protected":false},"featured_media":17555,"comment_status":"closed","ping_status":"closed","template":"","meta":{"_acf_changed":false},"product_brand":[],"product_cat":[800,797],"product_tag":[],"material":[],"class_list":{"0":"post-17677","1":"product","2":"type-product","3":"status-publish","4":"has-post-thumbnail","6":"product_cat-conjuntos-de-sofa","7":"product_cat-you-create-es","9":"first","10":"instock","11":"shipping-taxable","12":"product-type-simple"},"acf":[],"yoast_head":"<!-- This site is optimized with the Yoast SEO plugin v26.8 - https:\/\/yoast.com\/product\/yoast-seo-wordpress\/ -->\n<title>Descubre la Silla Volar | SUNS Outdoor Lifestyle<\/title>\n<meta name=\"description\" content=\"\u00bfBuscas un elegante conjunto de sof\u00e1 volar? SUNS te ofrece modernos conjuntos de sof\u00e1 de gran comodidad y dise\u00f1o duradero, perfectos para tu lujoso entorno exterior.\" \/>\n<meta name=\"robots\" content=\"index, follow, max-snippet:-1, max-image-preview:large, max-video-preview:-1\" \/>\n<link rel=\"canonical\" href=\"https:\/\/hello-suns.com\/es\/productos\/volar-conjuntos-de-sofa\/\" \/>\n<meta property=\"og:locale\" content=\"es_ES\" \/>\n<meta property=\"og:type\" content=\"article\" \/>\n<meta property=\"og:title\" content=\"Descubre la Silla Volar | SUNS Outdoor Lifestyle\" \/>\n<meta property=\"og:description\" content=\"\u00bfBuscas un elegante conjunto de sof\u00e1 volar? SUNS te ofrece modernos conjuntos de sof\u00e1 de gran comodidad y dise\u00f1o duradero, perfectos para tu lujoso entorno exterior.\" \/>\n<meta property=\"og:url\" content=\"https:\/\/hello-suns.com\/es\/productos\/volar-conjuntos-de-sofa\/\" \/>\n<meta property=\"og:site_name\" content=\"SUNS\" \/>\n<meta property=\"article:modified_time\" content=\"2026-02-05T08:53:14+00:00\" \/>\n<meta property=\"og:image\" content=\"https:\/\/hello-suns.com\/app\/uploads\/2025\/01\/01_Sofaset_SUNS_Volar_black_ashbrown_blacktop-2500-pix-2-1024x683.png\" \/>\n\t<meta property=\"og:image:width\" content=\"1024\" \/>\n\t<meta property=\"og:image:height\" content=\"683\" \/>\n\t<meta property=\"og:image:type\" content=\"image\/png\" \/>\n<meta name=\"twitter:card\" content=\"summary_large_image\" \/>\n<meta name=\"twitter:label1\" content=\"Est. reading time\" \/>\n\t<meta name=\"twitter:data1\" content=\"6 minutes\" \/>\n<script type=\"application\/ld+json\" class=\"yoast-schema-graph\">{\"@context\":\"https:\/\/schema.org\",\"@graph\":[{\"@type\":\"WebPage\",\"@id\":\"https:\/\/hello-suns.com\/es\/productos\/volar-conjuntos-de-sofa\/\",\"url\":\"https:\/\/hello-suns.com\/es\/productos\/volar-conjuntos-de-sofa\/\",\"name\":\"Descubre la Silla Volar | SUNS Outdoor Lifestyle\",\"isPartOf\":{\"@id\":\"https:\/\/hello-suns.com\/es\/#website\"},\"primaryImageOfPage\":{\"@id\":\"https:\/\/hello-suns.com\/es\/productos\/volar-conjuntos-de-sofa\/#primaryimage\"},\"image\":{\"@id\":\"https:\/\/hello-suns.com\/es\/productos\/volar-conjuntos-de-sofa\/#primaryimage\"},\"thumbnailUrl\":\"https:\/\/hello-suns.com\/app\/uploads\/2025\/01\/01_Sofaset_SUNS_Volar_black_ashbrown_blacktop-2500-pix-2.png\",\"datePublished\":\"2025-01-14T10:21:38+00:00\",\"dateModified\":\"2026-02-05T08:53:14+00:00\",\"description\":\"\u00bfBuscas un elegante conjunto de sof\u00e1 volar? SUNS te ofrece modernos conjuntos de sof\u00e1 de gran comodidad y dise\u00f1o duradero, perfectos para tu lujoso entorno exterior.\",\"breadcrumb\":{\"@id\":\"https:\/\/hello-suns.com\/es\/productos\/volar-conjuntos-de-sofa\/#breadcrumb\"},\"inLanguage\":\"es-ES\",\"potentialAction\":[{\"@type\":\"ReadAction\",\"target\":[\"https:\/\/hello-suns.com\/es\/productos\/volar-conjuntos-de-sofa\/\"]}]},{\"@type\":\"ImageObject\",\"inLanguage\":\"es-ES\",\"@id\":\"https:\/\/hello-suns.com\/es\/productos\/volar-conjuntos-de-sofa\/#primaryimage\",\"url\":\"https:\/\/hello-suns.com\/app\/uploads\/2025\/01\/01_Sofaset_SUNS_Volar_black_ashbrown_blacktop-2500-pix-2.png\",\"contentUrl\":\"https:\/\/hello-suns.com\/app\/uploads\/2025\/01\/01_Sofaset_SUNS_Volar_black_ashbrown_blacktop-2500-pix-2.png\",\"width\":2500,\"height\":1667},{\"@type\":\"BreadcrumbList\",\"@id\":\"https:\/\/hello-suns.com\/es\/productos\/volar-conjuntos-de-sofa\/#breadcrumb\",\"itemListElement\":[{\"@type\":\"ListItem\",\"position\":1,\"name\":\"\",\"item\":\"https:\/\/hello-suns.com\/es\/\"},{\"@type\":\"ListItem\",\"position\":2,\"name\":\"Productos\",\"item\":\"https:\/\/hello-suns.com\/es\/productos\/\"},{\"@type\":\"ListItem\",\"position\":3,\"name\":\"Volar\"}]},{\"@type\":\"WebSite\",\"@id\":\"https:\/\/hello-suns.com\/es\/#website\",\"url\":\"https:\/\/hello-suns.com\/es\/\",\"name\":\"SUNS\",\"description\":\"Outdoor Lifestyle\",\"potentialAction\":[{\"@type\":\"SearchAction\",\"target\":{\"@type\":\"EntryPoint\",\"urlTemplate\":\"https:\/\/hello-suns.com\/es\/?s={search_term_string}\"},\"query-input\":{\"@type\":\"PropertyValueSpecification\",\"valueRequired\":true,\"valueName\":\"search_term_string\"}}],\"inLanguage\":\"es-ES\"}]}<\/script>\n<!-- \/ Yoast SEO plugin. -->","yoast_head_json":{"title":"Descubre la Silla Volar | SUNS Outdoor Lifestyle","description":"\u00bfBuscas un elegante conjunto de sof\u00e1 volar? SUNS te ofrece modernos conjuntos de sof\u00e1 de gran comodidad y dise\u00f1o duradero, perfectos para tu lujoso entorno exterior.","robots":{"index":"index","follow":"follow","max-snippet":"max-snippet:-1","max-image-preview":"max-image-preview:large","max-video-preview":"max-video-preview:-1"},"canonical":"https:\/\/hello-suns.com\/es\/productos\/volar-conjuntos-de-sofa\/","og_locale":"es_ES","og_type":"article","og_title":"Descubre la Silla Volar | SUNS Outdoor Lifestyle","og_description":"\u00bfBuscas un elegante conjunto de sof\u00e1 volar? SUNS te ofrece modernos conjuntos de sof\u00e1 de gran comodidad y dise\u00f1o duradero, perfectos para tu lujoso entorno exterior.","og_url":"https:\/\/hello-suns.com\/es\/productos\/volar-conjuntos-de-sofa\/","og_site_name":"SUNS","article_modified_time":"2026-02-05T08:53:14+00:00","og_image":[{"width":1024,"height":683,"url":"https:\/\/hello-suns.com\/app\/uploads\/2025\/01\/01_Sofaset_SUNS_Volar_black_ashbrown_blacktop-2500-pix-2-1024x683.png","type":"image\/png"}],"twitter_card":"summary_large_image","twitter_misc":{"Est. reading time":"6 minutes"},"schema":{"@context":"https:\/\/schema.org","@graph":[{"@type":"WebPage","@id":"https:\/\/hello-suns.com\/es\/productos\/volar-conjuntos-de-sofa\/","url":"https:\/\/hello-suns.com\/es\/productos\/volar-conjuntos-de-sofa\/","name":"Descubre la Silla Volar | SUNS Outdoor Lifestyle","isPartOf":{"@id":"https:\/\/hello-suns.com\/es\/#website"},"primaryImageOfPage":{"@id":"https:\/\/hello-suns.com\/es\/productos\/volar-conjuntos-de-sofa\/#primaryimage"},"image":{"@id":"https:\/\/hello-suns.com\/es\/productos\/volar-conjuntos-de-sofa\/#primaryimage"},"thumbnailUrl":"https:\/\/hello-suns.com\/app\/uploads\/2025\/01\/01_Sofaset_SUNS_Volar_black_ashbrown_blacktop-2500-pix-2.png","datePublished":"2025-01-14T10:21:38+00:00","dateModified":"2026-02-05T08:53:14+00:00","description":"\u00bfBuscas un elegante conjunto de sof\u00e1 volar? SUNS te ofrece modernos conjuntos de sof\u00e1 de gran comodidad y dise\u00f1o duradero, perfectos para tu lujoso entorno exterior.","breadcrumb":{"@id":"https:\/\/hello-suns.com\/es\/productos\/volar-conjuntos-de-sofa\/#breadcrumb"},"inLanguage":"es-ES","potentialAction":[{"@type":"ReadAction","target":["https:\/\/hello-suns.com\/es\/productos\/volar-conjuntos-de-sofa\/"]}]},{"@type":"ImageObject","inLanguage":"es-ES","@id":"https:\/\/hello-suns.com\/es\/productos\/volar-conjuntos-de-sofa\/#primaryimage","url":"https:\/\/hello-suns.com\/app\/uploads\/2025\/01\/01_Sofaset_SUNS_Volar_black_ashbrown_blacktop-2500-pix-2.png","contentUrl":"https:\/\/hello-suns.com\/app\/uploads\/2025\/01\/01_Sofaset_SUNS_Volar_black_ashbrown_blacktop-2500-pix-2.png","width":2500,"height":1667},{"@type":"BreadcrumbList","@id":"https:\/\/hello-suns.com\/es\/productos\/volar-conjuntos-de-sofa\/#breadcrumb","itemListElement":[{"@type":"ListItem","position":1,"name":"","item":"https:\/\/hello-suns.com\/es\/"},{"@type":"ListItem","position":2,"name":"Productos","item":"https:\/\/hello-suns.com\/es\/productos\/"},{"@type":"ListItem","position":3,"name":"Volar"}]},{"@type":"WebSite","@id":"https:\/\/hello-suns.com\/es\/#website","url":"https:\/\/hello-suns.com\/es\/","name":"SUNS","description":"Outdoor Lifestyle","potentialAction":[{"@type":"SearchAction","target":{"@type":"EntryPoint","urlTemplate":"https:\/\/hello-suns.com\/es\/?s={search_term_string}"},"query-input":{"@type":"PropertyValueSpecification","valueRequired":true,"valueName":"search_term_string"}}],"inLanguage":"es-ES"}]}},"_links":{"self":[{"href":"https:\/\/hello-suns.com\/es\/wp-json\/wp\/v2\/product\/17677","targetHints":{"allow":["GET"]}}],"collection":[{"href":"https:\/\/hello-suns.com\/es\/wp-json\/wp\/v2\/product"}],"about":[{"href":"https:\/\/hello-suns.com\/es\/wp-json\/wp\/v2\/types\/product"}],"replies":[{"embeddable":true,"href":"https:\/\/hello-suns.com\/es\/wp-json\/wp\/v2\/comments?post=17677"}],"wp:featuredmedia":[{"embeddable":true,"href":"https:\/\/hello-suns.com\/es\/wp-json\/wp\/v2\/media\/17555"}],"wp:attachment":[{"href":"https:\/\/hello-suns.com\/es\/wp-json\/wp\/v2\/media?parent=17677"}],"wp:term":[{"taxonomy":"product_brand","embeddable":true,"href":"https:\/\/hello-suns.com\/es\/wp-json\/wp\/v2\/product_brand?post=17677"},{"taxonomy":"product_cat","embeddable":true,"href":"https:\/\/hello-suns.com\/es\/wp-json\/wp\/v2\/product_cat?post=17677"},{"taxonomy":"product_tag","embeddable":true,"href":"https:\/\/hello-suns.com\/es\/wp-json\/wp\/v2\/product_tag?post=17677"},{"taxonomy":"material","embeddable":true,"href":"https:\/\/hello-suns.com\/es\/wp-json\/wp\/v2\/material?post=17677"}],"curies":[{"name":"wp","href":"https:\/\/api.w.org\/{rel}","templated":true}]}}