{"id":17634,"date":"2025-01-14T13:15:53","date_gmt":"2025-01-14T12:15:53","guid":{"rendered":"https:\/\/hello-suns.com\/producten\/termoli-4\/"},"modified":"2025-09-24T07:07:31","modified_gmt":"2025-09-24T07:07:31","slug":"termoli-mesitas-auxiliares","status":"publish","type":"product","link":"https:\/\/hello-suns.com\/es\/productos\/termoli-mesitas-auxiliares\/","title":{"rendered":"Termoli"},"content":{"rendered":"<h2 style=\"font-weight: 400;\"><span class=\"TextRun SCXW183403092 BCX0\" lang=\"NL-NL\" xml:lang=\"NL-NL\" data-contrast=\"auto\"><span class=\"NormalTextRun SCXW183403092 BCX0\">Estilo atemporal<\/span><\/span><\/h2>\n<p style=\"font-weight: 400;\"><span class=\"TextRun SCXW117091190 BCX0\" lang=\"NL-NL\" xml:lang=\"NL-NL\" data-contrast=\"auto\"><span class=\"NormalTextRun SCXW117091190 BCX0\">Una mesa auxiliar que se puede<\/span><span class=\"NormalTextRun SCXW117091190 BCX0\">en una sola palabra: atemporal. <\/span> <\/span><\/p>\n","protected":false},"excerpt":{"rendered":"<h3><span class=\"TextRun SCXW115154366 BCX0\" lang=\"NL-NL\" xml:lang=\"NL-NL\" data-contrast=\"auto\"><span class=\"NormalTextRun SCXW115154366 BCX0\">Acento en las piernas<\/span><\/span><\/h3>\n<p><span data-contrast=\"auto\">La mesa auxiliar Termoli debe su elegante aspecto al uso especial de la teca. Con sus elegantes patas, la mesa se integra perfectamente en los dise\u00f1os SUNS. La mesa auxiliar Termoli est\u00e1 disponible en tres tama\u00f1os. Como las mesas difieren tanto en di\u00e1metro como en altura, pueden combinarse perfectamente entre s\u00ed.<\/span><span data-contrast=\"auto\">Gracias al uso de los t\u00edpicos materiales de calidad SUNS, puedes dejar la mesa auxiliar en el exterior todo el a\u00f1o. <\/span><\/p>\n","protected":false},"featured_media":17654,"comment_status":"closed","ping_status":"closed","template":"","meta":{"_acf_changed":false},"product_brand":[],"product_cat":[817,818],"product_tag":[],"material":[],"class_list":{"0":"post-17634","1":"product","2":"type-product","3":"status-publish","4":"has-post-thumbnail","6":"product_cat-styling","7":"product_cat-mesitas-auxiliares","9":"first","10":"instock","11":"shipping-taxable","12":"product-type-simple"},"acf":[],"yoast_head":"<!-- This site is optimized with the Yoast SEO plugin v26.8 - https:\/\/yoast.com\/product\/yoast-seo-wordpress\/ -->\n<title>Descubre la mesa auxiliar Termoli | SUNS Outdoor Lifestyle<\/title>\n<meta name=\"description\" content=\"\u00bfBuscas una elegante mesa auxiliar Termoli? SUNS ofrece mesas auxiliares compactas y modernas de calidad duradera para un espacio exterior funcional.\" \/>\n<meta name=\"robots\" content=\"index, follow, max-snippet:-1, max-image-preview:large, max-video-preview:-1\" \/>\n<link rel=\"canonical\" href=\"https:\/\/hello-suns.com\/es\/productos\/termoli-mesitas-auxiliares\/\" \/>\n<meta property=\"og:locale\" content=\"es_ES\" \/>\n<meta property=\"og:type\" content=\"article\" \/>\n<meta property=\"og:title\" content=\"Descubre la mesa auxiliar Termoli | SUNS Outdoor Lifestyle\" \/>\n<meta property=\"og:description\" content=\"\u00bfBuscas una elegante mesa auxiliar Termoli? SUNS ofrece mesas auxiliares compactas y modernas de calidad duradera para un espacio exterior funcional.\" \/>\n<meta property=\"og:url\" content=\"https:\/\/hello-suns.com\/es\/productos\/termoli-mesitas-auxiliares\/\" \/>\n<meta property=\"og:site_name\" content=\"SUNS\" \/>\n<meta property=\"article:modified_time\" content=\"2025-09-24T07:07:31+00:00\" \/>\n<meta property=\"og:image\" content=\"https:\/\/hello-suns.com\/app\/uploads\/2025\/01\/01_Termoli-SUNS-loungetableO92-TK-Free-25-2500-2.png\" \/>\n\t<meta property=\"og:image:width\" content=\"2500\" \/>\n\t<meta property=\"og:image:height\" content=\"1667\" \/>\n\t<meta property=\"og:image:type\" content=\"image\/png\" \/>\n<meta name=\"twitter:card\" content=\"summary_large_image\" \/>\n<meta name=\"twitter:label1\" content=\"Est. reading time\" \/>\n\t<meta name=\"twitter:data1\" content=\"4 minutes\" \/>\n<script type=\"application\/ld+json\" class=\"yoast-schema-graph\">{\"@context\":\"https:\/\/schema.org\",\"@graph\":[{\"@type\":\"WebPage\",\"@id\":\"https:\/\/hello-suns.com\/es\/productos\/termoli-mesitas-auxiliares\/\",\"url\":\"https:\/\/hello-suns.com\/es\/productos\/termoli-mesitas-auxiliares\/\",\"name\":\"Descubre la mesa auxiliar Termoli | SUNS Outdoor Lifestyle\",\"isPartOf\":{\"@id\":\"https:\/\/hello-suns.com\/es\/#website\"},\"primaryImageOfPage\":{\"@id\":\"https:\/\/hello-suns.com\/es\/productos\/termoli-mesitas-auxiliares\/#primaryimage\"},\"image\":{\"@id\":\"https:\/\/hello-suns.com\/es\/productos\/termoli-mesitas-auxiliares\/#primaryimage\"},\"thumbnailUrl\":\"https:\/\/hello-suns.com\/app\/uploads\/2025\/01\/01_Termoli-SUNS-loungetableO92-TK-Free-25-2500-2.png\",\"datePublished\":\"2025-01-14T12:15:53+00:00\",\"dateModified\":\"2025-09-24T07:07:31+00:00\",\"description\":\"\u00bfBuscas una elegante mesa auxiliar Termoli? SUNS ofrece mesas auxiliares compactas y modernas de calidad duradera para un espacio exterior funcional.\",\"breadcrumb\":{\"@id\":\"https:\/\/hello-suns.com\/es\/productos\/termoli-mesitas-auxiliares\/#breadcrumb\"},\"inLanguage\":\"es-ES\",\"potentialAction\":[{\"@type\":\"ReadAction\",\"target\":[\"https:\/\/hello-suns.com\/es\/productos\/termoli-mesitas-auxiliares\/\"]}]},{\"@type\":\"ImageObject\",\"inLanguage\":\"es-ES\",\"@id\":\"https:\/\/hello-suns.com\/es\/productos\/termoli-mesitas-auxiliares\/#primaryimage\",\"url\":\"https:\/\/hello-suns.com\/app\/uploads\/2025\/01\/01_Termoli-SUNS-loungetableO92-TK-Free-25-2500-2.png\",\"contentUrl\":\"https:\/\/hello-suns.com\/app\/uploads\/2025\/01\/01_Termoli-SUNS-loungetableO92-TK-Free-25-2500-2.png\",\"width\":2500,\"height\":1667},{\"@type\":\"BreadcrumbList\",\"@id\":\"https:\/\/hello-suns.com\/es\/productos\/termoli-mesitas-auxiliares\/#breadcrumb\",\"itemListElement\":[{\"@type\":\"ListItem\",\"position\":1,\"name\":\"\",\"item\":\"https:\/\/hello-suns.com\/es\/\"},{\"@type\":\"ListItem\",\"position\":2,\"name\":\"Productos\",\"item\":\"https:\/\/hello-suns.com\/es\/productos\/\"},{\"@type\":\"ListItem\",\"position\":3,\"name\":\"Termoli\"}]},{\"@type\":\"WebSite\",\"@id\":\"https:\/\/hello-suns.com\/es\/#website\",\"url\":\"https:\/\/hello-suns.com\/es\/\",\"name\":\"SUNS\",\"description\":\"Outdoor Lifestyle\",\"potentialAction\":[{\"@type\":\"SearchAction\",\"target\":{\"@type\":\"EntryPoint\",\"urlTemplate\":\"https:\/\/hello-suns.com\/es\/?s={search_term_string}\"},\"query-input\":{\"@type\":\"PropertyValueSpecification\",\"valueRequired\":true,\"valueName\":\"search_term_string\"}}],\"inLanguage\":\"es-ES\"}]}<\/script>\n<!-- \/ Yoast SEO plugin. -->","yoast_head_json":{"title":"Descubre la mesa auxiliar Termoli | SUNS Outdoor Lifestyle","description":"\u00bfBuscas una elegante mesa auxiliar Termoli? SUNS ofrece mesas auxiliares compactas y modernas de calidad duradera para un espacio exterior funcional.","robots":{"index":"index","follow":"follow","max-snippet":"max-snippet:-1","max-image-preview":"max-image-preview:large","max-video-preview":"max-video-preview:-1"},"canonical":"https:\/\/hello-suns.com\/es\/productos\/termoli-mesitas-auxiliares\/","og_locale":"es_ES","og_type":"article","og_title":"Descubre la mesa auxiliar Termoli | SUNS Outdoor Lifestyle","og_description":"\u00bfBuscas una elegante mesa auxiliar Termoli? SUNS ofrece mesas auxiliares compactas y modernas de calidad duradera para un espacio exterior funcional.","og_url":"https:\/\/hello-suns.com\/es\/productos\/termoli-mesitas-auxiliares\/","og_site_name":"SUNS","article_modified_time":"2025-09-24T07:07:31+00:00","og_image":[{"width":2500,"height":1667,"url":"https:\/\/hello-suns.com\/app\/uploads\/2025\/01\/01_Termoli-SUNS-loungetableO92-TK-Free-25-2500-2.png","type":"image\/png"}],"twitter_card":"summary_large_image","twitter_misc":{"Est. reading time":"4 minutes"},"schema":{"@context":"https:\/\/schema.org","@graph":[{"@type":"WebPage","@id":"https:\/\/hello-suns.com\/es\/productos\/termoli-mesitas-auxiliares\/","url":"https:\/\/hello-suns.com\/es\/productos\/termoli-mesitas-auxiliares\/","name":"Descubre la mesa auxiliar Termoli | SUNS Outdoor Lifestyle","isPartOf":{"@id":"https:\/\/hello-suns.com\/es\/#website"},"primaryImageOfPage":{"@id":"https:\/\/hello-suns.com\/es\/productos\/termoli-mesitas-auxiliares\/#primaryimage"},"image":{"@id":"https:\/\/hello-suns.com\/es\/productos\/termoli-mesitas-auxiliares\/#primaryimage"},"thumbnailUrl":"https:\/\/hello-suns.com\/app\/uploads\/2025\/01\/01_Termoli-SUNS-loungetableO92-TK-Free-25-2500-2.png","datePublished":"2025-01-14T12:15:53+00:00","dateModified":"2025-09-24T07:07:31+00:00","description":"\u00bfBuscas una elegante mesa auxiliar Termoli? SUNS ofrece mesas auxiliares compactas y modernas de calidad duradera para un espacio exterior funcional.","breadcrumb":{"@id":"https:\/\/hello-suns.com\/es\/productos\/termoli-mesitas-auxiliares\/#breadcrumb"},"inLanguage":"es-ES","potentialAction":[{"@type":"ReadAction","target":["https:\/\/hello-suns.com\/es\/productos\/termoli-mesitas-auxiliares\/"]}]},{"@type":"ImageObject","inLanguage":"es-ES","@id":"https:\/\/hello-suns.com\/es\/productos\/termoli-mesitas-auxiliares\/#primaryimage","url":"https:\/\/hello-suns.com\/app\/uploads\/2025\/01\/01_Termoli-SUNS-loungetableO92-TK-Free-25-2500-2.png","contentUrl":"https:\/\/hello-suns.com\/app\/uploads\/2025\/01\/01_Termoli-SUNS-loungetableO92-TK-Free-25-2500-2.png","width":2500,"height":1667},{"@type":"BreadcrumbList","@id":"https:\/\/hello-suns.com\/es\/productos\/termoli-mesitas-auxiliares\/#breadcrumb","itemListElement":[{"@type":"ListItem","position":1,"name":"","item":"https:\/\/hello-suns.com\/es\/"},{"@type":"ListItem","position":2,"name":"Productos","item":"https:\/\/hello-suns.com\/es\/productos\/"},{"@type":"ListItem","position":3,"name":"Termoli"}]},{"@type":"WebSite","@id":"https:\/\/hello-suns.com\/es\/#website","url":"https:\/\/hello-suns.com\/es\/","name":"SUNS","description":"Outdoor Lifestyle","potentialAction":[{"@type":"SearchAction","target":{"@type":"EntryPoint","urlTemplate":"https:\/\/hello-suns.com\/es\/?s={search_term_string}"},"query-input":{"@type":"PropertyValueSpecification","valueRequired":true,"valueName":"search_term_string"}}],"inLanguage":"es-ES"}]}},"_links":{"self":[{"href":"https:\/\/hello-suns.com\/es\/wp-json\/wp\/v2\/product\/17634","targetHints":{"allow":["GET"]}}],"collection":[{"href":"https:\/\/hello-suns.com\/es\/wp-json\/wp\/v2\/product"}],"about":[{"href":"https:\/\/hello-suns.com\/es\/wp-json\/wp\/v2\/types\/product"}],"replies":[{"embeddable":true,"href":"https:\/\/hello-suns.com\/es\/wp-json\/wp\/v2\/comments?post=17634"}],"wp:featuredmedia":[{"embeddable":true,"href":"https:\/\/hello-suns.com\/es\/wp-json\/wp\/v2\/media\/17654"}],"wp:attachment":[{"href":"https:\/\/hello-suns.com\/es\/wp-json\/wp\/v2\/media?parent=17634"}],"wp:term":[{"taxonomy":"product_brand","embeddable":true,"href":"https:\/\/hello-suns.com\/es\/wp-json\/wp\/v2\/product_brand?post=17634"},{"taxonomy":"product_cat","embeddable":true,"href":"https:\/\/hello-suns.com\/es\/wp-json\/wp\/v2\/product_cat?post=17634"},{"taxonomy":"product_tag","embeddable":true,"href":"https:\/\/hello-suns.com\/es\/wp-json\/wp\/v2\/product_tag?post=17634"},{"taxonomy":"material","embeddable":true,"href":"https:\/\/hello-suns.com\/es\/wp-json\/wp\/v2\/material?post=17634"}],"curies":[{"name":"wp","href":"https:\/\/api.w.org\/{rel}","templated":true}]}}