{"id":17628,"date":"2025-01-14T13:43:05","date_gmt":"2025-01-14T13:43:05","guid":{"rendered":"https:\/\/hello-suns.com\/producten\/kota-forma-de-u\/"},"modified":"2025-09-24T07:22:05","modified_gmt":"2025-09-24T07:22:05","slug":"kota-forma-de-u-mesitas-auxiliares","status":"publish","type":"product","link":"https:\/\/hello-suns.com\/es\/productos\/kota-forma-de-u-mesitas-auxiliares\/","title":{"rendered":"Kota | forma de u"},"content":{"rendered":"<h2 class=\"p1\">Siempre a tu alcance<\/h2>\n<p style=\"font-weight: 400;\">Una mesita auxiliar que siempre viene bien, para una bebida, un libro o algo dulce.<\/p>\n","protected":false},"excerpt":{"rendered":"<h3 class=\"p1\">Dise\u00f1o inteligente, comodidad \u00f3ptima<\/h3>\n<p style=\"font-weight: 400;\">La mesa auxiliar Kota en forma de U es un complemento elegante y pr\u00e1ctico para tu conjunto de sal\u00f3n. Gracias a su inteligente dise\u00f1o, basta con deslizar la mesa sobre el asiento o el reposabrazos de tu sof\u00e1. As\u00ed siempre tendr\u00e1s una superficie resistente al alcance de la mano. Fabricada en teca de alta calidad combinada con aluminio, es perfecta para combinar con varios muebles SUNS de sal\u00f3n y jard\u00edn. Disponible en varios tama\u00f1os. Como los dem\u00e1s productos de la colecci\u00f3n Kota, esta mesa es totalmente resistente a la intemperie y puede permanecer en el exterior todo el a\u00f1o.<\/p>\n","protected":false},"featured_media":17630,"comment_status":"closed","ping_status":"closed","template":"","meta":{"_acf_changed":false},"product_brand":[],"product_cat":[817,818],"product_tag":[],"material":[],"class_list":{"0":"post-17628","1":"product","2":"type-product","3":"status-publish","4":"has-post-thumbnail","6":"product_cat-styling","7":"product_cat-mesitas-auxiliares","9":"first","10":"instock","11":"shipping-taxable","12":"product-type-simple"},"acf":[],"yoast_head":"<!-- This site is optimized with the Yoast SEO plugin v26.8 - https:\/\/yoast.com\/product\/yoast-seo-wordpress\/ -->\n<title>Descubre la mesa auxiliar en forma de U Kota | SUNS Outdoor Lifestyle<\/title>\n<meta name=\"description\" content=\"\u00bfBuscas una elegante mesa auxiliar kota en forma de U? SUNS te ofrece mesas auxiliares pr\u00e1cticas y duraderas con un dise\u00f1o \u00fanico.\" \/>\n<meta name=\"robots\" content=\"index, follow, max-snippet:-1, max-image-preview:large, max-video-preview:-1\" \/>\n<link rel=\"canonical\" href=\"https:\/\/hello-suns.com\/es\/productos\/kota-forma-de-u-mesitas-auxiliares\/\" \/>\n<meta property=\"og:locale\" content=\"es_ES\" \/>\n<meta property=\"og:type\" content=\"article\" \/>\n<meta property=\"og:title\" content=\"Descubre la mesa auxiliar en forma de U Kota | SUNS Outdoor Lifestyle\" \/>\n<meta property=\"og:description\" content=\"\u00bfBuscas una elegante mesa auxiliar kota en forma de U? SUNS te ofrece mesas auxiliares pr\u00e1cticas y duraderas con un dise\u00f1o \u00fanico.\" \/>\n<meta property=\"og:url\" content=\"https:\/\/hello-suns.com\/es\/productos\/kota-forma-de-u-mesitas-auxiliares\/\" \/>\n<meta property=\"og:site_name\" content=\"SUNS\" \/>\n<meta property=\"article:modified_time\" content=\"2025-09-24T07:22:05+00:00\" \/>\n<meta property=\"og:image\" content=\"https:\/\/hello-suns.com\/app\/uploads\/2025\/01\/kota_sidetable_1500px-2.png\" \/>\n\t<meta property=\"og:image:width\" content=\"2510\" \/>\n\t<meta property=\"og:image:height\" content=\"1667\" \/>\n\t<meta property=\"og:image:type\" content=\"image\/png\" \/>\n<meta name=\"twitter:card\" content=\"summary_large_image\" \/>\n<meta name=\"twitter:label1\" content=\"Est. reading time\" \/>\n\t<meta name=\"twitter:data1\" content=\"3 minutes\" \/>\n<script type=\"application\/ld+json\" class=\"yoast-schema-graph\">{\"@context\":\"https:\/\/schema.org\",\"@graph\":[{\"@type\":\"WebPage\",\"@id\":\"https:\/\/hello-suns.com\/es\/productos\/kota-forma-de-u-mesitas-auxiliares\/\",\"url\":\"https:\/\/hello-suns.com\/es\/productos\/kota-forma-de-u-mesitas-auxiliares\/\",\"name\":\"Descubre la mesa auxiliar en forma de U Kota | SUNS Outdoor Lifestyle\",\"isPartOf\":{\"@id\":\"https:\/\/hello-suns.com\/es\/#website\"},\"primaryImageOfPage\":{\"@id\":\"https:\/\/hello-suns.com\/es\/productos\/kota-forma-de-u-mesitas-auxiliares\/#primaryimage\"},\"image\":{\"@id\":\"https:\/\/hello-suns.com\/es\/productos\/kota-forma-de-u-mesitas-auxiliares\/#primaryimage\"},\"thumbnailUrl\":\"https:\/\/hello-suns.com\/app\/uploads\/2025\/01\/kota_sidetable_1500px-2.png\",\"datePublished\":\"2025-01-14T13:43:05+00:00\",\"dateModified\":\"2025-09-24T07:22:05+00:00\",\"description\":\"\u00bfBuscas una elegante mesa auxiliar kota en forma de U? SUNS te ofrece mesas auxiliares pr\u00e1cticas y duraderas con un dise\u00f1o \u00fanico.\",\"breadcrumb\":{\"@id\":\"https:\/\/hello-suns.com\/es\/productos\/kota-forma-de-u-mesitas-auxiliares\/#breadcrumb\"},\"inLanguage\":\"es-ES\",\"potentialAction\":[{\"@type\":\"ReadAction\",\"target\":[\"https:\/\/hello-suns.com\/es\/productos\/kota-forma-de-u-mesitas-auxiliares\/\"]}]},{\"@type\":\"ImageObject\",\"inLanguage\":\"es-ES\",\"@id\":\"https:\/\/hello-suns.com\/es\/productos\/kota-forma-de-u-mesitas-auxiliares\/#primaryimage\",\"url\":\"https:\/\/hello-suns.com\/app\/uploads\/2025\/01\/kota_sidetable_1500px-2.png\",\"contentUrl\":\"https:\/\/hello-suns.com\/app\/uploads\/2025\/01\/kota_sidetable_1500px-2.png\",\"width\":2510,\"height\":1667},{\"@type\":\"BreadcrumbList\",\"@id\":\"https:\/\/hello-suns.com\/es\/productos\/kota-forma-de-u-mesitas-auxiliares\/#breadcrumb\",\"itemListElement\":[{\"@type\":\"ListItem\",\"position\":1,\"name\":\"\",\"item\":\"https:\/\/hello-suns.com\/es\/\"},{\"@type\":\"ListItem\",\"position\":2,\"name\":\"Productos\",\"item\":\"https:\/\/hello-suns.com\/es\/productos\/\"},{\"@type\":\"ListItem\",\"position\":3,\"name\":\"Kota | forma de u\"}]},{\"@type\":\"WebSite\",\"@id\":\"https:\/\/hello-suns.com\/es\/#website\",\"url\":\"https:\/\/hello-suns.com\/es\/\",\"name\":\"SUNS\",\"description\":\"Outdoor Lifestyle\",\"potentialAction\":[{\"@type\":\"SearchAction\",\"target\":{\"@type\":\"EntryPoint\",\"urlTemplate\":\"https:\/\/hello-suns.com\/es\/?s={search_term_string}\"},\"query-input\":{\"@type\":\"PropertyValueSpecification\",\"valueRequired\":true,\"valueName\":\"search_term_string\"}}],\"inLanguage\":\"es-ES\"}]}<\/script>\n<!-- \/ Yoast SEO plugin. -->","yoast_head_json":{"title":"Descubre la mesa auxiliar en forma de U Kota | SUNS Outdoor Lifestyle","description":"\u00bfBuscas una elegante mesa auxiliar kota en forma de U? SUNS te ofrece mesas auxiliares pr\u00e1cticas y duraderas con un dise\u00f1o \u00fanico.","robots":{"index":"index","follow":"follow","max-snippet":"max-snippet:-1","max-image-preview":"max-image-preview:large","max-video-preview":"max-video-preview:-1"},"canonical":"https:\/\/hello-suns.com\/es\/productos\/kota-forma-de-u-mesitas-auxiliares\/","og_locale":"es_ES","og_type":"article","og_title":"Descubre la mesa auxiliar en forma de U Kota | SUNS Outdoor Lifestyle","og_description":"\u00bfBuscas una elegante mesa auxiliar kota en forma de U? SUNS te ofrece mesas auxiliares pr\u00e1cticas y duraderas con un dise\u00f1o \u00fanico.","og_url":"https:\/\/hello-suns.com\/es\/productos\/kota-forma-de-u-mesitas-auxiliares\/","og_site_name":"SUNS","article_modified_time":"2025-09-24T07:22:05+00:00","og_image":[{"width":2510,"height":1667,"url":"https:\/\/hello-suns.com\/app\/uploads\/2025\/01\/kota_sidetable_1500px-2.png","type":"image\/png"}],"twitter_card":"summary_large_image","twitter_misc":{"Est. reading time":"3 minutes"},"schema":{"@context":"https:\/\/schema.org","@graph":[{"@type":"WebPage","@id":"https:\/\/hello-suns.com\/es\/productos\/kota-forma-de-u-mesitas-auxiliares\/","url":"https:\/\/hello-suns.com\/es\/productos\/kota-forma-de-u-mesitas-auxiliares\/","name":"Descubre la mesa auxiliar en forma de U Kota | SUNS Outdoor Lifestyle","isPartOf":{"@id":"https:\/\/hello-suns.com\/es\/#website"},"primaryImageOfPage":{"@id":"https:\/\/hello-suns.com\/es\/productos\/kota-forma-de-u-mesitas-auxiliares\/#primaryimage"},"image":{"@id":"https:\/\/hello-suns.com\/es\/productos\/kota-forma-de-u-mesitas-auxiliares\/#primaryimage"},"thumbnailUrl":"https:\/\/hello-suns.com\/app\/uploads\/2025\/01\/kota_sidetable_1500px-2.png","datePublished":"2025-01-14T13:43:05+00:00","dateModified":"2025-09-24T07:22:05+00:00","description":"\u00bfBuscas una elegante mesa auxiliar kota en forma de U? SUNS te ofrece mesas auxiliares pr\u00e1cticas y duraderas con un dise\u00f1o \u00fanico.","breadcrumb":{"@id":"https:\/\/hello-suns.com\/es\/productos\/kota-forma-de-u-mesitas-auxiliares\/#breadcrumb"},"inLanguage":"es-ES","potentialAction":[{"@type":"ReadAction","target":["https:\/\/hello-suns.com\/es\/productos\/kota-forma-de-u-mesitas-auxiliares\/"]}]},{"@type":"ImageObject","inLanguage":"es-ES","@id":"https:\/\/hello-suns.com\/es\/productos\/kota-forma-de-u-mesitas-auxiliares\/#primaryimage","url":"https:\/\/hello-suns.com\/app\/uploads\/2025\/01\/kota_sidetable_1500px-2.png","contentUrl":"https:\/\/hello-suns.com\/app\/uploads\/2025\/01\/kota_sidetable_1500px-2.png","width":2510,"height":1667},{"@type":"BreadcrumbList","@id":"https:\/\/hello-suns.com\/es\/productos\/kota-forma-de-u-mesitas-auxiliares\/#breadcrumb","itemListElement":[{"@type":"ListItem","position":1,"name":"","item":"https:\/\/hello-suns.com\/es\/"},{"@type":"ListItem","position":2,"name":"Productos","item":"https:\/\/hello-suns.com\/es\/productos\/"},{"@type":"ListItem","position":3,"name":"Kota | forma de u"}]},{"@type":"WebSite","@id":"https:\/\/hello-suns.com\/es\/#website","url":"https:\/\/hello-suns.com\/es\/","name":"SUNS","description":"Outdoor Lifestyle","potentialAction":[{"@type":"SearchAction","target":{"@type":"EntryPoint","urlTemplate":"https:\/\/hello-suns.com\/es\/?s={search_term_string}"},"query-input":{"@type":"PropertyValueSpecification","valueRequired":true,"valueName":"search_term_string"}}],"inLanguage":"es-ES"}]}},"_links":{"self":[{"href":"https:\/\/hello-suns.com\/es\/wp-json\/wp\/v2\/product\/17628","targetHints":{"allow":["GET"]}}],"collection":[{"href":"https:\/\/hello-suns.com\/es\/wp-json\/wp\/v2\/product"}],"about":[{"href":"https:\/\/hello-suns.com\/es\/wp-json\/wp\/v2\/types\/product"}],"replies":[{"embeddable":true,"href":"https:\/\/hello-suns.com\/es\/wp-json\/wp\/v2\/comments?post=17628"}],"wp:featuredmedia":[{"embeddable":true,"href":"https:\/\/hello-suns.com\/es\/wp-json\/wp\/v2\/media\/17630"}],"wp:attachment":[{"href":"https:\/\/hello-suns.com\/es\/wp-json\/wp\/v2\/media?parent=17628"}],"wp:term":[{"taxonomy":"product_brand","embeddable":true,"href":"https:\/\/hello-suns.com\/es\/wp-json\/wp\/v2\/product_brand?post=17628"},{"taxonomy":"product_cat","embeddable":true,"href":"https:\/\/hello-suns.com\/es\/wp-json\/wp\/v2\/product_cat?post=17628"},{"taxonomy":"product_tag","embeddable":true,"href":"https:\/\/hello-suns.com\/es\/wp-json\/wp\/v2\/product_tag?post=17628"},{"taxonomy":"material","embeddable":true,"href":"https:\/\/hello-suns.com\/es\/wp-json\/wp\/v2\/material?post=17628"}],"curies":[{"name":"wp","href":"https:\/\/api.w.org\/{rel}","templated":true}]}}