{"id":17607,"date":"2025-01-15T08:24:13","date_gmt":"2025-01-15T08:24:13","guid":{"rendered":"https:\/\/hello-suns.com\/producten\/erice\/"},"modified":"2025-09-11T14:11:33","modified_gmt":"2025-09-11T14:11:33","slug":"erice-mesas","status":"publish","type":"product","link":"https:\/\/hello-suns.com\/es\/productos\/erice-mesas\/","title":{"rendered":"Erice"},"content":{"rendered":"<h2 style=\"font-weight: 400;\">Car\u00e1cter intemporal<\/h2>\n<p style=\"font-weight: 400;\">Erice muestra el poder del dise\u00f1o sencillo. Sencillo, funcional pero elegante. El car\u00e1cter atemporal de la teca de primera calidad.<\/p>\n","protected":false},"excerpt":{"rendered":"<h3 style=\"font-weight: 400;\">Mesa totalmente de teca en 2 longitudes<\/h3>\n<p style=\"font-weight: 400;\">La mesa Erice est\u00e1 hecha de teca certificada. La madera est\u00e1 trabajada con formas limpias y un dise\u00f1o sofisticado. Esto confiere a la mesa un agradable equilibrio entre robustez y elegancia. Erice destaca en el jard\u00edn cl\u00e1sico y tambi\u00e9n es un verdadero punto de atracci\u00f3n en el jard\u00edn moderno. La mesa est\u00e1 disponible en dos longitudes: 2,40 y 3,00 metros. Esto te da espacio suficiente para disfrutar de tus comidas con un grupo de 8 a 10 personas.<\/p>\n<p style=\"font-weight: 400;\"><span style=\"font-weight: 400;\">Esta mesa combina perfectamente con las <\/span><span style=\"font-weight: 400;\">sillas de la colecci\u00f3n SUNS.<\/span><\/p>\n","protected":false},"featured_media":17609,"comment_status":"closed","ping_status":"closed","template":"","meta":{"_acf_changed":false},"product_brand":[],"product_cat":[839],"product_tag":[],"material":[],"class_list":{"0":"post-17607","1":"product","2":"type-product","3":"status-publish","4":"has-post-thumbnail","6":"product_cat-mesas","8":"first","9":"instock","10":"shipping-taxable","11":"product-type-simple"},"acf":[],"yoast_head":"<!-- This site is optimized with the Yoast SEO plugin v26.8 - https:\/\/yoast.com\/product\/yoast-seo-wordpress\/ -->\n<title>Descubre la Mesa Erice | SUNS Outdoor Lifestyle<\/title>\n<meta name=\"description\" content=\"\u00bfBuscas una elegante mesa erice? SUNS ofrece mesas de alta calidad que combinan a la perfecci\u00f3n durabilidad, dise\u00f1o moderno y funcionalidad.\" \/>\n<meta name=\"robots\" content=\"index, follow, max-snippet:-1, max-image-preview:large, max-video-preview:-1\" \/>\n<link rel=\"canonical\" href=\"https:\/\/hello-suns.com\/es\/productos\/erice-mesas\/\" \/>\n<meta property=\"og:locale\" content=\"es_ES\" \/>\n<meta property=\"og:type\" content=\"article\" \/>\n<meta property=\"og:title\" content=\"Descubre la Mesa Erice | SUNS Outdoor Lifestyle\" \/>\n<meta property=\"og:description\" content=\"\u00bfBuscas una elegante mesa erice? SUNS ofrece mesas de alta calidad que combinan a la perfecci\u00f3n durabilidad, dise\u00f1o moderno y funcionalidad.\" \/>\n<meta property=\"og:url\" content=\"https:\/\/hello-suns.com\/es\/productos\/erice-mesas\/\" \/>\n<meta property=\"og:site_name\" content=\"SUNS\" \/>\n<meta property=\"article:modified_time\" content=\"2025-09-11T14:11:33+00:00\" \/>\n<meta property=\"og:image\" content=\"https:\/\/hello-suns.com\/app\/uploads\/2025\/01\/01_Erice-SUNS-Diningtable-TK-Free-23-1-2500-pix-02.png\" \/>\n\t<meta property=\"og:image:width\" content=\"2500\" \/>\n\t<meta property=\"og:image:height\" content=\"1667\" \/>\n\t<meta property=\"og:image:type\" content=\"image\/png\" \/>\n<meta name=\"twitter:card\" content=\"summary_large_image\" \/>\n<meta name=\"twitter:label1\" content=\"Est. reading time\" \/>\n\t<meta name=\"twitter:data1\" content=\"3 minutes\" \/>\n<script type=\"application\/ld+json\" class=\"yoast-schema-graph\">{\"@context\":\"https:\/\/schema.org\",\"@graph\":[{\"@type\":\"WebPage\",\"@id\":\"https:\/\/hello-suns.com\/es\/productos\/erice-mesas\/\",\"url\":\"https:\/\/hello-suns.com\/es\/productos\/erice-mesas\/\",\"name\":\"Descubre la Mesa Erice | SUNS Outdoor Lifestyle\",\"isPartOf\":{\"@id\":\"https:\/\/hello-suns.com\/es\/#website\"},\"primaryImageOfPage\":{\"@id\":\"https:\/\/hello-suns.com\/es\/productos\/erice-mesas\/#primaryimage\"},\"image\":{\"@id\":\"https:\/\/hello-suns.com\/es\/productos\/erice-mesas\/#primaryimage\"},\"thumbnailUrl\":\"https:\/\/hello-suns.com\/app\/uploads\/2025\/01\/01_Erice-SUNS-Diningtable-TK-Free-23-1-2500-pix-02.png\",\"datePublished\":\"2025-01-15T08:24:13+00:00\",\"dateModified\":\"2025-09-11T14:11:33+00:00\",\"description\":\"\u00bfBuscas una elegante mesa erice? SUNS ofrece mesas de alta calidad que combinan a la perfecci\u00f3n durabilidad, dise\u00f1o moderno y funcionalidad.\",\"breadcrumb\":{\"@id\":\"https:\/\/hello-suns.com\/es\/productos\/erice-mesas\/#breadcrumb\"},\"inLanguage\":\"es-ES\",\"potentialAction\":[{\"@type\":\"ReadAction\",\"target\":[\"https:\/\/hello-suns.com\/es\/productos\/erice-mesas\/\"]}]},{\"@type\":\"ImageObject\",\"inLanguage\":\"es-ES\",\"@id\":\"https:\/\/hello-suns.com\/es\/productos\/erice-mesas\/#primaryimage\",\"url\":\"https:\/\/hello-suns.com\/app\/uploads\/2025\/01\/01_Erice-SUNS-Diningtable-TK-Free-23-1-2500-pix-02.png\",\"contentUrl\":\"https:\/\/hello-suns.com\/app\/uploads\/2025\/01\/01_Erice-SUNS-Diningtable-TK-Free-23-1-2500-pix-02.png\",\"width\":2500,\"height\":1667},{\"@type\":\"BreadcrumbList\",\"@id\":\"https:\/\/hello-suns.com\/es\/productos\/erice-mesas\/#breadcrumb\",\"itemListElement\":[{\"@type\":\"ListItem\",\"position\":1,\"name\":\"\",\"item\":\"https:\/\/hello-suns.com\/es\/\"},{\"@type\":\"ListItem\",\"position\":2,\"name\":\"Productos\",\"item\":\"https:\/\/hello-suns.com\/es\/productos\/\"},{\"@type\":\"ListItem\",\"position\":3,\"name\":\"Erice\"}]},{\"@type\":\"WebSite\",\"@id\":\"https:\/\/hello-suns.com\/es\/#website\",\"url\":\"https:\/\/hello-suns.com\/es\/\",\"name\":\"SUNS\",\"description\":\"Outdoor Lifestyle\",\"potentialAction\":[{\"@type\":\"SearchAction\",\"target\":{\"@type\":\"EntryPoint\",\"urlTemplate\":\"https:\/\/hello-suns.com\/es\/?s={search_term_string}\"},\"query-input\":{\"@type\":\"PropertyValueSpecification\",\"valueRequired\":true,\"valueName\":\"search_term_string\"}}],\"inLanguage\":\"es-ES\"}]}<\/script>\n<!-- \/ Yoast SEO plugin. -->","yoast_head_json":{"title":"Descubre la Mesa Erice | SUNS Outdoor Lifestyle","description":"\u00bfBuscas una elegante mesa erice? SUNS ofrece mesas de alta calidad que combinan a la perfecci\u00f3n durabilidad, dise\u00f1o moderno y funcionalidad.","robots":{"index":"index","follow":"follow","max-snippet":"max-snippet:-1","max-image-preview":"max-image-preview:large","max-video-preview":"max-video-preview:-1"},"canonical":"https:\/\/hello-suns.com\/es\/productos\/erice-mesas\/","og_locale":"es_ES","og_type":"article","og_title":"Descubre la Mesa Erice | SUNS Outdoor Lifestyle","og_description":"\u00bfBuscas una elegante mesa erice? SUNS ofrece mesas de alta calidad que combinan a la perfecci\u00f3n durabilidad, dise\u00f1o moderno y funcionalidad.","og_url":"https:\/\/hello-suns.com\/es\/productos\/erice-mesas\/","og_site_name":"SUNS","article_modified_time":"2025-09-11T14:11:33+00:00","og_image":[{"width":2500,"height":1667,"url":"https:\/\/hello-suns.com\/app\/uploads\/2025\/01\/01_Erice-SUNS-Diningtable-TK-Free-23-1-2500-pix-02.png","type":"image\/png"}],"twitter_card":"summary_large_image","twitter_misc":{"Est. reading time":"3 minutes"},"schema":{"@context":"https:\/\/schema.org","@graph":[{"@type":"WebPage","@id":"https:\/\/hello-suns.com\/es\/productos\/erice-mesas\/","url":"https:\/\/hello-suns.com\/es\/productos\/erice-mesas\/","name":"Descubre la Mesa Erice | SUNS Outdoor Lifestyle","isPartOf":{"@id":"https:\/\/hello-suns.com\/es\/#website"},"primaryImageOfPage":{"@id":"https:\/\/hello-suns.com\/es\/productos\/erice-mesas\/#primaryimage"},"image":{"@id":"https:\/\/hello-suns.com\/es\/productos\/erice-mesas\/#primaryimage"},"thumbnailUrl":"https:\/\/hello-suns.com\/app\/uploads\/2025\/01\/01_Erice-SUNS-Diningtable-TK-Free-23-1-2500-pix-02.png","datePublished":"2025-01-15T08:24:13+00:00","dateModified":"2025-09-11T14:11:33+00:00","description":"\u00bfBuscas una elegante mesa erice? SUNS ofrece mesas de alta calidad que combinan a la perfecci\u00f3n durabilidad, dise\u00f1o moderno y funcionalidad.","breadcrumb":{"@id":"https:\/\/hello-suns.com\/es\/productos\/erice-mesas\/#breadcrumb"},"inLanguage":"es-ES","potentialAction":[{"@type":"ReadAction","target":["https:\/\/hello-suns.com\/es\/productos\/erice-mesas\/"]}]},{"@type":"ImageObject","inLanguage":"es-ES","@id":"https:\/\/hello-suns.com\/es\/productos\/erice-mesas\/#primaryimage","url":"https:\/\/hello-suns.com\/app\/uploads\/2025\/01\/01_Erice-SUNS-Diningtable-TK-Free-23-1-2500-pix-02.png","contentUrl":"https:\/\/hello-suns.com\/app\/uploads\/2025\/01\/01_Erice-SUNS-Diningtable-TK-Free-23-1-2500-pix-02.png","width":2500,"height":1667},{"@type":"BreadcrumbList","@id":"https:\/\/hello-suns.com\/es\/productos\/erice-mesas\/#breadcrumb","itemListElement":[{"@type":"ListItem","position":1,"name":"","item":"https:\/\/hello-suns.com\/es\/"},{"@type":"ListItem","position":2,"name":"Productos","item":"https:\/\/hello-suns.com\/es\/productos\/"},{"@type":"ListItem","position":3,"name":"Erice"}]},{"@type":"WebSite","@id":"https:\/\/hello-suns.com\/es\/#website","url":"https:\/\/hello-suns.com\/es\/","name":"SUNS","description":"Outdoor Lifestyle","potentialAction":[{"@type":"SearchAction","target":{"@type":"EntryPoint","urlTemplate":"https:\/\/hello-suns.com\/es\/?s={search_term_string}"},"query-input":{"@type":"PropertyValueSpecification","valueRequired":true,"valueName":"search_term_string"}}],"inLanguage":"es-ES"}]}},"_links":{"self":[{"href":"https:\/\/hello-suns.com\/es\/wp-json\/wp\/v2\/product\/17607","targetHints":{"allow":["GET"]}}],"collection":[{"href":"https:\/\/hello-suns.com\/es\/wp-json\/wp\/v2\/product"}],"about":[{"href":"https:\/\/hello-suns.com\/es\/wp-json\/wp\/v2\/types\/product"}],"replies":[{"embeddable":true,"href":"https:\/\/hello-suns.com\/es\/wp-json\/wp\/v2\/comments?post=17607"}],"wp:featuredmedia":[{"embeddable":true,"href":"https:\/\/hello-suns.com\/es\/wp-json\/wp\/v2\/media\/17609"}],"wp:attachment":[{"href":"https:\/\/hello-suns.com\/es\/wp-json\/wp\/v2\/media?parent=17607"}],"wp:term":[{"taxonomy":"product_brand","embeddable":true,"href":"https:\/\/hello-suns.com\/es\/wp-json\/wp\/v2\/product_brand?post=17607"},{"taxonomy":"product_cat","embeddable":true,"href":"https:\/\/hello-suns.com\/es\/wp-json\/wp\/v2\/product_cat?post=17607"},{"taxonomy":"product_tag","embeddable":true,"href":"https:\/\/hello-suns.com\/es\/wp-json\/wp\/v2\/product_tag?post=17607"},{"taxonomy":"material","embeddable":true,"href":"https:\/\/hello-suns.com\/es\/wp-json\/wp\/v2\/material?post=17607"}],"curies":[{"name":"wp","href":"https:\/\/api.w.org\/{rel}","templated":true}]}}