{"id":17593,"date":"2025-01-15T08:41:41","date_gmt":"2025-01-15T08:41:41","guid":{"rendered":"https:\/\/hello-suns.com\/producten\/ferla\/"},"modified":"2025-09-11T13:54:22","modified_gmt":"2025-09-11T13:54:22","slug":"ferla-mesas","status":"publish","type":"product","link":"https:\/\/hello-suns.com\/es\/productos\/ferla-mesas\/","title":{"rendered":"Ferla"},"content":{"rendered":"<h2 style=\"font-weight: 400;\">Una nueva mirada<\/h2>\n<p style=\"font-weight: 400;\">Forma y funci\u00f3n se unen con estilo. Para picnics y otros momentos agradables al aire libre. Ferla ofrece una nueva visi\u00f3n del concepto de mesa de picnic.<\/p>\n","protected":false},"excerpt":{"rendered":"<h3 style=\"font-weight: 400;\">Combinaci\u00f3n de patio pr\u00e1ctica y elegante<\/h3>\n<p style=\"font-weight: 400;\">Ferla tiene un pesado armaz\u00f3n de acero inoxidable, que confiere a la mesa y los bancos integrados una construcci\u00f3n muy s\u00f3lida. El tablero y los asientos de teca aportan un toque natural. Las formas redondeadas llaman la atenci\u00f3n, tanto en el acabado de las esquinas del tablero y el asiento como en los tubos del armaz\u00f3n. El armaz\u00f3n est\u00e1 disponible en dos elegantes colores: negro mate y arena camel. La mesa Ferla est\u00e1 disponible en dos longitudes: 2,50 metros y 3,00 metros. La mesa m\u00e1s larga tiene capacidad para 10 personas. As\u00ed siempre hay sitio para visitas inesperadas. Para una mayor comodidad de asiento, SUNS ha dise\u00f1ado el innovador asiento Vieste. Col\u00f3calo en el banco de picnic y tendr\u00e1s un c\u00f3modo asiento con respaldo.<\/p>\n","protected":false},"featured_media":17595,"comment_status":"closed","ping_status":"closed","template":"","meta":{"_acf_changed":false},"product_brand":[],"product_cat":[839],"product_tag":[],"material":[],"class_list":{"0":"post-17593","1":"product","2":"type-product","3":"status-publish","4":"has-post-thumbnail","6":"product_cat-mesas","8":"first","9":"instock","10":"shipping-taxable","11":"product-type-simple"},"acf":[],"yoast_head":"<!-- This site is optimized with the Yoast SEO plugin v26.8 - https:\/\/yoast.com\/product\/yoast-seo-wordpress\/ -->\n<title>Descubre la Mesa Ferla | SUNS Outdoor Lifestyle<\/title>\n<meta name=\"description\" content=\"\u00bfBuscas una mesa ferla con estilo? SUNS ofrece mesas de alta calidad que combinan dise\u00f1o moderno, durabilidad y funcionalidad.\" \/>\n<meta name=\"robots\" content=\"index, follow, max-snippet:-1, max-image-preview:large, max-video-preview:-1\" \/>\n<link rel=\"canonical\" href=\"https:\/\/hello-suns.com\/es\/productos\/ferla-mesas\/\" \/>\n<meta property=\"og:locale\" content=\"es_ES\" \/>\n<meta property=\"og:type\" content=\"article\" \/>\n<meta property=\"og:title\" content=\"Descubre la Mesa Ferla | SUNS Outdoor Lifestyle\" \/>\n<meta property=\"og:description\" content=\"\u00bfBuscas una mesa ferla con estilo? SUNS ofrece mesas de alta calidad que combinan dise\u00f1o moderno, durabilidad y funcionalidad.\" \/>\n<meta property=\"og:url\" content=\"https:\/\/hello-suns.com\/es\/productos\/ferla-mesas\/\" \/>\n<meta property=\"og:site_name\" content=\"SUNS\" \/>\n<meta property=\"article:modified_time\" content=\"2025-09-11T13:54:22+00:00\" \/>\n<meta property=\"og:image\" content=\"https:\/\/hello-suns.com\/app\/uploads\/2025\/01\/01_Ferla-SUNS-Picnictable-CS-TK-Free-23-1-2500-pix-02-1.png\" \/>\n\t<meta property=\"og:image:width\" content=\"2500\" \/>\n\t<meta property=\"og:image:height\" content=\"1667\" \/>\n\t<meta property=\"og:image:type\" content=\"image\/png\" \/>\n<meta name=\"twitter:card\" content=\"summary_large_image\" \/>\n<meta name=\"twitter:label1\" content=\"Est. reading time\" \/>\n\t<meta name=\"twitter:data1\" content=\"3 minutes\" \/>\n<script type=\"application\/ld+json\" class=\"yoast-schema-graph\">{\"@context\":\"https:\/\/schema.org\",\"@graph\":[{\"@type\":\"WebPage\",\"@id\":\"https:\/\/hello-suns.com\/es\/productos\/ferla-mesas\/\",\"url\":\"https:\/\/hello-suns.com\/es\/productos\/ferla-mesas\/\",\"name\":\"Descubre la Mesa Ferla | SUNS Outdoor Lifestyle\",\"isPartOf\":{\"@id\":\"https:\/\/hello-suns.com\/es\/#website\"},\"primaryImageOfPage\":{\"@id\":\"https:\/\/hello-suns.com\/es\/productos\/ferla-mesas\/#primaryimage\"},\"image\":{\"@id\":\"https:\/\/hello-suns.com\/es\/productos\/ferla-mesas\/#primaryimage\"},\"thumbnailUrl\":\"https:\/\/hello-suns.com\/app\/uploads\/2025\/01\/01_Ferla-SUNS-Picnictable-CS-TK-Free-23-1-2500-pix-02-1.png\",\"datePublished\":\"2025-01-15T08:41:41+00:00\",\"dateModified\":\"2025-09-11T13:54:22+00:00\",\"description\":\"\u00bfBuscas una mesa ferla con estilo? SUNS ofrece mesas de alta calidad que combinan dise\u00f1o moderno, durabilidad y funcionalidad.\",\"breadcrumb\":{\"@id\":\"https:\/\/hello-suns.com\/es\/productos\/ferla-mesas\/#breadcrumb\"},\"inLanguage\":\"es-ES\",\"potentialAction\":[{\"@type\":\"ReadAction\",\"target\":[\"https:\/\/hello-suns.com\/es\/productos\/ferla-mesas\/\"]}]},{\"@type\":\"ImageObject\",\"inLanguage\":\"es-ES\",\"@id\":\"https:\/\/hello-suns.com\/es\/productos\/ferla-mesas\/#primaryimage\",\"url\":\"https:\/\/hello-suns.com\/app\/uploads\/2025\/01\/01_Ferla-SUNS-Picnictable-CS-TK-Free-23-1-2500-pix-02-1.png\",\"contentUrl\":\"https:\/\/hello-suns.com\/app\/uploads\/2025\/01\/01_Ferla-SUNS-Picnictable-CS-TK-Free-23-1-2500-pix-02-1.png\",\"width\":2500,\"height\":1667},{\"@type\":\"BreadcrumbList\",\"@id\":\"https:\/\/hello-suns.com\/es\/productos\/ferla-mesas\/#breadcrumb\",\"itemListElement\":[{\"@type\":\"ListItem\",\"position\":1,\"name\":\"\",\"item\":\"https:\/\/hello-suns.com\/es\/\"},{\"@type\":\"ListItem\",\"position\":2,\"name\":\"Productos\",\"item\":\"https:\/\/hello-suns.com\/es\/productos\/\"},{\"@type\":\"ListItem\",\"position\":3,\"name\":\"Ferla\"}]},{\"@type\":\"WebSite\",\"@id\":\"https:\/\/hello-suns.com\/es\/#website\",\"url\":\"https:\/\/hello-suns.com\/es\/\",\"name\":\"SUNS\",\"description\":\"Outdoor Lifestyle\",\"potentialAction\":[{\"@type\":\"SearchAction\",\"target\":{\"@type\":\"EntryPoint\",\"urlTemplate\":\"https:\/\/hello-suns.com\/es\/?s={search_term_string}\"},\"query-input\":{\"@type\":\"PropertyValueSpecification\",\"valueRequired\":true,\"valueName\":\"search_term_string\"}}],\"inLanguage\":\"es-ES\"}]}<\/script>\n<!-- \/ Yoast SEO plugin. -->","yoast_head_json":{"title":"Descubre la Mesa Ferla | SUNS Outdoor Lifestyle","description":"\u00bfBuscas una mesa ferla con estilo? SUNS ofrece mesas de alta calidad que combinan dise\u00f1o moderno, durabilidad y funcionalidad.","robots":{"index":"index","follow":"follow","max-snippet":"max-snippet:-1","max-image-preview":"max-image-preview:large","max-video-preview":"max-video-preview:-1"},"canonical":"https:\/\/hello-suns.com\/es\/productos\/ferla-mesas\/","og_locale":"es_ES","og_type":"article","og_title":"Descubre la Mesa Ferla | SUNS Outdoor Lifestyle","og_description":"\u00bfBuscas una mesa ferla con estilo? SUNS ofrece mesas de alta calidad que combinan dise\u00f1o moderno, durabilidad y funcionalidad.","og_url":"https:\/\/hello-suns.com\/es\/productos\/ferla-mesas\/","og_site_name":"SUNS","article_modified_time":"2025-09-11T13:54:22+00:00","og_image":[{"width":2500,"height":1667,"url":"https:\/\/hello-suns.com\/app\/uploads\/2025\/01\/01_Ferla-SUNS-Picnictable-CS-TK-Free-23-1-2500-pix-02-1.png","type":"image\/png"}],"twitter_card":"summary_large_image","twitter_misc":{"Est. reading time":"3 minutes"},"schema":{"@context":"https:\/\/schema.org","@graph":[{"@type":"WebPage","@id":"https:\/\/hello-suns.com\/es\/productos\/ferla-mesas\/","url":"https:\/\/hello-suns.com\/es\/productos\/ferla-mesas\/","name":"Descubre la Mesa Ferla | SUNS Outdoor Lifestyle","isPartOf":{"@id":"https:\/\/hello-suns.com\/es\/#website"},"primaryImageOfPage":{"@id":"https:\/\/hello-suns.com\/es\/productos\/ferla-mesas\/#primaryimage"},"image":{"@id":"https:\/\/hello-suns.com\/es\/productos\/ferla-mesas\/#primaryimage"},"thumbnailUrl":"https:\/\/hello-suns.com\/app\/uploads\/2025\/01\/01_Ferla-SUNS-Picnictable-CS-TK-Free-23-1-2500-pix-02-1.png","datePublished":"2025-01-15T08:41:41+00:00","dateModified":"2025-09-11T13:54:22+00:00","description":"\u00bfBuscas una mesa ferla con estilo? SUNS ofrece mesas de alta calidad que combinan dise\u00f1o moderno, durabilidad y funcionalidad.","breadcrumb":{"@id":"https:\/\/hello-suns.com\/es\/productos\/ferla-mesas\/#breadcrumb"},"inLanguage":"es-ES","potentialAction":[{"@type":"ReadAction","target":["https:\/\/hello-suns.com\/es\/productos\/ferla-mesas\/"]}]},{"@type":"ImageObject","inLanguage":"es-ES","@id":"https:\/\/hello-suns.com\/es\/productos\/ferla-mesas\/#primaryimage","url":"https:\/\/hello-suns.com\/app\/uploads\/2025\/01\/01_Ferla-SUNS-Picnictable-CS-TK-Free-23-1-2500-pix-02-1.png","contentUrl":"https:\/\/hello-suns.com\/app\/uploads\/2025\/01\/01_Ferla-SUNS-Picnictable-CS-TK-Free-23-1-2500-pix-02-1.png","width":2500,"height":1667},{"@type":"BreadcrumbList","@id":"https:\/\/hello-suns.com\/es\/productos\/ferla-mesas\/#breadcrumb","itemListElement":[{"@type":"ListItem","position":1,"name":"","item":"https:\/\/hello-suns.com\/es\/"},{"@type":"ListItem","position":2,"name":"Productos","item":"https:\/\/hello-suns.com\/es\/productos\/"},{"@type":"ListItem","position":3,"name":"Ferla"}]},{"@type":"WebSite","@id":"https:\/\/hello-suns.com\/es\/#website","url":"https:\/\/hello-suns.com\/es\/","name":"SUNS","description":"Outdoor Lifestyle","potentialAction":[{"@type":"SearchAction","target":{"@type":"EntryPoint","urlTemplate":"https:\/\/hello-suns.com\/es\/?s={search_term_string}"},"query-input":{"@type":"PropertyValueSpecification","valueRequired":true,"valueName":"search_term_string"}}],"inLanguage":"es-ES"}]}},"_links":{"self":[{"href":"https:\/\/hello-suns.com\/es\/wp-json\/wp\/v2\/product\/17593","targetHints":{"allow":["GET"]}}],"collection":[{"href":"https:\/\/hello-suns.com\/es\/wp-json\/wp\/v2\/product"}],"about":[{"href":"https:\/\/hello-suns.com\/es\/wp-json\/wp\/v2\/types\/product"}],"replies":[{"embeddable":true,"href":"https:\/\/hello-suns.com\/es\/wp-json\/wp\/v2\/comments?post=17593"}],"wp:featuredmedia":[{"embeddable":true,"href":"https:\/\/hello-suns.com\/es\/wp-json\/wp\/v2\/media\/17595"}],"wp:attachment":[{"href":"https:\/\/hello-suns.com\/es\/wp-json\/wp\/v2\/media?parent=17593"}],"wp:term":[{"taxonomy":"product_brand","embeddable":true,"href":"https:\/\/hello-suns.com\/es\/wp-json\/wp\/v2\/product_brand?post=17593"},{"taxonomy":"product_cat","embeddable":true,"href":"https:\/\/hello-suns.com\/es\/wp-json\/wp\/v2\/product_cat?post=17593"},{"taxonomy":"product_tag","embeddable":true,"href":"https:\/\/hello-suns.com\/es\/wp-json\/wp\/v2\/product_tag?post=17593"},{"taxonomy":"material","embeddable":true,"href":"https:\/\/hello-suns.com\/es\/wp-json\/wp\/v2\/material?post=17593"}],"curies":[{"name":"wp","href":"https:\/\/api.w.org\/{rel}","templated":true}]}}