{"id":17580,"date":"2025-01-15T08:49:19","date_gmt":"2025-01-15T07:49:19","guid":{"rendered":"https:\/\/hello-suns.com\/producten\/dolce-4\/"},"modified":"2026-04-15T14:33:48","modified_gmt":"2026-04-15T12:33:48","slug":"dolce-sillas-de-low-dining","status":"publish","type":"product","link":"https:\/\/hello-suns.com\/es\/productos\/dolce-sillas-de-low-dining\/","title":{"rendered":"Dolce"},"content":{"rendered":"<h2 style=\"font-weight: 400;\">Dolce far niente<\/h2>\n<p style=\"font-weight: 400;\">El sentido italiano del estilo y la buena vida es ampliamente conocido. Dolce a\u00fana agradablemente dise\u00f1o y confort. Disfruta de la \u201cdichosa ociosidad\u201d.<\/p>\n","protected":false},"excerpt":{"rendered":"<h3 style=\"font-weight: 400;\">Generosa silla baja de comedor con asiento bajo distintivo<\/h3>\n<p style=\"font-weight: 400;\">Dolce low dining tiene un asiento m\u00e1s bajo que la silla media, en consonancia con la tendencia \u201clow dining\u201d. Combina la comodidad de una tumbona con la practicidad de una silla normal. Las sillas bajas de comedor Dolce est\u00e1n dise\u00f1adas para que puedas sentarte tanto erguido como m\u00e1s relajado.<\/p>\n<p style=\"font-weight: 400;\">La silla tiene un tejido en espina de pez de cuerda acr\u00edlica de primera calidad que le da un aspecto elegante a la vez que proporciona una agradable comodidad de asiento. El armaz\u00f3n de acero inoxidable tiene bonitas curvas y est\u00e1 disponible en dos colores: Arena camello y Gris real mate.<\/p>\n<p style=\"font-weight: 400;\">La silla de comedor baja Dolce es excelente para combinar con la mesa de comedor baja Grado, que con su tama\u00f1o m\u00e1s bajo encaja perfectamente y forma el conjunto de comedor bajo perfecto. Este comedor bajo tambi\u00e9n est\u00e1 disponible en versi\u00f3n silla Dolce. La silla m\u00e1s alta para una mesa normal.<\/p>\n","protected":false},"featured_media":55271,"comment_status":"closed","ping_status":"closed","template":"","meta":{"_acf_changed":false},"product_brand":[],"product_cat":[801],"product_tag":[],"material":[],"class_list":{"0":"post-17580","1":"product","2":"type-product","3":"status-publish","4":"has-post-thumbnail","6":"product_cat-sillas-de-low-dining","8":"first","9":"instock","10":"shipping-taxable","11":"product-type-simple"},"acf":[],"yoast_head":"<!-- This site is optimized with the Yoast SEO plugin v26.8 - https:\/\/yoast.com\/product\/yoast-seo-wordpress\/ -->\n<title>Descubre la silla Dolce Lowdining | SUNS Outdoor Lifestyle<\/title>\n<meta name=\"description\" content=\"\u00bfBuscas una elegante silla baja de comedor Dolce? SUNS te ofrece sillas bajas de comedor c\u00f3modas y duraderas que combinan a la perfecci\u00f3n dise\u00f1o moderno y lujo.\" \/>\n<meta name=\"robots\" content=\"index, follow, max-snippet:-1, max-image-preview:large, max-video-preview:-1\" \/>\n<link rel=\"canonical\" href=\"https:\/\/hello-suns.com\/es\/productos\/dolce-sillas-de-low-dining\/\" \/>\n<meta property=\"og:locale\" content=\"es_ES\" \/>\n<meta property=\"og:type\" content=\"article\" \/>\n<meta property=\"og:title\" content=\"Descubre la silla Dolce Lowdining | SUNS Outdoor Lifestyle\" \/>\n<meta property=\"og:description\" content=\"\u00bfBuscas una elegante silla baja de comedor Dolce? SUNS te ofrece sillas bajas de comedor c\u00f3modas y duraderas que combinan a la perfecci\u00f3n dise\u00f1o moderno y lujo.\" \/>\n<meta property=\"og:url\" content=\"https:\/\/hello-suns.com\/es\/productos\/dolce-sillas-de-low-dining\/\" \/>\n<meta property=\"og:site_name\" content=\"SUNS\" \/>\n<meta property=\"article:modified_time\" content=\"2026-04-15T12:33:48+00:00\" \/>\n<meta property=\"og:image\" content=\"https:\/\/hello-suns.com\/app\/uploads\/2025\/01\/Dolce-SUNS-LowDiningChair-CS-MR-SSB-Free-26.png\" \/>\n\t<meta property=\"og:image:width\" content=\"3240\" \/>\n\t<meta property=\"og:image:height\" content=\"2160\" \/>\n\t<meta property=\"og:image:type\" content=\"image\/png\" \/>\n<meta name=\"twitter:card\" content=\"summary_large_image\" \/>\n<meta name=\"twitter:label1\" content=\"Est. reading time\" \/>\n\t<meta name=\"twitter:data1\" content=\"3 minutes\" \/>\n<script type=\"application\/ld+json\" class=\"yoast-schema-graph\">{\"@context\":\"https:\/\/schema.org\",\"@graph\":[{\"@type\":\"WebPage\",\"@id\":\"https:\/\/hello-suns.com\/es\/productos\/dolce-sillas-de-low-dining\/\",\"url\":\"https:\/\/hello-suns.com\/es\/productos\/dolce-sillas-de-low-dining\/\",\"name\":\"Descubre la silla Dolce Lowdining | SUNS Outdoor Lifestyle\",\"isPartOf\":{\"@id\":\"https:\/\/hello-suns.com\/es\/#website\"},\"primaryImageOfPage\":{\"@id\":\"https:\/\/hello-suns.com\/es\/productos\/dolce-sillas-de-low-dining\/#primaryimage\"},\"image\":{\"@id\":\"https:\/\/hello-suns.com\/es\/productos\/dolce-sillas-de-low-dining\/#primaryimage\"},\"thumbnailUrl\":\"https:\/\/hello-suns.com\/app\/uploads\/2025\/01\/Dolce-SUNS-LowDiningChair-CS-MR-SSB-Free-26.png\",\"datePublished\":\"2025-01-15T07:49:19+00:00\",\"dateModified\":\"2026-04-15T12:33:48+00:00\",\"description\":\"\u00bfBuscas una elegante silla baja de comedor Dolce? SUNS te ofrece sillas bajas de comedor c\u00f3modas y duraderas que combinan a la perfecci\u00f3n dise\u00f1o moderno y lujo.\",\"breadcrumb\":{\"@id\":\"https:\/\/hello-suns.com\/es\/productos\/dolce-sillas-de-low-dining\/#breadcrumb\"},\"inLanguage\":\"es-ES\",\"potentialAction\":[{\"@type\":\"ReadAction\",\"target\":[\"https:\/\/hello-suns.com\/es\/productos\/dolce-sillas-de-low-dining\/\"]}]},{\"@type\":\"ImageObject\",\"inLanguage\":\"es-ES\",\"@id\":\"https:\/\/hello-suns.com\/es\/productos\/dolce-sillas-de-low-dining\/#primaryimage\",\"url\":\"https:\/\/hello-suns.com\/app\/uploads\/2025\/01\/Dolce-SUNS-LowDiningChair-CS-MR-SSB-Free-26.png\",\"contentUrl\":\"https:\/\/hello-suns.com\/app\/uploads\/2025\/01\/Dolce-SUNS-LowDiningChair-CS-MR-SSB-Free-26.png\",\"width\":3240,\"height\":2160},{\"@type\":\"BreadcrumbList\",\"@id\":\"https:\/\/hello-suns.com\/es\/productos\/dolce-sillas-de-low-dining\/#breadcrumb\",\"itemListElement\":[{\"@type\":\"ListItem\",\"position\":1,\"name\":\"\",\"item\":\"https:\/\/hello-suns.com\/es\/\"},{\"@type\":\"ListItem\",\"position\":2,\"name\":\"Productos\",\"item\":\"https:\/\/hello-suns.com\/es\/productos\/\"},{\"@type\":\"ListItem\",\"position\":3,\"name\":\"Dolce\"}]},{\"@type\":\"WebSite\",\"@id\":\"https:\/\/hello-suns.com\/es\/#website\",\"url\":\"https:\/\/hello-suns.com\/es\/\",\"name\":\"SUNS\",\"description\":\"Outdoor Lifestyle\",\"potentialAction\":[{\"@type\":\"SearchAction\",\"target\":{\"@type\":\"EntryPoint\",\"urlTemplate\":\"https:\/\/hello-suns.com\/es\/?s={search_term_string}\"},\"query-input\":{\"@type\":\"PropertyValueSpecification\",\"valueRequired\":true,\"valueName\":\"search_term_string\"}}],\"inLanguage\":\"es-ES\"}]}<\/script>\n<!-- \/ Yoast SEO plugin. -->","yoast_head_json":{"title":"Descubre la silla Dolce Lowdining | SUNS Outdoor Lifestyle","description":"\u00bfBuscas una elegante silla baja de comedor Dolce? SUNS te ofrece sillas bajas de comedor c\u00f3modas y duraderas que combinan a la perfecci\u00f3n dise\u00f1o moderno y lujo.","robots":{"index":"index","follow":"follow","max-snippet":"max-snippet:-1","max-image-preview":"max-image-preview:large","max-video-preview":"max-video-preview:-1"},"canonical":"https:\/\/hello-suns.com\/es\/productos\/dolce-sillas-de-low-dining\/","og_locale":"es_ES","og_type":"article","og_title":"Descubre la silla Dolce Lowdining | SUNS Outdoor Lifestyle","og_description":"\u00bfBuscas una elegante silla baja de comedor Dolce? SUNS te ofrece sillas bajas de comedor c\u00f3modas y duraderas que combinan a la perfecci\u00f3n dise\u00f1o moderno y lujo.","og_url":"https:\/\/hello-suns.com\/es\/productos\/dolce-sillas-de-low-dining\/","og_site_name":"SUNS","article_modified_time":"2026-04-15T12:33:48+00:00","og_image":[{"width":3240,"height":2160,"url":"https:\/\/hello-suns.com\/app\/uploads\/2025\/01\/Dolce-SUNS-LowDiningChair-CS-MR-SSB-Free-26.png","type":"image\/png"}],"twitter_card":"summary_large_image","twitter_misc":{"Est. reading time":"3 minutes"},"schema":{"@context":"https:\/\/schema.org","@graph":[{"@type":"WebPage","@id":"https:\/\/hello-suns.com\/es\/productos\/dolce-sillas-de-low-dining\/","url":"https:\/\/hello-suns.com\/es\/productos\/dolce-sillas-de-low-dining\/","name":"Descubre la silla Dolce Lowdining | SUNS Outdoor Lifestyle","isPartOf":{"@id":"https:\/\/hello-suns.com\/es\/#website"},"primaryImageOfPage":{"@id":"https:\/\/hello-suns.com\/es\/productos\/dolce-sillas-de-low-dining\/#primaryimage"},"image":{"@id":"https:\/\/hello-suns.com\/es\/productos\/dolce-sillas-de-low-dining\/#primaryimage"},"thumbnailUrl":"https:\/\/hello-suns.com\/app\/uploads\/2025\/01\/Dolce-SUNS-LowDiningChair-CS-MR-SSB-Free-26.png","datePublished":"2025-01-15T07:49:19+00:00","dateModified":"2026-04-15T12:33:48+00:00","description":"\u00bfBuscas una elegante silla baja de comedor Dolce? SUNS te ofrece sillas bajas de comedor c\u00f3modas y duraderas que combinan a la perfecci\u00f3n dise\u00f1o moderno y lujo.","breadcrumb":{"@id":"https:\/\/hello-suns.com\/es\/productos\/dolce-sillas-de-low-dining\/#breadcrumb"},"inLanguage":"es-ES","potentialAction":[{"@type":"ReadAction","target":["https:\/\/hello-suns.com\/es\/productos\/dolce-sillas-de-low-dining\/"]}]},{"@type":"ImageObject","inLanguage":"es-ES","@id":"https:\/\/hello-suns.com\/es\/productos\/dolce-sillas-de-low-dining\/#primaryimage","url":"https:\/\/hello-suns.com\/app\/uploads\/2025\/01\/Dolce-SUNS-LowDiningChair-CS-MR-SSB-Free-26.png","contentUrl":"https:\/\/hello-suns.com\/app\/uploads\/2025\/01\/Dolce-SUNS-LowDiningChair-CS-MR-SSB-Free-26.png","width":3240,"height":2160},{"@type":"BreadcrumbList","@id":"https:\/\/hello-suns.com\/es\/productos\/dolce-sillas-de-low-dining\/#breadcrumb","itemListElement":[{"@type":"ListItem","position":1,"name":"","item":"https:\/\/hello-suns.com\/es\/"},{"@type":"ListItem","position":2,"name":"Productos","item":"https:\/\/hello-suns.com\/es\/productos\/"},{"@type":"ListItem","position":3,"name":"Dolce"}]},{"@type":"WebSite","@id":"https:\/\/hello-suns.com\/es\/#website","url":"https:\/\/hello-suns.com\/es\/","name":"SUNS","description":"Outdoor Lifestyle","potentialAction":[{"@type":"SearchAction","target":{"@type":"EntryPoint","urlTemplate":"https:\/\/hello-suns.com\/es\/?s={search_term_string}"},"query-input":{"@type":"PropertyValueSpecification","valueRequired":true,"valueName":"search_term_string"}}],"inLanguage":"es-ES"}]}},"_links":{"self":[{"href":"https:\/\/hello-suns.com\/es\/wp-json\/wp\/v2\/product\/17580","targetHints":{"allow":["GET"]}}],"collection":[{"href":"https:\/\/hello-suns.com\/es\/wp-json\/wp\/v2\/product"}],"about":[{"href":"https:\/\/hello-suns.com\/es\/wp-json\/wp\/v2\/types\/product"}],"replies":[{"embeddable":true,"href":"https:\/\/hello-suns.com\/es\/wp-json\/wp\/v2\/comments?post=17580"}],"wp:featuredmedia":[{"embeddable":true,"href":"https:\/\/hello-suns.com\/es\/wp-json\/wp\/v2\/media\/55271"}],"wp:attachment":[{"href":"https:\/\/hello-suns.com\/es\/wp-json\/wp\/v2\/media?parent=17580"}],"wp:term":[{"taxonomy":"product_brand","embeddable":true,"href":"https:\/\/hello-suns.com\/es\/wp-json\/wp\/v2\/product_brand?post=17580"},{"taxonomy":"product_cat","embeddable":true,"href":"https:\/\/hello-suns.com\/es\/wp-json\/wp\/v2\/product_cat?post=17580"},{"taxonomy":"product_tag","embeddable":true,"href":"https:\/\/hello-suns.com\/es\/wp-json\/wp\/v2\/product_tag?post=17580"},{"taxonomy":"material","embeddable":true,"href":"https:\/\/hello-suns.com\/es\/wp-json\/wp\/v2\/material?post=17580"}],"curies":[{"name":"wp","href":"https:\/\/api.w.org\/{rel}","templated":true}]}}