{"id":17505,"date":"2025-01-15T09:26:14","date_gmt":"2025-01-15T09:26:14","guid":{"rendered":"https:\/\/hello-suns.com\/producten\/sato-5\/"},"modified":"2025-09-12T09:15:07","modified_gmt":"2025-09-12T09:15:07","slug":"sato-sillas-de-low-dining","status":"publish","type":"product","link":"https:\/\/hello-suns.com\/es\/productos\/sato-sillas-de-low-dining\/","title":{"rendered":"Sato"},"content":{"rendered":"<h2 style=\"font-weight: 400;\">\u00danete a nosotros para vivir la mejor experiencia de asiento<\/h2>\n<p style=\"font-weight: 400;\">Conoce el comedor bajo Sato y descubre el nuevo disfrute. A\u00fan m\u00e1s comodidad de asiento para tardes de verano a\u00fan m\u00e1s largas.<\/p>\n","protected":false},"excerpt":{"rendered":"<h3 style=\"font-weight: 400;\">Respaldo tejido para atraer todas las miradas<\/h3>\n<p style=\"font-weight: 400;\">Para la colecci\u00f3n Sato, SUNS cre\u00f3 una nueva t\u00e9cnica de acabado para la secci\u00f3n del respaldo. El resultado es un hermoso tejido que proporciona un apoyo \u00f3ptimo y confiere car\u00e1cter propio a esta silla de comedor baja. \u00a1Lo mejor de dos mundos!<\/p>\n<p style=\"font-weight: 400;\">Sato es el sill\u00f3n bajo entre los sillones. Para un m\u00e1ximo confort de asiento, los generosos cojines y el respaldo tejido est\u00e1n rellenos de Quick Dry Foam\u00ae, una espuma especialmente desarrollada que se seca r\u00e1pidamente gracias a su estructura abierta. La tapicer\u00eda de primera calidad es repelente al agua, resistente a la intemperie y f\u00e1cil de limpiar. El juguet\u00f3n armaz\u00f3n est\u00e1 fabricado \u00edntegramente en aluminio de alta calidad. Esto permite dejar las sillas Sato en el exterior durante todo el a\u00f1o. En la colecci\u00f3n Sato tambi\u00e9n hay disponibles un conjunto de sof\u00e1, silla y tumbona.<\/p>\n","protected":false},"featured_media":17506,"comment_status":"closed","ping_status":"closed","template":"","meta":{"_acf_changed":false},"product_brand":[],"product_cat":[801],"product_tag":[],"material":[],"class_list":{"0":"post-17505","1":"product","2":"type-product","3":"status-publish","4":"has-post-thumbnail","6":"product_cat-sillas-de-low-dining","8":"first","9":"instock","10":"shipping-taxable","11":"product-type-simple"},"acf":[],"yoast_head":"<!-- This site is optimized with the Yoast SEO plugin v26.8 - https:\/\/yoast.com\/product\/yoast-seo-wordpress\/ -->\n<title>Descubre la silla Sato Lowdining | SUNS Outdoor Lifestyle<\/title>\n<meta name=\"description\" content=\"\u00bfBuscas una elegante silla de comedor baja Sato? SUNS te ofrece c\u00f3modas sillas con un dise\u00f1o moderno y materiales duraderos para comer relajadamente al aire libre.\" \/>\n<meta name=\"robots\" content=\"index, follow, max-snippet:-1, max-image-preview:large, max-video-preview:-1\" \/>\n<link rel=\"canonical\" href=\"https:\/\/hello-suns.com\/es\/productos\/sato-sillas-de-low-dining\/\" \/>\n<meta property=\"og:locale\" content=\"es_ES\" \/>\n<meta property=\"og:type\" content=\"article\" \/>\n<meta property=\"og:title\" content=\"Descubre la silla Sato Lowdining | SUNS Outdoor Lifestyle\" \/>\n<meta property=\"og:description\" content=\"\u00bfBuscas una elegante silla de comedor baja Sato? SUNS te ofrece c\u00f3modas sillas con un dise\u00f1o moderno y materiales duraderos para comer relajadamente al aire libre.\" \/>\n<meta property=\"og:url\" content=\"https:\/\/hello-suns.com\/es\/productos\/sato-sillas-de-low-dining\/\" \/>\n<meta property=\"og:site_name\" content=\"SUNS\" \/>\n<meta property=\"article:modified_time\" content=\"2025-09-12T09:15:07+00:00\" \/>\n<meta property=\"og:image\" content=\"https:\/\/hello-suns.com\/app\/uploads\/2025\/01\/01_Sato-SUNS-lowdiningchair-CS-NG-Free-25-2500-2-3.png\" \/>\n\t<meta property=\"og:image:width\" content=\"2500\" \/>\n\t<meta property=\"og:image:height\" content=\"1667\" \/>\n\t<meta property=\"og:image:type\" content=\"image\/png\" \/>\n<meta name=\"twitter:card\" content=\"summary_large_image\" \/>\n<meta name=\"twitter:label1\" content=\"Est. reading time\" \/>\n\t<meta name=\"twitter:data1\" content=\"3 minutes\" \/>\n<script type=\"application\/ld+json\" class=\"yoast-schema-graph\">{\"@context\":\"https:\/\/schema.org\",\"@graph\":[{\"@type\":\"WebPage\",\"@id\":\"https:\/\/hello-suns.com\/es\/productos\/sato-sillas-de-low-dining\/\",\"url\":\"https:\/\/hello-suns.com\/es\/productos\/sato-sillas-de-low-dining\/\",\"name\":\"Descubre la silla Sato Lowdining | SUNS Outdoor Lifestyle\",\"isPartOf\":{\"@id\":\"https:\/\/hello-suns.com\/es\/#website\"},\"primaryImageOfPage\":{\"@id\":\"https:\/\/hello-suns.com\/es\/productos\/sato-sillas-de-low-dining\/#primaryimage\"},\"image\":{\"@id\":\"https:\/\/hello-suns.com\/es\/productos\/sato-sillas-de-low-dining\/#primaryimage\"},\"thumbnailUrl\":\"https:\/\/hello-suns.com\/app\/uploads\/2025\/01\/01_Sato-SUNS-lowdiningchair-CS-NG-Free-25-2500-2-3.png\",\"datePublished\":\"2025-01-15T09:26:14+00:00\",\"dateModified\":\"2025-09-12T09:15:07+00:00\",\"description\":\"\u00bfBuscas una elegante silla de comedor baja Sato? SUNS te ofrece c\u00f3modas sillas con un dise\u00f1o moderno y materiales duraderos para comer relajadamente al aire libre.\",\"breadcrumb\":{\"@id\":\"https:\/\/hello-suns.com\/es\/productos\/sato-sillas-de-low-dining\/#breadcrumb\"},\"inLanguage\":\"es-ES\",\"potentialAction\":[{\"@type\":\"ReadAction\",\"target\":[\"https:\/\/hello-suns.com\/es\/productos\/sato-sillas-de-low-dining\/\"]}]},{\"@type\":\"ImageObject\",\"inLanguage\":\"es-ES\",\"@id\":\"https:\/\/hello-suns.com\/es\/productos\/sato-sillas-de-low-dining\/#primaryimage\",\"url\":\"https:\/\/hello-suns.com\/app\/uploads\/2025\/01\/01_Sato-SUNS-lowdiningchair-CS-NG-Free-25-2500-2-3.png\",\"contentUrl\":\"https:\/\/hello-suns.com\/app\/uploads\/2025\/01\/01_Sato-SUNS-lowdiningchair-CS-NG-Free-25-2500-2-3.png\",\"width\":2500,\"height\":1667},{\"@type\":\"BreadcrumbList\",\"@id\":\"https:\/\/hello-suns.com\/es\/productos\/sato-sillas-de-low-dining\/#breadcrumb\",\"itemListElement\":[{\"@type\":\"ListItem\",\"position\":1,\"name\":\"\",\"item\":\"https:\/\/hello-suns.com\/es\/\"},{\"@type\":\"ListItem\",\"position\":2,\"name\":\"Productos\",\"item\":\"https:\/\/hello-suns.com\/es\/productos\/\"},{\"@type\":\"ListItem\",\"position\":3,\"name\":\"Sato\"}]},{\"@type\":\"WebSite\",\"@id\":\"https:\/\/hello-suns.com\/es\/#website\",\"url\":\"https:\/\/hello-suns.com\/es\/\",\"name\":\"SUNS\",\"description\":\"Outdoor Lifestyle\",\"potentialAction\":[{\"@type\":\"SearchAction\",\"target\":{\"@type\":\"EntryPoint\",\"urlTemplate\":\"https:\/\/hello-suns.com\/es\/?s={search_term_string}\"},\"query-input\":{\"@type\":\"PropertyValueSpecification\",\"valueRequired\":true,\"valueName\":\"search_term_string\"}}],\"inLanguage\":\"es-ES\"}]}<\/script>\n<!-- \/ Yoast SEO plugin. -->","yoast_head_json":{"title":"Descubre la silla Sato Lowdining | SUNS Outdoor Lifestyle","description":"\u00bfBuscas una elegante silla de comedor baja Sato? SUNS te ofrece c\u00f3modas sillas con un dise\u00f1o moderno y materiales duraderos para comer relajadamente al aire libre.","robots":{"index":"index","follow":"follow","max-snippet":"max-snippet:-1","max-image-preview":"max-image-preview:large","max-video-preview":"max-video-preview:-1"},"canonical":"https:\/\/hello-suns.com\/es\/productos\/sato-sillas-de-low-dining\/","og_locale":"es_ES","og_type":"article","og_title":"Descubre la silla Sato Lowdining | SUNS Outdoor Lifestyle","og_description":"\u00bfBuscas una elegante silla de comedor baja Sato? SUNS te ofrece c\u00f3modas sillas con un dise\u00f1o moderno y materiales duraderos para comer relajadamente al aire libre.","og_url":"https:\/\/hello-suns.com\/es\/productos\/sato-sillas-de-low-dining\/","og_site_name":"SUNS","article_modified_time":"2025-09-12T09:15:07+00:00","og_image":[{"width":2500,"height":1667,"url":"https:\/\/hello-suns.com\/app\/uploads\/2025\/01\/01_Sato-SUNS-lowdiningchair-CS-NG-Free-25-2500-2-3.png","type":"image\/png"}],"twitter_card":"summary_large_image","twitter_misc":{"Est. reading time":"3 minutes"},"schema":{"@context":"https:\/\/schema.org","@graph":[{"@type":"WebPage","@id":"https:\/\/hello-suns.com\/es\/productos\/sato-sillas-de-low-dining\/","url":"https:\/\/hello-suns.com\/es\/productos\/sato-sillas-de-low-dining\/","name":"Descubre la silla Sato Lowdining | SUNS Outdoor Lifestyle","isPartOf":{"@id":"https:\/\/hello-suns.com\/es\/#website"},"primaryImageOfPage":{"@id":"https:\/\/hello-suns.com\/es\/productos\/sato-sillas-de-low-dining\/#primaryimage"},"image":{"@id":"https:\/\/hello-suns.com\/es\/productos\/sato-sillas-de-low-dining\/#primaryimage"},"thumbnailUrl":"https:\/\/hello-suns.com\/app\/uploads\/2025\/01\/01_Sato-SUNS-lowdiningchair-CS-NG-Free-25-2500-2-3.png","datePublished":"2025-01-15T09:26:14+00:00","dateModified":"2025-09-12T09:15:07+00:00","description":"\u00bfBuscas una elegante silla de comedor baja Sato? SUNS te ofrece c\u00f3modas sillas con un dise\u00f1o moderno y materiales duraderos para comer relajadamente al aire libre.","breadcrumb":{"@id":"https:\/\/hello-suns.com\/es\/productos\/sato-sillas-de-low-dining\/#breadcrumb"},"inLanguage":"es-ES","potentialAction":[{"@type":"ReadAction","target":["https:\/\/hello-suns.com\/es\/productos\/sato-sillas-de-low-dining\/"]}]},{"@type":"ImageObject","inLanguage":"es-ES","@id":"https:\/\/hello-suns.com\/es\/productos\/sato-sillas-de-low-dining\/#primaryimage","url":"https:\/\/hello-suns.com\/app\/uploads\/2025\/01\/01_Sato-SUNS-lowdiningchair-CS-NG-Free-25-2500-2-3.png","contentUrl":"https:\/\/hello-suns.com\/app\/uploads\/2025\/01\/01_Sato-SUNS-lowdiningchair-CS-NG-Free-25-2500-2-3.png","width":2500,"height":1667},{"@type":"BreadcrumbList","@id":"https:\/\/hello-suns.com\/es\/productos\/sato-sillas-de-low-dining\/#breadcrumb","itemListElement":[{"@type":"ListItem","position":1,"name":"","item":"https:\/\/hello-suns.com\/es\/"},{"@type":"ListItem","position":2,"name":"Productos","item":"https:\/\/hello-suns.com\/es\/productos\/"},{"@type":"ListItem","position":3,"name":"Sato"}]},{"@type":"WebSite","@id":"https:\/\/hello-suns.com\/es\/#website","url":"https:\/\/hello-suns.com\/es\/","name":"SUNS","description":"Outdoor Lifestyle","potentialAction":[{"@type":"SearchAction","target":{"@type":"EntryPoint","urlTemplate":"https:\/\/hello-suns.com\/es\/?s={search_term_string}"},"query-input":{"@type":"PropertyValueSpecification","valueRequired":true,"valueName":"search_term_string"}}],"inLanguage":"es-ES"}]}},"_links":{"self":[{"href":"https:\/\/hello-suns.com\/es\/wp-json\/wp\/v2\/product\/17505","targetHints":{"allow":["GET"]}}],"collection":[{"href":"https:\/\/hello-suns.com\/es\/wp-json\/wp\/v2\/product"}],"about":[{"href":"https:\/\/hello-suns.com\/es\/wp-json\/wp\/v2\/types\/product"}],"replies":[{"embeddable":true,"href":"https:\/\/hello-suns.com\/es\/wp-json\/wp\/v2\/comments?post=17505"}],"wp:featuredmedia":[{"embeddable":true,"href":"https:\/\/hello-suns.com\/es\/wp-json\/wp\/v2\/media\/17506"}],"wp:attachment":[{"href":"https:\/\/hello-suns.com\/es\/wp-json\/wp\/v2\/media?parent=17505"}],"wp:term":[{"taxonomy":"product_brand","embeddable":true,"href":"https:\/\/hello-suns.com\/es\/wp-json\/wp\/v2\/product_brand?post=17505"},{"taxonomy":"product_cat","embeddable":true,"href":"https:\/\/hello-suns.com\/es\/wp-json\/wp\/v2\/product_cat?post=17505"},{"taxonomy":"product_tag","embeddable":true,"href":"https:\/\/hello-suns.com\/es\/wp-json\/wp\/v2\/product_tag?post=17505"},{"taxonomy":"material","embeddable":true,"href":"https:\/\/hello-suns.com\/es\/wp-json\/wp\/v2\/material?post=17505"}],"curies":[{"name":"wp","href":"https:\/\/api.w.org\/{rel}","templated":true}]}}