{"id":17504,"date":"2025-01-15T08:17:25","date_gmt":"2025-01-15T07:17:25","guid":{"rendered":"https:\/\/hello-suns.com\/producten\/tosca-5\/"},"modified":"2026-02-04T11:46:51","modified_gmt":"2026-02-04T10:46:51","slug":"tosca-conjuntos-de-sofa","status":"publish","type":"product","link":"https:\/\/hello-suns.com\/es\/productos\/tosca-conjuntos-de-sofa\/","title":{"rendered":"Tosca"},"content":{"rendered":"<h2 style=\"font-weight: 400;\">Comodidad en un dise\u00f1o atemporal<\/h2>\n<p style=\"font-weight: 400;\">Tosca es una presencia con estilo. El marco, encantador y elegante, est\u00e1 engarzado con cuerdas tejidas juguetonamente. La generosa amortiguaci\u00f3n subraya el confort.<\/p>\n","protected":false},"excerpt":{"rendered":"<h3 style=\"font-weight: 400;\">Encantador juego de sof\u00e1 de cuerda<\/h3>\n<p style=\"font-weight: 400;\">SUNS Tosca es un conjunto de sof\u00e1 elegante y extremadamente c\u00f3modo. El asiento se inclina sutilmente hacia atr\u00e1s, proporcionando una sentada agradablemente relajada. Tosca significa relajarse en optima forma. Su dise\u00f1o ligeramente nost\u00e1lgico hace que este conjunto de sof\u00e1s atraiga todas las miradas en cualquier terraza.<\/p>\n<p style=\"font-weight: 400;\">El esbelto marco de aluminio est\u00e1 ensartado con cordaje de primera calidad en un tejido juguet\u00f3n. Esto le da un aspecto encantador que se realza con el color natural de tonos suaves. El conjunto incluye dos mesas auxiliares redondas con tablero de piedra sinterizada de serie. Gracias a sus materiales de alta calidad resistentes a la intemperie, Tosca puede estar al aire libre todo el a\u00f1o. Tosca tambi\u00e9n est\u00e1 disponible como conjunto de sal\u00f3n con una disposici\u00f3n esquinera fija.<\/p>\n","protected":false},"featured_media":17510,"comment_status":"closed","ping_status":"closed","template":"","meta":{"_acf_changed":false},"product_brand":[],"product_cat":[800],"product_tag":[],"material":[],"class_list":{"0":"post-17504","1":"product","2":"type-product","3":"status-publish","4":"has-post-thumbnail","6":"product_cat-conjuntos-de-sofa","8":"first","9":"instock","10":"shipping-taxable","11":"product-type-simple"},"acf":[],"yoast_head":"<!-- This site is optimized with the Yoast SEO plugin v26.8 - https:\/\/yoast.com\/product\/yoast-seo-wordpress\/ -->\n<title>Descubre el Sof\u00e1 Tosca | SUNS Outdoor Lifestyle<\/title>\n<meta name=\"description\" content=\"\u00bfBuscas un elegante conjunto de sof\u00e1 tosca? SUNS te ofrece lujosos conjuntos de sof\u00e1 de dise\u00f1o moderno y gran confort, perfectos para un espacio exterior relajante.\" \/>\n<meta name=\"robots\" content=\"index, follow, max-snippet:-1, max-image-preview:large, max-video-preview:-1\" \/>\n<link rel=\"canonical\" href=\"https:\/\/hello-suns.com\/es\/productos\/tosca-conjuntos-de-sofa\/\" \/>\n<meta property=\"og:locale\" content=\"es_ES\" \/>\n<meta property=\"og:type\" content=\"article\" \/>\n<meta property=\"og:title\" content=\"Descubre el Sof\u00e1 Tosca | SUNS Outdoor Lifestyle\" \/>\n<meta property=\"og:description\" content=\"\u00bfBuscas un elegante conjunto de sof\u00e1 tosca? SUNS te ofrece lujosos conjuntos de sof\u00e1 de dise\u00f1o moderno y gran confort, perfectos para un espacio exterior relajante.\" \/>\n<meta property=\"og:url\" content=\"https:\/\/hello-suns.com\/es\/productos\/tosca-conjuntos-de-sofa\/\" \/>\n<meta property=\"og:site_name\" content=\"SUNS\" \/>\n<meta property=\"article:modified_time\" content=\"2026-02-04T10:46:51+00:00\" \/>\n<meta property=\"og:image\" content=\"https:\/\/hello-suns.com\/app\/uploads\/2025\/01\/01_Tosca-SUNS-Sofaset-CS-NMW-ng-free-25-2500-2.png\" \/>\n\t<meta property=\"og:image:width\" content=\"2500\" \/>\n\t<meta property=\"og:image:height\" content=\"1667\" \/>\n\t<meta property=\"og:image:type\" content=\"image\/png\" \/>\n<meta name=\"twitter:card\" content=\"summary_large_image\" \/>\n<meta name=\"twitter:label1\" content=\"Est. reading time\" \/>\n\t<meta name=\"twitter:data1\" content=\"4 minutes\" \/>\n<script type=\"application\/ld+json\" class=\"yoast-schema-graph\">{\"@context\":\"https:\/\/schema.org\",\"@graph\":[{\"@type\":\"WebPage\",\"@id\":\"https:\/\/hello-suns.com\/es\/productos\/tosca-conjuntos-de-sofa\/\",\"url\":\"https:\/\/hello-suns.com\/es\/productos\/tosca-conjuntos-de-sofa\/\",\"name\":\"Descubre el Sof\u00e1 Tosca | SUNS Outdoor Lifestyle\",\"isPartOf\":{\"@id\":\"https:\/\/hello-suns.com\/es\/#website\"},\"primaryImageOfPage\":{\"@id\":\"https:\/\/hello-suns.com\/es\/productos\/tosca-conjuntos-de-sofa\/#primaryimage\"},\"image\":{\"@id\":\"https:\/\/hello-suns.com\/es\/productos\/tosca-conjuntos-de-sofa\/#primaryimage\"},\"thumbnailUrl\":\"https:\/\/hello-suns.com\/app\/uploads\/2025\/01\/01_Tosca-SUNS-Sofaset-CS-NMW-ng-free-25-2500-2.png\",\"datePublished\":\"2025-01-15T07:17:25+00:00\",\"dateModified\":\"2026-02-04T10:46:51+00:00\",\"description\":\"\u00bfBuscas un elegante conjunto de sof\u00e1 tosca? SUNS te ofrece lujosos conjuntos de sof\u00e1 de dise\u00f1o moderno y gran confort, perfectos para un espacio exterior relajante.\",\"breadcrumb\":{\"@id\":\"https:\/\/hello-suns.com\/es\/productos\/tosca-conjuntos-de-sofa\/#breadcrumb\"},\"inLanguage\":\"es-ES\",\"potentialAction\":[{\"@type\":\"ReadAction\",\"target\":[\"https:\/\/hello-suns.com\/es\/productos\/tosca-conjuntos-de-sofa\/\"]}]},{\"@type\":\"ImageObject\",\"inLanguage\":\"es-ES\",\"@id\":\"https:\/\/hello-suns.com\/es\/productos\/tosca-conjuntos-de-sofa\/#primaryimage\",\"url\":\"https:\/\/hello-suns.com\/app\/uploads\/2025\/01\/01_Tosca-SUNS-Sofaset-CS-NMW-ng-free-25-2500-2.png\",\"contentUrl\":\"https:\/\/hello-suns.com\/app\/uploads\/2025\/01\/01_Tosca-SUNS-Sofaset-CS-NMW-ng-free-25-2500-2.png\",\"width\":2500,\"height\":1667},{\"@type\":\"BreadcrumbList\",\"@id\":\"https:\/\/hello-suns.com\/es\/productos\/tosca-conjuntos-de-sofa\/#breadcrumb\",\"itemListElement\":[{\"@type\":\"ListItem\",\"position\":1,\"name\":\"\",\"item\":\"https:\/\/hello-suns.com\/es\/\"},{\"@type\":\"ListItem\",\"position\":2,\"name\":\"Productos\",\"item\":\"https:\/\/hello-suns.com\/es\/productos\/\"},{\"@type\":\"ListItem\",\"position\":3,\"name\":\"Tosca\"}]},{\"@type\":\"WebSite\",\"@id\":\"https:\/\/hello-suns.com\/es\/#website\",\"url\":\"https:\/\/hello-suns.com\/es\/\",\"name\":\"SUNS\",\"description\":\"Outdoor Lifestyle\",\"potentialAction\":[{\"@type\":\"SearchAction\",\"target\":{\"@type\":\"EntryPoint\",\"urlTemplate\":\"https:\/\/hello-suns.com\/es\/?s={search_term_string}\"},\"query-input\":{\"@type\":\"PropertyValueSpecification\",\"valueRequired\":true,\"valueName\":\"search_term_string\"}}],\"inLanguage\":\"es-ES\"}]}<\/script>\n<!-- \/ Yoast SEO plugin. -->","yoast_head_json":{"title":"Descubre el Sof\u00e1 Tosca | SUNS Outdoor Lifestyle","description":"\u00bfBuscas un elegante conjunto de sof\u00e1 tosca? SUNS te ofrece lujosos conjuntos de sof\u00e1 de dise\u00f1o moderno y gran confort, perfectos para un espacio exterior relajante.","robots":{"index":"index","follow":"follow","max-snippet":"max-snippet:-1","max-image-preview":"max-image-preview:large","max-video-preview":"max-video-preview:-1"},"canonical":"https:\/\/hello-suns.com\/es\/productos\/tosca-conjuntos-de-sofa\/","og_locale":"es_ES","og_type":"article","og_title":"Descubre el Sof\u00e1 Tosca | SUNS Outdoor Lifestyle","og_description":"\u00bfBuscas un elegante conjunto de sof\u00e1 tosca? SUNS te ofrece lujosos conjuntos de sof\u00e1 de dise\u00f1o moderno y gran confort, perfectos para un espacio exterior relajante.","og_url":"https:\/\/hello-suns.com\/es\/productos\/tosca-conjuntos-de-sofa\/","og_site_name":"SUNS","article_modified_time":"2026-02-04T10:46:51+00:00","og_image":[{"width":2500,"height":1667,"url":"https:\/\/hello-suns.com\/app\/uploads\/2025\/01\/01_Tosca-SUNS-Sofaset-CS-NMW-ng-free-25-2500-2.png","type":"image\/png"}],"twitter_card":"summary_large_image","twitter_misc":{"Est. reading time":"4 minutes"},"schema":{"@context":"https:\/\/schema.org","@graph":[{"@type":"WebPage","@id":"https:\/\/hello-suns.com\/es\/productos\/tosca-conjuntos-de-sofa\/","url":"https:\/\/hello-suns.com\/es\/productos\/tosca-conjuntos-de-sofa\/","name":"Descubre el Sof\u00e1 Tosca | SUNS Outdoor Lifestyle","isPartOf":{"@id":"https:\/\/hello-suns.com\/es\/#website"},"primaryImageOfPage":{"@id":"https:\/\/hello-suns.com\/es\/productos\/tosca-conjuntos-de-sofa\/#primaryimage"},"image":{"@id":"https:\/\/hello-suns.com\/es\/productos\/tosca-conjuntos-de-sofa\/#primaryimage"},"thumbnailUrl":"https:\/\/hello-suns.com\/app\/uploads\/2025\/01\/01_Tosca-SUNS-Sofaset-CS-NMW-ng-free-25-2500-2.png","datePublished":"2025-01-15T07:17:25+00:00","dateModified":"2026-02-04T10:46:51+00:00","description":"\u00bfBuscas un elegante conjunto de sof\u00e1 tosca? SUNS te ofrece lujosos conjuntos de sof\u00e1 de dise\u00f1o moderno y gran confort, perfectos para un espacio exterior relajante.","breadcrumb":{"@id":"https:\/\/hello-suns.com\/es\/productos\/tosca-conjuntos-de-sofa\/#breadcrumb"},"inLanguage":"es-ES","potentialAction":[{"@type":"ReadAction","target":["https:\/\/hello-suns.com\/es\/productos\/tosca-conjuntos-de-sofa\/"]}]},{"@type":"ImageObject","inLanguage":"es-ES","@id":"https:\/\/hello-suns.com\/es\/productos\/tosca-conjuntos-de-sofa\/#primaryimage","url":"https:\/\/hello-suns.com\/app\/uploads\/2025\/01\/01_Tosca-SUNS-Sofaset-CS-NMW-ng-free-25-2500-2.png","contentUrl":"https:\/\/hello-suns.com\/app\/uploads\/2025\/01\/01_Tosca-SUNS-Sofaset-CS-NMW-ng-free-25-2500-2.png","width":2500,"height":1667},{"@type":"BreadcrumbList","@id":"https:\/\/hello-suns.com\/es\/productos\/tosca-conjuntos-de-sofa\/#breadcrumb","itemListElement":[{"@type":"ListItem","position":1,"name":"","item":"https:\/\/hello-suns.com\/es\/"},{"@type":"ListItem","position":2,"name":"Productos","item":"https:\/\/hello-suns.com\/es\/productos\/"},{"@type":"ListItem","position":3,"name":"Tosca"}]},{"@type":"WebSite","@id":"https:\/\/hello-suns.com\/es\/#website","url":"https:\/\/hello-suns.com\/es\/","name":"SUNS","description":"Outdoor Lifestyle","potentialAction":[{"@type":"SearchAction","target":{"@type":"EntryPoint","urlTemplate":"https:\/\/hello-suns.com\/es\/?s={search_term_string}"},"query-input":{"@type":"PropertyValueSpecification","valueRequired":true,"valueName":"search_term_string"}}],"inLanguage":"es-ES"}]}},"_links":{"self":[{"href":"https:\/\/hello-suns.com\/es\/wp-json\/wp\/v2\/product\/17504","targetHints":{"allow":["GET"]}}],"collection":[{"href":"https:\/\/hello-suns.com\/es\/wp-json\/wp\/v2\/product"}],"about":[{"href":"https:\/\/hello-suns.com\/es\/wp-json\/wp\/v2\/types\/product"}],"replies":[{"embeddable":true,"href":"https:\/\/hello-suns.com\/es\/wp-json\/wp\/v2\/comments?post=17504"}],"wp:featuredmedia":[{"embeddable":true,"href":"https:\/\/hello-suns.com\/es\/wp-json\/wp\/v2\/media\/17510"}],"wp:attachment":[{"href":"https:\/\/hello-suns.com\/es\/wp-json\/wp\/v2\/media?parent=17504"}],"wp:term":[{"taxonomy":"product_brand","embeddable":true,"href":"https:\/\/hello-suns.com\/es\/wp-json\/wp\/v2\/product_brand?post=17504"},{"taxonomy":"product_cat","embeddable":true,"href":"https:\/\/hello-suns.com\/es\/wp-json\/wp\/v2\/product_cat?post=17504"},{"taxonomy":"product_tag","embeddable":true,"href":"https:\/\/hello-suns.com\/es\/wp-json\/wp\/v2\/product_tag?post=17504"},{"taxonomy":"material","embeddable":true,"href":"https:\/\/hello-suns.com\/es\/wp-json\/wp\/v2\/material?post=17504"}],"curies":[{"name":"wp","href":"https:\/\/api.w.org\/{rel}","templated":true}]}}