{"id":17494,"date":"2025-01-15T10:03:33","date_gmt":"2025-01-15T09:03:33","guid":{"rendered":"https:\/\/hello-suns.com\/producten\/madre\/"},"modified":"2026-02-05T11:44:24","modified_gmt":"2026-02-05T10:44:24","slug":"madre-mesas","status":"publish","type":"product","link":"https:\/\/hello-suns.com\/es\/productos\/madre-mesas\/","title":{"rendered":"Madre"},"content":{"rendered":"<h2 style=\"font-weight: 400;\">Gloria oval<\/h2>\n<p style=\"font-weight: 400;\">Gran tablero ovalado de teca, marco de aluminio en forma de estrella, Madre se atreve a lucirse. Esta mesa combina un servicio pr\u00e1ctico con un aspecto llamativo.<\/p>\n","protected":false},"excerpt":{"rendered":"<h3 style=\"font-weight: 400;\">Mesa ovalada resistente a la intemperie<\/h3>\n<p style=\"font-weight: 400;\">La combinaci\u00f3n de formas redondeadas y esquinas fuertes hacen de la mesa Madre un complemento elegante para cualquier jard\u00edn. El tablero de teca confiere a la mesa un aspecto acogedor. La forma ovalada es pr\u00e1ctica y facilita la creaci\u00f3n de asientos adicionales. El robusto armaz\u00f3n de aluminio tiene una forma distintiva y la ventaja de que hay mucho espacio para las piernas en todas partes. Gracias al uso de materiales de alta calidad, esta mesa puede permanecer al aire libre todo el a\u00f1o.<\/p>\n","protected":false},"featured_media":17499,"comment_status":"closed","ping_status":"closed","template":"","meta":{"_acf_changed":false},"product_brand":[],"product_cat":[839],"product_tag":[],"material":[],"class_list":{"0":"post-17494","1":"product","2":"type-product","3":"status-publish","4":"has-post-thumbnail","6":"product_cat-mesas","8":"first","9":"instock","10":"shipping-taxable","11":"product-type-simple"},"acf":[],"yoast_head":"<!-- This site is optimized with the Yoast SEO plugin v26.8 - https:\/\/yoast.com\/product\/yoast-seo-wordpress\/ -->\n<title>Descubre la Mesa Madre | SUNS Outdoor Lifestyle<\/title>\n<meta name=\"description\" content=\"\u00bfBuscas una elegante mesa madre? SUNS te ofrece mesas elegantes y duraderas que combinan a la perfecci\u00f3n dise\u00f1o moderno y funcionalidad para tu jard\u00edn.\" \/>\n<meta name=\"robots\" content=\"index, follow, max-snippet:-1, max-image-preview:large, max-video-preview:-1\" \/>\n<link rel=\"canonical\" href=\"https:\/\/hello-suns.com\/es\/productos\/madre-mesas\/\" \/>\n<meta property=\"og:locale\" content=\"es_ES\" \/>\n<meta property=\"og:type\" content=\"article\" \/>\n<meta property=\"og:title\" content=\"Descubre la Mesa Madre | SUNS Outdoor Lifestyle\" \/>\n<meta property=\"og:description\" content=\"\u00bfBuscas una elegante mesa madre? SUNS te ofrece mesas elegantes y duraderas que combinan a la perfecci\u00f3n dise\u00f1o moderno y funcionalidad para tu jard\u00edn.\" \/>\n<meta property=\"og:url\" content=\"https:\/\/hello-suns.com\/es\/productos\/madre-mesas\/\" \/>\n<meta property=\"og:site_name\" content=\"SUNS\" \/>\n<meta property=\"article:modified_time\" content=\"2026-02-05T10:44:24+00:00\" \/>\n<meta property=\"og:image\" content=\"https:\/\/hello-suns.com\/app\/uploads\/2025\/01\/01_Madre-220-SUNS-Diningtable-MRG-TK-Free-21-2.png\" \/>\n\t<meta property=\"og:image:width\" content=\"2500\" \/>\n\t<meta property=\"og:image:height\" content=\"1667\" \/>\n\t<meta property=\"og:image:type\" content=\"image\/png\" \/>\n<meta name=\"twitter:card\" content=\"summary_large_image\" \/>\n<meta name=\"twitter:label1\" content=\"Est. reading time\" \/>\n\t<meta name=\"twitter:data1\" content=\"3 minutes\" \/>\n<script type=\"application\/ld+json\" class=\"yoast-schema-graph\">{\"@context\":\"https:\/\/schema.org\",\"@graph\":[{\"@type\":\"WebPage\",\"@id\":\"https:\/\/hello-suns.com\/es\/productos\/madre-mesas\/\",\"url\":\"https:\/\/hello-suns.com\/es\/productos\/madre-mesas\/\",\"name\":\"Descubre la Mesa Madre | SUNS Outdoor Lifestyle\",\"isPartOf\":{\"@id\":\"https:\/\/hello-suns.com\/es\/#website\"},\"primaryImageOfPage\":{\"@id\":\"https:\/\/hello-suns.com\/es\/productos\/madre-mesas\/#primaryimage\"},\"image\":{\"@id\":\"https:\/\/hello-suns.com\/es\/productos\/madre-mesas\/#primaryimage\"},\"thumbnailUrl\":\"https:\/\/hello-suns.com\/app\/uploads\/2025\/01\/01_Madre-220-SUNS-Diningtable-MRG-TK-Free-21-2.png\",\"datePublished\":\"2025-01-15T09:03:33+00:00\",\"dateModified\":\"2026-02-05T10:44:24+00:00\",\"description\":\"\u00bfBuscas una elegante mesa madre? SUNS te ofrece mesas elegantes y duraderas que combinan a la perfecci\u00f3n dise\u00f1o moderno y funcionalidad para tu jard\u00edn.\",\"breadcrumb\":{\"@id\":\"https:\/\/hello-suns.com\/es\/productos\/madre-mesas\/#breadcrumb\"},\"inLanguage\":\"es-ES\",\"potentialAction\":[{\"@type\":\"ReadAction\",\"target\":[\"https:\/\/hello-suns.com\/es\/productos\/madre-mesas\/\"]}]},{\"@type\":\"ImageObject\",\"inLanguage\":\"es-ES\",\"@id\":\"https:\/\/hello-suns.com\/es\/productos\/madre-mesas\/#primaryimage\",\"url\":\"https:\/\/hello-suns.com\/app\/uploads\/2025\/01\/01_Madre-220-SUNS-Diningtable-MRG-TK-Free-21-2.png\",\"contentUrl\":\"https:\/\/hello-suns.com\/app\/uploads\/2025\/01\/01_Madre-220-SUNS-Diningtable-MRG-TK-Free-21-2.png\",\"width\":2500,\"height\":1667},{\"@type\":\"BreadcrumbList\",\"@id\":\"https:\/\/hello-suns.com\/es\/productos\/madre-mesas\/#breadcrumb\",\"itemListElement\":[{\"@type\":\"ListItem\",\"position\":1,\"name\":\"\",\"item\":\"https:\/\/hello-suns.com\/es\/\"},{\"@type\":\"ListItem\",\"position\":2,\"name\":\"Productos\",\"item\":\"https:\/\/hello-suns.com\/es\/productos\/\"},{\"@type\":\"ListItem\",\"position\":3,\"name\":\"Madre\"}]},{\"@type\":\"WebSite\",\"@id\":\"https:\/\/hello-suns.com\/es\/#website\",\"url\":\"https:\/\/hello-suns.com\/es\/\",\"name\":\"SUNS\",\"description\":\"Outdoor Lifestyle\",\"potentialAction\":[{\"@type\":\"SearchAction\",\"target\":{\"@type\":\"EntryPoint\",\"urlTemplate\":\"https:\/\/hello-suns.com\/es\/?s={search_term_string}\"},\"query-input\":{\"@type\":\"PropertyValueSpecification\",\"valueRequired\":true,\"valueName\":\"search_term_string\"}}],\"inLanguage\":\"es-ES\"}]}<\/script>\n<!-- \/ Yoast SEO plugin. -->","yoast_head_json":{"title":"Descubre la Mesa Madre | SUNS Outdoor Lifestyle","description":"\u00bfBuscas una elegante mesa madre? SUNS te ofrece mesas elegantes y duraderas que combinan a la perfecci\u00f3n dise\u00f1o moderno y funcionalidad para tu jard\u00edn.","robots":{"index":"index","follow":"follow","max-snippet":"max-snippet:-1","max-image-preview":"max-image-preview:large","max-video-preview":"max-video-preview:-1"},"canonical":"https:\/\/hello-suns.com\/es\/productos\/madre-mesas\/","og_locale":"es_ES","og_type":"article","og_title":"Descubre la Mesa Madre | SUNS Outdoor Lifestyle","og_description":"\u00bfBuscas una elegante mesa madre? SUNS te ofrece mesas elegantes y duraderas que combinan a la perfecci\u00f3n dise\u00f1o moderno y funcionalidad para tu jard\u00edn.","og_url":"https:\/\/hello-suns.com\/es\/productos\/madre-mesas\/","og_site_name":"SUNS","article_modified_time":"2026-02-05T10:44:24+00:00","og_image":[{"width":2500,"height":1667,"url":"https:\/\/hello-suns.com\/app\/uploads\/2025\/01\/01_Madre-220-SUNS-Diningtable-MRG-TK-Free-21-2.png","type":"image\/png"}],"twitter_card":"summary_large_image","twitter_misc":{"Est. reading time":"3 minutes"},"schema":{"@context":"https:\/\/schema.org","@graph":[{"@type":"WebPage","@id":"https:\/\/hello-suns.com\/es\/productos\/madre-mesas\/","url":"https:\/\/hello-suns.com\/es\/productos\/madre-mesas\/","name":"Descubre la Mesa Madre | SUNS Outdoor Lifestyle","isPartOf":{"@id":"https:\/\/hello-suns.com\/es\/#website"},"primaryImageOfPage":{"@id":"https:\/\/hello-suns.com\/es\/productos\/madre-mesas\/#primaryimage"},"image":{"@id":"https:\/\/hello-suns.com\/es\/productos\/madre-mesas\/#primaryimage"},"thumbnailUrl":"https:\/\/hello-suns.com\/app\/uploads\/2025\/01\/01_Madre-220-SUNS-Diningtable-MRG-TK-Free-21-2.png","datePublished":"2025-01-15T09:03:33+00:00","dateModified":"2026-02-05T10:44:24+00:00","description":"\u00bfBuscas una elegante mesa madre? SUNS te ofrece mesas elegantes y duraderas que combinan a la perfecci\u00f3n dise\u00f1o moderno y funcionalidad para tu jard\u00edn.","breadcrumb":{"@id":"https:\/\/hello-suns.com\/es\/productos\/madre-mesas\/#breadcrumb"},"inLanguage":"es-ES","potentialAction":[{"@type":"ReadAction","target":["https:\/\/hello-suns.com\/es\/productos\/madre-mesas\/"]}]},{"@type":"ImageObject","inLanguage":"es-ES","@id":"https:\/\/hello-suns.com\/es\/productos\/madre-mesas\/#primaryimage","url":"https:\/\/hello-suns.com\/app\/uploads\/2025\/01\/01_Madre-220-SUNS-Diningtable-MRG-TK-Free-21-2.png","contentUrl":"https:\/\/hello-suns.com\/app\/uploads\/2025\/01\/01_Madre-220-SUNS-Diningtable-MRG-TK-Free-21-2.png","width":2500,"height":1667},{"@type":"BreadcrumbList","@id":"https:\/\/hello-suns.com\/es\/productos\/madre-mesas\/#breadcrumb","itemListElement":[{"@type":"ListItem","position":1,"name":"","item":"https:\/\/hello-suns.com\/es\/"},{"@type":"ListItem","position":2,"name":"Productos","item":"https:\/\/hello-suns.com\/es\/productos\/"},{"@type":"ListItem","position":3,"name":"Madre"}]},{"@type":"WebSite","@id":"https:\/\/hello-suns.com\/es\/#website","url":"https:\/\/hello-suns.com\/es\/","name":"SUNS","description":"Outdoor Lifestyle","potentialAction":[{"@type":"SearchAction","target":{"@type":"EntryPoint","urlTemplate":"https:\/\/hello-suns.com\/es\/?s={search_term_string}"},"query-input":{"@type":"PropertyValueSpecification","valueRequired":true,"valueName":"search_term_string"}}],"inLanguage":"es-ES"}]}},"_links":{"self":[{"href":"https:\/\/hello-suns.com\/es\/wp-json\/wp\/v2\/product\/17494","targetHints":{"allow":["GET"]}}],"collection":[{"href":"https:\/\/hello-suns.com\/es\/wp-json\/wp\/v2\/product"}],"about":[{"href":"https:\/\/hello-suns.com\/es\/wp-json\/wp\/v2\/types\/product"}],"replies":[{"embeddable":true,"href":"https:\/\/hello-suns.com\/es\/wp-json\/wp\/v2\/comments?post=17494"}],"wp:featuredmedia":[{"embeddable":true,"href":"https:\/\/hello-suns.com\/es\/wp-json\/wp\/v2\/media\/17499"}],"wp:attachment":[{"href":"https:\/\/hello-suns.com\/es\/wp-json\/wp\/v2\/media?parent=17494"}],"wp:term":[{"taxonomy":"product_brand","embeddable":true,"href":"https:\/\/hello-suns.com\/es\/wp-json\/wp\/v2\/product_brand?post=17494"},{"taxonomy":"product_cat","embeddable":true,"href":"https:\/\/hello-suns.com\/es\/wp-json\/wp\/v2\/product_cat?post=17494"},{"taxonomy":"product_tag","embeddable":true,"href":"https:\/\/hello-suns.com\/es\/wp-json\/wp\/v2\/product_tag?post=17494"},{"taxonomy":"material","embeddable":true,"href":"https:\/\/hello-suns.com\/es\/wp-json\/wp\/v2\/material?post=17494"}],"curies":[{"name":"wp","href":"https:\/\/api.w.org\/{rel}","templated":true}]}}