{"id":17467,"date":"2025-01-15T10:12:20","date_gmt":"2025-01-15T10:12:20","guid":{"rendered":"https:\/\/hello-suns.com\/producten\/monte-vari-2\/"},"modified":"2025-09-12T08:13:05","modified_gmt":"2025-09-12T08:13:05","slug":"monte-vari-mesas","status":"publish","type":"product","link":"https:\/\/hello-suns.com\/es\/productos\/monte-vari-mesas\/","title":{"rendered":"Monte Vari"},"content":{"rendered":"<h2 style=\"font-weight: 400;\">Est\u00e1ndar no est\u00e1ndar<\/h2>\n<p style=\"font-weight: 400;\">La Mesa Monte Vari ofrece una flexibilidad que no esperar\u00edas de una mesa. Por tanto, no es una mesa cualquiera.<\/p>\n","protected":false},"excerpt":{"rendered":"<h3 style=\"font-weight: 400;\">Programa de mesas flexible<\/h3>\n<p style=\"font-weight: 400;\">Una buena mesa no tiene por qu\u00e9 ser complicada. Se reduce a utilizar materiales de alta calidad y el tama\u00f1o adecuado. Monte Vari te lo pone f\u00e1cil. Elige el color del marco, el tama\u00f1o que se adapte a tu situaci\u00f3n y el tablero que m\u00e1s te guste (en teca, HPL, piedra sinterizada o cer\u00e1mica sobre cristal). Las mesas se presentan como mesa normal o como mesa de bar con una altura de 108 cm.<\/p>\n<p style=\"font-weight: 400;\"><span style=\"font-weight: 400;\">\u00bfY si quieres ampliar en el futuro? Entonces elige una mesa adicional que siempre encaje a la perfecci\u00f3n. \u00a1T\u00fa creas! SUNS tiene la mesa adecuada para cada situaci\u00f3n. <\/span><\/p>\n","protected":false},"featured_media":17481,"comment_status":"closed","ping_status":"closed","template":"","meta":{"_acf_changed":false},"product_brand":[],"product_cat":[839],"product_tag":[],"material":[],"class_list":{"0":"post-17467","1":"product","2":"type-product","3":"status-publish","4":"has-post-thumbnail","6":"product_cat-mesas","8":"first","9":"instock","10":"shipping-taxable","11":"product-type-simple"},"acf":[],"yoast_head":"<!-- This site is optimized with the Yoast SEO plugin v26.8 - https:\/\/yoast.com\/product\/yoast-seo-wordpress\/ -->\n<title>Descubre la Mesa Monte Vari | SUNS Outdoor Lifestyle<\/title>\n<meta name=\"description\" content=\"\u00bfBuscas una elegante mesa monte vari? SUNS te ofrece mesas de alta calidad con un dise\u00f1o moderno y materiales duraderos, perfectas para un jard\u00edn elegante.\" \/>\n<meta name=\"robots\" content=\"index, follow, max-snippet:-1, max-image-preview:large, max-video-preview:-1\" \/>\n<link rel=\"canonical\" href=\"https:\/\/hello-suns.com\/es\/productos\/monte-vari-mesas\/\" \/>\n<meta property=\"og:locale\" content=\"es_ES\" \/>\n<meta property=\"og:type\" content=\"article\" \/>\n<meta property=\"og:title\" content=\"Descubre la Mesa Monte Vari | SUNS Outdoor Lifestyle\" \/>\n<meta property=\"og:description\" content=\"\u00bfBuscas una elegante mesa monte vari? SUNS te ofrece mesas de alta calidad con un dise\u00f1o moderno y materiales duraderos, perfectas para un jard\u00edn elegante.\" \/>\n<meta property=\"og:url\" content=\"https:\/\/hello-suns.com\/es\/productos\/monte-vari-mesas\/\" \/>\n<meta property=\"og:site_name\" content=\"SUNS\" \/>\n<meta property=\"article:modified_time\" content=\"2025-09-12T08:13:05+00:00\" \/>\n<meta property=\"og:image\" content=\"https:\/\/hello-suns.com\/app\/uploads\/2025\/01\/01_Diningtable_SUNS_montevari_neolithtop-2500-pix.png\" \/>\n\t<meta property=\"og:image:width\" content=\"2500\" \/>\n\t<meta property=\"og:image:height\" content=\"1667\" \/>\n\t<meta property=\"og:image:type\" content=\"image\/png\" \/>\n<meta name=\"twitter:card\" content=\"summary_large_image\" \/>\n<meta name=\"twitter:label1\" content=\"Est. reading time\" \/>\n\t<meta name=\"twitter:data1\" content=\"5 minutes\" \/>\n<script type=\"application\/ld+json\" class=\"yoast-schema-graph\">{\"@context\":\"https:\/\/schema.org\",\"@graph\":[{\"@type\":\"WebPage\",\"@id\":\"https:\/\/hello-suns.com\/es\/productos\/monte-vari-mesas\/\",\"url\":\"https:\/\/hello-suns.com\/es\/productos\/monte-vari-mesas\/\",\"name\":\"Descubre la Mesa Monte Vari | SUNS Outdoor Lifestyle\",\"isPartOf\":{\"@id\":\"https:\/\/hello-suns.com\/es\/#website\"},\"primaryImageOfPage\":{\"@id\":\"https:\/\/hello-suns.com\/es\/productos\/monte-vari-mesas\/#primaryimage\"},\"image\":{\"@id\":\"https:\/\/hello-suns.com\/es\/productos\/monte-vari-mesas\/#primaryimage\"},\"thumbnailUrl\":\"https:\/\/hello-suns.com\/app\/uploads\/2025\/01\/01_Diningtable_SUNS_montevari_neolithtop-2500-pix.png\",\"datePublished\":\"2025-01-15T10:12:20+00:00\",\"dateModified\":\"2025-09-12T08:13:05+00:00\",\"description\":\"\u00bfBuscas una elegante mesa monte vari? SUNS te ofrece mesas de alta calidad con un dise\u00f1o moderno y materiales duraderos, perfectas para un jard\u00edn elegante.\",\"breadcrumb\":{\"@id\":\"https:\/\/hello-suns.com\/es\/productos\/monte-vari-mesas\/#breadcrumb\"},\"inLanguage\":\"es-ES\",\"potentialAction\":[{\"@type\":\"ReadAction\",\"target\":[\"https:\/\/hello-suns.com\/es\/productos\/monte-vari-mesas\/\"]}]},{\"@type\":\"ImageObject\",\"inLanguage\":\"es-ES\",\"@id\":\"https:\/\/hello-suns.com\/es\/productos\/monte-vari-mesas\/#primaryimage\",\"url\":\"https:\/\/hello-suns.com\/app\/uploads\/2025\/01\/01_Diningtable_SUNS_montevari_neolithtop-2500-pix.png\",\"contentUrl\":\"https:\/\/hello-suns.com\/app\/uploads\/2025\/01\/01_Diningtable_SUNS_montevari_neolithtop-2500-pix.png\",\"width\":2500,\"height\":1667},{\"@type\":\"BreadcrumbList\",\"@id\":\"https:\/\/hello-suns.com\/es\/productos\/monte-vari-mesas\/#breadcrumb\",\"itemListElement\":[{\"@type\":\"ListItem\",\"position\":1,\"name\":\"\",\"item\":\"https:\/\/hello-suns.com\/es\/\"},{\"@type\":\"ListItem\",\"position\":2,\"name\":\"Productos\",\"item\":\"https:\/\/hello-suns.com\/es\/productos\/\"},{\"@type\":\"ListItem\",\"position\":3,\"name\":\"Monte Vari\"}]},{\"@type\":\"WebSite\",\"@id\":\"https:\/\/hello-suns.com\/es\/#website\",\"url\":\"https:\/\/hello-suns.com\/es\/\",\"name\":\"SUNS\",\"description\":\"Outdoor Lifestyle\",\"potentialAction\":[{\"@type\":\"SearchAction\",\"target\":{\"@type\":\"EntryPoint\",\"urlTemplate\":\"https:\/\/hello-suns.com\/es\/?s={search_term_string}\"},\"query-input\":{\"@type\":\"PropertyValueSpecification\",\"valueRequired\":true,\"valueName\":\"search_term_string\"}}],\"inLanguage\":\"es-ES\"}]}<\/script>\n<!-- \/ Yoast SEO plugin. -->","yoast_head_json":{"title":"Descubre la Mesa Monte Vari | SUNS Outdoor Lifestyle","description":"\u00bfBuscas una elegante mesa monte vari? SUNS te ofrece mesas de alta calidad con un dise\u00f1o moderno y materiales duraderos, perfectas para un jard\u00edn elegante.","robots":{"index":"index","follow":"follow","max-snippet":"max-snippet:-1","max-image-preview":"max-image-preview:large","max-video-preview":"max-video-preview:-1"},"canonical":"https:\/\/hello-suns.com\/es\/productos\/monte-vari-mesas\/","og_locale":"es_ES","og_type":"article","og_title":"Descubre la Mesa Monte Vari | SUNS Outdoor Lifestyle","og_description":"\u00bfBuscas una elegante mesa monte vari? SUNS te ofrece mesas de alta calidad con un dise\u00f1o moderno y materiales duraderos, perfectas para un jard\u00edn elegante.","og_url":"https:\/\/hello-suns.com\/es\/productos\/monte-vari-mesas\/","og_site_name":"SUNS","article_modified_time":"2025-09-12T08:13:05+00:00","og_image":[{"width":2500,"height":1667,"url":"https:\/\/hello-suns.com\/app\/uploads\/2025\/01\/01_Diningtable_SUNS_montevari_neolithtop-2500-pix.png","type":"image\/png"}],"twitter_card":"summary_large_image","twitter_misc":{"Est. reading time":"5 minutes"},"schema":{"@context":"https:\/\/schema.org","@graph":[{"@type":"WebPage","@id":"https:\/\/hello-suns.com\/es\/productos\/monte-vari-mesas\/","url":"https:\/\/hello-suns.com\/es\/productos\/monte-vari-mesas\/","name":"Descubre la Mesa Monte Vari | SUNS Outdoor Lifestyle","isPartOf":{"@id":"https:\/\/hello-suns.com\/es\/#website"},"primaryImageOfPage":{"@id":"https:\/\/hello-suns.com\/es\/productos\/monte-vari-mesas\/#primaryimage"},"image":{"@id":"https:\/\/hello-suns.com\/es\/productos\/monte-vari-mesas\/#primaryimage"},"thumbnailUrl":"https:\/\/hello-suns.com\/app\/uploads\/2025\/01\/01_Diningtable_SUNS_montevari_neolithtop-2500-pix.png","datePublished":"2025-01-15T10:12:20+00:00","dateModified":"2025-09-12T08:13:05+00:00","description":"\u00bfBuscas una elegante mesa monte vari? SUNS te ofrece mesas de alta calidad con un dise\u00f1o moderno y materiales duraderos, perfectas para un jard\u00edn elegante.","breadcrumb":{"@id":"https:\/\/hello-suns.com\/es\/productos\/monte-vari-mesas\/#breadcrumb"},"inLanguage":"es-ES","potentialAction":[{"@type":"ReadAction","target":["https:\/\/hello-suns.com\/es\/productos\/monte-vari-mesas\/"]}]},{"@type":"ImageObject","inLanguage":"es-ES","@id":"https:\/\/hello-suns.com\/es\/productos\/monte-vari-mesas\/#primaryimage","url":"https:\/\/hello-suns.com\/app\/uploads\/2025\/01\/01_Diningtable_SUNS_montevari_neolithtop-2500-pix.png","contentUrl":"https:\/\/hello-suns.com\/app\/uploads\/2025\/01\/01_Diningtable_SUNS_montevari_neolithtop-2500-pix.png","width":2500,"height":1667},{"@type":"BreadcrumbList","@id":"https:\/\/hello-suns.com\/es\/productos\/monte-vari-mesas\/#breadcrumb","itemListElement":[{"@type":"ListItem","position":1,"name":"","item":"https:\/\/hello-suns.com\/es\/"},{"@type":"ListItem","position":2,"name":"Productos","item":"https:\/\/hello-suns.com\/es\/productos\/"},{"@type":"ListItem","position":3,"name":"Monte Vari"}]},{"@type":"WebSite","@id":"https:\/\/hello-suns.com\/es\/#website","url":"https:\/\/hello-suns.com\/es\/","name":"SUNS","description":"Outdoor Lifestyle","potentialAction":[{"@type":"SearchAction","target":{"@type":"EntryPoint","urlTemplate":"https:\/\/hello-suns.com\/es\/?s={search_term_string}"},"query-input":{"@type":"PropertyValueSpecification","valueRequired":true,"valueName":"search_term_string"}}],"inLanguage":"es-ES"}]}},"_links":{"self":[{"href":"https:\/\/hello-suns.com\/es\/wp-json\/wp\/v2\/product\/17467","targetHints":{"allow":["GET"]}}],"collection":[{"href":"https:\/\/hello-suns.com\/es\/wp-json\/wp\/v2\/product"}],"about":[{"href":"https:\/\/hello-suns.com\/es\/wp-json\/wp\/v2\/types\/product"}],"replies":[{"embeddable":true,"href":"https:\/\/hello-suns.com\/es\/wp-json\/wp\/v2\/comments?post=17467"}],"wp:featuredmedia":[{"embeddable":true,"href":"https:\/\/hello-suns.com\/es\/wp-json\/wp\/v2\/media\/17481"}],"wp:attachment":[{"href":"https:\/\/hello-suns.com\/es\/wp-json\/wp\/v2\/media?parent=17467"}],"wp:term":[{"taxonomy":"product_brand","embeddable":true,"href":"https:\/\/hello-suns.com\/es\/wp-json\/wp\/v2\/product_brand?post=17467"},{"taxonomy":"product_cat","embeddable":true,"href":"https:\/\/hello-suns.com\/es\/wp-json\/wp\/v2\/product_cat?post=17467"},{"taxonomy":"product_tag","embeddable":true,"href":"https:\/\/hello-suns.com\/es\/wp-json\/wp\/v2\/product_tag?post=17467"},{"taxonomy":"material","embeddable":true,"href":"https:\/\/hello-suns.com\/es\/wp-json\/wp\/v2\/material?post=17467"}],"curies":[{"name":"wp","href":"https:\/\/api.w.org\/{rel}","templated":true}]}}