{"id":17448,"date":"2025-01-15T11:28:31","date_gmt":"2025-01-15T11:28:31","guid":{"rendered":"https:\/\/hello-suns.com\/producten\/itza\/"},"modified":"2025-09-12T09:12:56","modified_gmt":"2025-09-12T09:12:56","slug":"itza-sillas-de-low-dining","status":"publish","type":"product","link":"https:\/\/hello-suns.com\/es\/productos\/itza-sillas-de-low-dining\/","title":{"rendered":"Itza"},"content":{"rendered":"<h2 style=\"font-weight: 400;\">Elegancia contempor\u00e1nea<\/h2>\n<p style=\"font-weight: 400;\">Itza&#8221; hace referencia al rico pasado de los mayas. Para SUNS, Itza es sin\u00f3nimo de elegancia contempor\u00e1nea y generoso confort de asiento.<\/p>\n","protected":false},"excerpt":{"rendered":"<h3 style=\"font-weight: 400;\">Silla baja de comedor con encanto<\/h3>\n<p style=\"font-weight: 400;\">La silla baja de comedor Itza es una silla encantadora para un verano interminable. El armaz\u00f3n de aluminio hace que la silla sea elegante a la vez que robusta. Para un confort de asiento sublime, el coj\u00edn del asiento y el respaldo est\u00e1n ricamente acolchados, proporcionando un buen apoyo con un tacto suave. La combinaci\u00f3n de colores hace que sea f\u00e1cil combinar la silla con varias mesas de la colecci\u00f3n SUNS.<\/p>\n","protected":false},"featured_media":17453,"comment_status":"closed","ping_status":"closed","template":"","meta":{"_acf_changed":false},"product_brand":[],"product_cat":[801],"product_tag":[],"material":[],"class_list":{"0":"post-17448","1":"product","2":"type-product","3":"status-publish","4":"has-post-thumbnail","6":"product_cat-sillas-de-low-dining","8":"first","9":"instock","10":"shipping-taxable","11":"product-type-simple"},"acf":[],"yoast_head":"<!-- This site is optimized with the Yoast SEO plugin v26.8 - https:\/\/yoast.com\/product\/yoast-seo-wordpress\/ -->\n<title>Descubre la silla Itza Lowdining | SUNS Outdoor Lifestyle<\/title>\n<meta name=\"description\" content=\"\u00bfBuscas una elegante silla baja de comedor itza? SUNS te ofrece sillas bajas de comedor c\u00f3modas y duraderas con un dise\u00f1o moderno.\" \/>\n<meta name=\"robots\" content=\"index, follow, max-snippet:-1, max-image-preview:large, max-video-preview:-1\" \/>\n<link rel=\"canonical\" href=\"https:\/\/hello-suns.com\/es\/productos\/itza-sillas-de-low-dining\/\" \/>\n<meta property=\"og:locale\" content=\"es_ES\" \/>\n<meta property=\"og:type\" content=\"article\" \/>\n<meta property=\"og:title\" content=\"Descubre la silla Itza Lowdining | SUNS Outdoor Lifestyle\" \/>\n<meta property=\"og:description\" content=\"\u00bfBuscas una elegante silla baja de comedor itza? SUNS te ofrece sillas bajas de comedor c\u00f3modas y duraderas con un dise\u00f1o moderno.\" \/>\n<meta property=\"og:url\" content=\"https:\/\/hello-suns.com\/es\/productos\/itza-sillas-de-low-dining\/\" \/>\n<meta property=\"og:site_name\" content=\"SUNS\" \/>\n<meta property=\"article:modified_time\" content=\"2025-09-12T09:12:56+00:00\" \/>\n<meta property=\"og:image\" content=\"https:\/\/hello-suns.com\/app\/uploads\/2025\/01\/01_Itza-SUNS-lowdiningchair-CS-NG-Free-25-2500-3.png\" \/>\n\t<meta property=\"og:image:width\" content=\"2500\" \/>\n\t<meta property=\"og:image:height\" content=\"1667\" \/>\n\t<meta property=\"og:image:type\" content=\"image\/png\" \/>\n<meta name=\"twitter:card\" content=\"summary_large_image\" \/>\n<meta name=\"twitter:label1\" content=\"Est. reading time\" \/>\n\t<meta name=\"twitter:data1\" content=\"3 minutes\" \/>\n<script type=\"application\/ld+json\" class=\"yoast-schema-graph\">{\"@context\":\"https:\/\/schema.org\",\"@graph\":[{\"@type\":\"WebPage\",\"@id\":\"https:\/\/hello-suns.com\/es\/productos\/itza-sillas-de-low-dining\/\",\"url\":\"https:\/\/hello-suns.com\/es\/productos\/itza-sillas-de-low-dining\/\",\"name\":\"Descubre la silla Itza Lowdining | SUNS Outdoor Lifestyle\",\"isPartOf\":{\"@id\":\"https:\/\/hello-suns.com\/es\/#website\"},\"primaryImageOfPage\":{\"@id\":\"https:\/\/hello-suns.com\/es\/productos\/itza-sillas-de-low-dining\/#primaryimage\"},\"image\":{\"@id\":\"https:\/\/hello-suns.com\/es\/productos\/itza-sillas-de-low-dining\/#primaryimage\"},\"thumbnailUrl\":\"https:\/\/hello-suns.com\/app\/uploads\/2025\/01\/01_Itza-SUNS-lowdiningchair-CS-NG-Free-25-2500-3.png\",\"datePublished\":\"2025-01-15T11:28:31+00:00\",\"dateModified\":\"2025-09-12T09:12:56+00:00\",\"description\":\"\u00bfBuscas una elegante silla baja de comedor itza? SUNS te ofrece sillas bajas de comedor c\u00f3modas y duraderas con un dise\u00f1o moderno.\",\"breadcrumb\":{\"@id\":\"https:\/\/hello-suns.com\/es\/productos\/itza-sillas-de-low-dining\/#breadcrumb\"},\"inLanguage\":\"es-ES\",\"potentialAction\":[{\"@type\":\"ReadAction\",\"target\":[\"https:\/\/hello-suns.com\/es\/productos\/itza-sillas-de-low-dining\/\"]}]},{\"@type\":\"ImageObject\",\"inLanguage\":\"es-ES\",\"@id\":\"https:\/\/hello-suns.com\/es\/productos\/itza-sillas-de-low-dining\/#primaryimage\",\"url\":\"https:\/\/hello-suns.com\/app\/uploads\/2025\/01\/01_Itza-SUNS-lowdiningchair-CS-NG-Free-25-2500-3.png\",\"contentUrl\":\"https:\/\/hello-suns.com\/app\/uploads\/2025\/01\/01_Itza-SUNS-lowdiningchair-CS-NG-Free-25-2500-3.png\",\"width\":2500,\"height\":1667},{\"@type\":\"BreadcrumbList\",\"@id\":\"https:\/\/hello-suns.com\/es\/productos\/itza-sillas-de-low-dining\/#breadcrumb\",\"itemListElement\":[{\"@type\":\"ListItem\",\"position\":1,\"name\":\"\",\"item\":\"https:\/\/hello-suns.com\/es\/\"},{\"@type\":\"ListItem\",\"position\":2,\"name\":\"Productos\",\"item\":\"https:\/\/hello-suns.com\/es\/productos\/\"},{\"@type\":\"ListItem\",\"position\":3,\"name\":\"Itza\"}]},{\"@type\":\"WebSite\",\"@id\":\"https:\/\/hello-suns.com\/es\/#website\",\"url\":\"https:\/\/hello-suns.com\/es\/\",\"name\":\"SUNS\",\"description\":\"Outdoor Lifestyle\",\"potentialAction\":[{\"@type\":\"SearchAction\",\"target\":{\"@type\":\"EntryPoint\",\"urlTemplate\":\"https:\/\/hello-suns.com\/es\/?s={search_term_string}\"},\"query-input\":{\"@type\":\"PropertyValueSpecification\",\"valueRequired\":true,\"valueName\":\"search_term_string\"}}],\"inLanguage\":\"es-ES\"}]}<\/script>\n<!-- \/ Yoast SEO plugin. -->","yoast_head_json":{"title":"Descubre la silla Itza Lowdining | SUNS Outdoor Lifestyle","description":"\u00bfBuscas una elegante silla baja de comedor itza? SUNS te ofrece sillas bajas de comedor c\u00f3modas y duraderas con un dise\u00f1o moderno.","robots":{"index":"index","follow":"follow","max-snippet":"max-snippet:-1","max-image-preview":"max-image-preview:large","max-video-preview":"max-video-preview:-1"},"canonical":"https:\/\/hello-suns.com\/es\/productos\/itza-sillas-de-low-dining\/","og_locale":"es_ES","og_type":"article","og_title":"Descubre la silla Itza Lowdining | SUNS Outdoor Lifestyle","og_description":"\u00bfBuscas una elegante silla baja de comedor itza? SUNS te ofrece sillas bajas de comedor c\u00f3modas y duraderas con un dise\u00f1o moderno.","og_url":"https:\/\/hello-suns.com\/es\/productos\/itza-sillas-de-low-dining\/","og_site_name":"SUNS","article_modified_time":"2025-09-12T09:12:56+00:00","og_image":[{"width":2500,"height":1667,"url":"https:\/\/hello-suns.com\/app\/uploads\/2025\/01\/01_Itza-SUNS-lowdiningchair-CS-NG-Free-25-2500-3.png","type":"image\/png"}],"twitter_card":"summary_large_image","twitter_misc":{"Est. reading time":"3 minutes"},"schema":{"@context":"https:\/\/schema.org","@graph":[{"@type":"WebPage","@id":"https:\/\/hello-suns.com\/es\/productos\/itza-sillas-de-low-dining\/","url":"https:\/\/hello-suns.com\/es\/productos\/itza-sillas-de-low-dining\/","name":"Descubre la silla Itza Lowdining | SUNS Outdoor Lifestyle","isPartOf":{"@id":"https:\/\/hello-suns.com\/es\/#website"},"primaryImageOfPage":{"@id":"https:\/\/hello-suns.com\/es\/productos\/itza-sillas-de-low-dining\/#primaryimage"},"image":{"@id":"https:\/\/hello-suns.com\/es\/productos\/itza-sillas-de-low-dining\/#primaryimage"},"thumbnailUrl":"https:\/\/hello-suns.com\/app\/uploads\/2025\/01\/01_Itza-SUNS-lowdiningchair-CS-NG-Free-25-2500-3.png","datePublished":"2025-01-15T11:28:31+00:00","dateModified":"2025-09-12T09:12:56+00:00","description":"\u00bfBuscas una elegante silla baja de comedor itza? SUNS te ofrece sillas bajas de comedor c\u00f3modas y duraderas con un dise\u00f1o moderno.","breadcrumb":{"@id":"https:\/\/hello-suns.com\/es\/productos\/itza-sillas-de-low-dining\/#breadcrumb"},"inLanguage":"es-ES","potentialAction":[{"@type":"ReadAction","target":["https:\/\/hello-suns.com\/es\/productos\/itza-sillas-de-low-dining\/"]}]},{"@type":"ImageObject","inLanguage":"es-ES","@id":"https:\/\/hello-suns.com\/es\/productos\/itza-sillas-de-low-dining\/#primaryimage","url":"https:\/\/hello-suns.com\/app\/uploads\/2025\/01\/01_Itza-SUNS-lowdiningchair-CS-NG-Free-25-2500-3.png","contentUrl":"https:\/\/hello-suns.com\/app\/uploads\/2025\/01\/01_Itza-SUNS-lowdiningchair-CS-NG-Free-25-2500-3.png","width":2500,"height":1667},{"@type":"BreadcrumbList","@id":"https:\/\/hello-suns.com\/es\/productos\/itza-sillas-de-low-dining\/#breadcrumb","itemListElement":[{"@type":"ListItem","position":1,"name":"","item":"https:\/\/hello-suns.com\/es\/"},{"@type":"ListItem","position":2,"name":"Productos","item":"https:\/\/hello-suns.com\/es\/productos\/"},{"@type":"ListItem","position":3,"name":"Itza"}]},{"@type":"WebSite","@id":"https:\/\/hello-suns.com\/es\/#website","url":"https:\/\/hello-suns.com\/es\/","name":"SUNS","description":"Outdoor Lifestyle","potentialAction":[{"@type":"SearchAction","target":{"@type":"EntryPoint","urlTemplate":"https:\/\/hello-suns.com\/es\/?s={search_term_string}"},"query-input":{"@type":"PropertyValueSpecification","valueRequired":true,"valueName":"search_term_string"}}],"inLanguage":"es-ES"}]}},"_links":{"self":[{"href":"https:\/\/hello-suns.com\/es\/wp-json\/wp\/v2\/product\/17448","targetHints":{"allow":["GET"]}}],"collection":[{"href":"https:\/\/hello-suns.com\/es\/wp-json\/wp\/v2\/product"}],"about":[{"href":"https:\/\/hello-suns.com\/es\/wp-json\/wp\/v2\/types\/product"}],"replies":[{"embeddable":true,"href":"https:\/\/hello-suns.com\/es\/wp-json\/wp\/v2\/comments?post=17448"}],"wp:featuredmedia":[{"embeddable":true,"href":"https:\/\/hello-suns.com\/es\/wp-json\/wp\/v2\/media\/17453"}],"wp:attachment":[{"href":"https:\/\/hello-suns.com\/es\/wp-json\/wp\/v2\/media?parent=17448"}],"wp:term":[{"taxonomy":"product_brand","embeddable":true,"href":"https:\/\/hello-suns.com\/es\/wp-json\/wp\/v2\/product_brand?post=17448"},{"taxonomy":"product_cat","embeddable":true,"href":"https:\/\/hello-suns.com\/es\/wp-json\/wp\/v2\/product_cat?post=17448"},{"taxonomy":"product_tag","embeddable":true,"href":"https:\/\/hello-suns.com\/es\/wp-json\/wp\/v2\/product_tag?post=17448"},{"taxonomy":"material","embeddable":true,"href":"https:\/\/hello-suns.com\/es\/wp-json\/wp\/v2\/material?post=17448"}],"curies":[{"name":"wp","href":"https:\/\/api.w.org\/{rel}","templated":true}]}}