{"id":17423,"date":"2025-01-15T12:22:54","date_gmt":"2025-01-15T11:22:54","guid":{"rendered":"https:\/\/hello-suns.com\/producten\/veneto\/"},"modified":"2026-02-12T09:26:29","modified_gmt":"2026-02-12T08:26:29","slug":"veneto-alfombras","status":"publish","type":"product","link":"https:\/\/hello-suns.com\/es\/productos\/veneto-alfombras\/","title":{"rendered":"Veneto"},"content":{"rendered":"<h2 style=\"font-weight: 400;\"><span class=\"TextRun SCXW50602215 BCX0\" lang=\"NL-NL\" xml:lang=\"NL-NL\" data-contrast=\"auto\"><span class=\"NormalTextRun SCXW50602215 BCX0\">El acento marca la diferencia<\/span><\/span><\/h2>\n<p style=\"font-weight: 400;\"><span class=\"TextRun SCXW106677492 BCX0\" lang=\"NL-NL\" xml:lang=\"NL-NL\" data-contrast=\"auto\"><span class=\"NormalTextRun SCXW106677492 BCX0\">Sin grandes intervenciones, cambias el ambiente de tu espacio exterior. \u00bfDe qu\u00e9 humor est\u00e1s? <\/span><\/span><\/p>\n","protected":false},"excerpt":{"rendered":"<h3><span class=\"TextRun SCXW107056042 BCX0\" lang=\"NL-NL\" xml:lang=\"NL-NL\" data-contrast=\"none\"><span class=\"NormalTextRun SpellingErrorV2Themed SCXW107056042 BCX0\">Eco<\/span><span class=\"NormalTextRun SCXW107056042 BCX0\">ecol\u00f3gico y resistente a la intemperie<\/span><\/span><\/h3>\n<p><span data-contrast=\"auto\">\u00bfQui\u00e9n dice que una alfombra s\u00f3lo puede usarse en interiores? Las alfombras Veneto resisten el calor, el fr\u00edo, la lluvia y el viento. Puedes utilizarlas en el exterior con la misma facilidad que en el interior. Las alfombras de exterior est\u00e1n hechas de botellas de PET recicladas. Mediante un ingenioso proceso, las botellas se transforman en una fibra suave al tacto pero tan fuerte y resistente a la intemperie como el pl\u00e1stico. \u00a1SUNS Veneto es una elecci\u00f3n ecol\u00f3gica! <\/span><\/p>\n<p><span data-contrast=\"auto\">Las alfombras de exterior SUNS vienen en varios tama\u00f1os, redondas, rectangulares y cuadradas, y en distintos colores. Dentro de la l\u00ednea de productos SUNS PET Family, tambi\u00e9n hay disponibles pufs y cojines. <\/span><\/p>\n<p>&nbsp;<\/p>\n","protected":false},"featured_media":17427,"comment_status":"closed","ping_status":"closed","template":"","meta":{"_acf_changed":false},"product_brand":[],"product_cat":[817,842],"product_tag":[],"material":[],"class_list":{"0":"post-17423","1":"product","2":"type-product","3":"status-publish","4":"has-post-thumbnail","6":"product_cat-styling","7":"product_cat-alfombras","9":"first","10":"instock","11":"shipping-taxable","12":"product-type-simple"},"acf":[],"yoast_head":"<!-- This site is optimized with the Yoast SEO plugin v26.8 - https:\/\/yoast.com\/product\/yoast-seo-wordpress\/ -->\n<title>Descubre la alfombra de exterior Veneto | SUNS Outdoor Lifestyle<\/title>\n<meta name=\"description\" content=\"\u00bfBuscas una alfombra de exterior Veneto? SUNS ofrece alfombras de exterior Veneto de alta calidad que combinan durabilidad y dise\u00f1o, perfectas para un jard\u00edn moderno.\" \/>\n<meta name=\"robots\" content=\"index, follow, max-snippet:-1, max-image-preview:large, max-video-preview:-1\" \/>\n<link rel=\"canonical\" href=\"https:\/\/hello-suns.com\/es\/productos\/veneto-alfombras\/\" \/>\n<meta property=\"og:locale\" content=\"es_ES\" \/>\n<meta property=\"og:type\" content=\"article\" \/>\n<meta property=\"og:title\" content=\"Descubre la alfombra de exterior Veneto | SUNS Outdoor Lifestyle\" \/>\n<meta property=\"og:description\" content=\"\u00bfBuscas una alfombra de exterior Veneto? SUNS ofrece alfombras de exterior Veneto de alta calidad que combinan durabilidad y dise\u00f1o, perfectas para un jard\u00edn moderno.\" \/>\n<meta property=\"og:url\" content=\"https:\/\/hello-suns.com\/es\/productos\/veneto-alfombras\/\" \/>\n<meta property=\"og:site_name\" content=\"SUNS\" \/>\n<meta property=\"article:modified_time\" content=\"2026-02-12T08:26:29+00:00\" \/>\n<meta property=\"og:image\" content=\"https:\/\/hello-suns.com\/app\/uploads\/2025\/01\/Veneto-SUNS-Rug-Round300-PN-Free-1-1024x683.png\" \/>\n\t<meta property=\"og:image:width\" content=\"1024\" \/>\n\t<meta property=\"og:image:height\" content=\"683\" \/>\n\t<meta property=\"og:image:type\" content=\"image\/png\" \/>\n<meta name=\"twitter:card\" content=\"summary_large_image\" \/>\n<meta name=\"twitter:label1\" content=\"Est. reading time\" \/>\n\t<meta name=\"twitter:data1\" content=\"3 minutes\" \/>\n<script type=\"application\/ld+json\" class=\"yoast-schema-graph\">{\"@context\":\"https:\/\/schema.org\",\"@graph\":[{\"@type\":\"WebPage\",\"@id\":\"https:\/\/hello-suns.com\/es\/productos\/veneto-alfombras\/\",\"url\":\"https:\/\/hello-suns.com\/es\/productos\/veneto-alfombras\/\",\"name\":\"Descubre la alfombra de exterior Veneto | SUNS Outdoor Lifestyle\",\"isPartOf\":{\"@id\":\"https:\/\/hello-suns.com\/es\/#website\"},\"primaryImageOfPage\":{\"@id\":\"https:\/\/hello-suns.com\/es\/productos\/veneto-alfombras\/#primaryimage\"},\"image\":{\"@id\":\"https:\/\/hello-suns.com\/es\/productos\/veneto-alfombras\/#primaryimage\"},\"thumbnailUrl\":\"https:\/\/hello-suns.com\/app\/uploads\/2025\/01\/Veneto-SUNS-Rug-Round300-PN-Free-1.png\",\"datePublished\":\"2025-01-15T11:22:54+00:00\",\"dateModified\":\"2026-02-12T08:26:29+00:00\",\"description\":\"\u00bfBuscas una alfombra de exterior Veneto? SUNS ofrece alfombras de exterior Veneto de alta calidad que combinan durabilidad y dise\u00f1o, perfectas para un jard\u00edn moderno.\",\"breadcrumb\":{\"@id\":\"https:\/\/hello-suns.com\/es\/productos\/veneto-alfombras\/#breadcrumb\"},\"inLanguage\":\"es-ES\",\"potentialAction\":[{\"@type\":\"ReadAction\",\"target\":[\"https:\/\/hello-suns.com\/es\/productos\/veneto-alfombras\/\"]}]},{\"@type\":\"ImageObject\",\"inLanguage\":\"es-ES\",\"@id\":\"https:\/\/hello-suns.com\/es\/productos\/veneto-alfombras\/#primaryimage\",\"url\":\"https:\/\/hello-suns.com\/app\/uploads\/2025\/01\/Veneto-SUNS-Rug-Round300-PN-Free-1.png\",\"contentUrl\":\"https:\/\/hello-suns.com\/app\/uploads\/2025\/01\/Veneto-SUNS-Rug-Round300-PN-Free-1.png\",\"width\":2500,\"height\":1667},{\"@type\":\"BreadcrumbList\",\"@id\":\"https:\/\/hello-suns.com\/es\/productos\/veneto-alfombras\/#breadcrumb\",\"itemListElement\":[{\"@type\":\"ListItem\",\"position\":1,\"name\":\"\",\"item\":\"https:\/\/hello-suns.com\/es\/\"},{\"@type\":\"ListItem\",\"position\":2,\"name\":\"Productos\",\"item\":\"https:\/\/hello-suns.com\/es\/productos\/\"},{\"@type\":\"ListItem\",\"position\":3,\"name\":\"Veneto\"}]},{\"@type\":\"WebSite\",\"@id\":\"https:\/\/hello-suns.com\/es\/#website\",\"url\":\"https:\/\/hello-suns.com\/es\/\",\"name\":\"SUNS\",\"description\":\"Outdoor Lifestyle\",\"potentialAction\":[{\"@type\":\"SearchAction\",\"target\":{\"@type\":\"EntryPoint\",\"urlTemplate\":\"https:\/\/hello-suns.com\/es\/?s={search_term_string}\"},\"query-input\":{\"@type\":\"PropertyValueSpecification\",\"valueRequired\":true,\"valueName\":\"search_term_string\"}}],\"inLanguage\":\"es-ES\"}]}<\/script>\n<!-- \/ Yoast SEO plugin. -->","yoast_head_json":{"title":"Descubre la alfombra de exterior Veneto | SUNS Outdoor Lifestyle","description":"\u00bfBuscas una alfombra de exterior Veneto? SUNS ofrece alfombras de exterior Veneto de alta calidad que combinan durabilidad y dise\u00f1o, perfectas para un jard\u00edn moderno.","robots":{"index":"index","follow":"follow","max-snippet":"max-snippet:-1","max-image-preview":"max-image-preview:large","max-video-preview":"max-video-preview:-1"},"canonical":"https:\/\/hello-suns.com\/es\/productos\/veneto-alfombras\/","og_locale":"es_ES","og_type":"article","og_title":"Descubre la alfombra de exterior Veneto | SUNS Outdoor Lifestyle","og_description":"\u00bfBuscas una alfombra de exterior Veneto? SUNS ofrece alfombras de exterior Veneto de alta calidad que combinan durabilidad y dise\u00f1o, perfectas para un jard\u00edn moderno.","og_url":"https:\/\/hello-suns.com\/es\/productos\/veneto-alfombras\/","og_site_name":"SUNS","article_modified_time":"2026-02-12T08:26:29+00:00","og_image":[{"width":1024,"height":683,"url":"https:\/\/hello-suns.com\/app\/uploads\/2025\/01\/Veneto-SUNS-Rug-Round300-PN-Free-1-1024x683.png","type":"image\/png"}],"twitter_card":"summary_large_image","twitter_misc":{"Est. reading time":"3 minutes"},"schema":{"@context":"https:\/\/schema.org","@graph":[{"@type":"WebPage","@id":"https:\/\/hello-suns.com\/es\/productos\/veneto-alfombras\/","url":"https:\/\/hello-suns.com\/es\/productos\/veneto-alfombras\/","name":"Descubre la alfombra de exterior Veneto | SUNS Outdoor Lifestyle","isPartOf":{"@id":"https:\/\/hello-suns.com\/es\/#website"},"primaryImageOfPage":{"@id":"https:\/\/hello-suns.com\/es\/productos\/veneto-alfombras\/#primaryimage"},"image":{"@id":"https:\/\/hello-suns.com\/es\/productos\/veneto-alfombras\/#primaryimage"},"thumbnailUrl":"https:\/\/hello-suns.com\/app\/uploads\/2025\/01\/Veneto-SUNS-Rug-Round300-PN-Free-1.png","datePublished":"2025-01-15T11:22:54+00:00","dateModified":"2026-02-12T08:26:29+00:00","description":"\u00bfBuscas una alfombra de exterior Veneto? SUNS ofrece alfombras de exterior Veneto de alta calidad que combinan durabilidad y dise\u00f1o, perfectas para un jard\u00edn moderno.","breadcrumb":{"@id":"https:\/\/hello-suns.com\/es\/productos\/veneto-alfombras\/#breadcrumb"},"inLanguage":"es-ES","potentialAction":[{"@type":"ReadAction","target":["https:\/\/hello-suns.com\/es\/productos\/veneto-alfombras\/"]}]},{"@type":"ImageObject","inLanguage":"es-ES","@id":"https:\/\/hello-suns.com\/es\/productos\/veneto-alfombras\/#primaryimage","url":"https:\/\/hello-suns.com\/app\/uploads\/2025\/01\/Veneto-SUNS-Rug-Round300-PN-Free-1.png","contentUrl":"https:\/\/hello-suns.com\/app\/uploads\/2025\/01\/Veneto-SUNS-Rug-Round300-PN-Free-1.png","width":2500,"height":1667},{"@type":"BreadcrumbList","@id":"https:\/\/hello-suns.com\/es\/productos\/veneto-alfombras\/#breadcrumb","itemListElement":[{"@type":"ListItem","position":1,"name":"","item":"https:\/\/hello-suns.com\/es\/"},{"@type":"ListItem","position":2,"name":"Productos","item":"https:\/\/hello-suns.com\/es\/productos\/"},{"@type":"ListItem","position":3,"name":"Veneto"}]},{"@type":"WebSite","@id":"https:\/\/hello-suns.com\/es\/#website","url":"https:\/\/hello-suns.com\/es\/","name":"SUNS","description":"Outdoor Lifestyle","potentialAction":[{"@type":"SearchAction","target":{"@type":"EntryPoint","urlTemplate":"https:\/\/hello-suns.com\/es\/?s={search_term_string}"},"query-input":{"@type":"PropertyValueSpecification","valueRequired":true,"valueName":"search_term_string"}}],"inLanguage":"es-ES"}]}},"_links":{"self":[{"href":"https:\/\/hello-suns.com\/es\/wp-json\/wp\/v2\/product\/17423","targetHints":{"allow":["GET"]}}],"collection":[{"href":"https:\/\/hello-suns.com\/es\/wp-json\/wp\/v2\/product"}],"about":[{"href":"https:\/\/hello-suns.com\/es\/wp-json\/wp\/v2\/types\/product"}],"replies":[{"embeddable":true,"href":"https:\/\/hello-suns.com\/es\/wp-json\/wp\/v2\/comments?post=17423"}],"wp:featuredmedia":[{"embeddable":true,"href":"https:\/\/hello-suns.com\/es\/wp-json\/wp\/v2\/media\/17427"}],"wp:attachment":[{"href":"https:\/\/hello-suns.com\/es\/wp-json\/wp\/v2\/media?parent=17423"}],"wp:term":[{"taxonomy":"product_brand","embeddable":true,"href":"https:\/\/hello-suns.com\/es\/wp-json\/wp\/v2\/product_brand?post=17423"},{"taxonomy":"product_cat","embeddable":true,"href":"https:\/\/hello-suns.com\/es\/wp-json\/wp\/v2\/product_cat?post=17423"},{"taxonomy":"product_tag","embeddable":true,"href":"https:\/\/hello-suns.com\/es\/wp-json\/wp\/v2\/product_tag?post=17423"},{"taxonomy":"material","embeddable":true,"href":"https:\/\/hello-suns.com\/es\/wp-json\/wp\/v2\/material?post=17423"}],"curies":[{"name":"wp","href":"https:\/\/api.w.org\/{rel}","templated":true}]}}