{"id":17401,"date":"2025-01-15T13:36:46","date_gmt":"2025-01-15T13:36:46","guid":{"rendered":"https:\/\/hello-suns.com\/producten\/ivy\/"},"modified":"2025-09-24T09:54:19","modified_gmt":"2025-09-24T09:54:19","slug":"ivy-lamparas","status":"publish","type":"product","link":"https:\/\/hello-suns.com\/es\/productos\/ivy-lamparas\/","title":{"rendered":"Ivy"},"content":{"rendered":"<h2 style=\"font-weight: 400;\"><span class=\"TextRun SCXW101072438 BCX0\" lang=\"NL-NL\" xml:lang=\"NL-NL\" data-contrast=\"auto\"><span class=\"NormalTextRun SCXW101072438 BCX0\">La forma sigue a la funci\u00f3n<\/span><\/span><\/h2>\n<p><span class=\"TextRun SCXW179978169 BCX0\" lang=\"NL-NL\" xml:lang=\"NL-NL\" data-contrast=\"auto\"><span class=\"NormalTextRun SCXW179978169 BCX0\">Que tambi\u00e9n se pueden ver soluciones pr\u00e1cticas, SUNS lo demuestra<\/span><span class=\"NormalTextRun SCXW179978169 BCX0\"> con br\u00edo<\/span><span class=\"NormalTextRun SCXW179978169 BCX0\">. <\/span> <\/span><\/p>\n","protected":false},"excerpt":{"rendered":"<h3><span class=\"TextRun SCXW2815491 BCX0\" lang=\"NL-NL\" xml:lang=\"NL-NL\" data-contrast=\"auto\"><span class=\"NormalTextRun SCXW2815491 BCX0\">Perfecci\u00f3n para tu l\u00e1mpara de exterior<\/span><\/span><\/h3>\n<p><span data-contrast=\"auto\">Ivy es un elegante soporte para tu l\u00e1mpara de exterior. Puedes colgar varias l\u00e1mparas de exterior de la colecci\u00f3n SUNS en este soporte para mayor comodidad lum\u00ednica en la mesa, el rinc\u00f3n de lectura o el sendero del jard\u00edn, por ejemplo.<\/span> <span data-contrast=\"auto\">El soporte es de acero inoxidable de alta calidad, combinado con una base de teca. Gracias a sus dimensiones compactas, Ivy es un soporte que puede colocarse f\u00e1cilmente en muchas situaciones. Tambi\u00e9n hay disponible un pie de l\u00e1mpara (Jill) con una envergadura mayor, por ejemplo para encima de una mesa. <\/span> <span data-contrast=\"auto\">En cuanto a material y combinaci\u00f3n de colores, los soportes para l\u00e1mparas SUNS combinan a la perfecci\u00f3n con la colecci\u00f3n de l\u00e1mparas de exterior.<\/span><\/p>\n","protected":false},"featured_media":17403,"comment_status":"closed","ping_status":"closed","template":"","meta":{"_acf_changed":false},"product_brand":[],"product_cat":[817,840],"product_tag":[],"material":[],"class_list":{"0":"post-17401","1":"product","2":"type-product","3":"status-publish","4":"has-post-thumbnail","6":"product_cat-styling","7":"product_cat-lamparas","9":"first","10":"instock","11":"shipping-taxable","12":"product-type-simple"},"acf":[],"yoast_head":"<!-- This site is optimized with the Yoast SEO plugin v26.8 - https:\/\/yoast.com\/product\/yoast-seo-wordpress\/ -->\n<title>Descubre el pie de l\u00e1mpara Ivy | SUNS Outdoor Lifestyle<\/title>\n<meta name=\"description\" content=\"\u00bfBuscas un elegante pie de l\u00e1mpara de hiedra? SUNS ofrece soportes de l\u00e1mpara modernos y duraderos que combinan perfectamente con tu iluminaci\u00f3n exterior.\" \/>\n<meta name=\"robots\" content=\"index, follow, max-snippet:-1, max-image-preview:large, max-video-preview:-1\" \/>\n<link rel=\"canonical\" href=\"https:\/\/hello-suns.com\/es\/productos\/ivy-lamparas\/\" \/>\n<meta property=\"og:locale\" content=\"es_ES\" \/>\n<meta property=\"og:type\" content=\"article\" \/>\n<meta property=\"og:title\" content=\"Descubre el pie de l\u00e1mpara Ivy | SUNS Outdoor Lifestyle\" \/>\n<meta property=\"og:description\" content=\"\u00bfBuscas un elegante pie de l\u00e1mpara de hiedra? SUNS ofrece soportes de l\u00e1mpara modernos y duraderos que combinan perfectamente con tu iluminaci\u00f3n exterior.\" \/>\n<meta property=\"og:url\" content=\"https:\/\/hello-suns.com\/es\/productos\/ivy-lamparas\/\" \/>\n<meta property=\"og:site_name\" content=\"SUNS\" \/>\n<meta property=\"article:modified_time\" content=\"2025-09-24T09:54:19+00:00\" \/>\n<meta property=\"og:image\" content=\"https:\/\/hello-suns.com\/app\/uploads\/2025\/01\/Fay-Ivy-SUNS-Solar-CS-Free-22-1.png\" \/>\n\t<meta property=\"og:image:width\" content=\"2500\" \/>\n\t<meta property=\"og:image:height\" content=\"1667\" \/>\n\t<meta property=\"og:image:type\" content=\"image\/png\" \/>\n<meta name=\"twitter:card\" content=\"summary_large_image\" \/>\n<meta name=\"twitter:label1\" content=\"Est. reading time\" \/>\n\t<meta name=\"twitter:data1\" content=\"2 minutes\" \/>\n<script type=\"application\/ld+json\" class=\"yoast-schema-graph\">{\"@context\":\"https:\/\/schema.org\",\"@graph\":[{\"@type\":\"WebPage\",\"@id\":\"https:\/\/hello-suns.com\/es\/productos\/ivy-lamparas\/\",\"url\":\"https:\/\/hello-suns.com\/es\/productos\/ivy-lamparas\/\",\"name\":\"Descubre el pie de l\u00e1mpara Ivy | SUNS Outdoor Lifestyle\",\"isPartOf\":{\"@id\":\"https:\/\/hello-suns.com\/es\/#website\"},\"primaryImageOfPage\":{\"@id\":\"https:\/\/hello-suns.com\/es\/productos\/ivy-lamparas\/#primaryimage\"},\"image\":{\"@id\":\"https:\/\/hello-suns.com\/es\/productos\/ivy-lamparas\/#primaryimage\"},\"thumbnailUrl\":\"https:\/\/hello-suns.com\/app\/uploads\/2025\/01\/Fay-Ivy-SUNS-Solar-CS-Free-22-1.png\",\"datePublished\":\"2025-01-15T13:36:46+00:00\",\"dateModified\":\"2025-09-24T09:54:19+00:00\",\"description\":\"\u00bfBuscas un elegante pie de l\u00e1mpara de hiedra? SUNS ofrece soportes de l\u00e1mpara modernos y duraderos que combinan perfectamente con tu iluminaci\u00f3n exterior.\",\"breadcrumb\":{\"@id\":\"https:\/\/hello-suns.com\/es\/productos\/ivy-lamparas\/#breadcrumb\"},\"inLanguage\":\"es-ES\",\"potentialAction\":[{\"@type\":\"ReadAction\",\"target\":[\"https:\/\/hello-suns.com\/es\/productos\/ivy-lamparas\/\"]}]},{\"@type\":\"ImageObject\",\"inLanguage\":\"es-ES\",\"@id\":\"https:\/\/hello-suns.com\/es\/productos\/ivy-lamparas\/#primaryimage\",\"url\":\"https:\/\/hello-suns.com\/app\/uploads\/2025\/01\/Fay-Ivy-SUNS-Solar-CS-Free-22-1.png\",\"contentUrl\":\"https:\/\/hello-suns.com\/app\/uploads\/2025\/01\/Fay-Ivy-SUNS-Solar-CS-Free-22-1.png\",\"width\":2500,\"height\":1667},{\"@type\":\"BreadcrumbList\",\"@id\":\"https:\/\/hello-suns.com\/es\/productos\/ivy-lamparas\/#breadcrumb\",\"itemListElement\":[{\"@type\":\"ListItem\",\"position\":1,\"name\":\"\",\"item\":\"https:\/\/hello-suns.com\/es\/\"},{\"@type\":\"ListItem\",\"position\":2,\"name\":\"Productos\",\"item\":\"https:\/\/hello-suns.com\/es\/productos\/\"},{\"@type\":\"ListItem\",\"position\":3,\"name\":\"Ivy\"}]},{\"@type\":\"WebSite\",\"@id\":\"https:\/\/hello-suns.com\/es\/#website\",\"url\":\"https:\/\/hello-suns.com\/es\/\",\"name\":\"SUNS\",\"description\":\"Outdoor Lifestyle\",\"potentialAction\":[{\"@type\":\"SearchAction\",\"target\":{\"@type\":\"EntryPoint\",\"urlTemplate\":\"https:\/\/hello-suns.com\/es\/?s={search_term_string}\"},\"query-input\":{\"@type\":\"PropertyValueSpecification\",\"valueRequired\":true,\"valueName\":\"search_term_string\"}}],\"inLanguage\":\"es-ES\"}]}<\/script>\n<!-- \/ Yoast SEO plugin. -->","yoast_head_json":{"title":"Descubre el pie de l\u00e1mpara Ivy | SUNS Outdoor Lifestyle","description":"\u00bfBuscas un elegante pie de l\u00e1mpara de hiedra? SUNS ofrece soportes de l\u00e1mpara modernos y duraderos que combinan perfectamente con tu iluminaci\u00f3n exterior.","robots":{"index":"index","follow":"follow","max-snippet":"max-snippet:-1","max-image-preview":"max-image-preview:large","max-video-preview":"max-video-preview:-1"},"canonical":"https:\/\/hello-suns.com\/es\/productos\/ivy-lamparas\/","og_locale":"es_ES","og_type":"article","og_title":"Descubre el pie de l\u00e1mpara Ivy | SUNS Outdoor Lifestyle","og_description":"\u00bfBuscas un elegante pie de l\u00e1mpara de hiedra? SUNS ofrece soportes de l\u00e1mpara modernos y duraderos que combinan perfectamente con tu iluminaci\u00f3n exterior.","og_url":"https:\/\/hello-suns.com\/es\/productos\/ivy-lamparas\/","og_site_name":"SUNS","article_modified_time":"2025-09-24T09:54:19+00:00","og_image":[{"width":2500,"height":1667,"url":"https:\/\/hello-suns.com\/app\/uploads\/2025\/01\/Fay-Ivy-SUNS-Solar-CS-Free-22-1.png","type":"image\/png"}],"twitter_card":"summary_large_image","twitter_misc":{"Est. reading time":"2 minutes"},"schema":{"@context":"https:\/\/schema.org","@graph":[{"@type":"WebPage","@id":"https:\/\/hello-suns.com\/es\/productos\/ivy-lamparas\/","url":"https:\/\/hello-suns.com\/es\/productos\/ivy-lamparas\/","name":"Descubre el pie de l\u00e1mpara Ivy | SUNS Outdoor Lifestyle","isPartOf":{"@id":"https:\/\/hello-suns.com\/es\/#website"},"primaryImageOfPage":{"@id":"https:\/\/hello-suns.com\/es\/productos\/ivy-lamparas\/#primaryimage"},"image":{"@id":"https:\/\/hello-suns.com\/es\/productos\/ivy-lamparas\/#primaryimage"},"thumbnailUrl":"https:\/\/hello-suns.com\/app\/uploads\/2025\/01\/Fay-Ivy-SUNS-Solar-CS-Free-22-1.png","datePublished":"2025-01-15T13:36:46+00:00","dateModified":"2025-09-24T09:54:19+00:00","description":"\u00bfBuscas un elegante pie de l\u00e1mpara de hiedra? SUNS ofrece soportes de l\u00e1mpara modernos y duraderos que combinan perfectamente con tu iluminaci\u00f3n exterior.","breadcrumb":{"@id":"https:\/\/hello-suns.com\/es\/productos\/ivy-lamparas\/#breadcrumb"},"inLanguage":"es-ES","potentialAction":[{"@type":"ReadAction","target":["https:\/\/hello-suns.com\/es\/productos\/ivy-lamparas\/"]}]},{"@type":"ImageObject","inLanguage":"es-ES","@id":"https:\/\/hello-suns.com\/es\/productos\/ivy-lamparas\/#primaryimage","url":"https:\/\/hello-suns.com\/app\/uploads\/2025\/01\/Fay-Ivy-SUNS-Solar-CS-Free-22-1.png","contentUrl":"https:\/\/hello-suns.com\/app\/uploads\/2025\/01\/Fay-Ivy-SUNS-Solar-CS-Free-22-1.png","width":2500,"height":1667},{"@type":"BreadcrumbList","@id":"https:\/\/hello-suns.com\/es\/productos\/ivy-lamparas\/#breadcrumb","itemListElement":[{"@type":"ListItem","position":1,"name":"","item":"https:\/\/hello-suns.com\/es\/"},{"@type":"ListItem","position":2,"name":"Productos","item":"https:\/\/hello-suns.com\/es\/productos\/"},{"@type":"ListItem","position":3,"name":"Ivy"}]},{"@type":"WebSite","@id":"https:\/\/hello-suns.com\/es\/#website","url":"https:\/\/hello-suns.com\/es\/","name":"SUNS","description":"Outdoor Lifestyle","potentialAction":[{"@type":"SearchAction","target":{"@type":"EntryPoint","urlTemplate":"https:\/\/hello-suns.com\/es\/?s={search_term_string}"},"query-input":{"@type":"PropertyValueSpecification","valueRequired":true,"valueName":"search_term_string"}}],"inLanguage":"es-ES"}]}},"_links":{"self":[{"href":"https:\/\/hello-suns.com\/es\/wp-json\/wp\/v2\/product\/17401","targetHints":{"allow":["GET"]}}],"collection":[{"href":"https:\/\/hello-suns.com\/es\/wp-json\/wp\/v2\/product"}],"about":[{"href":"https:\/\/hello-suns.com\/es\/wp-json\/wp\/v2\/types\/product"}],"replies":[{"embeddable":true,"href":"https:\/\/hello-suns.com\/es\/wp-json\/wp\/v2\/comments?post=17401"}],"wp:featuredmedia":[{"embeddable":true,"href":"https:\/\/hello-suns.com\/es\/wp-json\/wp\/v2\/media\/17403"}],"wp:attachment":[{"href":"https:\/\/hello-suns.com\/es\/wp-json\/wp\/v2\/media?parent=17401"}],"wp:term":[{"taxonomy":"product_brand","embeddable":true,"href":"https:\/\/hello-suns.com\/es\/wp-json\/wp\/v2\/product_brand?post=17401"},{"taxonomy":"product_cat","embeddable":true,"href":"https:\/\/hello-suns.com\/es\/wp-json\/wp\/v2\/product_cat?post=17401"},{"taxonomy":"product_tag","embeddable":true,"href":"https:\/\/hello-suns.com\/es\/wp-json\/wp\/v2\/product_tag?post=17401"},{"taxonomy":"material","embeddable":true,"href":"https:\/\/hello-suns.com\/es\/wp-json\/wp\/v2\/material?post=17401"}],"curies":[{"name":"wp","href":"https:\/\/api.w.org\/{rel}","templated":true}]}}