{"id":17387,"date":"2025-01-15T13:54:52","date_gmt":"2025-01-15T13:54:52","guid":{"rendered":"https:\/\/hello-suns.com\/producten\/omis-plaza\/"},"modified":"2025-09-12T07:21:55","modified_gmt":"2025-09-12T07:21:55","slug":"omis-plaza-mesas","status":"publish","type":"product","link":"https:\/\/hello-suns.com\/es\/productos\/omis-plaza-mesas\/","title":{"rendered":"Omis | plaza"},"content":{"rendered":"<h2 style=\"font-weight: 400;\">Haz que tu verano sea extraordinario<\/h2>\n<p style=\"font-weight: 400;\">Omis da nueva vida a la frase \u201cest\u00e1 de moda ser cuadrado\u201d. Disfruta de las tardes de verano en una mesa con buenos asientos a cada lado.<\/p>\n","protected":false},"excerpt":{"rendered":"<h3 style=\"font-weight: 400;\">Dise\u00f1o de estatura<\/h3>\n<p style=\"font-weight: 400;\">Omis combina una construcci\u00f3n s\u00f3lida con un dise\u00f1o elegante. El armaz\u00f3n de Omis es de teca certificada, un tipo de madera de aspecto agradablemente c\u00e1lido. El tablero de la mesa es de GRC (hormig\u00f3n). Ambos materiales hacen que el tablero sea resistente a todas las condiciones meteorol\u00f3gicas. Esta mesa es excelente para combinarla con un gran n\u00famero de sillas de las colecciones SUNS. Omis tambi\u00e9n est\u00e1 disponible con un tablero asim\u00e9trico en forma de gota. Esto le da un aspecto \u00fanico.<\/p>\n<p style=\"font-weight: 400;\">\n","protected":false},"featured_media":17388,"comment_status":"closed","ping_status":"closed","template":"","meta":{"_acf_changed":false},"product_brand":[],"product_cat":[839],"product_tag":[],"material":[],"class_list":{"0":"post-17387","1":"product","2":"type-product","3":"status-publish","4":"has-post-thumbnail","6":"product_cat-mesas","8":"first","9":"instock","10":"shipping-taxable","11":"product-type-simple"},"acf":[],"yoast_head":"<!-- This site is optimized with the Yoast SEO plugin v26.8 - https:\/\/yoast.com\/product\/yoast-seo-wordpress\/ -->\n<title>Descubre los muebles de jard\u00edn Omis Square | SUNS Outdoor Lifestyle<\/title>\n<meta name=\"description\" content=\"\u00bfBuscas una elegante mesa cuadrada omis? SUNS ofrece mesas modernas y duraderas con un dise\u00f1o elegante, ideales para un jard\u00edn funcional y elegante.\" \/>\n<meta name=\"robots\" content=\"index, follow, max-snippet:-1, max-image-preview:large, max-video-preview:-1\" \/>\n<link rel=\"canonical\" href=\"https:\/\/hello-suns.com\/es\/productos\/omis-plaza-mesas\/\" \/>\n<meta property=\"og:locale\" content=\"es_ES\" \/>\n<meta property=\"og:type\" content=\"article\" \/>\n<meta property=\"og:title\" content=\"Descubre los muebles de jard\u00edn Omis Square | SUNS Outdoor Lifestyle\" \/>\n<meta property=\"og:description\" content=\"\u00bfBuscas una elegante mesa cuadrada omis? SUNS ofrece mesas modernas y duraderas con un dise\u00f1o elegante, ideales para un jard\u00edn funcional y elegante.\" \/>\n<meta property=\"og:url\" content=\"https:\/\/hello-suns.com\/es\/productos\/omis-plaza-mesas\/\" \/>\n<meta property=\"og:site_name\" content=\"SUNS\" \/>\n<meta property=\"article:modified_time\" content=\"2025-09-12T07:21:55+00:00\" \/>\n<meta property=\"og:image\" content=\"https:\/\/hello-suns.com\/app\/uploads\/2025\/01\/01_Omis-SUNS-diningtablesquare-TK-Free-25-2500.png\" \/>\n\t<meta property=\"og:image:width\" content=\"2500\" \/>\n\t<meta property=\"og:image:height\" content=\"1667\" \/>\n\t<meta property=\"og:image:type\" content=\"image\/png\" \/>\n<meta name=\"twitter:card\" content=\"summary_large_image\" \/>\n<meta name=\"twitter:label1\" content=\"Est. reading time\" \/>\n\t<meta name=\"twitter:data1\" content=\"2 minutes\" \/>\n<script type=\"application\/ld+json\" class=\"yoast-schema-graph\">{\"@context\":\"https:\/\/schema.org\",\"@graph\":[{\"@type\":\"WebPage\",\"@id\":\"https:\/\/hello-suns.com\/es\/productos\/omis-plaza-mesas\/\",\"url\":\"https:\/\/hello-suns.com\/es\/productos\/omis-plaza-mesas\/\",\"name\":\"Descubre los muebles de jard\u00edn Omis Square | SUNS Outdoor Lifestyle\",\"isPartOf\":{\"@id\":\"https:\/\/hello-suns.com\/es\/#website\"},\"primaryImageOfPage\":{\"@id\":\"https:\/\/hello-suns.com\/es\/productos\/omis-plaza-mesas\/#primaryimage\"},\"image\":{\"@id\":\"https:\/\/hello-suns.com\/es\/productos\/omis-plaza-mesas\/#primaryimage\"},\"thumbnailUrl\":\"https:\/\/hello-suns.com\/app\/uploads\/2025\/01\/01_Omis-SUNS-diningtablesquare-TK-Free-25-2500.png\",\"datePublished\":\"2025-01-15T13:54:52+00:00\",\"dateModified\":\"2025-09-12T07:21:55+00:00\",\"description\":\"\u00bfBuscas una elegante mesa cuadrada omis? SUNS ofrece mesas modernas y duraderas con un dise\u00f1o elegante, ideales para un jard\u00edn funcional y elegante.\",\"breadcrumb\":{\"@id\":\"https:\/\/hello-suns.com\/es\/productos\/omis-plaza-mesas\/#breadcrumb\"},\"inLanguage\":\"es-ES\",\"potentialAction\":[{\"@type\":\"ReadAction\",\"target\":[\"https:\/\/hello-suns.com\/es\/productos\/omis-plaza-mesas\/\"]}]},{\"@type\":\"ImageObject\",\"inLanguage\":\"es-ES\",\"@id\":\"https:\/\/hello-suns.com\/es\/productos\/omis-plaza-mesas\/#primaryimage\",\"url\":\"https:\/\/hello-suns.com\/app\/uploads\/2025\/01\/01_Omis-SUNS-diningtablesquare-TK-Free-25-2500.png\",\"contentUrl\":\"https:\/\/hello-suns.com\/app\/uploads\/2025\/01\/01_Omis-SUNS-diningtablesquare-TK-Free-25-2500.png\",\"width\":2500,\"height\":1667},{\"@type\":\"BreadcrumbList\",\"@id\":\"https:\/\/hello-suns.com\/es\/productos\/omis-plaza-mesas\/#breadcrumb\",\"itemListElement\":[{\"@type\":\"ListItem\",\"position\":1,\"name\":\"\",\"item\":\"https:\/\/hello-suns.com\/es\/\"},{\"@type\":\"ListItem\",\"position\":2,\"name\":\"Productos\",\"item\":\"https:\/\/hello-suns.com\/es\/productos\/\"},{\"@type\":\"ListItem\",\"position\":3,\"name\":\"Omis | plaza\"}]},{\"@type\":\"WebSite\",\"@id\":\"https:\/\/hello-suns.com\/es\/#website\",\"url\":\"https:\/\/hello-suns.com\/es\/\",\"name\":\"SUNS\",\"description\":\"Outdoor Lifestyle\",\"potentialAction\":[{\"@type\":\"SearchAction\",\"target\":{\"@type\":\"EntryPoint\",\"urlTemplate\":\"https:\/\/hello-suns.com\/es\/?s={search_term_string}\"},\"query-input\":{\"@type\":\"PropertyValueSpecification\",\"valueRequired\":true,\"valueName\":\"search_term_string\"}}],\"inLanguage\":\"es-ES\"}]}<\/script>\n<!-- \/ Yoast SEO plugin. -->","yoast_head_json":{"title":"Descubre los muebles de jard\u00edn Omis Square | SUNS Outdoor Lifestyle","description":"\u00bfBuscas una elegante mesa cuadrada omis? SUNS ofrece mesas modernas y duraderas con un dise\u00f1o elegante, ideales para un jard\u00edn funcional y elegante.","robots":{"index":"index","follow":"follow","max-snippet":"max-snippet:-1","max-image-preview":"max-image-preview:large","max-video-preview":"max-video-preview:-1"},"canonical":"https:\/\/hello-suns.com\/es\/productos\/omis-plaza-mesas\/","og_locale":"es_ES","og_type":"article","og_title":"Descubre los muebles de jard\u00edn Omis Square | SUNS Outdoor Lifestyle","og_description":"\u00bfBuscas una elegante mesa cuadrada omis? SUNS ofrece mesas modernas y duraderas con un dise\u00f1o elegante, ideales para un jard\u00edn funcional y elegante.","og_url":"https:\/\/hello-suns.com\/es\/productos\/omis-plaza-mesas\/","og_site_name":"SUNS","article_modified_time":"2025-09-12T07:21:55+00:00","og_image":[{"width":2500,"height":1667,"url":"https:\/\/hello-suns.com\/app\/uploads\/2025\/01\/01_Omis-SUNS-diningtablesquare-TK-Free-25-2500.png","type":"image\/png"}],"twitter_card":"summary_large_image","twitter_misc":{"Est. reading time":"2 minutes"},"schema":{"@context":"https:\/\/schema.org","@graph":[{"@type":"WebPage","@id":"https:\/\/hello-suns.com\/es\/productos\/omis-plaza-mesas\/","url":"https:\/\/hello-suns.com\/es\/productos\/omis-plaza-mesas\/","name":"Descubre los muebles de jard\u00edn Omis Square | SUNS Outdoor Lifestyle","isPartOf":{"@id":"https:\/\/hello-suns.com\/es\/#website"},"primaryImageOfPage":{"@id":"https:\/\/hello-suns.com\/es\/productos\/omis-plaza-mesas\/#primaryimage"},"image":{"@id":"https:\/\/hello-suns.com\/es\/productos\/omis-plaza-mesas\/#primaryimage"},"thumbnailUrl":"https:\/\/hello-suns.com\/app\/uploads\/2025\/01\/01_Omis-SUNS-diningtablesquare-TK-Free-25-2500.png","datePublished":"2025-01-15T13:54:52+00:00","dateModified":"2025-09-12T07:21:55+00:00","description":"\u00bfBuscas una elegante mesa cuadrada omis? SUNS ofrece mesas modernas y duraderas con un dise\u00f1o elegante, ideales para un jard\u00edn funcional y elegante.","breadcrumb":{"@id":"https:\/\/hello-suns.com\/es\/productos\/omis-plaza-mesas\/#breadcrumb"},"inLanguage":"es-ES","potentialAction":[{"@type":"ReadAction","target":["https:\/\/hello-suns.com\/es\/productos\/omis-plaza-mesas\/"]}]},{"@type":"ImageObject","inLanguage":"es-ES","@id":"https:\/\/hello-suns.com\/es\/productos\/omis-plaza-mesas\/#primaryimage","url":"https:\/\/hello-suns.com\/app\/uploads\/2025\/01\/01_Omis-SUNS-diningtablesquare-TK-Free-25-2500.png","contentUrl":"https:\/\/hello-suns.com\/app\/uploads\/2025\/01\/01_Omis-SUNS-diningtablesquare-TK-Free-25-2500.png","width":2500,"height":1667},{"@type":"BreadcrumbList","@id":"https:\/\/hello-suns.com\/es\/productos\/omis-plaza-mesas\/#breadcrumb","itemListElement":[{"@type":"ListItem","position":1,"name":"","item":"https:\/\/hello-suns.com\/es\/"},{"@type":"ListItem","position":2,"name":"Productos","item":"https:\/\/hello-suns.com\/es\/productos\/"},{"@type":"ListItem","position":3,"name":"Omis | plaza"}]},{"@type":"WebSite","@id":"https:\/\/hello-suns.com\/es\/#website","url":"https:\/\/hello-suns.com\/es\/","name":"SUNS","description":"Outdoor Lifestyle","potentialAction":[{"@type":"SearchAction","target":{"@type":"EntryPoint","urlTemplate":"https:\/\/hello-suns.com\/es\/?s={search_term_string}"},"query-input":{"@type":"PropertyValueSpecification","valueRequired":true,"valueName":"search_term_string"}}],"inLanguage":"es-ES"}]}},"_links":{"self":[{"href":"https:\/\/hello-suns.com\/es\/wp-json\/wp\/v2\/product\/17387","targetHints":{"allow":["GET"]}}],"collection":[{"href":"https:\/\/hello-suns.com\/es\/wp-json\/wp\/v2\/product"}],"about":[{"href":"https:\/\/hello-suns.com\/es\/wp-json\/wp\/v2\/types\/product"}],"replies":[{"embeddable":true,"href":"https:\/\/hello-suns.com\/es\/wp-json\/wp\/v2\/comments?post=17387"}],"wp:featuredmedia":[{"embeddable":true,"href":"https:\/\/hello-suns.com\/es\/wp-json\/wp\/v2\/media\/17388"}],"wp:attachment":[{"href":"https:\/\/hello-suns.com\/es\/wp-json\/wp\/v2\/media?parent=17387"}],"wp:term":[{"taxonomy":"product_brand","embeddable":true,"href":"https:\/\/hello-suns.com\/es\/wp-json\/wp\/v2\/product_brand?post=17387"},{"taxonomy":"product_cat","embeddable":true,"href":"https:\/\/hello-suns.com\/es\/wp-json\/wp\/v2\/product_cat?post=17387"},{"taxonomy":"product_tag","embeddable":true,"href":"https:\/\/hello-suns.com\/es\/wp-json\/wp\/v2\/product_tag?post=17387"},{"taxonomy":"material","embeddable":true,"href":"https:\/\/hello-suns.com\/es\/wp-json\/wp\/v2\/material?post=17387"}],"curies":[{"name":"wp","href":"https:\/\/api.w.org\/{rel}","templated":true}]}}