{"id":17386,"date":"2025-01-15T13:39:34","date_gmt":"2025-01-15T12:39:34","guid":{"rendered":"https:\/\/hello-suns.com\/producten\/omis-forma-de-gota\/"},"modified":"2026-02-05T12:06:12","modified_gmt":"2026-02-05T11:06:12","slug":"omis-forma-de-gota-mesas","status":"publish","type":"product","link":"https:\/\/hello-suns.com\/es\/productos\/omis-forma-de-gota-mesas\/","title":{"rendered":"Omis | forma de gota"},"content":{"rendered":"<h2 style=\"font-weight: 400;\">Haz que tu verano sea extraordinario<\/h2>\n<p class=\"p1\">Esta temporada, apuesta por una mesa llamativa que atraiga todas las miradas.<\/p>\n","protected":false},"excerpt":{"rendered":"<h3 style=\"font-weight: 400;\">Dise\u00f1o de estatura<\/h3>\n<p style=\"font-weight: 400;\">Omis es una mesa que nunca antes hab\u00edas visto. Adem\u00e1s de una elegante variante con tablero cuadrado, esta mesa de la nueva serie SUNS tambi\u00e9n est\u00e1 disponible con tablero en forma de gota. \u00a1Los que se atrevan a experimentar ser\u00e1n recompensados con un dise\u00f1o de exterior incomparable! El armaz\u00f3n de Omis es de teca certificada, un tipo de madera de aspecto agradablemente c\u00e1lido. El tablero de la mesa es de GRC (hormig\u00f3n) o Neolith\u00ae (un compuesto de materias primas 100% naturales).<\/p>\n<p style=\"font-weight: 400;\">Omis es excelente para combinar con una amplia gama de sillas de la colecci\u00f3n SUNS.<\/p>\n","protected":false},"featured_media":17391,"comment_status":"closed","ping_status":"closed","template":"","meta":{"_acf_changed":false},"product_brand":[],"product_cat":[839],"product_tag":[],"material":[],"class_list":{"0":"post-17386","1":"product","2":"type-product","3":"status-publish","4":"has-post-thumbnail","6":"product_cat-mesas","8":"first","9":"instock","10":"shipping-taxable","11":"product-type-simple"},"acf":[],"yoast_head":"<!-- This site is optimized with the Yoast SEO plugin v26.8 - https:\/\/yoast.com\/product\/yoast-seo-wordpress\/ -->\n<title>Descubrir la mesa Omis Drop Form | SUNS Outdoor Lifestyle<\/title>\n<meta name=\"description\" content=\"\u00bfBuscas una elegante mesa omis en forma de gota? SUNS ofrece mesas \u00fanicas y duraderas con un dise\u00f1o contempor\u00e1neo, perfectas para un espacio exterior moderno.\" \/>\n<meta name=\"robots\" content=\"index, follow, max-snippet:-1, max-image-preview:large, max-video-preview:-1\" \/>\n<link rel=\"canonical\" href=\"https:\/\/hello-suns.com\/es\/productos\/omis-forma-de-gota-mesas\/\" \/>\n<meta property=\"og:locale\" content=\"es_ES\" \/>\n<meta property=\"og:type\" content=\"article\" \/>\n<meta property=\"og:title\" content=\"Descubrir la mesa Omis Drop Form | SUNS Outdoor Lifestyle\" \/>\n<meta property=\"og:description\" content=\"\u00bfBuscas una elegante mesa omis en forma de gota? SUNS ofrece mesas \u00fanicas y duraderas con un dise\u00f1o contempor\u00e1neo, perfectas para un espacio exterior moderno.\" \/>\n<meta property=\"og:url\" content=\"https:\/\/hello-suns.com\/es\/productos\/omis-forma-de-gota-mesas\/\" \/>\n<meta property=\"og:site_name\" content=\"SUNS\" \/>\n<meta property=\"article:modified_time\" content=\"2026-02-05T11:06:12+00:00\" \/>\n<meta property=\"og:image\" content=\"https:\/\/hello-suns.com\/app\/uploads\/2025\/01\/01_Omisdropshape-SUNS-diningtable-TK-Free-25-2500.png\" \/>\n\t<meta property=\"og:image:width\" content=\"2500\" \/>\n\t<meta property=\"og:image:height\" content=\"1667\" \/>\n\t<meta property=\"og:image:type\" content=\"image\/png\" \/>\n<meta name=\"twitter:card\" content=\"summary_large_image\" \/>\n<meta name=\"twitter:label1\" content=\"Est. reading time\" \/>\n\t<meta name=\"twitter:data1\" content=\"3 minutes\" \/>\n<script type=\"application\/ld+json\" class=\"yoast-schema-graph\">{\"@context\":\"https:\/\/schema.org\",\"@graph\":[{\"@type\":\"WebPage\",\"@id\":\"https:\/\/hello-suns.com\/es\/productos\/omis-forma-de-gota-mesas\/\",\"url\":\"https:\/\/hello-suns.com\/es\/productos\/omis-forma-de-gota-mesas\/\",\"name\":\"Descubrir la mesa Omis Drop Form | SUNS Outdoor Lifestyle\",\"isPartOf\":{\"@id\":\"https:\/\/hello-suns.com\/es\/#website\"},\"primaryImageOfPage\":{\"@id\":\"https:\/\/hello-suns.com\/es\/productos\/omis-forma-de-gota-mesas\/#primaryimage\"},\"image\":{\"@id\":\"https:\/\/hello-suns.com\/es\/productos\/omis-forma-de-gota-mesas\/#primaryimage\"},\"thumbnailUrl\":\"https:\/\/hello-suns.com\/app\/uploads\/2025\/01\/01_Omisdropshape-SUNS-diningtable-TK-Free-25-2500.png\",\"datePublished\":\"2025-01-15T12:39:34+00:00\",\"dateModified\":\"2026-02-05T11:06:12+00:00\",\"description\":\"\u00bfBuscas una elegante mesa omis en forma de gota? SUNS ofrece mesas \u00fanicas y duraderas con un dise\u00f1o contempor\u00e1neo, perfectas para un espacio exterior moderno.\",\"breadcrumb\":{\"@id\":\"https:\/\/hello-suns.com\/es\/productos\/omis-forma-de-gota-mesas\/#breadcrumb\"},\"inLanguage\":\"es-ES\",\"potentialAction\":[{\"@type\":\"ReadAction\",\"target\":[\"https:\/\/hello-suns.com\/es\/productos\/omis-forma-de-gota-mesas\/\"]}]},{\"@type\":\"ImageObject\",\"inLanguage\":\"es-ES\",\"@id\":\"https:\/\/hello-suns.com\/es\/productos\/omis-forma-de-gota-mesas\/#primaryimage\",\"url\":\"https:\/\/hello-suns.com\/app\/uploads\/2025\/01\/01_Omisdropshape-SUNS-diningtable-TK-Free-25-2500.png\",\"contentUrl\":\"https:\/\/hello-suns.com\/app\/uploads\/2025\/01\/01_Omisdropshape-SUNS-diningtable-TK-Free-25-2500.png\",\"width\":2500,\"height\":1667},{\"@type\":\"BreadcrumbList\",\"@id\":\"https:\/\/hello-suns.com\/es\/productos\/omis-forma-de-gota-mesas\/#breadcrumb\",\"itemListElement\":[{\"@type\":\"ListItem\",\"position\":1,\"name\":\"\",\"item\":\"https:\/\/hello-suns.com\/es\/\"},{\"@type\":\"ListItem\",\"position\":2,\"name\":\"Productos\",\"item\":\"https:\/\/hello-suns.com\/es\/productos\/\"},{\"@type\":\"ListItem\",\"position\":3,\"name\":\"Omis | forma de gota\"}]},{\"@type\":\"WebSite\",\"@id\":\"https:\/\/hello-suns.com\/es\/#website\",\"url\":\"https:\/\/hello-suns.com\/es\/\",\"name\":\"SUNS\",\"description\":\"Outdoor Lifestyle\",\"potentialAction\":[{\"@type\":\"SearchAction\",\"target\":{\"@type\":\"EntryPoint\",\"urlTemplate\":\"https:\/\/hello-suns.com\/es\/?s={search_term_string}\"},\"query-input\":{\"@type\":\"PropertyValueSpecification\",\"valueRequired\":true,\"valueName\":\"search_term_string\"}}],\"inLanguage\":\"es-ES\"}]}<\/script>\n<!-- \/ Yoast SEO plugin. -->","yoast_head_json":{"title":"Descubrir la mesa Omis Drop Form | SUNS Outdoor Lifestyle","description":"\u00bfBuscas una elegante mesa omis en forma de gota? SUNS ofrece mesas \u00fanicas y duraderas con un dise\u00f1o contempor\u00e1neo, perfectas para un espacio exterior moderno.","robots":{"index":"index","follow":"follow","max-snippet":"max-snippet:-1","max-image-preview":"max-image-preview:large","max-video-preview":"max-video-preview:-1"},"canonical":"https:\/\/hello-suns.com\/es\/productos\/omis-forma-de-gota-mesas\/","og_locale":"es_ES","og_type":"article","og_title":"Descubrir la mesa Omis Drop Form | SUNS Outdoor Lifestyle","og_description":"\u00bfBuscas una elegante mesa omis en forma de gota? SUNS ofrece mesas \u00fanicas y duraderas con un dise\u00f1o contempor\u00e1neo, perfectas para un espacio exterior moderno.","og_url":"https:\/\/hello-suns.com\/es\/productos\/omis-forma-de-gota-mesas\/","og_site_name":"SUNS","article_modified_time":"2026-02-05T11:06:12+00:00","og_image":[{"width":2500,"height":1667,"url":"https:\/\/hello-suns.com\/app\/uploads\/2025\/01\/01_Omisdropshape-SUNS-diningtable-TK-Free-25-2500.png","type":"image\/png"}],"twitter_card":"summary_large_image","twitter_misc":{"Est. reading time":"3 minutes"},"schema":{"@context":"https:\/\/schema.org","@graph":[{"@type":"WebPage","@id":"https:\/\/hello-suns.com\/es\/productos\/omis-forma-de-gota-mesas\/","url":"https:\/\/hello-suns.com\/es\/productos\/omis-forma-de-gota-mesas\/","name":"Descubrir la mesa Omis Drop Form | SUNS Outdoor Lifestyle","isPartOf":{"@id":"https:\/\/hello-suns.com\/es\/#website"},"primaryImageOfPage":{"@id":"https:\/\/hello-suns.com\/es\/productos\/omis-forma-de-gota-mesas\/#primaryimage"},"image":{"@id":"https:\/\/hello-suns.com\/es\/productos\/omis-forma-de-gota-mesas\/#primaryimage"},"thumbnailUrl":"https:\/\/hello-suns.com\/app\/uploads\/2025\/01\/01_Omisdropshape-SUNS-diningtable-TK-Free-25-2500.png","datePublished":"2025-01-15T12:39:34+00:00","dateModified":"2026-02-05T11:06:12+00:00","description":"\u00bfBuscas una elegante mesa omis en forma de gota? SUNS ofrece mesas \u00fanicas y duraderas con un dise\u00f1o contempor\u00e1neo, perfectas para un espacio exterior moderno.","breadcrumb":{"@id":"https:\/\/hello-suns.com\/es\/productos\/omis-forma-de-gota-mesas\/#breadcrumb"},"inLanguage":"es-ES","potentialAction":[{"@type":"ReadAction","target":["https:\/\/hello-suns.com\/es\/productos\/omis-forma-de-gota-mesas\/"]}]},{"@type":"ImageObject","inLanguage":"es-ES","@id":"https:\/\/hello-suns.com\/es\/productos\/omis-forma-de-gota-mesas\/#primaryimage","url":"https:\/\/hello-suns.com\/app\/uploads\/2025\/01\/01_Omisdropshape-SUNS-diningtable-TK-Free-25-2500.png","contentUrl":"https:\/\/hello-suns.com\/app\/uploads\/2025\/01\/01_Omisdropshape-SUNS-diningtable-TK-Free-25-2500.png","width":2500,"height":1667},{"@type":"BreadcrumbList","@id":"https:\/\/hello-suns.com\/es\/productos\/omis-forma-de-gota-mesas\/#breadcrumb","itemListElement":[{"@type":"ListItem","position":1,"name":"","item":"https:\/\/hello-suns.com\/es\/"},{"@type":"ListItem","position":2,"name":"Productos","item":"https:\/\/hello-suns.com\/es\/productos\/"},{"@type":"ListItem","position":3,"name":"Omis | forma de gota"}]},{"@type":"WebSite","@id":"https:\/\/hello-suns.com\/es\/#website","url":"https:\/\/hello-suns.com\/es\/","name":"SUNS","description":"Outdoor Lifestyle","potentialAction":[{"@type":"SearchAction","target":{"@type":"EntryPoint","urlTemplate":"https:\/\/hello-suns.com\/es\/?s={search_term_string}"},"query-input":{"@type":"PropertyValueSpecification","valueRequired":true,"valueName":"search_term_string"}}],"inLanguage":"es-ES"}]}},"_links":{"self":[{"href":"https:\/\/hello-suns.com\/es\/wp-json\/wp\/v2\/product\/17386","targetHints":{"allow":["GET"]}}],"collection":[{"href":"https:\/\/hello-suns.com\/es\/wp-json\/wp\/v2\/product"}],"about":[{"href":"https:\/\/hello-suns.com\/es\/wp-json\/wp\/v2\/types\/product"}],"replies":[{"embeddable":true,"href":"https:\/\/hello-suns.com\/es\/wp-json\/wp\/v2\/comments?post=17386"}],"wp:featuredmedia":[{"embeddable":true,"href":"https:\/\/hello-suns.com\/es\/wp-json\/wp\/v2\/media\/17391"}],"wp:attachment":[{"href":"https:\/\/hello-suns.com\/es\/wp-json\/wp\/v2\/media?parent=17386"}],"wp:term":[{"taxonomy":"product_brand","embeddable":true,"href":"https:\/\/hello-suns.com\/es\/wp-json\/wp\/v2\/product_brand?post=17386"},{"taxonomy":"product_cat","embeddable":true,"href":"https:\/\/hello-suns.com\/es\/wp-json\/wp\/v2\/product_cat?post=17386"},{"taxonomy":"product_tag","embeddable":true,"href":"https:\/\/hello-suns.com\/es\/wp-json\/wp\/v2\/product_tag?post=17386"},{"taxonomy":"material","embeddable":true,"href":"https:\/\/hello-suns.com\/es\/wp-json\/wp\/v2\/material?post=17386"}],"curies":[{"name":"wp","href":"https:\/\/api.w.org\/{rel}","templated":true}]}}