{"id":17369,"date":"2025-01-15T14:01:22","date_gmt":"2025-01-15T13:01:22","guid":{"rendered":"https:\/\/hello-suns.com\/producten\/kate\/"},"modified":"2026-02-12T08:43:52","modified_gmt":"2026-02-12T07:43:52","slug":"kate-lamparas","status":"publish","type":"product","link":"https:\/\/hello-suns.com\/es\/productos\/kate-lamparas\/","title":{"rendered":"Kate"},"content":{"rendered":"<h2 style=\"font-weight: 400;\"><span class=\"TextRun SCXW131326112 BCX0\" lang=\"NL-NL\" xml:lang=\"NL-NL\" data-contrast=\"auto\"><span class=\"NormalTextRun SCXW131326112 BCX0\">Aspecto magn\u00edfico<\/span><\/span><\/h2>\n<p><span class=\"TextRun SCXW215731828 BCX0\" lang=\"NL-NL\" xml:lang=\"NL-NL\" data-contrast=\"auto\"><span class=\"NormalTextRun SCXW215731828 BCX0\">Kate es una presencia a la vez sutil y radiante, seg\u00fan la hora del d\u00eda.<\/span><\/span><\/p>\n","protected":false},"excerpt":{"rendered":"<h3><span class=\"TextRun SCXW220231785 BCX0\" lang=\"NL-NL\" xml:lang=\"NL-NL\" data-contrast=\"auto\"><span class=\"NormalTextRun SCXW220231785 BCX0\">L\u00e1mpara solar de exterior<\/span><\/span><\/h3>\n<p><span data-contrast=\"none\">Kate obtiene su energ\u00eda preferentemente del sol (aunque tambi\u00e9n puedes cargar la l\u00e1mpara con un cable USB) y proporciona hasta 18 horas de luz. Coloca a Kate donde quieras o elige uno de los soportes para l\u00e1mparas SUNS.<\/span> <span data-contrast=\"none\">Kate y las dem\u00e1s l\u00e1mparas de exterior de la colecci\u00f3n son conmutables en tres posiciones. As\u00ed tendr\u00e1s la luz adecuada para cada situaci\u00f3n. A Kate le encanta el sol, pero tambi\u00e9n puede soportar un chaparr\u00f3n. Est\u00e1 disponible en 3 tama\u00f1os y varios colores. <\/span> <span data-contrast=\"none\">Crea un plan de iluminaci\u00f3n completo e inal\u00e1mbrico para tu jard\u00edn o terraza con las luces de exterior solares SUNS.<\/span><\/p>\n<p><b><span data-contrast=\"none\">Intensidad luminosa y horas de funcionamiento<\/span><\/b><br \/>\n<span data-contrast=\"none\">Tres posiciones de conmutaci\u00f3n: 30% | 50% | 100% de intensidad luminosa<\/span><br \/>\n<span data-contrast=\"none\">Tambi\u00e9n puede cambiar autom\u00e1ticamente.<\/span><\/p>\n<p><span data-contrast=\"none\">Horas de funcionamiento tras 5 horas de carga a la luz directa del sol:<\/span><br \/>\n<span data-contrast=\"none\">Ajuste 1 &#8211; intensidad de luz 30% | 10 horas<\/span><br \/>\n<span data-contrast=\"none\">Ajuste 2 &#8211; intensidad de luz 50% | 8 horas<\/span><br \/>\n<span data-contrast=\"none\">Ajuste 3 &#8211; intensidad de luz 100% | 5 horas<\/span><\/p>\n<p><span data-contrast=\"none\">Quema horas despu\u00e9s de cargarlo completamente con el cable USB-C:<\/span><br \/>\n<span data-contrast=\"none\">Ajuste 1 &#8211; intensidad de luz 30% | 18 horas<\/span><br \/>\n<span data-contrast=\"none\">Ajuste 2 &#8211; intensidad de luz 50% | 12 horas<\/span><br \/>\n<span data-contrast=\"none\">Ajuste 3 &#8211; intensidad de luz 100% | 7 horas<\/span><\/p>\n<p>&nbsp;<\/p>\n","protected":false},"featured_media":17379,"comment_status":"closed","ping_status":"closed","template":"","meta":{"_acf_changed":false},"product_brand":[],"product_cat":[817,840],"product_tag":[],"material":[],"class_list":{"0":"post-17369","1":"product","2":"type-product","3":"status-publish","4":"has-post-thumbnail","6":"product_cat-styling","7":"product_cat-lamparas","9":"first","10":"instock","11":"shipping-taxable","12":"product-type-simple"},"acf":[],"yoast_head":"<!-- This site is optimized with the Yoast SEO plugin v26.8 - https:\/\/yoast.com\/product\/yoast-seo-wordpress\/ -->\n<title>Descubre la l\u00e1mpara de exterior Kate | SUNS Outdoor Lifestyle<\/title>\n<meta name=\"description\" content=\"\u00bfBuscas una elegante l\u00e1mpara de exterior kate? SUNS ofrece l\u00e1mparas de exterior modernas y duraderas que combinan a la perfecci\u00f3n ambiente y dise\u00f1o contempor\u00e1neo para cualquier jard\u00edn.\" \/>\n<meta name=\"robots\" content=\"index, follow, max-snippet:-1, max-image-preview:large, max-video-preview:-1\" \/>\n<link rel=\"canonical\" href=\"https:\/\/hello-suns.com\/es\/productos\/kate-lamparas\/\" \/>\n<meta property=\"og:locale\" content=\"es_ES\" \/>\n<meta property=\"og:type\" content=\"article\" \/>\n<meta property=\"og:title\" content=\"Descubre la l\u00e1mpara de exterior Kate | SUNS Outdoor Lifestyle\" \/>\n<meta property=\"og:description\" content=\"\u00bfBuscas una elegante l\u00e1mpara de exterior kate? SUNS ofrece l\u00e1mparas de exterior modernas y duraderas que combinan a la perfecci\u00f3n ambiente y dise\u00f1o contempor\u00e1neo para cualquier jard\u00edn.\" \/>\n<meta property=\"og:url\" content=\"https:\/\/hello-suns.com\/es\/productos\/kate-lamparas\/\" \/>\n<meta property=\"og:site_name\" content=\"SUNS\" \/>\n<meta property=\"article:modified_time\" content=\"2026-02-12T07:43:52+00:00\" \/>\n<meta property=\"og:image\" content=\"https:\/\/hello-suns.com\/app\/uploads\/2025\/01\/Kate-SUNS-Solar-CS-XL-M-S-Free-22-1_Tripych-1024x683.png\" \/>\n\t<meta property=\"og:image:width\" content=\"1024\" \/>\n\t<meta property=\"og:image:height\" content=\"683\" \/>\n\t<meta property=\"og:image:type\" content=\"image\/png\" \/>\n<meta name=\"twitter:card\" content=\"summary_large_image\" \/>\n<meta name=\"twitter:label1\" content=\"Est. reading time\" \/>\n\t<meta name=\"twitter:data1\" content=\"3 minutes\" \/>\n<script type=\"application\/ld+json\" class=\"yoast-schema-graph\">{\"@context\":\"https:\/\/schema.org\",\"@graph\":[{\"@type\":\"WebPage\",\"@id\":\"https:\/\/hello-suns.com\/es\/productos\/kate-lamparas\/\",\"url\":\"https:\/\/hello-suns.com\/es\/productos\/kate-lamparas\/\",\"name\":\"Descubre la l\u00e1mpara de exterior Kate | SUNS Outdoor Lifestyle\",\"isPartOf\":{\"@id\":\"https:\/\/hello-suns.com\/es\/#website\"},\"primaryImageOfPage\":{\"@id\":\"https:\/\/hello-suns.com\/es\/productos\/kate-lamparas\/#primaryimage\"},\"image\":{\"@id\":\"https:\/\/hello-suns.com\/es\/productos\/kate-lamparas\/#primaryimage\"},\"thumbnailUrl\":\"https:\/\/hello-suns.com\/app\/uploads\/2025\/01\/Kate-SUNS-Solar-CS-XL-M-S-Free-22-1_Tripych.png\",\"datePublished\":\"2025-01-15T13:01:22+00:00\",\"dateModified\":\"2026-02-12T07:43:52+00:00\",\"description\":\"\u00bfBuscas una elegante l\u00e1mpara de exterior kate? SUNS ofrece l\u00e1mparas de exterior modernas y duraderas que combinan a la perfecci\u00f3n ambiente y dise\u00f1o contempor\u00e1neo para cualquier jard\u00edn.\",\"breadcrumb\":{\"@id\":\"https:\/\/hello-suns.com\/es\/productos\/kate-lamparas\/#breadcrumb\"},\"inLanguage\":\"es-ES\",\"potentialAction\":[{\"@type\":\"ReadAction\",\"target\":[\"https:\/\/hello-suns.com\/es\/productos\/kate-lamparas\/\"]}]},{\"@type\":\"ImageObject\",\"inLanguage\":\"es-ES\",\"@id\":\"https:\/\/hello-suns.com\/es\/productos\/kate-lamparas\/#primaryimage\",\"url\":\"https:\/\/hello-suns.com\/app\/uploads\/2025\/01\/Kate-SUNS-Solar-CS-XL-M-S-Free-22-1_Tripych.png\",\"contentUrl\":\"https:\/\/hello-suns.com\/app\/uploads\/2025\/01\/Kate-SUNS-Solar-CS-XL-M-S-Free-22-1_Tripych.png\",\"width\":2500,\"height\":1667},{\"@type\":\"BreadcrumbList\",\"@id\":\"https:\/\/hello-suns.com\/es\/productos\/kate-lamparas\/#breadcrumb\",\"itemListElement\":[{\"@type\":\"ListItem\",\"position\":1,\"name\":\"\",\"item\":\"https:\/\/hello-suns.com\/es\/\"},{\"@type\":\"ListItem\",\"position\":2,\"name\":\"Productos\",\"item\":\"https:\/\/hello-suns.com\/es\/productos\/\"},{\"@type\":\"ListItem\",\"position\":3,\"name\":\"Kate\"}]},{\"@type\":\"WebSite\",\"@id\":\"https:\/\/hello-suns.com\/es\/#website\",\"url\":\"https:\/\/hello-suns.com\/es\/\",\"name\":\"SUNS\",\"description\":\"Outdoor Lifestyle\",\"potentialAction\":[{\"@type\":\"SearchAction\",\"target\":{\"@type\":\"EntryPoint\",\"urlTemplate\":\"https:\/\/hello-suns.com\/es\/?s={search_term_string}\"},\"query-input\":{\"@type\":\"PropertyValueSpecification\",\"valueRequired\":true,\"valueName\":\"search_term_string\"}}],\"inLanguage\":\"es-ES\"}]}<\/script>\n<!-- \/ Yoast SEO plugin. -->","yoast_head_json":{"title":"Descubre la l\u00e1mpara de exterior Kate | SUNS Outdoor Lifestyle","description":"\u00bfBuscas una elegante l\u00e1mpara de exterior kate? SUNS ofrece l\u00e1mparas de exterior modernas y duraderas que combinan a la perfecci\u00f3n ambiente y dise\u00f1o contempor\u00e1neo para cualquier jard\u00edn.","robots":{"index":"index","follow":"follow","max-snippet":"max-snippet:-1","max-image-preview":"max-image-preview:large","max-video-preview":"max-video-preview:-1"},"canonical":"https:\/\/hello-suns.com\/es\/productos\/kate-lamparas\/","og_locale":"es_ES","og_type":"article","og_title":"Descubre la l\u00e1mpara de exterior Kate | SUNS Outdoor Lifestyle","og_description":"\u00bfBuscas una elegante l\u00e1mpara de exterior kate? SUNS ofrece l\u00e1mparas de exterior modernas y duraderas que combinan a la perfecci\u00f3n ambiente y dise\u00f1o contempor\u00e1neo para cualquier jard\u00edn.","og_url":"https:\/\/hello-suns.com\/es\/productos\/kate-lamparas\/","og_site_name":"SUNS","article_modified_time":"2026-02-12T07:43:52+00:00","og_image":[{"width":1024,"height":683,"url":"https:\/\/hello-suns.com\/app\/uploads\/2025\/01\/Kate-SUNS-Solar-CS-XL-M-S-Free-22-1_Tripych-1024x683.png","type":"image\/png"}],"twitter_card":"summary_large_image","twitter_misc":{"Est. reading time":"3 minutes"},"schema":{"@context":"https:\/\/schema.org","@graph":[{"@type":"WebPage","@id":"https:\/\/hello-suns.com\/es\/productos\/kate-lamparas\/","url":"https:\/\/hello-suns.com\/es\/productos\/kate-lamparas\/","name":"Descubre la l\u00e1mpara de exterior Kate | SUNS Outdoor Lifestyle","isPartOf":{"@id":"https:\/\/hello-suns.com\/es\/#website"},"primaryImageOfPage":{"@id":"https:\/\/hello-suns.com\/es\/productos\/kate-lamparas\/#primaryimage"},"image":{"@id":"https:\/\/hello-suns.com\/es\/productos\/kate-lamparas\/#primaryimage"},"thumbnailUrl":"https:\/\/hello-suns.com\/app\/uploads\/2025\/01\/Kate-SUNS-Solar-CS-XL-M-S-Free-22-1_Tripych.png","datePublished":"2025-01-15T13:01:22+00:00","dateModified":"2026-02-12T07:43:52+00:00","description":"\u00bfBuscas una elegante l\u00e1mpara de exterior kate? SUNS ofrece l\u00e1mparas de exterior modernas y duraderas que combinan a la perfecci\u00f3n ambiente y dise\u00f1o contempor\u00e1neo para cualquier jard\u00edn.","breadcrumb":{"@id":"https:\/\/hello-suns.com\/es\/productos\/kate-lamparas\/#breadcrumb"},"inLanguage":"es-ES","potentialAction":[{"@type":"ReadAction","target":["https:\/\/hello-suns.com\/es\/productos\/kate-lamparas\/"]}]},{"@type":"ImageObject","inLanguage":"es-ES","@id":"https:\/\/hello-suns.com\/es\/productos\/kate-lamparas\/#primaryimage","url":"https:\/\/hello-suns.com\/app\/uploads\/2025\/01\/Kate-SUNS-Solar-CS-XL-M-S-Free-22-1_Tripych.png","contentUrl":"https:\/\/hello-suns.com\/app\/uploads\/2025\/01\/Kate-SUNS-Solar-CS-XL-M-S-Free-22-1_Tripych.png","width":2500,"height":1667},{"@type":"BreadcrumbList","@id":"https:\/\/hello-suns.com\/es\/productos\/kate-lamparas\/#breadcrumb","itemListElement":[{"@type":"ListItem","position":1,"name":"","item":"https:\/\/hello-suns.com\/es\/"},{"@type":"ListItem","position":2,"name":"Productos","item":"https:\/\/hello-suns.com\/es\/productos\/"},{"@type":"ListItem","position":3,"name":"Kate"}]},{"@type":"WebSite","@id":"https:\/\/hello-suns.com\/es\/#website","url":"https:\/\/hello-suns.com\/es\/","name":"SUNS","description":"Outdoor Lifestyle","potentialAction":[{"@type":"SearchAction","target":{"@type":"EntryPoint","urlTemplate":"https:\/\/hello-suns.com\/es\/?s={search_term_string}"},"query-input":{"@type":"PropertyValueSpecification","valueRequired":true,"valueName":"search_term_string"}}],"inLanguage":"es-ES"}]}},"_links":{"self":[{"href":"https:\/\/hello-suns.com\/es\/wp-json\/wp\/v2\/product\/17369","targetHints":{"allow":["GET"]}}],"collection":[{"href":"https:\/\/hello-suns.com\/es\/wp-json\/wp\/v2\/product"}],"about":[{"href":"https:\/\/hello-suns.com\/es\/wp-json\/wp\/v2\/types\/product"}],"replies":[{"embeddable":true,"href":"https:\/\/hello-suns.com\/es\/wp-json\/wp\/v2\/comments?post=17369"}],"wp:featuredmedia":[{"embeddable":true,"href":"https:\/\/hello-suns.com\/es\/wp-json\/wp\/v2\/media\/17379"}],"wp:attachment":[{"href":"https:\/\/hello-suns.com\/es\/wp-json\/wp\/v2\/media?parent=17369"}],"wp:term":[{"taxonomy":"product_brand","embeddable":true,"href":"https:\/\/hello-suns.com\/es\/wp-json\/wp\/v2\/product_brand?post=17369"},{"taxonomy":"product_cat","embeddable":true,"href":"https:\/\/hello-suns.com\/es\/wp-json\/wp\/v2\/product_cat?post=17369"},{"taxonomy":"product_tag","embeddable":true,"href":"https:\/\/hello-suns.com\/es\/wp-json\/wp\/v2\/product_tag?post=17369"},{"taxonomy":"material","embeddable":true,"href":"https:\/\/hello-suns.com\/es\/wp-json\/wp\/v2\/material?post=17369"}],"curies":[{"name":"wp","href":"https:\/\/api.w.org\/{rel}","templated":true}]}}